{"id":3706,"date":"2025-11-07T05:46:05","date_gmt":"2025-11-07T05:46:05","guid":{"rendered":"https:\/\/mountlaser.com\/?post_type=product&#038;p=3706"},"modified":"2025-11-27T08:18:33","modified_gmt":"2025-11-27T08:18:33","slug":"grz101sa-swiss-style-360prism","status":"publish","type":"product","link":"https:\/\/mountlaser.com\/sq\/produkt\/grz101sa-swiss-style-360prism\/","title":{"rendered":"GRZ101SA Cil\u00ebsi e Lart\u00eb me Mb\u00ebshtet\u00ebse t\u00eb Brendshme"},"content":{"rendered":"<p>I\/E\/T\u00eb\/T\u00eb <a href=\"https:\/\/mountlaser.com\/sq\/\"><strong>GRZ101SA MINI 360 PRISM<\/strong><\/a> \u00ebsht\u00eb nj\u00eb reflektor kompakt por me precizion t\u00eb lart\u00eb, i projektuar p\u00ebr aplikime profesionale t\u00eb matjeve q\u00eb k\u00ebrkojn\u00eb stabilitet dhe sakt\u00ebsi. <a href=\"https:\/\/mountlaser.com\/sq\/about-us\/\"><strong>Prizm Mini me Kllap\u00eb t\u00eb Brendshme<\/strong><\/a>\u00a0P\u00ebrmban nj\u00eb montim me gjasht\u00eb mini-priz\u00ebm, t\u00eb rreshtuar dhe t\u00eb ngjitur me kujdes p\u00ebr t\u00eb siguruar aft\u00ebsi t\u00eb plot\u00eb reflektuese 360\u00b0, duke siguruar matje t\u00eb q\u00ebndrueshme dhe t\u00eb sakta nga t\u00eb gjitha drejtimet.<\/p>\n<p>I projektuar me nj\u00eb dizajn t\u00eb fuqish\u00ebm t\u00eb mbajt\u00ebses s\u00eb brendshme, GRZ101SA MINI 360 PRISM ofron stabilitet t\u00eb jasht\u00ebzakonsh\u00ebm strukturor dhe q\u00ebndrueshm\u00ebri afatgjat\u00eb, madje edhe n\u00eb kushte sfiduese n\u00eb terren. Me nj\u00eb konstante zvicerane prej +30 mm dhe sakt\u00ebsi drejtimi prej \u00b12.0 mm, ky MINI PRISM ME KTHES\u00cb T\u00cb BRENDSHME siguron shtrirje t\u00eb sakt\u00eb t\u00eb objektivit dhe rezultate t\u00eb p\u00ebrs\u00ebritshme p\u00ebr stacionet totale dhe instrumentet GNSS.<\/p>\n<p><img fetchpriority=\"high\" decoding=\"async\" class=\"aligncenter wp-image-3708\" src=\"https:\/\/mountlaser.com\/wp-content\/uploads\/2025\/11\/GRZ1012.webp\" alt=\"GRZ101SA MINI 360 PRISM\" width=\"500\" height=\"500\" srcset=\"https:\/\/mountlaser.com\/wp-content\/uploads\/2025\/11\/GRZ1012.webp 1000w, https:\/\/mountlaser.com\/wp-content\/uploads\/2025\/11\/GRZ1012-300x300.webp 300w, https:\/\/mountlaser.com\/wp-content\/uploads\/2025\/11\/GRZ1012-400x400.webp 400w, https:\/\/mountlaser.com\/wp-content\/uploads\/2025\/11\/GRZ1012-800x800.webp 800w, https:\/\/mountlaser.com\/wp-content\/uploads\/2025\/11\/GRZ1012-600x600.webp 600w, https:\/\/mountlaser.com\/wp-content\/uploads\/2025\/11\/GRZ1012-150x150.webp 150w, https:\/\/mountlaser.com\/wp-content\/uploads\/2025\/11\/GRZ1012-768x768.webp 768w, https:\/\/mountlaser.com\/wp-content\/uploads\/2025\/11\/GRZ1012-12x12.webp 12w\" sizes=\"(max-width: 500px) 100vw, 500px\" \/><\/p>\n<p>I\/E\/T\u00eb\/T\u00eb <a href=\"https:\/\/mountlaser.com\/sq\/contact-us\/\">GRZ101SA MINI 360 PRISM<\/a> Ka nj\u00eb lart\u00ebsi prej 56 mm, duke e b\u00ebr\u00eb ideal p\u00ebr konfigurime kompakte, duke ruajtur nj\u00ebkoh\u00ebsisht performanc\u00eb dhe besueshm\u00ebri t\u00eb shk\u00eblqyer. Qoft\u00eb p\u00ebr matje me rreze t\u00eb shkurt\u00ebr veprimi apo monitorim preciz, ky MINI PRIZM ME K\u00cbMB\u00cbT\u00cbSE T\u00cb BRENDSHME u ofron profesionist\u00ebve nj\u00eb zgjidhje t\u00eb besueshme dhe efikase p\u00ebr matje.<\/p>","protected":false},"excerpt":{"rendered":"<ul>\n<li>GRZ101SA MINI 360 PRIZM me gjasht\u00eb mini prizma p\u00ebr reflektim 360\u00b0<\/li>\n<li>MINI PRIZM ME K\u00cbMB\u00cbSE T\u00cb BRENDSHME p\u00ebr forc\u00eb dhe stabilitet t\u00eb shtuar t\u00eb shtrirjes<\/li>\n<li>Lart\u00ebsi kompakte e prizmit 56 mm p\u00ebr aplikime fleksibile n\u00eb terren<\/li>\n<\/ul>","protected":false},"featured_media":3712,"comment_status":"open","ping_status":"closed","template":"","meta":[],"product_brand":[],"product_cat":[72,115],"product_tag":[],"class_list":{"0":"post-3706","1":"product","2":"type-product","3":"status-publish","4":"has-post-thumbnail","6":"product_cat-reflective-target-prism","7":"product_cat-wide-angle-prism","9":"first","10":"instock","11":"shipping-taxable","12":"product-type-simple"},"_links":{"self":[{"href":"https:\/\/mountlaser.com\/sq\/wp-json\/wp\/v2\/product\/3706","targetHints":{"allow":["GET"]}}],"collection":[{"href":"https:\/\/mountlaser.com\/sq\/wp-json\/wp\/v2\/product"}],"about":[{"href":"https:\/\/mountlaser.com\/sq\/wp-json\/wp\/v2\/types\/product"}],"replies":[{"embeddable":true,"href":"https:\/\/mountlaser.com\/sq\/wp-json\/wp\/v2\/comments?post=3706"}],"wp:featuredmedia":[{"embeddable":true,"href":"https:\/\/mountlaser.com\/sq\/wp-json\/wp\/v2\/media\/3712"}],"wp:attachment":[{"href":"https:\/\/mountlaser.com\/sq\/wp-json\/wp\/v2\/media?parent=3706"}],"wp:term":[{"taxonomy":"product_brand","embeddable":true,"href":"https:\/\/mountlaser.com\/sq\/wp-json\/wp\/v2\/product_brand?post=3706"},{"taxonomy":"product_cat","embeddable":true,"href":"https:\/\/mountlaser.com\/sq\/wp-json\/wp\/v2\/product_cat?post=3706"},{"taxonomy":"product_tag","embeddable":true,"href":"https:\/\/mountlaser.com\/sq\/wp-json\/wp\/v2\/product_tag?post=3706"}],"curies":[{"name":"wp","href":"https:\/\/api.w.org\/{rel}","templated":true}]}}