{"id":3698,"date":"2025-11-07T05:32:21","date_gmt":"2025-11-07T05:32:21","guid":{"rendered":"https:\/\/mountlaser.com\/?post_type=product&#038;p=3698"},"modified":"2025-11-27T08:20:50","modified_gmt":"2025-11-27T08:20:50","slug":"grz101-swiss-style-360prism","status":"publish","type":"product","link":"https:\/\/mountlaser.com\/sq\/produkt\/grz101-swiss-style-360prism\/","title":{"rendered":"Dizajn metalik me cil\u00ebsi t\u00eb mesme GRZ101"},"content":{"rendered":"<p>I\/E\/T\u00eb\/T\u00eb <a href=\"https:\/\/mountlaser.com\/sq\/\"><strong>Mini-reflektor GRZ101 360 grad\u00eb<\/strong><\/a> \u00ebsht\u00eb nj\u00eb priz\u00ebm matjeje me sakt\u00ebsi t\u00eb lart\u00eb i projektuar p\u00ebr matje t\u00eb sakta dhe q\u00ebndrueshm\u00ebri n\u00eb mjedise t\u00eb v\u00ebshtira n\u00eb terren. I nd\u00ebrtuar nga alumini i fort\u00eb, <a href=\"https:\/\/mountlaser.com\/sq\/about-us\/\"><strong>Prizma GRZ101<\/strong><\/a> kombinon nj\u00eb bosht qendror prej \u00e7eliku inox me nj\u00eb unaz\u00eb kund\u00ebr p\u00ebrplasjes, duke siguruar stabilitet dhe mbrojtje afatgjat\u00eb gjat\u00eb funksionimit.<\/p>\n<p>Prizmi GRZ101 p\u00ebrmban nj\u00eb montim me gjasht\u00eb mini-priz\u00ebm, t\u00eb ngjitur pa probleme s\u00eb bashku p\u00ebr t\u00eb ofruar mbulim t\u00eb plot\u00eb reflektues 360\u00b0. Me nj\u00eb konstante zvicerane prej +23.1 mm dhe sakt\u00ebsi qend\u00ebrzimi \u00b12 mm, prizmi GRZ101 ofron performanc\u00eb t\u00eb jasht\u00ebzakonshme p\u00ebr stacionet totale dhe aplikacionet GNSS, duke garantuar rezultate t\u00eb besueshme nga \u00e7do drejtim matjeje.<\/p>\n<p><img fetchpriority=\"high\" decoding=\"async\" class=\"aligncenter wp-image-3702\" src=\"https:\/\/mountlaser.com\/wp-content\/uploads\/2025\/11\/GRZ101S4.webp\" alt=\"grz101 prism\" width=\"500\" height=\"500\" srcset=\"https:\/\/mountlaser.com\/wp-content\/uploads\/2025\/11\/GRZ101S4.webp 1000w, https:\/\/mountlaser.com\/wp-content\/uploads\/2025\/11\/GRZ101S4-300x300.webp 300w, https:\/\/mountlaser.com\/wp-content\/uploads\/2025\/11\/GRZ101S4-400x400.webp 400w, https:\/\/mountlaser.com\/wp-content\/uploads\/2025\/11\/GRZ101S4-800x800.webp 800w, https:\/\/mountlaser.com\/wp-content\/uploads\/2025\/11\/GRZ101S4-600x600.webp 600w, https:\/\/mountlaser.com\/wp-content\/uploads\/2025\/11\/GRZ101S4-150x150.webp 150w, https:\/\/mountlaser.com\/wp-content\/uploads\/2025\/11\/GRZ101S4-768x768.webp 768w, https:\/\/mountlaser.com\/wp-content\/uploads\/2025\/11\/GRZ101S4-12x12.webp 12w\" sizes=\"(max-width: 500px) 100vw, 500px\" \/><\/p>\n<p>I pajisur me fileto 5\/8\u2033-11 si n\u00eb pjes\u00ebn e sip\u00ebrme ashtu edhe n\u00eb at\u00eb t\u00eb poshtme, <a href=\"https:\/\/mountlaser.com\/sq\/contact-us\/\">Mini-reflektor GRZ101 360 grad\u00eb<\/a> Mb\u00ebshtet instalimin e leht\u00eb t\u00eb antenave dhe shtyllave. Lidhja me buton me lirim t\u00eb shpejt\u00eb rrit efikasitetin n\u00eb terren, duke u lejuar gjeodet\u00ebve t\u00eb instalojn\u00eb ose \u00e7montojn\u00eb pajisjet shpejt dhe n\u00eb m\u00ebnyr\u00eb t\u00eb sigurt.<\/p>","protected":false},"excerpt":{"rendered":"<ul>\n<li>Streh\u00eb alumini me unaz\u00eb kund\u00ebr p\u00ebrplasjes p\u00ebr q\u00ebndrueshm\u00ebri t\u00eb shtuar<\/li>\n<li>Boshti qendror prej \u00e7eliku inox siguron ekuilibrin dhe stabilitetin strukturor<\/li>\n<li>Buton me lirim t\u00eb shpejt\u00eb p\u00ebr instalim dhe heqje t\u00eb leht\u00eb<\/li>\n<\/ul>","protected":false},"featured_media":3699,"comment_status":"open","ping_status":"closed","template":"","meta":[],"product_brand":[],"product_cat":[72,115],"product_tag":[],"class_list":{"0":"post-3698","1":"product","2":"type-product","3":"status-publish","4":"has-post-thumbnail","6":"product_cat-reflective-target-prism","7":"product_cat-wide-angle-prism","9":"first","10":"instock","11":"shipping-taxable","12":"product-type-simple"},"_links":{"self":[{"href":"https:\/\/mountlaser.com\/sq\/wp-json\/wp\/v2\/product\/3698","targetHints":{"allow":["GET"]}}],"collection":[{"href":"https:\/\/mountlaser.com\/sq\/wp-json\/wp\/v2\/product"}],"about":[{"href":"https:\/\/mountlaser.com\/sq\/wp-json\/wp\/v2\/types\/product"}],"replies":[{"embeddable":true,"href":"https:\/\/mountlaser.com\/sq\/wp-json\/wp\/v2\/comments?post=3698"}],"wp:featuredmedia":[{"embeddable":true,"href":"https:\/\/mountlaser.com\/sq\/wp-json\/wp\/v2\/media\/3699"}],"wp:attachment":[{"href":"https:\/\/mountlaser.com\/sq\/wp-json\/wp\/v2\/media?parent=3698"}],"wp:term":[{"taxonomy":"product_brand","embeddable":true,"href":"https:\/\/mountlaser.com\/sq\/wp-json\/wp\/v2\/product_brand?post=3698"},{"taxonomy":"product_cat","embeddable":true,"href":"https:\/\/mountlaser.com\/sq\/wp-json\/wp\/v2\/product_cat?post=3698"},{"taxonomy":"product_tag","embeddable":true,"href":"https:\/\/mountlaser.com\/sq\/wp-json\/wp\/v2\/product_tag?post=3698"}],"curies":[{"name":"wp","href":"https:\/\/api.w.org\/{rel}","templated":true}]}}