{"id":3690,"date":"2025-11-07T04:54:13","date_gmt":"2025-11-07T04:54:13","guid":{"rendered":"https:\/\/mountlaser.com\/?post_type=product&#038;p=3690"},"modified":"2025-11-27T08:22:58","modified_gmt":"2025-11-27T08:22:58","slug":"mpr122-122r-swiss-style-360prism","status":"publish","type":"product","link":"https:\/\/mountlaser.com\/sq\/produkt\/mpr122-122r-swiss-style-360prism\/","title":{"rendered":"Prizm 360\u00b0 i stilit zviceran MPR122\/122R"},"content":{"rendered":"<p>I\/E\/T\u00eb\/T\u00eb <a href=\"https:\/\/mountlaser.com\/sq\/\"><strong>PRIZM 360\u00b0 MPR122 STIL ZVICERAN<\/strong><\/a> \u00ebsht\u00eb nj\u00eb reflektor i klasit t\u00eb lart\u00eb i projektuar p\u00ebr gjeodet\u00ebt profesionist\u00eb q\u00eb k\u00ebrkojn\u00eb sakt\u00ebsi, stabilitet dhe performanc\u00eb t\u00eb fort\u00eb. I nd\u00ebrtuar me nj\u00eb trup alumini t\u00eb q\u00ebndruesh\u00ebm dhe me nj\u00eb unaz\u00eb anti-p\u00ebrplasje, <a href=\"https:\/\/mountlaser.com\/sq\/contact-us\/\"><strong>MPR122 PRISM<\/strong><\/a> siguron besueshm\u00ebri afatgjat\u00eb edhe n\u00eb kushte t\u00eb v\u00ebshtira pune.<\/p>\n<p>I projektuar me nj\u00eb bosht qendror prej \u00e7eliku inox, MPR122 PRISM siguron nj\u00eb shtrirje t\u00eb q\u00ebndrueshme rrotulluese dhe nj\u00eb ekuilib\u00ebr optimal strukturor. Montimi i prizm\u00ebs p\u00ebrb\u00ebhet nga gjasht\u00eb mini prizma t\u00eb ngjitura me sakt\u00ebsi, duke formuar nj\u00eb sip\u00ebrfaqe reflektuese t\u00eb plot\u00eb 360\u00b0 p\u00ebr kapjen gjith\u00ebp\u00ebrfshir\u00ebse t\u00eb sinjalit nga \u00e7do drejtim.<\/p>\n<p><img fetchpriority=\"high\" decoding=\"async\" class=\"aligncenter wp-image-3693\" src=\"https:\/\/mountlaser.com\/wp-content\/uploads\/2025\/11\/MRP1223.webp\" alt=\"MPR122 PRISM\" width=\"500\" height=\"500\" srcset=\"https:\/\/mountlaser.com\/wp-content\/uploads\/2025\/11\/MRP1223.webp 1000w, https:\/\/mountlaser.com\/wp-content\/uploads\/2025\/11\/MRP1223-300x300.webp 300w, https:\/\/mountlaser.com\/wp-content\/uploads\/2025\/11\/MRP1223-400x400.webp 400w, https:\/\/mountlaser.com\/wp-content\/uploads\/2025\/11\/MRP1223-800x800.webp 800w, https:\/\/mountlaser.com\/wp-content\/uploads\/2025\/11\/MRP1223-600x600.webp 600w, https:\/\/mountlaser.com\/wp-content\/uploads\/2025\/11\/MRP1223-150x150.webp 150w, https:\/\/mountlaser.com\/wp-content\/uploads\/2025\/11\/MRP1223-768x768.webp 768w, https:\/\/mountlaser.com\/wp-content\/uploads\/2025\/11\/MRP1223-12x12.webp 12w\" sizes=\"(max-width: 500px) 100vw, 500px\" \/><\/p>\n<p>Me nj\u00eb konstante zvicerane prej +23.1 mm dhe sakt\u00ebsi qend\u00ebrzimi prej \u00b11.5 mm, <a href=\"https:\/\/mountlaser.com\/sq\/contact-us\/\">MPR122 PRISM<\/a> Garanton performanc\u00eb t\u00eb besueshme dhe me precizion t\u00eb lart\u00eb n\u00eb monitorimin, hart\u00ebzimin dhe aplikimet inxhinierike. I pajisur me fileto 5\/8\u2033-11 si n\u00eb pjes\u00ebn e sip\u00ebrme ashtu edhe n\u00eb at\u00eb t\u00eb poshtme, ai mb\u00ebshtet instalimin e anten\u00ebs dhe integrimin pa probleme me shtyllat e prizm\u00ebs ose adaptor\u00ebt e tribrakut. Lidhja me buton me lirim t\u00eb shpejt\u00eb siguron konfigurim t\u00eb shpejt\u00eb dhe efikas n\u00eb terren.<\/p>","protected":false},"excerpt":{"rendered":"<ul>\n<li>Trup alumini me unaz\u00eb kund\u00ebr p\u00ebrplasjes p\u00ebr q\u00ebndrueshm\u00ebri t\u00eb shtuar<\/li>\n<li>Boshti qendror prej \u00e7eliku inox siguron stabilitet mekanik<\/li>\n<li>Buton me lirim t\u00eb shpejt\u00eb p\u00ebr montim dhe heqje pa mundim<\/li>\n<li>I projektuar p\u00ebr detyra profesionale t\u00eb stacionit total dhe matjeve GNSS<\/li>\n<\/ul>","protected":false},"featured_media":3692,"comment_status":"open","ping_status":"closed","template":"","meta":[],"product_brand":[],"product_cat":[72,115],"product_tag":[],"class_list":{"0":"post-3690","1":"product","2":"type-product","3":"status-publish","4":"has-post-thumbnail","6":"product_cat-reflective-target-prism","7":"product_cat-wide-angle-prism","9":"first","10":"instock","11":"shipping-taxable","12":"product-type-simple"},"_links":{"self":[{"href":"https:\/\/mountlaser.com\/sq\/wp-json\/wp\/v2\/product\/3690","targetHints":{"allow":["GET"]}}],"collection":[{"href":"https:\/\/mountlaser.com\/sq\/wp-json\/wp\/v2\/product"}],"about":[{"href":"https:\/\/mountlaser.com\/sq\/wp-json\/wp\/v2\/types\/product"}],"replies":[{"embeddable":true,"href":"https:\/\/mountlaser.com\/sq\/wp-json\/wp\/v2\/comments?post=3690"}],"wp:featuredmedia":[{"embeddable":true,"href":"https:\/\/mountlaser.com\/sq\/wp-json\/wp\/v2\/media\/3692"}],"wp:attachment":[{"href":"https:\/\/mountlaser.com\/sq\/wp-json\/wp\/v2\/media?parent=3690"}],"wp:term":[{"taxonomy":"product_brand","embeddable":true,"href":"https:\/\/mountlaser.com\/sq\/wp-json\/wp\/v2\/product_brand?post=3690"},{"taxonomy":"product_cat","embeddable":true,"href":"https:\/\/mountlaser.com\/sq\/wp-json\/wp\/v2\/product_cat?post=3690"},{"taxonomy":"product_tag","embeddable":true,"href":"https:\/\/mountlaser.com\/sq\/wp-json\/wp\/v2\/product_tag?post=3690"}],"curies":[{"name":"wp","href":"https:\/\/api.w.org\/{rel}","templated":true}]}}