{"id":3675,"date":"2025-11-07T03:11:37","date_gmt":"2025-11-07T03:11:37","guid":{"rendered":"https:\/\/mountlaser.com\/?post_type=product&#038;p=3675"},"modified":"2025-11-27T08:24:31","modified_gmt":"2025-11-27T08:24:31","slug":"gx360-swiss-style-360prism","status":"publish","type":"product","link":"https:\/\/mountlaser.com\/sq\/produkt\/gx360-swiss-style-360prism\/","title":{"rendered":"Prizm 360\u00b0 n\u00eb stilin zviceran GX360"},"content":{"rendered":"<p>PRISM-i 360\u00b0 n\u00eb stilin zviceran \u00ebsht\u00eb nj\u00eb <a href=\"https:\/\/mountlaser.com\/sq\/\"><strong>Prizm reflektues i sakt\u00eb 360 grad\u00eb<\/strong><\/a> projektuar p\u00ebr aplikime matjeje me precizion t\u00eb lart\u00eb. I nd\u00ebrtuar me nj\u00eb trup alumini t\u00eb q\u00ebndruesh\u00ebm dhe i projektuar p\u00ebr t\u00eb ofruar sakt\u00ebsi t\u00eb jasht\u00ebzakonshme, ky <a href=\"https:\/\/mountlaser.com\/sq\/products\/\"><strong>Priz\u00ebm reflektues 360 grad\u00eb p\u00ebr zviceran<\/strong><\/a> Stacionet totale sigurojn\u00eb rezultate t\u00eb besueshme n\u00eb t\u00eb gjitha drejtimet.<\/p>\n<p>Ky Prizm Reflektues i Sakt\u00eb 360 Grad\u00eb p\u00ebrmban nj\u00eb montim unik prizmash t\u00eb p\u00ebrb\u00ebr\u00eb nga gjasht\u00eb mini prizma t\u00eb lidhura s\u00eb bashku n\u00eb m\u00ebnyr\u00eb t\u00eb p\u00ebrsosur, duke siguruar nj\u00eb sip\u00ebrfaqe reflektuese t\u00eb vazhdueshme 360\u00b0 p\u00ebr kthim superior t\u00eb sinjalit. Dizajni eliminon nevoj\u00ebn p\u00ebr nj\u00eb bosht qendror prej \u00e7eliku inox, duke rezultuar n\u00eb nj\u00eb struktur\u00eb t\u00eb leht\u00eb por t\u00eb fort\u00eb q\u00eb ruan ekuilibrin dhe shtrirjen e p\u00ebrsosur gjat\u00eb funksionimit.<\/p>\n<p><img fetchpriority=\"high\" decoding=\"async\" class=\"aligncenter wp-image-3686\" src=\"https:\/\/mountlaser.com\/wp-content\/uploads\/2025\/11\/geomax\uff084\uff09-1.webp\" alt=\"GX360 Accurate 360 Degree Reflective Prism\" width=\"500\" height=\"500\" srcset=\"https:\/\/mountlaser.com\/wp-content\/uploads\/2025\/11\/geomax\uff084\uff09-1.webp 1000w, https:\/\/mountlaser.com\/wp-content\/uploads\/2025\/11\/geomax\uff084\uff09-1-300x300.webp 300w, https:\/\/mountlaser.com\/wp-content\/uploads\/2025\/11\/geomax\uff084\uff09-1-400x400.webp 400w, https:\/\/mountlaser.com\/wp-content\/uploads\/2025\/11\/geomax\uff084\uff09-1-800x800.webp 800w, https:\/\/mountlaser.com\/wp-content\/uploads\/2025\/11\/geomax\uff084\uff09-1-600x600.webp 600w, https:\/\/mountlaser.com\/wp-content\/uploads\/2025\/11\/geomax\uff084\uff09-1-150x150.webp 150w, https:\/\/mountlaser.com\/wp-content\/uploads\/2025\/11\/geomax\uff084\uff09-1-768x768.webp 768w, https:\/\/mountlaser.com\/wp-content\/uploads\/2025\/11\/geomax\uff084\uff09-1-12x12.webp 12w\" sizes=\"(max-width: 500px) 100vw, 500px\" \/><\/p>\n<p>Me nj\u00eb konstante zvicerane prej +23.1 mm dhe sakt\u00ebsi qend\u00ebrzimi prej \u00b12.0 mm, kjo <a href=\"https:\/\/mountlaser.com\/sq\/contact-us\/\">Priz\u00ebm reflektues 360 grad\u00eb p\u00ebr zviceran<\/a> Instrumentet garantojn\u00eb performanc\u00eb matjeje precize. Lidhja me buton me lirim t\u00eb shpejt\u00eb lejon lidhje t\u00eb shpejt\u00eb n\u00eb shtyllat e prizm\u00ebs ose adaptor\u00ebt e tribrakut, duke e b\u00ebr\u00eb Prizmin Reflektues 360 Grad\u00eb t\u00eb Sakt\u00eb ideal p\u00ebr inxhinier\u00ebt dhe gjeodet\u00ebt e terrenit q\u00eb k\u00ebrkojn\u00eb sakt\u00ebsi dhe efikasitet.<\/p>","protected":false},"excerpt":{"rendered":"<ul>\n<li>Streh\u00eb alumini e leht\u00eb - pa bosht qendror p\u00ebr nj\u00eb ekuilib\u00ebr m\u00eb t\u00eb mir\u00eb<\/li>\n<li>Buton me lirim t\u00eb shpejt\u00eb p\u00ebr instalim dhe heqje t\u00eb leht\u00eb<\/li>\n<li>Priz\u00ebm reflektues ideal 360 grad\u00eb p\u00ebr aplikime monitorimi dhe shtrirjeje n\u00eb stilin zviceran<\/li>\n<\/ul>","protected":false},"featured_media":3683,"comment_status":"open","ping_status":"closed","template":"","meta":[],"product_brand":[],"product_cat":[72,115],"product_tag":[],"class_list":{"0":"post-3675","1":"product","2":"type-product","3":"status-publish","4":"has-post-thumbnail","6":"product_cat-reflective-target-prism","7":"product_cat-wide-angle-prism","9":"first","10":"instock","11":"shipping-taxable","12":"product-type-simple"},"_links":{"self":[{"href":"https:\/\/mountlaser.com\/sq\/wp-json\/wp\/v2\/product\/3675","targetHints":{"allow":["GET"]}}],"collection":[{"href":"https:\/\/mountlaser.com\/sq\/wp-json\/wp\/v2\/product"}],"about":[{"href":"https:\/\/mountlaser.com\/sq\/wp-json\/wp\/v2\/types\/product"}],"replies":[{"embeddable":true,"href":"https:\/\/mountlaser.com\/sq\/wp-json\/wp\/v2\/comments?post=3675"}],"wp:featuredmedia":[{"embeddable":true,"href":"https:\/\/mountlaser.com\/sq\/wp-json\/wp\/v2\/media\/3683"}],"wp:attachment":[{"href":"https:\/\/mountlaser.com\/sq\/wp-json\/wp\/v2\/media?parent=3675"}],"wp:term":[{"taxonomy":"product_brand","embeddable":true,"href":"https:\/\/mountlaser.com\/sq\/wp-json\/wp\/v2\/product_brand?post=3675"},{"taxonomy":"product_cat","embeddable":true,"href":"https:\/\/mountlaser.com\/sq\/wp-json\/wp\/v2\/product_cat?post=3675"},{"taxonomy":"product_tag","embeddable":true,"href":"https:\/\/mountlaser.com\/sq\/wp-json\/wp\/v2\/product_tag?post=3675"}],"curies":[{"name":"wp","href":"https:\/\/api.w.org\/{rel}","templated":true}]}}