{"id":3659,"date":"2025-11-07T02:42:29","date_gmt":"2025-11-07T02:42:29","guid":{"rendered":"https:\/\/mountlaser.com\/?post_type=product&#038;p=3659"},"modified":"2025-11-27T08:14:19","modified_gmt":"2025-11-27T08:14:19","slug":"grz112-112m-swiss-style-360-prism","status":"publish","type":"product","link":"https:\/\/mountlaser.com\/sq\/produkt\/grz112-112m-swiss-style-360-prism\/","title":{"rendered":"Prizm 360\u00b0 GRZ122\/122M n\u00eb stilin zviceran"},"content":{"rendered":"<p>I\/E\/T\u00eb\/T\u00eb <a href=\"https:\/\/mountlaser.com\/sq\/\"><strong>prizmi grz122<\/strong><\/a> \u00ebsht\u00eb nj\u00eb grad\u00eb profesionale<a href=\"https:\/\/mountlaser.com\/sq\/products\/\"><strong> Prizm reflektues 360 grad\u00eb<\/strong><\/a> I projektuar p\u00ebr sakt\u00ebsi t\u00eb besueshme dhe t\u00eb gjithanshme n\u00eb matjet e stacionit total. I nd\u00ebrtuar n\u00eb dizajnin tradicional zviceran 360\u00b0, prizma grz122 ofron performanc\u00eb t\u00eb q\u00ebndrueshme reflektimi dhe integrim t\u00eb p\u00ebrsosur me instrumentet e stacionit total.<\/p>\n<p>\u00c7do Prizm Reflektues 360 Grad\u00eb p\u00ebrb\u00ebhet nga gjasht\u00eb mini prizma t\u00eb vendosura sakt\u00ebsisht, t\u00eb lidhura s\u00eb bashku p\u00ebr t\u00eb formuar nj\u00eb montim t\u00eb vet\u00ebm dhe t\u00eb q\u00ebndruesh\u00ebm 360\u00b0. Ky konfigurim siguron sakt\u00ebsi t\u00eb lart\u00eb matjeje dhe reflektim optimal n\u00eb t\u00eb gjitha drejtimet. Prizmi grz122 ofron nj\u00eb konstante zvicerane prej +23.1 mm dhe sakt\u00ebsi qend\u00ebrzimi \u00b12.0 mm, duke e b\u00ebr\u00eb at\u00eb ideal p\u00ebr aplikime n\u00eb terren t\u00eb k\u00ebrkuara.<\/p>\n<p>I nd\u00ebrtuar pa nj\u00eb bosht qendror prej \u00e7eliku inox, ky Prizm Reflektues 360 Grad\u00eb n\u00eb Stilin Zviceran paraqet nj\u00eb trup t\u00eb leht\u00eb dhe t\u00eb ekuilibruar p\u00ebr transportueshm\u00ebri dhe shpejt\u00ebsi m\u00eb t\u00eb mir\u00eb instalimi. Modeli GRZ122 p\u00ebrdor nj\u00eb streh\u00eb t\u00eb fort\u00eb najloni, nd\u00ebrsa modeli GRZ122M paraqet nj\u00eb trup metalik p\u00ebr forc\u00eb dhe q\u00ebndrueshm\u00ebri m\u00eb t\u00eb madhe.<\/p>\n<figure id=\"attachment_3663\" aria-describedby=\"caption-attachment-3663\" style=\"width: 500px\" class=\"wp-caption aligncenter\"><img fetchpriority=\"high\" decoding=\"async\" class=\"wp-image-3663\" src=\"https:\/\/mountlaser.com\/wp-content\/uploads\/2025\/11\/L2-3604.webp\" alt=\"grz122 prism\" width=\"500\" height=\"500\" srcset=\"https:\/\/mountlaser.com\/wp-content\/uploads\/2025\/11\/L2-3604.webp 1000w, https:\/\/mountlaser.com\/wp-content\/uploads\/2025\/11\/L2-3604-300x300.webp 300w, https:\/\/mountlaser.com\/wp-content\/uploads\/2025\/11\/L2-3604-400x400.webp 400w, https:\/\/mountlaser.com\/wp-content\/uploads\/2025\/11\/L2-3604-800x800.webp 800w, https:\/\/mountlaser.com\/wp-content\/uploads\/2025\/11\/L2-3604-600x600.webp 600w, https:\/\/mountlaser.com\/wp-content\/uploads\/2025\/11\/L2-3604-150x150.webp 150w, https:\/\/mountlaser.com\/wp-content\/uploads\/2025\/11\/L2-3604-768x768.webp 768w, https:\/\/mountlaser.com\/wp-content\/uploads\/2025\/11\/L2-3604-12x12.webp 12w\" sizes=\"(max-width: 500px) 100vw, 500px\" \/><figcaption id=\"caption-attachment-3663\" class=\"wp-caption-text\">GRZ122<\/figcaption><\/figure>\n<figure id=\"attachment_3669\" aria-describedby=\"caption-attachment-3669\" style=\"width: 500px\" class=\"wp-caption aligncenter\"><img decoding=\"async\" class=\"wp-image-3669\" src=\"https:\/\/mountlaser.com\/wp-content\/uploads\/2025\/11\/L2-360-\u91d1\u5c5e\uff083\uff09.webp\" alt=\"grz122M\" width=\"500\" height=\"500\" srcset=\"https:\/\/mountlaser.com\/wp-content\/uploads\/2025\/11\/L2-360-\u91d1\u5c5e\uff083\uff09.webp 1000w, https:\/\/mountlaser.com\/wp-content\/uploads\/2025\/11\/L2-360-\u91d1\u5c5e\uff083\uff09-300x300.webp 300w, https:\/\/mountlaser.com\/wp-content\/uploads\/2025\/11\/L2-360-\u91d1\u5c5e\uff083\uff09-400x400.webp 400w, https:\/\/mountlaser.com\/wp-content\/uploads\/2025\/11\/L2-360-\u91d1\u5c5e\uff083\uff09-800x800.webp 800w, https:\/\/mountlaser.com\/wp-content\/uploads\/2025\/11\/L2-360-\u91d1\u5c5e\uff083\uff09-600x600.webp 600w, https:\/\/mountlaser.com\/wp-content\/uploads\/2025\/11\/L2-360-\u91d1\u5c5e\uff083\uff09-150x150.webp 150w, https:\/\/mountlaser.com\/wp-content\/uploads\/2025\/11\/L2-360-\u91d1\u5c5e\uff083\uff09-768x768.webp 768w, https:\/\/mountlaser.com\/wp-content\/uploads\/2025\/11\/L2-360-\u91d1\u5c5e\uff083\uff09-12x12.webp 12w\" sizes=\"(max-width: 500px) 100vw, 500px\" \/><figcaption id=\"caption-attachment-3669\" class=\"wp-caption-text\">GRZ122M<\/figcaption><\/figure>\n<p>I\/E\/T\u00eb\/T\u00eb <a href=\"https:\/\/mountlaser.com\/sq\/contact-us\/\">prizmi grz122<\/a> p\u00ebrfshin gjithashtu nj\u00eb lidhje me buton me \u00e7lirim t\u00eb shpejt\u00eb, duke mund\u00ebsuar montim dhe heqje efikase nga shtyllat e prizm\u00ebs ose adaptor\u00ebt e tribrakut, duke siguruar funksionim t\u00eb qet\u00eb n\u00eb \u00e7do detyr\u00eb matjeje.<\/p>","protected":false},"excerpt":{"rendered":"<ul>\n<li>Prizm reflektues 360 grad\u00eb me gjasht\u00eb mini prizma p\u00ebr mbulim t\u00eb plot\u00eb<\/li>\n<li>GRZ122: Trup najloni i q\u00ebndruesh\u00ebm<\/li>\n<li>GRZ122M: Streh\u00eb metalike e p\u00ebrforcuar<\/li>\n<li>Buton me lirim t\u00eb shpejt\u00eb p\u00ebr instalim dhe heqje t\u00eb leht\u00eb<\/li>\n<li>Pa bosht qendror prej \u00e7eliku inox, duke siguruar manovrim t\u00eb leht\u00eb<\/li>\n<\/ul>","protected":false},"featured_media":3661,"comment_status":"open","ping_status":"closed","template":"","meta":[],"product_brand":[],"product_cat":[72,115],"product_tag":[],"class_list":{"0":"post-3659","1":"product","2":"type-product","3":"status-publish","4":"has-post-thumbnail","6":"product_cat-reflective-target-prism","7":"product_cat-wide-angle-prism","9":"first","10":"instock","11":"shipping-taxable","12":"product-type-simple"},"_links":{"self":[{"href":"https:\/\/mountlaser.com\/sq\/wp-json\/wp\/v2\/product\/3659","targetHints":{"allow":["GET"]}}],"collection":[{"href":"https:\/\/mountlaser.com\/sq\/wp-json\/wp\/v2\/product"}],"about":[{"href":"https:\/\/mountlaser.com\/sq\/wp-json\/wp\/v2\/types\/product"}],"replies":[{"embeddable":true,"href":"https:\/\/mountlaser.com\/sq\/wp-json\/wp\/v2\/comments?post=3659"}],"wp:featuredmedia":[{"embeddable":true,"href":"https:\/\/mountlaser.com\/sq\/wp-json\/wp\/v2\/media\/3661"}],"wp:attachment":[{"href":"https:\/\/mountlaser.com\/sq\/wp-json\/wp\/v2\/media?parent=3659"}],"wp:term":[{"taxonomy":"product_brand","embeddable":true,"href":"https:\/\/mountlaser.com\/sq\/wp-json\/wp\/v2\/product_brand?post=3659"},{"taxonomy":"product_cat","embeddable":true,"href":"https:\/\/mountlaser.com\/sq\/wp-json\/wp\/v2\/product_cat?post=3659"},{"taxonomy":"product_tag","embeddable":true,"href":"https:\/\/mountlaser.com\/sq\/wp-json\/wp\/v2\/product_tag?post=3659"}],"curies":[{"name":"wp","href":"https:\/\/api.w.org\/{rel}","templated":true}]}}