{"id":3642,"date":"2025-11-07T02:11:50","date_gmt":"2025-11-07T02:11:50","guid":{"rendered":"https:\/\/mountlaser.com\/?post_type=product&#038;p=3642"},"modified":"2025-11-27T08:25:46","modified_gmt":"2025-11-27T08:25:46","slug":"swiss-style-360-prism","status":"publish","type":"product","link":"https:\/\/mountlaser.com\/sq\/produkt\/swiss-style-360-prism\/","title":{"rendered":"Prizm 360\u00b0 GRZ4\/ GRZ4M n\u00eb stil zviceran"},"content":{"rendered":"<p>I\/E\/T\u00eb\/T\u00eb <a href=\"https:\/\/mountlaser.com\/sq\/\"><strong>Reflektor GRZ4 360\u00b0<\/strong> <\/a>p\u00ebrfaq\u00ebson nj\u00eb sakt\u00ebsi shum\u00eb t\u00eb lart\u00eb dhe t\u00eb q\u00ebndrueshme <a href=\"https:\/\/mountlaser.com\/sq\/products\/\"><strong>Prizm 360\u00b0 n\u00eb stilin zviceran<\/strong><\/a> Zgjidhje e projektuar p\u00ebr aplikime t\u00eb stacioneve totale q\u00eb k\u00ebrkojn\u00eb matje t\u00eb sakta dhe n\u00eb t\u00eb gjitha drejtimet. I nd\u00ebrtuar duke pasur parasysh gjeodet\u00ebt profesionist\u00eb, Reflektori GRZ4 360\u00b0 siguron njohje t\u00eb vazhdueshme t\u00eb objektivit dhe kapje efikase t\u00eb t\u00eb dh\u00ebnave nga \u00e7do k\u00ebnd.<\/p>\n<p>Ky Prizm 360\u00b0 n\u00eb Stil Zviceran p\u00ebrmban nj\u00eb montim t\u00eb fuqish\u00ebm me gjasht\u00eb prizma, t\u00eb ngjitur pa probleme s\u00eb bashku p\u00ebr t\u00eb siguruar mbulim t\u00eb plot\u00eb 360\u00b0. Ai ofron nj\u00eb konstante zvicerane prej +23.1 mm, duke siguruar p\u00ebrputhshm\u00ebri me instrumentet e stilit zviceran dhe garanton sakt\u00ebsin\u00eb e centrimit brenda \u00b12.0 mm p\u00ebr performanc\u00eb t\u00eb besueshme n\u00eb terren.<\/p>\n<p><img fetchpriority=\"high\" decoding=\"async\" class=\"aligncenter wp-image-3653\" src=\"https:\/\/mountlaser.com\/wp-content\/uploads\/2025\/11\/L1-3603.webp\" alt=\"GRZ4 360\u00b0 Reflector\" width=\"500\" height=\"500\" srcset=\"https:\/\/mountlaser.com\/wp-content\/uploads\/2025\/11\/L1-3603.webp 1000w, https:\/\/mountlaser.com\/wp-content\/uploads\/2025\/11\/L1-3603-300x300.webp 300w, https:\/\/mountlaser.com\/wp-content\/uploads\/2025\/11\/L1-3603-400x400.webp 400w, https:\/\/mountlaser.com\/wp-content\/uploads\/2025\/11\/L1-3603-800x800.webp 800w, https:\/\/mountlaser.com\/wp-content\/uploads\/2025\/11\/L1-3603-600x600.webp 600w, https:\/\/mountlaser.com\/wp-content\/uploads\/2025\/11\/L1-3603-150x150.webp 150w, https:\/\/mountlaser.com\/wp-content\/uploads\/2025\/11\/L1-3603-768x768.webp 768w, https:\/\/mountlaser.com\/wp-content\/uploads\/2025\/11\/L1-3603-12x12.webp 12w\" sizes=\"(max-width: 500px) 100vw, 500px\" \/><\/p>\n<p>Reflektori GRZ4 360\u00b0 \u00ebsht\u00eb i disponuesh\u00ebm n\u00eb dy modele:<\/p>\n<p>GRZ4: Dizajn plastik i leht\u00eb i b\u00ebr\u00eb nga najloni i q\u00ebndruesh\u00ebm<\/p>\n<p>GRZ4M: Dizajn metalik i p\u00ebrforcuar p\u00ebr stabilitet dhe jet\u00ebgjat\u00ebsi maksimale<\/p>\n<p>Secili <a href=\"https:\/\/mountlaser.com\/sq\/contact-us\/\">Prizm 360\u00b0 n\u00eb stilin zviceran<\/a> \u00ebsht\u00eb i pajisur me nj\u00eb lidh\u00ebs me buton me \u00e7lirim t\u00eb shpejt\u00eb, duke mund\u00ebsuar lidhjen dhe heqjen e shpejt\u00eb n\u00eb shtylla ose adaptor\u00eb tribrak\u00ebsh. Dizajni kompakt dhe pa bosht rrit m\u00eb tej transportueshm\u00ebrin\u00eb dhe besueshm\u00ebrin\u00eb gjat\u00eb p\u00ebrdorimit.<\/p>","protected":false},"excerpt":{"rendered":"<ul>\n<li>Prizm 360\u00b0 n\u00eb stilin zviceran me 6 mini prizma t\u00eb integruara p\u00ebr mbulim t\u00eb plot\u00eb<\/li>\n<li>Buton me lirim t\u00eb shpejt\u00eb p\u00ebr montim t\u00eb shpejt\u00eb dhe t\u00eb sigurt<\/li>\n<li>Pa bosht qendror prej \u00e7eliku inox, duke siguruar form\u00eb t\u00eb leht\u00eb dhe kompakte<\/li>\n<\/ul>","protected":false},"featured_media":3646,"comment_status":"open","ping_status":"closed","template":"","meta":[],"product_brand":[],"product_cat":[72,115],"product_tag":[],"class_list":{"0":"post-3642","1":"product","2":"type-product","3":"status-publish","4":"has-post-thumbnail","6":"product_cat-reflective-target-prism","7":"product_cat-wide-angle-prism","9":"first","10":"instock","11":"shipping-taxable","12":"product-type-simple"},"_links":{"self":[{"href":"https:\/\/mountlaser.com\/sq\/wp-json\/wp\/v2\/product\/3642","targetHints":{"allow":["GET"]}}],"collection":[{"href":"https:\/\/mountlaser.com\/sq\/wp-json\/wp\/v2\/product"}],"about":[{"href":"https:\/\/mountlaser.com\/sq\/wp-json\/wp\/v2\/types\/product"}],"replies":[{"embeddable":true,"href":"https:\/\/mountlaser.com\/sq\/wp-json\/wp\/v2\/comments?post=3642"}],"wp:featuredmedia":[{"embeddable":true,"href":"https:\/\/mountlaser.com\/sq\/wp-json\/wp\/v2\/media\/3646"}],"wp:attachment":[{"href":"https:\/\/mountlaser.com\/sq\/wp-json\/wp\/v2\/media?parent=3642"}],"wp:term":[{"taxonomy":"product_brand","embeddable":true,"href":"https:\/\/mountlaser.com\/sq\/wp-json\/wp\/v2\/product_brand?post=3642"},{"taxonomy":"product_cat","embeddable":true,"href":"https:\/\/mountlaser.com\/sq\/wp-json\/wp\/v2\/product_cat?post=3642"},{"taxonomy":"product_tag","embeddable":true,"href":"https:\/\/mountlaser.com\/sq\/wp-json\/wp\/v2\/product_tag?post=3642"}],"curies":[{"name":"wp","href":"https:\/\/api.w.org\/{rel}","templated":true}]}}