{"id":3631,"date":"2025-11-07T01:23:30","date_gmt":"2025-11-07T01:23:30","guid":{"rendered":"https:\/\/mountlaser.com\/?post_type=product&#038;p=3631"},"modified":"2025-11-27T08:58:29","modified_gmt":"2025-11-27T08:58:29","slug":"mg1500sl-top-sliding-prism-with-pole","status":"publish","type":"product","link":"https:\/\/mountlaser.com\/sq\/produkt\/mg1500sl-top-sliding-prism-with-pole\/","title":{"rendered":"Prizm rr\u00ebshqit\u00ebs sip\u00ebr MG1500SL me shuf\u00ebr"},"content":{"rendered":"<p>I\/E\/T\u00eb\/T\u00eb <a href=\"https:\/\/mountlaser.com\/sq\/\"><strong>Prizm Mini MG-1500SL<\/strong><\/a> \u00ebsht\u00eb nj\u00eb inxhinieri precize <a href=\"https:\/\/mountlaser.com\/sq\/products\/\"><strong>Prizm i verdh\u00eb mini me shtyll\u00eb p\u00ebr stacione totale<\/strong><\/a>, i projektuar p\u00ebr t\u00eb ofruar sakt\u00ebsi t\u00eb lart\u00eb dhe q\u00ebndrueshm\u00ebri t\u00eb jasht\u00ebzakonshme p\u00ebr topograf\u00ebt profesionist\u00eb. I nd\u00ebrtuar p\u00ebr shkatht\u00ebsi n\u00eb kushte t\u00eb ndryshme n\u00eb terren, ky mini priz\u00ebm mg-1500sl p\u00ebrmban nj\u00eb priz\u00ebm 38.1 mm t\u00eb veshur me argjend q\u00eb siguron reflektim superior dhe kthim t\u00eb q\u00ebndruesh\u00ebm t\u00eb sinjalit edhe n\u00eb distanca t\u00eb gjata.<\/p>\n<p>I pajisur me nj\u00eb zhvendosje t\u00eb rregullueshme 0 \/ -30 mm, Prizmi Mini MG-1500SL ofron mund\u00ebsi fleksibile matjeje t\u00eb p\u00ebrshtatshme si p\u00ebr aplikimet standarde ashtu edhe p\u00ebr ato k\u00ebndore. Ai p\u00ebrfshin nj\u00eb p\u00ebrshtat\u00ebs k\u00ebndor p\u00ebr shtrirje dhe pozicionim t\u00eb p\u00ebrsosur, duke e b\u00ebr\u00eb at\u00eb nj\u00eb Prizm Mini t\u00eb Verdh\u00eb me Shtyll\u00eb ideale p\u00ebr Stacione Totale t\u00eb p\u00ebrdorura n\u00eb projekte nd\u00ebrtimi, inxhinierie dhe monitorimi.<\/p>\n<p><img fetchpriority=\"high\" decoding=\"async\" class=\"aligncenter wp-image-3636\" src=\"https:\/\/mountlaser.com\/wp-content\/uploads\/2025\/11\/MG-1500SL5.webp\" alt=\"mg-1500sl mini prism\" width=\"500\" height=\"500\" srcset=\"https:\/\/mountlaser.com\/wp-content\/uploads\/2025\/11\/MG-1500SL5.webp 1000w, https:\/\/mountlaser.com\/wp-content\/uploads\/2025\/11\/MG-1500SL5-300x300.webp 300w, https:\/\/mountlaser.com\/wp-content\/uploads\/2025\/11\/MG-1500SL5-400x400.webp 400w, https:\/\/mountlaser.com\/wp-content\/uploads\/2025\/11\/MG-1500SL5-800x800.webp 800w, https:\/\/mountlaser.com\/wp-content\/uploads\/2025\/11\/MG-1500SL5-600x600.webp 600w, https:\/\/mountlaser.com\/wp-content\/uploads\/2025\/11\/MG-1500SL5-150x150.webp 150w, https:\/\/mountlaser.com\/wp-content\/uploads\/2025\/11\/MG-1500SL5-768x768.webp 768w, https:\/\/mountlaser.com\/wp-content\/uploads\/2025\/11\/MG-1500SL5-12x12.webp 12w\" sizes=\"(max-width: 500px) 100vw, 500px\" \/><\/p>\n<p>Prizmi mini mg-1500sl gjithashtu p\u00ebrmban nj\u00eb p\u00ebrshtat\u00ebs me dy fileta - mashkull M6 dhe fem\u00ebr 5\/8\u2033-11 - p\u00ebr pajtueshm\u00ebri t\u00eb plot\u00eb me shtyllat dhe aksesor\u00ebt standard\u00eb t\u00eb prizm\u00ebs. Nj\u00eb p\u00ebrshtat\u00ebs doreze shton komoditet dhe kontroll, nd\u00ebrsa shtylla me pes\u00eb seksione prej \u00e7eliku inox (secila 300 mm, q\u00eb shtrihet deri n\u00eb 1.5 m) siguron si transportueshm\u00ebri ashtu edhe forc\u00eb.<\/p>\n<p>Kjo <a href=\"https:\/\/mountlaser.com\/sq\/contact-us\/\">Prizm i verdh\u00eb mini me shtyll\u00eb p\u00ebr stacione totale<\/a> \u00cbsht\u00eb i paketuar n\u00eb nj\u00eb qese t\u00eb but\u00eb mbrojt\u00ebse, duke siguruar transport t\u00eb sigurt dhe performanc\u00eb afatgjat\u00eb n\u00eb t\u00eb gjitha mjediset e pun\u00ebs.<\/p>","protected":false},"excerpt":{"rendered":"<ul>\n<li>P\u00ebrshtat\u00ebsi i k\u00ebndit i p\u00ebrfshir\u00eb p\u00ebr p\u00ebrdorim t\u00eb leht\u00eb t\u00eb prizmit t\u00eb k\u00ebndit<\/li>\n<li>P\u00ebrshtat\u00ebs doreze p\u00ebr trajtim dhe konfigurim t\u00eb rehatsh\u00ebm<\/li>\n<li>I q\u00ebndruesh\u00ebm dhe i l\u00ebvizsh\u00ebm, i pajisur me qese t\u00eb but\u00eb mbrojt\u00ebse<\/li>\n<\/ul>","protected":false},"featured_media":3632,"comment_status":"open","ping_status":"closed","template":"","meta":[],"product_brand":[],"product_cat":[72,114],"product_tag":[],"class_list":{"0":"post-3631","1":"product","2":"type-product","3":"status-publish","4":"has-post-thumbnail","6":"product_cat-reflective-target-prism","7":"product_cat-mini-prism-with-pole","9":"first","10":"instock","11":"shipping-taxable","12":"product-type-simple"},"_links":{"self":[{"href":"https:\/\/mountlaser.com\/sq\/wp-json\/wp\/v2\/product\/3631","targetHints":{"allow":["GET"]}}],"collection":[{"href":"https:\/\/mountlaser.com\/sq\/wp-json\/wp\/v2\/product"}],"about":[{"href":"https:\/\/mountlaser.com\/sq\/wp-json\/wp\/v2\/types\/product"}],"replies":[{"embeddable":true,"href":"https:\/\/mountlaser.com\/sq\/wp-json\/wp\/v2\/comments?post=3631"}],"wp:featuredmedia":[{"embeddable":true,"href":"https:\/\/mountlaser.com\/sq\/wp-json\/wp\/v2\/media\/3632"}],"wp:attachment":[{"href":"https:\/\/mountlaser.com\/sq\/wp-json\/wp\/v2\/media?parent=3631"}],"wp:term":[{"taxonomy":"product_brand","embeddable":true,"href":"https:\/\/mountlaser.com\/sq\/wp-json\/wp\/v2\/product_brand?post=3631"},{"taxonomy":"product_cat","embeddable":true,"href":"https:\/\/mountlaser.com\/sq\/wp-json\/wp\/v2\/product_cat?post=3631"},{"taxonomy":"product_tag","embeddable":true,"href":"https:\/\/mountlaser.com\/sq\/wp-json\/wp\/v2\/product_tag?post=3631"}],"curies":[{"name":"wp","href":"https:\/\/api.w.org\/{rel}","templated":true}]}}