{"id":3621,"date":"2025-11-06T09:29:18","date_gmt":"2025-11-06T09:29:18","guid":{"rendered":"https:\/\/mountlaser.com\/?post_type=product&#038;p=3621"},"modified":"2025-11-27T09:09:35","modified_gmt":"2025-11-27T09:09:35","slug":"m1500-top-sliding-prism-with-pole","status":"publish","type":"product","link":"https:\/\/mountlaser.com\/sq\/produkt\/m1500-top-sliding-prism-with-pole\/","title":{"rendered":"Prizm rr\u00ebshqit\u00ebs sip\u00ebr M1500 me shuf\u00ebr"},"content":{"rendered":"<p>I\/E\/T\u00eb\/T\u00eb <a href=\"https:\/\/mountlaser.com\/sq\/\"><strong>Prizm rr\u00ebshqit\u00ebs sip\u00ebr M1500 me shuf\u00ebr<\/strong><\/a> \u00ebsht\u00eb nj\u00eb priz\u00ebm rr\u00ebshqit\u00ebs me performanc\u00eb t\u00eb lart\u00eb me shuf\u00ebr, i projektuar p\u00ebr t\u00eb ofruar sakt\u00ebsi, besueshm\u00ebri dhe p\u00ebrshtatshm\u00ebri t\u00eb jasht\u00ebzakonshme p\u00ebr aplikime t\u00eb k\u00ebrkuara t\u00eb matjeve. I projektuar p\u00ebr profesionist\u00eb q\u00eb k\u00ebrkojn\u00eb sakt\u00ebsi t\u00eb vazhdueshme, Prizmi rr\u00ebshqit\u00ebs sip\u00ebr me shuf\u00ebr M1500 p\u00ebrmban nj\u00eb priz\u00ebm 38.1 mm me shtres\u00eb argjendi me performanc\u00eb t\u00eb lart\u00eb q\u00eb siguron reflektim superior dhe kthim t\u00eb sakt\u00eb t\u00eb sinjalit edhe n\u00eb kushte sfiduese t\u00eb terrenit.<\/p>\n<p>E nd\u00ebrtuar p\u00ebr shkatht\u00ebsi, kjo <a href=\"https:\/\/mountlaser.com\/sq\/about-us\/\"><strong>priz\u00ebm rr\u00ebshqit\u00ebs me performanc\u00eb t\u00eb lart\u00eb me shuf\u00ebr<\/strong><\/a> P\u00ebrfshin nj\u00eb p\u00ebrshtat\u00ebs k\u00ebndi, duke e lejuar at\u00eb t\u00eb funksionoj\u00eb si priz\u00ebm standard dhe si priz\u00ebm k\u00ebndor. Me nj\u00eb zhvendosje t\u00eb prizmit 0 mm, ai garanton matje t\u00eb sakta p\u00ebr detyrat e monitorimit, shtrirjes dhe matjeve t\u00eb nd\u00ebrtimit.<\/p>\n<p><img fetchpriority=\"high\" decoding=\"async\" class=\"aligncenter wp-image-3622\" src=\"https:\/\/mountlaser.com\/wp-content\/uploads\/2025\/11\/M-15001.webp\" alt=\"M1500 Top Sliding Prism With Pole\" width=\"500\" height=\"500\" srcset=\"https:\/\/mountlaser.com\/wp-content\/uploads\/2025\/11\/M-15001.webp 1000w, https:\/\/mountlaser.com\/wp-content\/uploads\/2025\/11\/M-15001-300x300.webp 300w, https:\/\/mountlaser.com\/wp-content\/uploads\/2025\/11\/M-15001-400x400.webp 400w, https:\/\/mountlaser.com\/wp-content\/uploads\/2025\/11\/M-15001-800x800.webp 800w, https:\/\/mountlaser.com\/wp-content\/uploads\/2025\/11\/M-15001-600x600.webp 600w, https:\/\/mountlaser.com\/wp-content\/uploads\/2025\/11\/M-15001-150x150.webp 150w, https:\/\/mountlaser.com\/wp-content\/uploads\/2025\/11\/M-15001-768x768.webp 768w, https:\/\/mountlaser.com\/wp-content\/uploads\/2025\/11\/M-15001-12x12.webp 12w\" sizes=\"(max-width: 500px) 100vw, 500px\" \/><\/p>\n<p>I\/E\/T\u00eb\/T\u00eb <a href=\"https:\/\/mountlaser.com\/sq\/contact-us\/\">Prizm rr\u00ebshqit\u00ebs sip\u00ebr M1500 me shuf\u00ebr<\/a> ofron dy mund\u00ebsi ky\u00e7jeje \u2014 M1500MP me nj\u00eb mekaniz\u00ebm t\u00eb besuesh\u00ebm ky\u00e7jeje me vid\u00eb, dhe M1500GP q\u00eb paraqet nj\u00eb sistem ky\u00e7jeje t\u00eb dyfisht\u00eb p\u00ebr stabilitet t\u00eb shtuar gjat\u00eb p\u00ebrdorimit t\u00eb zgjatur. Shtylla e saj prej \u00e7eliku inox (fije M6, \u00d89 mm) shtrihet p\u00ebrmes pes\u00eb seksioneve 300 mm, duke arritur deri n\u00eb 1.5 metra (Modeli SSP093005), duke siguruar mb\u00ebshtetje t\u00eb q\u00ebndrueshme n\u00eb mjedise t\u00eb ndryshme n\u00eb terren.<\/p>\n<p>I paketuar n\u00eb nj\u00eb qese t\u00eb but\u00eb mbrojt\u00ebse, ky priz\u00ebm rr\u00ebshqit\u00ebs me performanc\u00eb t\u00eb lart\u00eb me shuf\u00ebr kombinon transportueshm\u00ebrin\u00eb, sakt\u00ebsin\u00eb dhe q\u00ebndrueshm\u00ebrin\u00eb afatgjat\u00eb \u2014 duke e b\u00ebr\u00eb at\u00eb nj\u00eb zgjedhje t\u00eb besueshme p\u00ebr gjeodet\u00ebt n\u00eb t\u00eb gjith\u00eb bot\u00ebn.<\/p>","protected":false},"excerpt":{"rendered":"<ul>\n<li>P\u00ebrshtat\u00ebsi i k\u00ebndit mund\u00ebson p\u00ebrdorim fleksib\u00ebl si nj\u00eb priz\u00ebm standard ose k\u00ebndor<\/li>\n<li>Dy opsione ky\u00e7jeje: Ky\u00e7je me vid\u00eb (M1500MP) ose Ky\u00e7je e dyfisht\u00eb (M1500GP) p\u00ebr stabilitet t\u00eb shtuar<\/li>\n<li>Shtyll\u00eb me gjilp\u00ebr\u00eb \u00e7eliku inox e q\u00ebndrueshme<\/li>\n<li>Furnizuar me nj\u00eb \u00e7ant\u00eb t\u00eb but\u00eb p\u00ebr transport dhe mbrojtje t\u00eb leht\u00eb<\/li>\n<\/ul>","protected":false},"featured_media":3622,"comment_status":"open","ping_status":"closed","template":"","meta":[],"product_brand":[],"product_cat":[72,114],"product_tag":[],"class_list":{"0":"post-3621","1":"product","2":"type-product","3":"status-publish","4":"has-post-thumbnail","6":"product_cat-reflective-target-prism","7":"product_cat-mini-prism-with-pole","9":"first","10":"instock","11":"shipping-taxable","12":"product-type-simple"},"_links":{"self":[{"href":"https:\/\/mountlaser.com\/sq\/wp-json\/wp\/v2\/product\/3621","targetHints":{"allow":["GET"]}}],"collection":[{"href":"https:\/\/mountlaser.com\/sq\/wp-json\/wp\/v2\/product"}],"about":[{"href":"https:\/\/mountlaser.com\/sq\/wp-json\/wp\/v2\/types\/product"}],"replies":[{"embeddable":true,"href":"https:\/\/mountlaser.com\/sq\/wp-json\/wp\/v2\/comments?post=3621"}],"wp:featuredmedia":[{"embeddable":true,"href":"https:\/\/mountlaser.com\/sq\/wp-json\/wp\/v2\/media\/3622"}],"wp:attachment":[{"href":"https:\/\/mountlaser.com\/sq\/wp-json\/wp\/v2\/media?parent=3621"}],"wp:term":[{"taxonomy":"product_brand","embeddable":true,"href":"https:\/\/mountlaser.com\/sq\/wp-json\/wp\/v2\/product_brand?post=3621"},{"taxonomy":"product_cat","embeddable":true,"href":"https:\/\/mountlaser.com\/sq\/wp-json\/wp\/v2\/product_cat?post=3621"},{"taxonomy":"product_tag","embeddable":true,"href":"https:\/\/mountlaser.com\/sq\/wp-json\/wp\/v2\/product_tag?post=3621"}],"curies":[{"name":"wp","href":"https:\/\/api.w.org\/{rel}","templated":true}]}}