{"id":3612,"date":"2025-11-06T09:22:08","date_gmt":"2025-11-06T09:22:08","guid":{"rendered":"https:\/\/mountlaser.com\/?post_type=product&#038;p=3612"},"modified":"2025-11-28T00:41:07","modified_gmt":"2025-11-28T00:41:07","slug":"cls039-aluminum-mini-prism-pole","status":"publish","type":"product","link":"https:\/\/mountlaser.com\/sq\/produkt\/cls039-aluminum-mini-prism-pole\/","title":{"rendered":"Shtyll\u00eb mini-prizmike alumini CLS039"},"content":{"rendered":"<p>I\/E\/T\u00eb\/T\u00eb <a href=\"https:\/\/mountlaser.com\/sq\/\"><strong>Shtyll\u00eb mini-prizmike alumini CLS039<\/strong><\/a> \u00ebsht\u00eb nj\u00eb mjet i specializuar dhe me precizion t\u00eb lart\u00eb, i projektuar p\u00ebr gjeodet\u00ebt q\u00eb k\u00ebrkojn\u00eb sakt\u00ebsi dhe efikasitet t\u00eb jasht\u00ebzakonsh\u00ebm n\u00eb operacionet e piketimit.<\/p>\n<p>I njohur si<a href=\"https:\/\/mountlaser.com\/sq\/products\/\"><strong> Shtyll\u00eb Prizmike Mini me Kunj CLS039<\/strong><\/a>, ky model \u00ebsht\u00eb projektuar me nj\u00eb lart\u00ebsi fizike kompakte prej 39 cm, duke e b\u00ebr\u00eb at\u00eb jasht\u00ebzakonisht t\u00eb l\u00ebvizsh\u00ebm dhe ideal p\u00ebr pun\u00eb n\u00eb hap\u00ebsira t\u00eb kufizuara. Nd\u00ebrtimi i tij i fort\u00eb prej alumini me diamet\u00ebr 32 mm siguron stabilitetin e nevojsh\u00ebm p\u00ebr matje t\u00eb besueshme.<\/p>\n<p><img fetchpriority=\"high\" decoding=\"async\" class=\"aligncenter wp-image-3614\" src=\"https:\/\/mountlaser.com\/wp-content\/uploads\/2025\/11\/CLS039-2.webp\" alt=\"CLS039 Mini Stakeout Prism Pole\" width=\"500\" height=\"500\" srcset=\"https:\/\/mountlaser.com\/wp-content\/uploads\/2025\/11\/CLS039-2.webp 1000w, https:\/\/mountlaser.com\/wp-content\/uploads\/2025\/11\/CLS039-2-300x300.webp 300w, https:\/\/mountlaser.com\/wp-content\/uploads\/2025\/11\/CLS039-2-400x400.webp 400w, https:\/\/mountlaser.com\/wp-content\/uploads\/2025\/11\/CLS039-2-800x800.webp 800w, https:\/\/mountlaser.com\/wp-content\/uploads\/2025\/11\/CLS039-2-600x600.webp 600w, https:\/\/mountlaser.com\/wp-content\/uploads\/2025\/11\/CLS039-2-150x150.webp 150w, https:\/\/mountlaser.com\/wp-content\/uploads\/2025\/11\/CLS039-2-768x768.webp 768w, https:\/\/mountlaser.com\/wp-content\/uploads\/2025\/11\/CLS039-2-12x12.webp 12w\" sizes=\"(max-width: 500px) 100vw, 500px\" \/><br \/>\nI\/E\/T\u00eb\/T\u00eb <a href=\"https:\/\/mountlaser.com\/sq\/contact-us\/\">Shtyll\u00eb Prizmike Mini me Kunj CLS039<\/a> p\u00ebrmban nj\u00eb baz\u00eb t\u00eb integruar alumini me flluska dhe nj\u00eb \u00e7ant\u00eb t\u00eb p\u00ebrshtatshme mbajt\u00ebse, duke e vendosur veten si zgjidhja e duhur p\u00ebr pun\u00eb t\u00eb shpejt\u00eb dhe t\u00eb sakt\u00eb planifikimi n\u00eb \u00e7do vend pune.<\/p>","protected":false},"excerpt":{"rendered":"<ul>\n<li>Vjen me nj\u00eb \u00e7ant\u00eb t\u00eb but\u00eb mbajt\u00ebse, duke e b\u00ebr\u00eb transportin dhe ruajtjen si t\u00eb p\u00ebrshtatsh\u00ebm ashtu edhe t\u00eb sigurt<\/li>\n<li>duke lejuar l\u00ebvizje t\u00eb leht\u00eb midis pikave t\u00eb ndryshme t\u00eb matjes.<\/li>\n<li>Me nj\u00eb lart\u00ebsi fizike prej 39 cm dhe nj\u00eb lart\u00ebsi t\u00eb boshtit t\u00eb prizmit prej 49 cm, \u00ebsht\u00eb me madh\u00ebsi perfekte p\u00ebr aplikime t\u00eb piketimit efikas dhe t\u00eb sakt\u00eb.<\/li>\n<\/ul>","protected":false},"featured_media":3613,"comment_status":"open","ping_status":"closed","template":"","meta":[],"product_brand":[],"product_cat":[116,89],"product_tag":[],"class_list":{"0":"post-3612","1":"product","2":"type-product","3":"status-publish","4":"has-post-thumbnail","6":"product_cat-aluminum-mini-prism-pole","7":"product_cat-surveying-pole-rod","9":"first","10":"instock","11":"shipping-taxable","12":"product-type-simple"},"_links":{"self":[{"href":"https:\/\/mountlaser.com\/sq\/wp-json\/wp\/v2\/product\/3612","targetHints":{"allow":["GET"]}}],"collection":[{"href":"https:\/\/mountlaser.com\/sq\/wp-json\/wp\/v2\/product"}],"about":[{"href":"https:\/\/mountlaser.com\/sq\/wp-json\/wp\/v2\/types\/product"}],"replies":[{"embeddable":true,"href":"https:\/\/mountlaser.com\/sq\/wp-json\/wp\/v2\/comments?post=3612"}],"wp:featuredmedia":[{"embeddable":true,"href":"https:\/\/mountlaser.com\/sq\/wp-json\/wp\/v2\/media\/3613"}],"wp:attachment":[{"href":"https:\/\/mountlaser.com\/sq\/wp-json\/wp\/v2\/media?parent=3612"}],"wp:term":[{"taxonomy":"product_brand","embeddable":true,"href":"https:\/\/mountlaser.com\/sq\/wp-json\/wp\/v2\/product_brand?post=3612"},{"taxonomy":"product_cat","embeddable":true,"href":"https:\/\/mountlaser.com\/sq\/wp-json\/wp\/v2\/product_cat?post=3612"},{"taxonomy":"product_tag","embeddable":true,"href":"https:\/\/mountlaser.com\/sq\/wp-json\/wp\/v2\/product_tag?post=3612"}],"curies":[{"name":"wp","href":"https:\/\/api.w.org\/{rel}","templated":true}]}}