{"id":3595,"date":"2025-11-06T08:57:54","date_gmt":"2025-11-06T08:57:54","guid":{"rendered":"https:\/\/mountlaser.com\/?post_type=product&#038;p=3595"},"modified":"2025-11-28T00:48:29","modified_gmt":"2025-11-28T00:48:29","slug":"cls-series-aluminum-mini-prism-pole","status":"publish","type":"product","link":"https:\/\/mountlaser.com\/sq\/produkt\/cls-series-aluminum-mini-prism-pole\/","title":{"rendered":"Shtyll\u00eb Mini Prizmike Alumini e Seris\u00eb CLS"},"content":{"rendered":"<p>I\/E\/T\u00eb\/T\u00eb <a href=\"https:\/\/mountlaser.com\/sq\/\"><strong>Shtyll\u00eb Mini Prizmike Alumini e Seris\u00eb CLS<\/strong><\/a> \u00cbsht\u00eb projektuar p\u00ebr t\u00eb p\u00ebrmbushur k\u00ebrkesat rigoroze t\u00eb matjeve moderne, duke ofruar nj\u00eb ekuilib\u00ebr t\u00eb p\u00ebrsosur midis stabilitetit dhe transportueshm\u00ebris\u00eb.<\/p>\n<p>I projektuar posa\u00e7\u00ebrisht si nj\u00eb Mini Prism Shuf\u00ebr me performanc\u00eb t\u00eb lart\u00eb p\u00ebr sistemet e Stacionit Total, ai siguron mbledhje t\u00eb sakt\u00eb t\u00eb t\u00eb dh\u00ebnave n\u00eb projekte t\u00eb ndryshme. Ky Mini Prism Shuf\u00ebr i fuqish\u00ebm p\u00ebr Sondazh ka nj\u00eb diamet\u00ebr t\u00eb jasht\u00ebm 32 mm, duke siguruar ngurt\u00ebsi t\u00eb shtuar p\u00ebr sakt\u00ebsi superiore n\u00eb terren. I nd\u00ebrtuar me nj\u00eb baz\u00eb alumini t\u00eb q\u00ebndrueshme me flluska dhe i shoq\u00ebruar nga nj\u00eb \u00e7ant\u00eb mbrojt\u00ebse mbajt\u00ebse, Seria CLS \u00ebsht\u00eb ideale. <a href=\"https:\/\/mountlaser.com\/sq\/products\/\"><strong>Mini Prism Pole p\u00ebr Stacionin Total<\/strong><\/a> konfigurime.<\/p>\n<p>Nd\u00ebrtimi me diamet\u00ebr t\u00eb jasht\u00ebm 32 mm (OD32 mm) ofron integritet m\u00eb t\u00eb madh strukturor, duke minimizuar p\u00ebrkuljen dhe duke siguruar sakt\u00ebsi t\u00eb q\u00ebndrueshme matjeje.<\/p>\n<p><strong>Specifikimet e Shtyll\u00ebs Mini Prizmike t\u00eb Alumini t\u00eb Seris\u00eb CLS<\/strong><\/p>\n<table style=\"border-collapse: collapse; width: 741.77pt;\" border=\"0\" width=\"989\" cellspacing=\"0\" cellpadding=\"0\">\n<tbody>\n<tr style=\"height: 14.25pt;\">\n<td class=\"et2\" style=\"height: 14.25pt; width: 142.50pt;\" width=\"190\" height=\"19\">NUM\u00cbR<\/td>\n<td class=\"et2\" style=\"width: 127.50pt;\" width=\"170\">MATERIALI<\/td>\n<td class=\"et2\" style=\"width: 126.00pt;\" width=\"168\">LART\u00cbSIA FIZIKE<\/td>\n<td class=\"et2\" style=\"width: 135.00pt;\" width=\"180\">LART\u00cbSIA E BOSHTIT T\u00cb PRIZMIT<\/td>\n<td class=\"et2\" style=\"width: 124.50pt;\" width=\"166\">DIAMETRI<\/td>\n<td style=\"width: 86.25pt;\" width=\"115\">fotografi<\/td>\n<\/tr>\n<tr style=\"height: 14.25pt;\">\n<td class=\"et2\" style=\"height: 14.25pt;\" height=\"19\">CLS012<\/td>\n<td class=\"et3\">Alumini<\/td>\n<td class=\"et3\">12 cm<\/td>\n<td class=\"et3\">22 cm<\/td>\n<td class=\"et3\">32 mm<\/td>\n<td><img fetchpriority=\"high\" decoding=\"async\" class=\"alignnone wp-image-3598 size-medium\" src=\"https:\/\/mountlaser.com\/wp-content\/uploads\/2025\/11\/CLS012-2-300x300.webp\" alt=\"Mini Prism Pole for Total Station\" width=\"300\" height=\"300\" srcset=\"https:\/\/mountlaser.com\/wp-content\/uploads\/2025\/11\/CLS012-2-300x300.webp 300w, https:\/\/mountlaser.com\/wp-content\/uploads\/2025\/11\/CLS012-2-400x400.webp 400w, https:\/\/mountlaser.com\/wp-content\/uploads\/2025\/11\/CLS012-2-800x800.webp 800w, https:\/\/mountlaser.com\/wp-content\/uploads\/2025\/11\/CLS012-2-600x600.webp 600w, https:\/\/mountlaser.com\/wp-content\/uploads\/2025\/11\/CLS012-2-150x150.webp 150w, https:\/\/mountlaser.com\/wp-content\/uploads\/2025\/11\/CLS012-2-768x768.webp 768w, https:\/\/mountlaser.com\/wp-content\/uploads\/2025\/11\/CLS012-2-12x12.webp 12w, https:\/\/mountlaser.com\/wp-content\/uploads\/2025\/11\/CLS012-2.webp 1000w\" sizes=\"(max-width: 300px) 100vw, 300px\" \/><\/td>\n<\/tr>\n<tr style=\"height: 14.25pt;\">\n<td class=\"et2\" style=\"height: 14.25pt;\" height=\"19\">CLS013<\/td>\n<td class=\"et3\">Alumini<\/td>\n<td class=\"et3\">11.4 cm<\/td>\n<td class=\"et3\">15 cm<\/td>\n<td class=\"et3\">32 mm<\/td>\n<td><img decoding=\"async\" class=\"alignnone wp-image-3605 size-medium\" src=\"https:\/\/mountlaser.com\/wp-content\/uploads\/2025\/11\/CLS013-3-300x300.webp\" alt=\"Mini Prism Pole for Total Station\" width=\"300\" height=\"300\" srcset=\"https:\/\/mountlaser.com\/wp-content\/uploads\/2025\/11\/CLS013-3-300x300.webp 300w, https:\/\/mountlaser.com\/wp-content\/uploads\/2025\/11\/CLS013-3-400x400.webp 400w, https:\/\/mountlaser.com\/wp-content\/uploads\/2025\/11\/CLS013-3-800x800.webp 800w, https:\/\/mountlaser.com\/wp-content\/uploads\/2025\/11\/CLS013-3-600x600.webp 600w, https:\/\/mountlaser.com\/wp-content\/uploads\/2025\/11\/CLS013-3-150x150.webp 150w, https:\/\/mountlaser.com\/wp-content\/uploads\/2025\/11\/CLS013-3-768x768.webp 768w, https:\/\/mountlaser.com\/wp-content\/uploads\/2025\/11\/CLS013-3-12x12.webp 12w, https:\/\/mountlaser.com\/wp-content\/uploads\/2025\/11\/CLS013-3.webp 1000w\" sizes=\"(max-width: 300px) 100vw, 300px\" \/><\/td>\n<\/tr>\n<\/tbody>\n<\/table>","protected":false},"excerpt":{"rendered":"<ul>\n<li>P\u00ebrfshin nj\u00eb \u00e7ant\u00eb t\u00eb but\u00eb mbajt\u00ebse p\u00ebr transport t\u00eb p\u00ebrshtatsh\u00ebm dhe t\u00eb sigurt, duke e b\u00ebr\u00eb t\u00eb leht\u00eb sjelljen e k\u00ebtij mjeti thelb\u00ebsor n\u00eb \u00e7do vend pune.<\/li>\n<li>I projektuar p\u00ebr t\u00eb funksionuar pa probleme si nj\u00eb Mini Prism Pole p\u00ebr sistemet Totale Station<\/li>\n<li>duke siguruar nj\u00eb platform\u00eb t\u00eb q\u00ebndrueshme p\u00ebr prizmat n\u00eb aplikime t\u00eb ndryshme t\u00eb matjeve.<\/li>\n<\/ul>","protected":false},"featured_media":3604,"comment_status":"open","ping_status":"closed","template":"","meta":[],"product_brand":[],"product_cat":[89,116],"product_tag":[],"class_list":{"0":"post-3595","1":"product","2":"type-product","3":"status-publish","4":"has-post-thumbnail","6":"product_cat-surveying-pole-rod","7":"product_cat-aluminum-mini-prism-pole","9":"first","10":"instock","11":"shipping-taxable","12":"product-type-simple"},"_links":{"self":[{"href":"https:\/\/mountlaser.com\/sq\/wp-json\/wp\/v2\/product\/3595","targetHints":{"allow":["GET"]}}],"collection":[{"href":"https:\/\/mountlaser.com\/sq\/wp-json\/wp\/v2\/product"}],"about":[{"href":"https:\/\/mountlaser.com\/sq\/wp-json\/wp\/v2\/types\/product"}],"replies":[{"embeddable":true,"href":"https:\/\/mountlaser.com\/sq\/wp-json\/wp\/v2\/comments?post=3595"}],"wp:featuredmedia":[{"embeddable":true,"href":"https:\/\/mountlaser.com\/sq\/wp-json\/wp\/v2\/media\/3604"}],"wp:attachment":[{"href":"https:\/\/mountlaser.com\/sq\/wp-json\/wp\/v2\/media?parent=3595"}],"wp:term":[{"taxonomy":"product_brand","embeddable":true,"href":"https:\/\/mountlaser.com\/sq\/wp-json\/wp\/v2\/product_brand?post=3595"},{"taxonomy":"product_cat","embeddable":true,"href":"https:\/\/mountlaser.com\/sq\/wp-json\/wp\/v2\/product_cat?post=3595"},{"taxonomy":"product_tag","embeddable":true,"href":"https:\/\/mountlaser.com\/sq\/wp-json\/wp\/v2\/product_tag?post=3595"}],"curies":[{"name":"wp","href":"https:\/\/api.w.org\/{rel}","templated":true}]}}