{"id":3594,"date":"2025-11-06T09:04:53","date_gmt":"2025-11-06T09:04:53","guid":{"rendered":"https:\/\/mountlaser.com\/?post_type=product&#038;p=3594"},"modified":"2025-11-28T00:43:32","modified_gmt":"2025-11-28T00:43:32","slug":"mp1000spt-sliding-prism-with-pole","status":"publish","type":"product","link":"https:\/\/mountlaser.com\/sq\/produkt\/mp1000spt-sliding-prism-with-pole\/","title":{"rendered":"Prizm rr\u00ebshqit\u00ebs MP1000SPT me shuf\u00ebr"},"content":{"rendered":"<p>I\/E\/T\u00eb\/T\u00eb <a href=\"https:\/\/mountlaser.com\/sq\/\"><strong>Prizm rr\u00ebshqit\u00ebs MP1000SPT me shuf\u00ebr<\/strong><\/a> \u00ebsht\u00eb nj\u00eb priz\u00ebm rr\u00ebshqit\u00ebs me shtres\u00eb argjendi t\u00eb projektuar me precizion dhe me shuf\u00ebr, i projektuar p\u00ebr t\u00eb ofruar sakt\u00ebsi, q\u00ebndrueshm\u00ebri dhe fleksibilitet t\u00eb jasht\u00ebzakonsh\u00ebm n\u00eb aplikimet e matjes dhe monitorimit. I nd\u00ebrtuar p\u00ebr p\u00ebrdorim profesional n\u00eb terren, Prizmi Rr\u00ebshqit\u00ebs MP1000SPT me Shuf\u00ebr ofron rregullim t\u00eb qet\u00eb, pozicionim t\u00eb q\u00ebndruesh\u00ebm dhe reflektim superior p\u00ebr performanc\u00eb t\u00eb q\u00ebndrueshme n\u00eb rreze t\u00eb gjat\u00eb veprimi.<\/p>\n<p>Kjo <a href=\"https:\/\/mountlaser.com\/sq\/products\/\"><strong>priz\u00ebm rr\u00ebshqit\u00ebs sip\u00ebr me shtres\u00eb argjendi me shuf\u00ebr<\/strong><\/a> p\u00ebrmban nj\u00eb priz\u00ebm 25.4 mm me shtres\u00eb argjendi me reflektim t\u00eb lart\u00eb, duke siguruar kthim optimal t\u00eb sinjalit dhe sakt\u00ebsi matjeje. Dizajni i tij shum\u00ebfunksional e lejon at\u00eb t\u00eb sh\u00ebrbej\u00eb si nj\u00eb priz\u00ebm standard ose k\u00ebndor, duke e b\u00ebr\u00eb ideal p\u00ebr kushte t\u00eb ndryshme vendi.<\/p>\n<p><img fetchpriority=\"high\" decoding=\"async\" class=\"aligncenter wp-image-3603\" src=\"https:\/\/mountlaser.com\/wp-content\/uploads\/2025\/11\/MG-1000SPT5.webp\" alt=\"MP1000SPT Sliding Prism with Pole\" width=\"500\" height=\"500\" srcset=\"https:\/\/mountlaser.com\/wp-content\/uploads\/2025\/11\/MG-1000SPT5.webp 1000w, https:\/\/mountlaser.com\/wp-content\/uploads\/2025\/11\/MG-1000SPT5-300x300.webp 300w, https:\/\/mountlaser.com\/wp-content\/uploads\/2025\/11\/MG-1000SPT5-400x400.webp 400w, https:\/\/mountlaser.com\/wp-content\/uploads\/2025\/11\/MG-1000SPT5-800x800.webp 800w, https:\/\/mountlaser.com\/wp-content\/uploads\/2025\/11\/MG-1000SPT5-600x600.webp 600w, https:\/\/mountlaser.com\/wp-content\/uploads\/2025\/11\/MG-1000SPT5-150x150.webp 150w, https:\/\/mountlaser.com\/wp-content\/uploads\/2025\/11\/MG-1000SPT5-768x768.webp 768w, https:\/\/mountlaser.com\/wp-content\/uploads\/2025\/11\/MG-1000SPT5-12x12.webp 12w\" sizes=\"(max-width: 500px) 100vw, 500px\" \/><\/p>\n<p>I\/E\/T\u00eb\/T\u00eb<a href=\"https:\/\/mountlaser.com\/sq\/about-us\/\"> Prizm rr\u00ebshqit\u00ebs MP1000SPT me shuf\u00ebr<\/a> p\u00ebrfshin nj\u00eb buton me \u00e7lirim t\u00eb shpejt\u00eb p\u00ebr rregullim rr\u00ebshqit\u00ebs pa mundim dhe nj\u00eb kok\u00eb prizmi t\u00eb rrotullueshme 180\u00b0 p\u00ebr sh\u00ebnjestrim t\u00eb sakt\u00eb. Shtylla e p\u00ebrfshir\u00eb prej \u00e7eliku inox (fije M6, diamet\u00ebr i jasht\u00ebm 9 mm) shtrihet p\u00ebrmes pes\u00eb seksioneve 300 mm, duke arritur nj\u00eb lart\u00ebsi totale prej 1.5 metrash (Modeli SSP093005) - perfekte p\u00ebr konfigurime t\u00eb q\u00ebndrueshme dhe t\u00eb gatshme p\u00ebr n\u00eb terren.<\/p>\n<p>I paketuar me nj\u00eb qese t\u00eb but\u00eb mbrojt\u00ebse, prizmi rr\u00ebshqit\u00ebs me shtres\u00eb argjendi nga sip\u00ebr me shuf\u00ebr \u00ebsht\u00eb nj\u00eb zgjidhje e plot\u00eb dhe portative p\u00ebr profesionist\u00ebt modern\u00eb t\u00eb gjeodetis\u00eb.<\/p>","protected":false},"excerpt":{"rendered":"<ul>\n<li>Rrotullohet deri n\u00eb 180\u00b0 p\u00ebr shtrirje fleksibile dhe aplikime n\u00eb k\u00ebnde<\/li>\n<li>Mekaniz\u00ebm rr\u00ebshqit\u00ebs me \u00e7lirim t\u00eb shpejt\u00eb p\u00ebr rregullim t\u00eb leht\u00eb dhe pozicionim t\u00eb sigurt<\/li>\n<li>Shtyll\u00eb \u00e7eliku inox e q\u00ebndrueshme p\u00ebr stabilitet<\/li>\n<li>\u00c7ant\u00eb e but\u00eb mbrojt\u00ebse p\u00ebr transport dhe mbrojtje<\/li>\n<\/ul>","protected":false},"featured_media":3597,"comment_status":"open","ping_status":"closed","template":"","meta":[],"product_brand":[],"product_cat":[72,114],"product_tag":[],"class_list":{"0":"post-3594","1":"product","2":"type-product","3":"status-publish","4":"has-post-thumbnail","6":"product_cat-reflective-target-prism","7":"product_cat-mini-prism-with-pole","9":"first","10":"instock","11":"shipping-taxable","12":"product-type-simple"},"_links":{"self":[{"href":"https:\/\/mountlaser.com\/sq\/wp-json\/wp\/v2\/product\/3594","targetHints":{"allow":["GET"]}}],"collection":[{"href":"https:\/\/mountlaser.com\/sq\/wp-json\/wp\/v2\/product"}],"about":[{"href":"https:\/\/mountlaser.com\/sq\/wp-json\/wp\/v2\/types\/product"}],"replies":[{"embeddable":true,"href":"https:\/\/mountlaser.com\/sq\/wp-json\/wp\/v2\/comments?post=3594"}],"wp:featuredmedia":[{"embeddable":true,"href":"https:\/\/mountlaser.com\/sq\/wp-json\/wp\/v2\/media\/3597"}],"wp:attachment":[{"href":"https:\/\/mountlaser.com\/sq\/wp-json\/wp\/v2\/media?parent=3594"}],"wp:term":[{"taxonomy":"product_brand","embeddable":true,"href":"https:\/\/mountlaser.com\/sq\/wp-json\/wp\/v2\/product_brand?post=3594"},{"taxonomy":"product_cat","embeddable":true,"href":"https:\/\/mountlaser.com\/sq\/wp-json\/wp\/v2\/product_cat?post=3594"},{"taxonomy":"product_tag","embeddable":true,"href":"https:\/\/mountlaser.com\/sq\/wp-json\/wp\/v2\/product_tag?post=3594"}],"curies":[{"name":"wp","href":"https:\/\/api.w.org\/{rel}","templated":true}]}}