{"id":3584,"date":"2025-11-06T08:26:22","date_gmt":"2025-11-06T08:26:22","guid":{"rendered":"https:\/\/mountlaser.com\/?post_type=product&#038;p=3584"},"modified":"2025-11-28T01:05:48","modified_gmt":"2025-11-28T01:05:48","slug":"dz-b-series-aluminum-mini-prism-pole","status":"publish","type":"product","link":"https:\/\/mountlaser.com\/sq\/produkt\/dz-b-series-aluminum-mini-prism-pole\/","title":{"rendered":"Shtyll\u00eb Mini Prizmike Alumini e Seris\u00eb DZ-B"},"content":{"rendered":"<p>I\/E\/T\u00eb\/T\u00eb <a href=\"https:\/\/mountlaser.com\/sq\/\"><strong>Shtyll\u00eb Mini Prizmike Alumini e Seris\u00eb DZ-B<\/strong><\/a> p\u00ebrfaq\u00ebson bashkimin perfekt t\u00eb inxhinieris\u00eb precize dhe q\u00ebndrueshm\u00ebris\u00eb n\u00eb terren, i projektuar posa\u00e7\u00ebrisht p\u00ebr gjeodet\u00ebt q\u00eb refuzojn\u00eb t\u00eb b\u00ebjn\u00eb kompromis p\u00ebr sakt\u00ebsin\u00eb ose transportueshm\u00ebrin\u00eb.<\/p>\n<p>Ky shuf\u00ebr miniprizmike alumini e jasht\u00ebzakonshme q\u00eb mbahet me dor\u00eb ofron nj\u00eb platform\u00eb t\u00eb q\u00ebndrueshme dhe t\u00eb besueshme p\u00ebr montimin e prizmit, duke siguruar performanc\u00eb t\u00eb q\u00ebndrueshme me stacionet totale n\u00eb aplikime t\u00eb ndryshme matjeje.<\/p>\n<p>I projektuar me nj\u00eb diamet\u00ebr t\u00eb jasht\u00ebm 25 mm dhe i nd\u00ebrtuar nga aliazh alumini premium, ky <a href=\"https:\/\/mountlaser.com\/sq\/products\/\"><strong>Shuf\u00ebr Mini Prizmike Alumini e Mbajtur me Dor\u00eb<\/strong><\/a> Ofron ekuilibrin ideal midis integritetit strukturor dhe manovrueshm\u00ebris\u00eb s\u00eb leht\u00eb.<br \/>\nE pajisur me nj\u00eb baz\u00eb t\u00eb fort\u00eb alumini me flluska (e disponueshme me ngjyr\u00eb t\u00eb zez\u00eb) p\u00ebr nivelim t\u00eb shpejt\u00eb dhe t\u00eb sakt\u00eb, duke siguruar sakt\u00ebsi matjeje n\u00eb kushte t\u00eb ndryshme n\u00eb terren.<br \/>\nduke e b\u00ebr\u00eb at\u00eb zgjedhjen e duhur p\u00ebr profesionist\u00ebt e gjeodet\u00ebve q\u00eb punojn\u00eb n\u00eb hap\u00ebsira t\u00eb kufizuara ose q\u00eb l\u00ebvizin me shpejt\u00ebsi midis pikave t\u00eb matjes.<\/p>\n<p><strong><a href=\"https:\/\/mountlaser.com\/sq\/contact-us\/\">Shtyll\u00eb Mini Prizmike Alumini e Seris\u00eb DZ-B<\/a> Specifikimet<\/strong><\/p>\n<table style=\"border-collapse: collapse; width: 741.77pt;\" border=\"0\" width=\"989\" cellspacing=\"0\" cellpadding=\"0\">\n<tbody>\n<tr style=\"height: 14.25pt;\">\n<td class=\"et2\" style=\"height: 14.25pt; width: 142.50pt;\" width=\"190\" height=\"19\">NUM\u00cbR<\/td>\n<td class=\"et2\" style=\"width: 127.50pt;\" width=\"170\">MATERIALI<\/td>\n<td class=\"et2\" style=\"width: 126.00pt;\" width=\"168\">LART\u00cbSIA FIZIKE<\/td>\n<td class=\"et2\" style=\"width: 135.00pt;\" width=\"180\">LART\u00cbSIA E BOSHTIT T\u00cb PRIZMIT<\/td>\n<td class=\"et2\" style=\"width: 124.50pt;\" width=\"166\">DIAMETRI<\/td>\n<td style=\"width: 86.25pt;\" width=\"115\">fotografi<\/td>\n<\/tr>\n<tr style=\"height: 14.25pt;\">\n<td class=\"et2\" style=\"height: 14.25pt;\" height=\"19\">DZ02B<\/td>\n<td class=\"et3\">Alumini<\/td>\n<td class=\"et2\">14 cm<\/td>\n<td class=\"et2\">24 cm<\/td>\n<td class=\"et2\">25 mm<\/td>\n<td><img fetchpriority=\"high\" decoding=\"async\" class=\"alignnone wp-image-3585 size-medium\" src=\"https:\/\/mountlaser.com\/wp-content\/uploads\/2025\/11\/DZ02B-1-300x300.webp\" alt=\"Hand Held Aluminum Mini Prism Pole\" width=\"300\" height=\"300\" srcset=\"https:\/\/mountlaser.com\/wp-content\/uploads\/2025\/11\/DZ02B-1-300x300.webp 300w, https:\/\/mountlaser.com\/wp-content\/uploads\/2025\/11\/DZ02B-1-400x400.webp 400w, https:\/\/mountlaser.com\/wp-content\/uploads\/2025\/11\/DZ02B-1-800x800.webp 800w, https:\/\/mountlaser.com\/wp-content\/uploads\/2025\/11\/DZ02B-1-600x600.webp 600w, https:\/\/mountlaser.com\/wp-content\/uploads\/2025\/11\/DZ02B-1-150x150.webp 150w, https:\/\/mountlaser.com\/wp-content\/uploads\/2025\/11\/DZ02B-1-768x768.webp 768w, https:\/\/mountlaser.com\/wp-content\/uploads\/2025\/11\/DZ02B-1-12x12.webp 12w, https:\/\/mountlaser.com\/wp-content\/uploads\/2025\/11\/DZ02B-1.webp 1000w\" sizes=\"(max-width: 300px) 100vw, 300px\" \/><\/td>\n<\/tr>\n<tr style=\"height: 14.25pt;\">\n<td class=\"et2\" style=\"height: 14.25pt;\" height=\"19\">DZ03B<\/td>\n<td class=\"et3\">Alumini<\/td>\n<td class=\"et3\">20 cm<\/td>\n<td class=\"et3\">30 cm<\/td>\n<td class=\"et3\">25 mm<\/td>\n<td><img decoding=\"async\" class=\"alignnone wp-image-3587 size-medium\" src=\"https:\/\/mountlaser.com\/wp-content\/uploads\/2025\/11\/DZ03B-2-300x300.webp\" alt=\"Hand Held Aluminum Mini Prism Pole\" width=\"300\" height=\"300\" srcset=\"https:\/\/mountlaser.com\/wp-content\/uploads\/2025\/11\/DZ03B-2-300x300.webp 300w, https:\/\/mountlaser.com\/wp-content\/uploads\/2025\/11\/DZ03B-2-400x400.webp 400w, https:\/\/mountlaser.com\/wp-content\/uploads\/2025\/11\/DZ03B-2-800x800.webp 800w, https:\/\/mountlaser.com\/wp-content\/uploads\/2025\/11\/DZ03B-2-600x600.webp 600w, https:\/\/mountlaser.com\/wp-content\/uploads\/2025\/11\/DZ03B-2-150x150.webp 150w, https:\/\/mountlaser.com\/wp-content\/uploads\/2025\/11\/DZ03B-2-768x768.webp 768w, https:\/\/mountlaser.com\/wp-content\/uploads\/2025\/11\/DZ03B-2-12x12.webp 12w, https:\/\/mountlaser.com\/wp-content\/uploads\/2025\/11\/DZ03B-2.webp 1000w\" sizes=\"(max-width: 300px) 100vw, 300px\" \/><\/td>\n<\/tr>\n<tr style=\"height: 14.25pt;\">\n<td class=\"et2\" style=\"height: 14.25pt;\" height=\"19\">DZ04B<\/td>\n<td class=\"et3\">Alumini<\/td>\n<td class=\"et3\">30 cm<\/td>\n<td class=\"et3\">40 cm<\/td>\n<td class=\"et3\">25 mm<\/td>\n<td><img decoding=\"async\" class=\"alignnone wp-image-3589 size-medium\" src=\"https:\/\/mountlaser.com\/wp-content\/uploads\/2025\/11\/DZ04B-1-300x300.webp\" alt=\"Hand Held Aluminum Mini Prism Pole\" width=\"300\" height=\"300\" srcset=\"https:\/\/mountlaser.com\/wp-content\/uploads\/2025\/11\/DZ04B-1-300x300.webp 300w, https:\/\/mountlaser.com\/wp-content\/uploads\/2025\/11\/DZ04B-1-400x400.webp 400w, https:\/\/mountlaser.com\/wp-content\/uploads\/2025\/11\/DZ04B-1-800x800.webp 800w, https:\/\/mountlaser.com\/wp-content\/uploads\/2025\/11\/DZ04B-1-600x600.webp 600w, https:\/\/mountlaser.com\/wp-content\/uploads\/2025\/11\/DZ04B-1-150x150.webp 150w, https:\/\/mountlaser.com\/wp-content\/uploads\/2025\/11\/DZ04B-1-768x768.webp 768w, https:\/\/mountlaser.com\/wp-content\/uploads\/2025\/11\/DZ04B-1-12x12.webp 12w, https:\/\/mountlaser.com\/wp-content\/uploads\/2025\/11\/DZ04B-1.webp 1000w\" sizes=\"(max-width: 300px) 100vw, 300px\" \/><\/td>\n<\/tr>\n<tr style=\"height: 14.25pt;\">\n<td class=\"et2\" style=\"height: 14.25pt;\" height=\"19\">DZ05B<\/td>\n<td class=\"et3\">Alumini<\/td>\n<td class=\"et3\">40 cm<\/td>\n<td class=\"et3\">50 cm<\/td>\n<td class=\"et3\">25 mm<\/td>\n<td><img loading=\"lazy\" decoding=\"async\" class=\"alignnone wp-image-3592 size-medium\" src=\"https:\/\/mountlaser.com\/wp-content\/uploads\/2025\/11\/DZ04B-4-300x300.webp\" alt=\"Hand Held Aluminum Mini Prism Pole\" width=\"300\" height=\"300\" srcset=\"https:\/\/mountlaser.com\/wp-content\/uploads\/2025\/11\/DZ04B-4-300x300.webp 300w, https:\/\/mountlaser.com\/wp-content\/uploads\/2025\/11\/DZ04B-4-400x400.webp 400w, https:\/\/mountlaser.com\/wp-content\/uploads\/2025\/11\/DZ04B-4-800x800.webp 800w, https:\/\/mountlaser.com\/wp-content\/uploads\/2025\/11\/DZ04B-4-600x600.webp 600w, https:\/\/mountlaser.com\/wp-content\/uploads\/2025\/11\/DZ04B-4-150x150.webp 150w, https:\/\/mountlaser.com\/wp-content\/uploads\/2025\/11\/DZ04B-4-768x768.webp 768w, https:\/\/mountlaser.com\/wp-content\/uploads\/2025\/11\/DZ04B-4-12x12.webp 12w, https:\/\/mountlaser.com\/wp-content\/uploads\/2025\/11\/DZ04B-4.webp 1000w\" sizes=\"(max-width: 300px) 100vw, 300px\" \/><\/td>\n<\/tr>\n<\/tbody>\n<\/table>","protected":false},"excerpt":{"rendered":"<ul>\n<li>Nd\u00ebrtuar nga aliazh alumini i cil\u00ebsis\u00eb s\u00eb lart\u00eb q\u00eb ofron rezistenc\u00eb t\u00eb jasht\u00ebzakonshme ndaj korrozionit dhe goditjeve, duke garantuar besueshm\u00ebri afatgjat\u00eb n\u00eb mjedise t\u00eb v\u00ebshtira.<\/li>\n<li>Mb\u00ebshtet gjat\u00ebsi dhe konfigurime t\u00eb personalizuara p\u00ebr t\u00eb p\u00ebrmbushur k\u00ebrkesat specifike t\u00eb projektit, duke siguruar p\u00ebrshtatje t\u00eb p\u00ebrsosur ndaj sfidave unike t\u00eb matjeve.<\/li>\n<\/ul>","protected":false},"featured_media":3589,"comment_status":"open","ping_status":"closed","template":"","meta":[],"product_brand":[],"product_cat":[89,116],"product_tag":[],"class_list":{"0":"post-3584","1":"product","2":"type-product","3":"status-publish","4":"has-post-thumbnail","6":"product_cat-surveying-pole-rod","7":"product_cat-aluminum-mini-prism-pole","9":"first","10":"instock","11":"shipping-taxable","12":"product-type-simple"},"_links":{"self":[{"href":"https:\/\/mountlaser.com\/sq\/wp-json\/wp\/v2\/product\/3584","targetHints":{"allow":["GET"]}}],"collection":[{"href":"https:\/\/mountlaser.com\/sq\/wp-json\/wp\/v2\/product"}],"about":[{"href":"https:\/\/mountlaser.com\/sq\/wp-json\/wp\/v2\/types\/product"}],"replies":[{"embeddable":true,"href":"https:\/\/mountlaser.com\/sq\/wp-json\/wp\/v2\/comments?post=3584"}],"wp:featuredmedia":[{"embeddable":true,"href":"https:\/\/mountlaser.com\/sq\/wp-json\/wp\/v2\/media\/3589"}],"wp:attachment":[{"href":"https:\/\/mountlaser.com\/sq\/wp-json\/wp\/v2\/media?parent=3584"}],"wp:term":[{"taxonomy":"product_brand","embeddable":true,"href":"https:\/\/mountlaser.com\/sq\/wp-json\/wp\/v2\/product_brand?post=3584"},{"taxonomy":"product_cat","embeddable":true,"href":"https:\/\/mountlaser.com\/sq\/wp-json\/wp\/v2\/product_cat?post=3584"},{"taxonomy":"product_tag","embeddable":true,"href":"https:\/\/mountlaser.com\/sq\/wp-json\/wp\/v2\/product_tag?post=3584"}],"curies":[{"name":"wp","href":"https:\/\/api.w.org\/{rel}","templated":true}]}}