{"id":3575,"date":"2025-11-06T08:09:37","date_gmt":"2025-11-06T08:09:37","guid":{"rendered":"https:\/\/mountlaser.com\/?post_type=product&#038;p=3575"},"modified":"2025-11-28T01:07:55","modified_gmt":"2025-11-28T01:07:55","slug":"dz-a-series-aluminum-mini-prism-pole","status":"publish","type":"product","link":"https:\/\/mountlaser.com\/sq\/produkt\/dz-a-series-aluminum-mini-prism-pole\/","title":{"rendered":"Shtyll\u00eb Mini Prizmike Alumini e Seris\u00eb DZ-A"},"content":{"rendered":"<p>I\/E\/T\u00eb\/T\u00eb <a href=\"https:\/\/mountlaser.com\/sq\/\"><strong>Shtyll\u00eb Mini Prizmike Alumini e Seris\u00eb DZ-A<\/strong><\/a> \u00ebsht\u00eb nj\u00eb aksesor thelb\u00ebsor dhe me precizion t\u00eb lart\u00eb, i projektuar p\u00ebr topograf\u00ebt q\u00eb k\u00ebrkojn\u00eb l\u00ebvizshm\u00ebri dhe stabilitet t\u00eb jasht\u00ebzakonsh\u00ebm n\u00eb terren. Ky shuf\u00ebr mini-prizme shum\u00ebfunksionale \u00ebsht\u00eb projektuar me ekspertiz\u00eb p\u00ebr t\u00eb ofruar nj\u00eb zgjidhje t\u00eb besueshme montimi p\u00ebr prizmat e p\u00ebrdorura me stacionet totale.<\/p>\n<p>&nbsp;<\/p>\n<p>Dizajni i tij kompakt dhe i leht\u00eb e b\u00ebn at\u00eb shkopin ideal Mini Prizm t\u00eb Dor\u00ebs, duke lejuar funksionim efikas n\u00eb hap\u00ebsira t\u00eb kufizuara ose n\u00eb vende studimi me l\u00ebvizje t\u00eb shpejt\u00eb. I nd\u00ebrtuar duke pasur parasysh q\u00ebndrueshm\u00ebrin\u00eb dhe komoditetin e p\u00ebrdoruesit, seria DZ-A siguron mbledhje t\u00eb sakt\u00eb t\u00eb t\u00eb dh\u00ebnave sa her\u00eb q\u00eb e p\u00ebrdorni k\u00ebt\u00eb t\u00eb besuesh\u00ebm.<a href=\"https:\/\/mountlaser.com\/sq\/about-us\/\"> <strong>Mini Prizm Shuf\u00ebr Dore<\/strong><\/a>.<\/p>\n<p>Shtylla mini-prizmike prej alumini e seris\u00eb DZ-A ka nj\u00eb diamet\u00ebr t\u00eb jasht\u00ebm 25 mm (OD25 mm), duke siguruar nj\u00eb ekuilib\u00ebr t\u00eb shk\u00eblqyer midis ngurt\u00ebsis\u00eb strukturore dhe manovrimit t\u00eb leht\u00eb.<\/p>\n<p>&nbsp;<\/p>\n<p><strong><a href=\"https:\/\/mountlaser.com\/sq\/contact-us\/\">Shtyll\u00eb Mini Prizmike Alumini e Seris\u00eb DZ-A<\/a> Specifikimet<\/strong><\/p>\n<table style=\"border-collapse: collapse; width: 741.77pt;\" border=\"0\" width=\"989\" cellspacing=\"0\" cellpadding=\"0\">\n<tbody>\n<tr style=\"height: 14.25pt;\">\n<td class=\"et2\" style=\"height: 14.25pt; width: 142.50pt;\" width=\"190\" height=\"19\">NUM\u00cbR<\/td>\n<td class=\"et2\" style=\"width: 127.50pt;\" width=\"170\">MATERIALI<\/td>\n<td class=\"et2\" style=\"width: 126.00pt;\" width=\"168\">LART\u00cbSIA FIZIKE<\/td>\n<td class=\"et2\" style=\"width: 135.00pt;\" width=\"180\">LART\u00cbSIA E BOSHTIT T\u00cb PRIZMIT<\/td>\n<td class=\"et2\" style=\"width: 124.50pt;\" width=\"166\">DIAMETRI<\/td>\n<td style=\"width: 86.25pt;\" width=\"115\">fotografi<\/td>\n<\/tr>\n<tr style=\"height: 14.25pt;\">\n<td class=\"et2\" style=\"height: 14.25pt;\" height=\"19\">DZ02A<\/td>\n<td class=\"et3\">Alumini<\/td>\n<td class=\"et2\">10 cm<\/td>\n<td class=\"et2\">20 cm<\/td>\n<td class=\"et2\">25 mm<\/td>\n<td><img fetchpriority=\"high\" decoding=\"async\" class=\"alignnone wp-image-3576 size-medium\" src=\"https:\/\/mountlaser.com\/wp-content\/uploads\/2025\/11\/DZ02A-2-300x300.webp\" alt=\"Hand Held Mini prism Pole\" width=\"300\" height=\"300\" srcset=\"https:\/\/mountlaser.com\/wp-content\/uploads\/2025\/11\/DZ02A-2-300x300.webp 300w, https:\/\/mountlaser.com\/wp-content\/uploads\/2025\/11\/DZ02A-2-400x400.webp 400w, https:\/\/mountlaser.com\/wp-content\/uploads\/2025\/11\/DZ02A-2-800x800.webp 800w, https:\/\/mountlaser.com\/wp-content\/uploads\/2025\/11\/DZ02A-2-600x600.webp 600w, https:\/\/mountlaser.com\/wp-content\/uploads\/2025\/11\/DZ02A-2-150x150.webp 150w, https:\/\/mountlaser.com\/wp-content\/uploads\/2025\/11\/DZ02A-2-768x768.webp 768w, https:\/\/mountlaser.com\/wp-content\/uploads\/2025\/11\/DZ02A-2-12x12.webp 12w, https:\/\/mountlaser.com\/wp-content\/uploads\/2025\/11\/DZ02A-2.webp 1000w\" sizes=\"(max-width: 300px) 100vw, 300px\" \/><\/td>\n<\/tr>\n<tr style=\"height: 14.25pt;\">\n<td class=\"et2\" style=\"height: 14.25pt;\" height=\"19\">DZ03A<\/td>\n<td class=\"et3\">Alumini<\/td>\n<td class=\"et2\">20 cm<\/td>\n<td class=\"et2\">30 cm<\/td>\n<td class=\"et2\">25 mm<\/td>\n<td><img decoding=\"async\" class=\"alignnone wp-image-3579 size-medium\" src=\"https:\/\/mountlaser.com\/wp-content\/uploads\/2025\/11\/DZ03A-4-300x300.webp\" alt=\"Hand Held Mini prism Pole\" width=\"300\" height=\"300\" srcset=\"https:\/\/mountlaser.com\/wp-content\/uploads\/2025\/11\/DZ03A-4-300x300.webp 300w, https:\/\/mountlaser.com\/wp-content\/uploads\/2025\/11\/DZ03A-4-400x400.webp 400w, https:\/\/mountlaser.com\/wp-content\/uploads\/2025\/11\/DZ03A-4-800x800.webp 800w, https:\/\/mountlaser.com\/wp-content\/uploads\/2025\/11\/DZ03A-4-600x600.webp 600w, https:\/\/mountlaser.com\/wp-content\/uploads\/2025\/11\/DZ03A-4-150x150.webp 150w, https:\/\/mountlaser.com\/wp-content\/uploads\/2025\/11\/DZ03A-4-768x768.webp 768w, https:\/\/mountlaser.com\/wp-content\/uploads\/2025\/11\/DZ03A-4-12x12.webp 12w, https:\/\/mountlaser.com\/wp-content\/uploads\/2025\/11\/DZ03A-4.webp 1000w\" sizes=\"(max-width: 300px) 100vw, 300px\" \/><\/td>\n<\/tr>\n<tr style=\"height: 14.25pt;\">\n<td class=\"et2\" style=\"height: 14.25pt;\" height=\"19\">DZ04A<\/td>\n<td class=\"et3\">Alumini<\/td>\n<td class=\"et2\">30 cm<\/td>\n<td class=\"et2\">40 cm<\/td>\n<td class=\"et2\">25 mm<\/td>\n<td><img decoding=\"async\" class=\"alignnone wp-image-3580 size-medium\" src=\"https:\/\/mountlaser.com\/wp-content\/uploads\/2025\/11\/DZ04A-1-300x300.webp\" alt=\"Hand Held Mini prism Pole\" width=\"300\" height=\"300\" srcset=\"https:\/\/mountlaser.com\/wp-content\/uploads\/2025\/11\/DZ04A-1-300x300.webp 300w, https:\/\/mountlaser.com\/wp-content\/uploads\/2025\/11\/DZ04A-1-400x400.webp 400w, https:\/\/mountlaser.com\/wp-content\/uploads\/2025\/11\/DZ04A-1-800x800.webp 800w, https:\/\/mountlaser.com\/wp-content\/uploads\/2025\/11\/DZ04A-1-600x600.webp 600w, https:\/\/mountlaser.com\/wp-content\/uploads\/2025\/11\/DZ04A-1-150x150.webp 150w, https:\/\/mountlaser.com\/wp-content\/uploads\/2025\/11\/DZ04A-1-768x768.webp 768w, https:\/\/mountlaser.com\/wp-content\/uploads\/2025\/11\/DZ04A-1-12x12.webp 12w, https:\/\/mountlaser.com\/wp-content\/uploads\/2025\/11\/DZ04A-1.webp 1000w\" sizes=\"(max-width: 300px) 100vw, 300px\" \/><\/td>\n<\/tr>\n<tr style=\"height: 14.25pt;\">\n<td class=\"et2\" style=\"height: 14.25pt;\" height=\"19\">DZ05A<\/td>\n<td class=\"et3\">Alumini<\/td>\n<td class=\"et2\">40 cm<\/td>\n<td class=\"et2\">50 cm<\/td>\n<td class=\"et2\">25 mm<\/td>\n<td><img loading=\"lazy\" decoding=\"async\" class=\"alignnone wp-image-3582 size-medium\" src=\"https:\/\/mountlaser.com\/wp-content\/uploads\/2025\/11\/DZ05A-2-300x300.webp\" alt=\"Hand Held Mini prism Pole\" width=\"300\" height=\"300\" srcset=\"https:\/\/mountlaser.com\/wp-content\/uploads\/2025\/11\/DZ05A-2-300x300.webp 300w, https:\/\/mountlaser.com\/wp-content\/uploads\/2025\/11\/DZ05A-2-400x400.webp 400w, https:\/\/mountlaser.com\/wp-content\/uploads\/2025\/11\/DZ05A-2-800x800.webp 800w, https:\/\/mountlaser.com\/wp-content\/uploads\/2025\/11\/DZ05A-2-600x600.webp 600w, https:\/\/mountlaser.com\/wp-content\/uploads\/2025\/11\/DZ05A-2-150x150.webp 150w, https:\/\/mountlaser.com\/wp-content\/uploads\/2025\/11\/DZ05A-2-768x768.webp 768w, https:\/\/mountlaser.com\/wp-content\/uploads\/2025\/11\/DZ05A-2-12x12.webp 12w, https:\/\/mountlaser.com\/wp-content\/uploads\/2025\/11\/DZ05A-2.webp 1000w\" sizes=\"(max-width: 300px) 100vw, 300px\" \/><\/td>\n<\/tr>\n<\/tbody>\n<\/table>","protected":false},"excerpt":{"rendered":"<ul>\n<li>E pajisur me nj\u00eb baz\u00eb t\u00eb fort\u00eb alumini me flluska (e disponueshme n\u00eb t\u00eb zez\u00eb) p\u00ebr t\u00eb siguruar nivelim t\u00eb shpejt\u00eb dhe t\u00eb leht\u00eb, i cili \u00ebsht\u00eb thelb\u00ebsor p\u00ebr ruajtjen e sakt\u00ebsis\u00eb s\u00eb matjes.<\/li>\n<li>Vjen me nj\u00eb \u00e7ant\u00eb t\u00eb but\u00eb mbajt\u00ebse, duke e b\u00ebr\u00eb transportin dhe ruajtjen t\u00eb p\u00ebrshtatsh\u00ebm dhe t\u00eb sigurt, duke e mbrojtur instrumentin nga d\u00ebmtimet gjat\u00eb transportit.<\/li>\n<\/ul>","protected":false},"featured_media":3579,"comment_status":"open","ping_status":"closed","template":"","meta":[],"product_brand":[],"product_cat":[116,89],"product_tag":[],"class_list":{"0":"post-3575","1":"product","2":"type-product","3":"status-publish","4":"has-post-thumbnail","6":"product_cat-aluminum-mini-prism-pole","7":"product_cat-surveying-pole-rod","9":"first","10":"instock","11":"shipping-taxable","12":"product-type-simple"},"_links":{"self":[{"href":"https:\/\/mountlaser.com\/sq\/wp-json\/wp\/v2\/product\/3575","targetHints":{"allow":["GET"]}}],"collection":[{"href":"https:\/\/mountlaser.com\/sq\/wp-json\/wp\/v2\/product"}],"about":[{"href":"https:\/\/mountlaser.com\/sq\/wp-json\/wp\/v2\/types\/product"}],"replies":[{"embeddable":true,"href":"https:\/\/mountlaser.com\/sq\/wp-json\/wp\/v2\/comments?post=3575"}],"wp:featuredmedia":[{"embeddable":true,"href":"https:\/\/mountlaser.com\/sq\/wp-json\/wp\/v2\/media\/3579"}],"wp:attachment":[{"href":"https:\/\/mountlaser.com\/sq\/wp-json\/wp\/v2\/media?parent=3575"}],"wp:term":[{"taxonomy":"product_brand","embeddable":true,"href":"https:\/\/mountlaser.com\/sq\/wp-json\/wp\/v2\/product_brand?post=3575"},{"taxonomy":"product_cat","embeddable":true,"href":"https:\/\/mountlaser.com\/sq\/wp-json\/wp\/v2\/product_cat?post=3575"},{"taxonomy":"product_tag","embeddable":true,"href":"https:\/\/mountlaser.com\/sq\/wp-json\/wp\/v2\/product_tag?post=3575"}],"curies":[{"name":"wp","href":"https:\/\/api.w.org\/{rel}","templated":true}]}}