{"id":3564,"date":"2025-11-06T08:28:07","date_gmt":"2025-11-06T08:28:07","guid":{"rendered":"https:\/\/mountlaser.com\/?post_type=product&#038;p=3564"},"modified":"2025-11-28T00:54:13","modified_gmt":"2025-11-28T00:54:13","slug":"gmp111-mini-prism-with-pole","status":"publish","type":"product","link":"https:\/\/mountlaser.com\/sq\/produkt\/gmp111-mini-prism-with-pole\/","title":{"rendered":"Prizm Mini GMP111 me Shtyll\u00eb"},"content":{"rendered":"<p>Prizmi Mini me Shtyll\u00eb GMP111 \u00ebsht\u00eb nj\u00eb priz\u00eb me precizion t\u00eb lart\u00eb. <a href=\"https:\/\/mountlaser.com\/sq\/\"><strong>Mini Prizm Nivelash me 4 Shtylla<\/strong><\/a> i projektuar p\u00ebr performanc\u00eb t\u00eb besueshme dhe t\u00eb sakt\u00eb n\u00eb t\u00eb gjitha llojet e aplikacioneve t\u00eb matjes dhe monitorimit. I projektuar p\u00ebr t\u00eb siguruar stabilitet, l\u00ebvizshm\u00ebri dhe sakt\u00ebsi t\u00eb q\u00ebndrueshme matjeje, <a href=\"https:\/\/mountlaser.com\/sq\/products\/\"><strong>Prizm Mini GMP111 me Shtyll\u00eb<\/strong><\/a> \u00ebsht\u00eb nj\u00eb zgjidhje e besueshme p\u00ebr profesionist\u00ebt e fush\u00ebs q\u00eb k\u00ebrkojn\u00eb precizion dhe q\u00ebndrueshm\u00ebri.<\/p>\n<p>Ky Prizm Mini Levels me 4 Shtylla p\u00ebrmban nj\u00eb priz\u00ebm 25.4 mm t\u00eb veshur me bak\u00ebr t\u00eb vendosur n\u00eb najlon rezistent ndaj goditjeve, duke siguruar q\u00ebndrueshm\u00ebri afatgjat\u00eb edhe n\u00eb kushte sfiduese mjedisore. Shtylla e tij e leht\u00eb prej alumini me fileto 1\/4\u2033-20 (\u00d8 12 mm) ofron montim t\u00eb leht\u00eb dhe kompatibilitet me konfigurime t\u00eb ndryshme t\u00eb stacioneve totale.<\/p>\n<p><img fetchpriority=\"high\" decoding=\"async\" class=\"aligncenter wp-image-3568\" src=\"https:\/\/mountlaser.com\/wp-content\/uploads\/2025\/11\/6-2GMP1114.webp\" alt=\"gmp111 mini prism with pole\" width=\"500\" height=\"500\" srcset=\"https:\/\/mountlaser.com\/wp-content\/uploads\/2025\/11\/6-2GMP1114.webp 1000w, https:\/\/mountlaser.com\/wp-content\/uploads\/2025\/11\/6-2GMP1114-300x300.webp 300w, https:\/\/mountlaser.com\/wp-content\/uploads\/2025\/11\/6-2GMP1114-400x400.webp 400w, https:\/\/mountlaser.com\/wp-content\/uploads\/2025\/11\/6-2GMP1114-800x800.webp 800w, https:\/\/mountlaser.com\/wp-content\/uploads\/2025\/11\/6-2GMP1114-600x600.webp 600w, https:\/\/mountlaser.com\/wp-content\/uploads\/2025\/11\/6-2GMP1114-150x150.webp 150w, https:\/\/mountlaser.com\/wp-content\/uploads\/2025\/11\/6-2GMP1114-768x768.webp 768w, https:\/\/mountlaser.com\/wp-content\/uploads\/2025\/11\/6-2GMP1114-12x12.webp 12w\" sizes=\"(max-width: 500px) 100vw, 500px\" \/><\/p>\n<p>I\/E\/T\u00eb\/T\u00eb <a href=\"https:\/\/mountlaser.com\/sq\/contact-us\/\">Prizm Mini GMP111 me Shtyll\u00eb<\/a> p\u00ebrfshin kat\u00ebr seksione 300 mm, q\u00eb shtrihen deri n\u00eb 1.2 m (Modeli AP123004) \u2014 nj\u00eb dizajn q\u00eb ofron shkatht\u00ebsi dhe transportueshm\u00ebri t\u00eb shk\u00eblqyer gjat\u00eb operacioneve n\u00eb terren. Jan\u00eb t\u00eb disponueshme dy opsione modeli: GMP111-0 me nj\u00eb zhvendosje 0 mm (sistemi zviceran) dhe GMP111 me nj\u00eb zhvendosje 17.5 mm (sistemi zviceran) p\u00ebr t\u00eb p\u00ebrmbushur k\u00ebrkesat e ndryshme t\u00eb projektit.<\/p>\n<p>I furnizuar n\u00eb nj\u00eb kuti mbrojt\u00ebse, ky Prizm Mini Levels me 4 Pole kombinon optik\u00eb precize, cil\u00ebsi t\u00eb fort\u00eb nd\u00ebrtimi dhe konfigurim fleksib\u00ebl n\u00eb nj\u00eb mjet t\u00eb besuesh\u00ebm n\u00eb terren.<\/p>","protected":false},"excerpt":{"rendered":"<ul>\n<li>Priz\u00ebm i veshur me bak\u00ebr 25.4 mm p\u00ebr reflektim dhe sakt\u00ebsi t\u00eb lart\u00eb<\/li>\n<li>Strehimi prej najloni rezistent ndaj goditjeve siguron q\u00ebndrueshm\u00ebri n\u00eb mjediset fushore<\/li>\n<li>Furnizuar n\u00eb nj\u00eb kuti mbrojt\u00ebse p\u00ebr transport t\u00eb sigurt<\/li>\n<\/ul>","protected":false},"featured_media":3570,"comment_status":"open","ping_status":"closed","template":"","meta":[],"product_brand":[],"product_cat":[72,114],"product_tag":[],"class_list":{"0":"post-3564","1":"product","2":"type-product","3":"status-publish","4":"has-post-thumbnail","6":"product_cat-reflective-target-prism","7":"product_cat-mini-prism-with-pole","9":"first","10":"instock","11":"shipping-taxable","12":"product-type-simple"},"_links":{"self":[{"href":"https:\/\/mountlaser.com\/sq\/wp-json\/wp\/v2\/product\/3564","targetHints":{"allow":["GET"]}}],"collection":[{"href":"https:\/\/mountlaser.com\/sq\/wp-json\/wp\/v2\/product"}],"about":[{"href":"https:\/\/mountlaser.com\/sq\/wp-json\/wp\/v2\/types\/product"}],"replies":[{"embeddable":true,"href":"https:\/\/mountlaser.com\/sq\/wp-json\/wp\/v2\/comments?post=3564"}],"wp:featuredmedia":[{"embeddable":true,"href":"https:\/\/mountlaser.com\/sq\/wp-json\/wp\/v2\/media\/3570"}],"wp:attachment":[{"href":"https:\/\/mountlaser.com\/sq\/wp-json\/wp\/v2\/media?parent=3564"}],"wp:term":[{"taxonomy":"product_brand","embeddable":true,"href":"https:\/\/mountlaser.com\/sq\/wp-json\/wp\/v2\/product_brand?post=3564"},{"taxonomy":"product_cat","embeddable":true,"href":"https:\/\/mountlaser.com\/sq\/wp-json\/wp\/v2\/product_cat?post=3564"},{"taxonomy":"product_tag","embeddable":true,"href":"https:\/\/mountlaser.com\/sq\/wp-json\/wp\/v2\/product_tag?post=3564"}],"curies":[{"name":"wp","href":"https:\/\/api.w.org\/{rel}","templated":true}]}}