{"id":3552,"date":"2025-11-06T07:27:48","date_gmt":"2025-11-06T07:27:48","guid":{"rendered":"https:\/\/mountlaser.com\/?post_type=product&#038;p=3552"},"modified":"2025-11-28T01:16:54","modified_gmt":"2025-11-28T01:16:54","slug":"sp069-mini-prism-with-pole","status":"publish","type":"product","link":"https:\/\/mountlaser.com\/sq\/produkt\/sp069-mini-prism-with-pole\/","title":{"rendered":"Prizm mini SP069 me shuf\u00ebr"},"content":{"rendered":"<p>I\/E\/T\u00eb\/T\u00eb <a href=\"https:\/\/mountlaser.com\/sq\/\"><strong>SP069 Prizm Mini i Verdh\u00eb me Shtyll\u00eb<\/strong><\/a> \u00ebsht\u00eb nj\u00eb aksesor i stacionit total mini-priz\u00ebm t\u00eb verdh\u00eb t\u00eb nivelit profesional, i projektuar p\u00ebr matje t\u00eb sakta dhe efikase n\u00eb terren. I nd\u00ebrtuar p\u00ebr gjeodet\u00ebt q\u00eb k\u00ebrkojn\u00eb besueshm\u00ebri, dukshm\u00ebri dhe sakt\u00ebsi, ky Prizm Mini i Verdh\u00eb me Shtyll\u00eb kombinon materiale t\u00eb q\u00ebndrueshme me nj\u00eb konfigurim fleksib\u00ebl t\u00eb p\u00ebrshtatsh\u00ebm p\u00ebr p\u00ebrdorim n\u00eb qoshe, monitorim dhe detyra piketimi.<\/p>\n<p>Me nj\u00eb priz\u00ebm t\u00eb veshur me argjend 38.1 mm me zhvendosje 0\/30 mm,<a href=\"https:\/\/mountlaser.com\/sq\/products\/\"><strong> stacion total mini-prizmi i verdh\u00eb<\/strong> <\/a>ofron reflektim t\u00eb shk\u00eblqyer dhe sakt\u00ebsi matjeje n\u00eb distanca t\u00eb ndryshme. Sistemi p\u00ebrfshin nj\u00eb p\u00ebrshtat\u00ebs p\u00ebr p\u00ebrdorim n\u00eb qoshe dhe fiksim doreze, duke siguruar shkatht\u00ebsi optimale n\u00eb mjedise komplekse matjeje.<\/p>\n<p><img fetchpriority=\"high\" decoding=\"async\" class=\"aligncenter wp-image-3556\" src=\"https:\/\/mountlaser.com\/wp-content\/uploads\/2025\/11\/SP0693.webp\" alt=\"SP069 Yellow mini Prism With pole\" width=\"500\" height=\"500\" srcset=\"https:\/\/mountlaser.com\/wp-content\/uploads\/2025\/11\/SP0693.webp 1000w, https:\/\/mountlaser.com\/wp-content\/uploads\/2025\/11\/SP0693-300x300.webp 300w, https:\/\/mountlaser.com\/wp-content\/uploads\/2025\/11\/SP0693-400x400.webp 400w, https:\/\/mountlaser.com\/wp-content\/uploads\/2025\/11\/SP0693-800x800.webp 800w, https:\/\/mountlaser.com\/wp-content\/uploads\/2025\/11\/SP0693-600x600.webp 600w, https:\/\/mountlaser.com\/wp-content\/uploads\/2025\/11\/SP0693-150x150.webp 150w, https:\/\/mountlaser.com\/wp-content\/uploads\/2025\/11\/SP0693-768x768.webp 768w, https:\/\/mountlaser.com\/wp-content\/uploads\/2025\/11\/SP0693-12x12.webp 12w\" sizes=\"(max-width: 500px) 100vw, 500px\" \/><\/p>\n<p>I\/E\/T\u00eb\/T\u00eb <a href=\"https:\/\/mountlaser.com\/sq\/contact-us\/\">SP069 Prizm Mini i Verdh\u00eb me Shtyll\u00eb<\/a> Vjen i pajisur me nj\u00eb adaptor me fileto mashkull M6 dhe fileto fem\u00ebr 5\/8\u2033-11, duke siguruar p\u00ebrputhshm\u00ebri me shumic\u00ebn e konfigurimeve t\u00eb stacioneve totale. Shtylla e saj prej \u00e7eliku inox (OD 9 mm) shtrihet teleskopikisht nga seksionet 300 mm \u00d7 5 deri n\u00eb 1.5 m (Modeli: SSP093005), duke e b\u00ebr\u00eb at\u00eb t\u00eb q\u00ebndruesh\u00ebm dhe portativ p\u00ebr p\u00ebrdorim n\u00eb terren.<\/p>\n<p>P\u00ebr sakt\u00ebsi t\u00eb shtuar, ky stacion total mini-prizmik me ngjyr\u00eb t\u00eb verdh\u00eb mund t\u00eb \u00e7ift\u00ebzohet me aksesor\u00eb opsional\u00eb si MPT01 Mini Prism Tribrach ose nj\u00eb tub alumini p\u00ebr ngurt\u00ebsi t\u00eb shtuar. I furnizuar n\u00eb nj\u00eb \u00e7ant\u00eb t\u00eb but\u00eb mbajt\u00ebse, SP069 Yellow Mini Prism With Pole siguron transport t\u00eb sigurt dhe prezantim profesional.<\/p>","protected":false},"excerpt":{"rendered":"<ul>\n<li>P\u00ebrshtat\u00ebs p\u00ebr p\u00ebrdorim n\u00eb k\u00ebnde dhe fiksim doreze p\u00ebr shtrirje t\u00eb leht\u00eb<\/li>\n<li>Ngjyr\u00eb e verdh\u00eb e q\u00ebndrueshme rrit dukshm\u00ebrin\u00eb n\u00eb fush\u00eb<\/li>\n<li>Furnizohet me \u00e7ant\u00eb t\u00eb but\u00eb p\u00ebr transport t\u00eb p\u00ebrshtatsh\u00ebm<\/li>\n<li>I pajtuesh\u00ebm me MPT01 Mini Prism Tribrach dhe aksesor\u00ebt e tubave t\u00eb aluminit<\/li>\n<\/ul>","protected":false},"featured_media":3554,"comment_status":"open","ping_status":"closed","template":"","meta":[],"product_brand":[],"product_cat":[72,114],"product_tag":[],"class_list":{"0":"post-3552","1":"product","2":"type-product","3":"status-publish","4":"has-post-thumbnail","6":"product_cat-reflective-target-prism","7":"product_cat-mini-prism-with-pole","9":"first","10":"instock","11":"shipping-taxable","12":"product-type-simple"},"_links":{"self":[{"href":"https:\/\/mountlaser.com\/sq\/wp-json\/wp\/v2\/product\/3552","targetHints":{"allow":["GET"]}}],"collection":[{"href":"https:\/\/mountlaser.com\/sq\/wp-json\/wp\/v2\/product"}],"about":[{"href":"https:\/\/mountlaser.com\/sq\/wp-json\/wp\/v2\/types\/product"}],"replies":[{"embeddable":true,"href":"https:\/\/mountlaser.com\/sq\/wp-json\/wp\/v2\/comments?post=3552"}],"wp:featuredmedia":[{"embeddable":true,"href":"https:\/\/mountlaser.com\/sq\/wp-json\/wp\/v2\/media\/3554"}],"wp:attachment":[{"href":"https:\/\/mountlaser.com\/sq\/wp-json\/wp\/v2\/media?parent=3552"}],"wp:term":[{"taxonomy":"product_brand","embeddable":true,"href":"https:\/\/mountlaser.com\/sq\/wp-json\/wp\/v2\/product_brand?post=3552"},{"taxonomy":"product_cat","embeddable":true,"href":"https:\/\/mountlaser.com\/sq\/wp-json\/wp\/v2\/product_cat?post=3552"},{"taxonomy":"product_tag","embeddable":true,"href":"https:\/\/mountlaser.com\/sq\/wp-json\/wp\/v2\/product_tag?post=3552"}],"curies":[{"name":"wp","href":"https:\/\/api.w.org\/{rel}","templated":true}]}}