{"id":3541,"date":"2025-11-06T07:02:51","date_gmt":"2025-11-06T07:02:51","guid":{"rendered":"https:\/\/mountlaser.com\/?post_type=product&#038;p=3541"},"modified":"2025-11-28T01:18:35","modified_gmt":"2025-11-28T01:18:35","slug":"sp068-sliding-prism-with-pole","status":"publish","type":"product","link":"https:\/\/mountlaser.com\/sq\/produkt\/sp068-sliding-prism-with-pole\/","title":{"rendered":"Prizm rr\u00ebshqit\u00ebs me shuf\u00ebr SP068"},"content":{"rendered":"<p>Prizmi rr\u00ebshqit\u00ebs me shuf\u00ebr SP068 \u00ebsht\u00eb nj\u00eb sistem mini-prizmi dhe shufre me precizion t\u00eb lart\u00eb, i projektuar p\u00ebr aplikime profesionale t\u00eb matjes, monitorimit dhe piketimit. I projektuar duke pasur parasysh efikasitetin n\u00eb terren dhe q\u00ebndrueshm\u00ebrin\u00eb e fort\u00eb, ky <a href=\"https:\/\/mountlaser.com\/sq\/\"><strong>Sistem kompakt dhe i l\u00ebvizsh\u00ebm i shtyllave t\u00eb prizm\u00ebs<\/strong><\/a> ofron performanc\u00eb t\u00eb jasht\u00ebzakonshme n\u00eb nj\u00eb format t\u00eb leht\u00eb dhe t\u00eb leht\u00eb p\u00ebr t\u2019u mbajtur me vete \u2014 ideale p\u00ebr gjeodet\u00ebt q\u00eb kan\u00eb nevoj\u00eb p\u00ebr besueshm\u00ebri gjat\u00eb l\u00ebvizjes.<\/p>\n<p>Me nj\u00eb priz\u00ebm t\u00eb veshur me bak\u00ebr 25.4 mm, <a href=\"https:\/\/mountlaser.com\/sq\/products\/\"><strong>Mini Prizm dhe Sistem Polesh<\/strong><\/a> Siguron reflektivitet dhe sakt\u00ebsi matjeje superiore, madje edhe n\u00eb kushte sfiduese n\u00eb vend. Zhvendosja e prizm\u00ebs s\u00eb k\u00ebmbyeshme 0 \/ -30 mm ofron fleksibilitet p\u00ebr k\u00ebrkesa t\u00eb ndryshme matjeje, nd\u00ebrsa trupi i aluminit t\u00eb anodizuar jo-ferroz garanton stabilitet afatgjat\u00eb dhe rezistenc\u00eb ndaj korrozionit.<\/p>\n<p><img fetchpriority=\"high\" decoding=\"async\" class=\"aligncenter wp-image-3544\" src=\"https:\/\/mountlaser.com\/wp-content\/uploads\/2025\/11\/6-6SP-683.webp\" alt=\"SP068 Mini Prism and Pole System\" width=\"500\" height=\"500\" srcset=\"https:\/\/mountlaser.com\/wp-content\/uploads\/2025\/11\/6-6SP-683.webp 1000w, https:\/\/mountlaser.com\/wp-content\/uploads\/2025\/11\/6-6SP-683-300x300.webp 300w, https:\/\/mountlaser.com\/wp-content\/uploads\/2025\/11\/6-6SP-683-400x400.webp 400w, https:\/\/mountlaser.com\/wp-content\/uploads\/2025\/11\/6-6SP-683-800x800.webp 800w, https:\/\/mountlaser.com\/wp-content\/uploads\/2025\/11\/6-6SP-683-600x600.webp 600w, https:\/\/mountlaser.com\/wp-content\/uploads\/2025\/11\/6-6SP-683-150x150.webp 150w, https:\/\/mountlaser.com\/wp-content\/uploads\/2025\/11\/6-6SP-683-768x768.webp 768w, https:\/\/mountlaser.com\/wp-content\/uploads\/2025\/11\/6-6SP-683-12x12.webp 12w\" sizes=\"(max-width: 500px) 100vw, 500px\" \/><\/p>\n<p>I\/E\/T\u00eb\/T\u00eb <a href=\"https:\/\/mountlaser.com\/sq\/contact-us\/\">Sistem kompakt dhe i l\u00ebvizsh\u00ebm i shtyllave t\u00eb prizm\u00ebs<\/a> p\u00ebrfshin nj\u00eb shuf\u00ebr alumini t\u00eb projektuar me precizion (fije 1\/4\u2033-20, diamet\u00ebr jasht\u00eb 12 mm) q\u00eb shtrihet deri n\u00eb 1.20 m me dizajnin e saj teleskopik me kat\u00ebr seksione (300 mm \u00d7 4). Konet an\u00ebsore sh\u00ebrbejn\u00eb si nj\u00eb mekaniz\u00ebm i besuesh\u00ebm me bllokim t\u00eb dyfisht\u00eb p\u00ebr t\u00eb siguruar pozicionim t\u00eb sigurt n\u00eb lart\u00ebsi dhe k\u00ebnd gjat\u00eb funksionimit.<\/p>\n<p>P\u00ebr kompatibilitet maksimal, Sistemi Mini Prizm dhe Shtyll\u00eb vjen me nj\u00eb p\u00ebrshtat\u00ebs prej bronzi me nj\u00eb fileto 5\/8\u2033-11, duke e b\u00ebr\u00eb t\u00eb p\u00ebrshtatsh\u00ebm p\u00ebr p\u00ebrdorim me shtylla prizmash dhe tribrak\u00eb standard\u00eb. I furnizuar n\u00eb nj\u00eb \u00e7ant\u00eb t\u00eb but\u00eb mbajt\u00ebse me nj\u00eb kuti t\u00eb brendshme, Prizmi Rr\u00ebshqit\u00ebs me Shtyll\u00eb SP068 ofron transportueshm\u00ebri dhe mbrojtje t\u00eb p\u00ebrshtatshme p\u00ebr p\u00ebrdorim profesional n\u00eb terren.<\/p>","protected":false},"excerpt":{"rendered":"<ul>\n<li>Sistem Mini Prizmi dhe Shtylle me sakt\u00ebsi t\u00eb lart\u00eb p\u00ebr matje n\u00eb terren dhe detyra piketimi<\/li>\n<li>Trup alumini i anodizuar jo-feroz p\u00ebr rezistenc\u00eb ndaj korrozionit dhe forc\u00eb<\/li>\n<li>Konet an\u00ebsore veprojn\u00eb si nj\u00eb sistem me bllokim t\u00eb dyfisht\u00eb p\u00ebr rregullim t\u00eb q\u00ebndruesh\u00ebm dhe kontroll t\u00eb pjerr\u00ebsis\u00eb<\/li>\n<li>Sistem kompakt dhe portativ me shufra prizmash, i pajisur me qese t\u00eb but\u00eb dhe kuti t\u00eb brendshme<\/li>\n<\/ul>","protected":false},"featured_media":3542,"comment_status":"open","ping_status":"closed","template":"","meta":[],"product_brand":[],"product_cat":[72,114],"product_tag":[],"class_list":{"0":"post-3541","1":"product","2":"type-product","3":"status-publish","4":"has-post-thumbnail","6":"product_cat-reflective-target-prism","7":"product_cat-mini-prism-with-pole","9":"first","10":"instock","11":"shipping-taxable","12":"product-type-simple"},"_links":{"self":[{"href":"https:\/\/mountlaser.com\/sq\/wp-json\/wp\/v2\/product\/3541","targetHints":{"allow":["GET"]}}],"collection":[{"href":"https:\/\/mountlaser.com\/sq\/wp-json\/wp\/v2\/product"}],"about":[{"href":"https:\/\/mountlaser.com\/sq\/wp-json\/wp\/v2\/types\/product"}],"replies":[{"embeddable":true,"href":"https:\/\/mountlaser.com\/sq\/wp-json\/wp\/v2\/comments?post=3541"}],"wp:featuredmedia":[{"embeddable":true,"href":"https:\/\/mountlaser.com\/sq\/wp-json\/wp\/v2\/media\/3542"}],"wp:attachment":[{"href":"https:\/\/mountlaser.com\/sq\/wp-json\/wp\/v2\/media?parent=3541"}],"wp:term":[{"taxonomy":"product_brand","embeddable":true,"href":"https:\/\/mountlaser.com\/sq\/wp-json\/wp\/v2\/product_brand?post=3541"},{"taxonomy":"product_cat","embeddable":true,"href":"https:\/\/mountlaser.com\/sq\/wp-json\/wp\/v2\/product_cat?post=3541"},{"taxonomy":"product_tag","embeddable":true,"href":"https:\/\/mountlaser.com\/sq\/wp-json\/wp\/v2\/product_tag?post=3541"}],"curies":[{"name":"wp","href":"https:\/\/api.w.org\/{rel}","templated":true}]}}