{"id":3533,"date":"2025-11-06T06:14:42","date_gmt":"2025-11-06T06:14:42","guid":{"rendered":"https:\/\/mountlaser.com\/?post_type=product&#038;p=3533"},"modified":"2025-11-28T01:22:55","modified_gmt":"2025-11-28T01:22:55","slug":"l8s8-35-aluminum-leveling-staff","status":"publish","type":"product","link":"https:\/\/mountlaser.com\/sq\/produkt\/l8s8-35-aluminum-leveling-staff\/","title":{"rendered":"Stafi i Nivelimit t\u00eb Alumini L8S8-35"},"content":{"rendered":"<p>I\/E\/T\u00eb\/T\u00eb <a href=\"https:\/\/mountlaser.com\/sq\/\"><strong>Stafi i Nivelimit t\u00eb Alumini L8S8-35<\/strong><\/a> \u00ebsht\u00eb nj\u00eb shuf\u00ebr nivelimi premium dhe e q\u00ebndrueshme, e projektuar p\u00ebr profesionist\u00ebt e matjeve q\u00eb k\u00ebrkojn\u00eb besueshm\u00ebri dhe precizion n\u00eb terren.<\/p>\n<p>I njohur gjithashtu si Shufra e Nivelimit t\u00eb Alumini L8S8-35, ky mjet \u00ebsht\u00eb projektuar p\u00ebr matje t\u00eb sakt\u00eb t\u00eb lart\u00ebsis\u00eb dhe \u00ebsht\u00eb nd\u00ebrtuar p\u00ebr t&#039;i b\u00ebr\u00eb ball\u00eb v\u00ebshtir\u00ebsive t\u00eb p\u00ebrdorimit t\u00eb p\u00ebrditsh\u00ebm. Nj\u00eb faktor ky\u00e7 q\u00eb e b\u00ebn produktin ton\u00eb shum\u00eb konkurrues \u00ebsht\u00eb t\u00ebrheqja. <a href=\"https:\/\/mountlaser.com\/sq\/about-us\/\"><strong>\u00c7mimi i Stafit t\u00eb Nivelimit<\/strong><\/a>, duke ofruar vler\u00eb t\u00eb jasht\u00ebzakonshme pa b\u00ebr\u00eb kompromis me cil\u00ebsin\u00eb. Kur vler\u00ebsoni performanc\u00ebn kundrejt \u00c7mimit t\u00eb Stafit t\u00eb Nivelimit, b\u00ebhet e qart\u00eb se ky produkt \u00ebsht\u00eb nj\u00eb zgjidhje me kosto efektive p\u00ebr mjetet tuaja t\u00eb matjes.<\/p>\n<p><img fetchpriority=\"high\" decoding=\"async\" class=\"aligncenter wp-image-3535\" src=\"https:\/\/mountlaser.com\/wp-content\/uploads\/2025\/11\/L8S8-351.webp\" alt=\"Levelling Staff Price\" width=\"500\" height=\"500\" srcset=\"https:\/\/mountlaser.com\/wp-content\/uploads\/2025\/11\/L8S8-351.webp 1000w, https:\/\/mountlaser.com\/wp-content\/uploads\/2025\/11\/L8S8-351-300x300.webp 300w, https:\/\/mountlaser.com\/wp-content\/uploads\/2025\/11\/L8S8-351-400x400.webp 400w, https:\/\/mountlaser.com\/wp-content\/uploads\/2025\/11\/L8S8-351-800x800.webp 800w, https:\/\/mountlaser.com\/wp-content\/uploads\/2025\/11\/L8S8-351-600x600.webp 600w, https:\/\/mountlaser.com\/wp-content\/uploads\/2025\/11\/L8S8-351-150x150.webp 150w, https:\/\/mountlaser.com\/wp-content\/uploads\/2025\/11\/L8S8-351-768x768.webp 768w, https:\/\/mountlaser.com\/wp-content\/uploads\/2025\/11\/L8S8-351-12x12.webp 12w\" sizes=\"(max-width: 500px) 100vw, 500px\" \/><\/p>\n<p><a href=\"https:\/\/mountlaser.com\/sq\/contact-us\/\">Stafi i Nivelimit t\u00eb Alumini L8S8-35<\/a> p\u00ebrmban nj\u00eb trup teleskopik me shum\u00eb seksione q\u00eb paloset n\u00eb nj\u00eb nj\u00ebsi kompakte dhe t\u00eb leht\u00eb p\u00ebr t\u2019u transportuar. Modele specifike si seksioni 3m\/5 jan\u00eb n\u00eb dispozicion p\u00ebr transportueshm\u00ebri maksimale.<\/p>","protected":false},"excerpt":{"rendered":"<ul>\n<li>Ne mb\u00ebshtesim gjat\u00ebsi dhe shkall\u00eb t\u00eb personalizuara p\u00ebr t\u00eb p\u00ebrmbushur k\u00ebrkesat unike t\u00eb projektit tuaj specifik, duke siguruar q\u00eb t\u00eb merrni mjetin e sakt\u00eb q\u00eb ju nevojitet.<\/li>\n<li>Stafi p\u00ebrmban shenja t\u00eb sakta n\u00eb shkall\u00eb, rezistente ndaj konsumimit, p\u00ebr lexim t\u00eb besuesh\u00ebm dhe t\u00eb leht\u00eb si me nivela optike ashtu edhe me ato dixhitale.<\/li>\n<li>\u00c7do seksion ka nj\u00eb mekaniz\u00ebm t\u00eb besuesh\u00ebm bllokimi p\u00ebr t\u00eb siguruar stabilitet gjat\u00eb matjes, duke parandaluar rr\u00ebshqitjen dhe duke ruajtur integritetin e t\u00eb dh\u00ebnave.<\/li>\n<\/ul>","protected":false},"featured_media":3540,"comment_status":"open","ping_status":"closed","template":"","meta":[],"product_brand":[],"product_cat":[90],"product_tag":[],"class_list":{"0":"post-3533","1":"product","2":"type-product","3":"status-publish","4":"has-post-thumbnail","6":"product_cat-leveling-staff","8":"first","9":"instock","10":"shipping-taxable","11":"product-type-simple"},"_links":{"self":[{"href":"https:\/\/mountlaser.com\/sq\/wp-json\/wp\/v2\/product\/3533","targetHints":{"allow":["GET"]}}],"collection":[{"href":"https:\/\/mountlaser.com\/sq\/wp-json\/wp\/v2\/product"}],"about":[{"href":"https:\/\/mountlaser.com\/sq\/wp-json\/wp\/v2\/types\/product"}],"replies":[{"embeddable":true,"href":"https:\/\/mountlaser.com\/sq\/wp-json\/wp\/v2\/comments?post=3533"}],"wp:featuredmedia":[{"embeddable":true,"href":"https:\/\/mountlaser.com\/sq\/wp-json\/wp\/v2\/media\/3540"}],"wp:attachment":[{"href":"https:\/\/mountlaser.com\/sq\/wp-json\/wp\/v2\/media?parent=3533"}],"wp:term":[{"taxonomy":"product_brand","embeddable":true,"href":"https:\/\/mountlaser.com\/sq\/wp-json\/wp\/v2\/product_brand?post=3533"},{"taxonomy":"product_cat","embeddable":true,"href":"https:\/\/mountlaser.com\/sq\/wp-json\/wp\/v2\/product_cat?post=3533"},{"taxonomy":"product_tag","embeddable":true,"href":"https:\/\/mountlaser.com\/sq\/wp-json\/wp\/v2\/product_tag?post=3533"}],"curies":[{"name":"wp","href":"https:\/\/api.w.org\/{rel}","templated":true}]}}