{"id":3516,"date":"2025-11-06T05:53:55","date_gmt":"2025-11-06T05:53:55","guid":{"rendered":"https:\/\/mountlaser.com\/?post_type=product&#038;p=3516"},"modified":"2025-11-28T01:29:21","modified_gmt":"2025-11-28T01:29:21","slug":"l3s3-235-aluminum-leveling-staff","status":"publish","type":"product","link":"https:\/\/mountlaser.com\/sq\/produkt\/l3s3-235-aluminum-leveling-staff\/","title":{"rendered":"Stafi i Nivelimit t\u00eb Alumini L3S3-235"},"content":{"rendered":"<p>I\/E\/T\u00eb\/T\u00eb <a href=\"https:\/\/mountlaser.com\/sq\/\"><strong>Stafi i Nivelimit t\u00eb Alumini L3S3-235<\/strong><\/a> \u00ebsht\u00eb nj\u00eb mjet i projektuar me precizion, i projektuar p\u00ebr topograf\u00ebt dhe profesionist\u00ebt e nd\u00ebrtimit q\u00eb k\u00ebrkojn\u00eb besueshm\u00ebri dhe efikasitet n\u00eb vendin e pun\u00ebs. Si nj\u00eb Staf i fuqish\u00ebm Teleskopik p\u00ebr Nivelim t\u00eb Matjes prej Alumini, \u00ebsht\u00eb nd\u00ebrtuar p\u00ebr t\u00eb ofruar matje t\u00eb sakta t\u00eb diferenc\u00ebs s\u00eb lart\u00ebsis\u00eb n\u00eb aplikime t\u00eb ndryshme nivelimi. I prodhuar nga alumini me cil\u00ebsi t\u00eb lart\u00eb dhe i leht\u00eb, ky staf ofron nj\u00eb ekuilib\u00ebr t\u00eb jasht\u00ebzakonsh\u00ebm t\u00eb q\u00ebndrueshm\u00ebris\u00eb dhe transportueshm\u00ebris\u00eb, duke e b\u00ebr\u00eb at\u00eb nj\u00eb aset t\u00eb domosdosh\u00ebm p\u00ebr \u00e7do komplet mjetesh matuese.<\/p>\n<p>Pavar\u00ebsisht n\u00ebse po punoni n\u00eb nj\u00eb plan nd\u00ebrtimi, hart\u00eb topografike apo zhvillim infrastrukture, Stafi i Nivelimit t\u00eb Alumini L3S3-235 siguron performanc\u00eb t\u00eb q\u00ebndrueshme. Dizajni i tij teleskopik lejon zgjatje dhe t\u00ebrheqje t\u00eb shpejt\u00eb dhe t\u00eb leht\u00eb, duke leht\u00ebsuar funksionimin pa probleme dhe duke zvog\u00ebluar koh\u00ebn e instalimit.<\/p>\n<p><img fetchpriority=\"high\" decoding=\"async\" class=\"aligncenter wp-image-3520\" src=\"https:\/\/mountlaser.com\/wp-content\/uploads\/2025\/11\/L3S3-2354.webp\" alt=\"Telescopic Aluminum Surveying Leveling Staff\" width=\"500\" height=\"500\" srcset=\"https:\/\/mountlaser.com\/wp-content\/uploads\/2025\/11\/L3S3-2354.webp 1000w, https:\/\/mountlaser.com\/wp-content\/uploads\/2025\/11\/L3S3-2354-300x300.webp 300w, https:\/\/mountlaser.com\/wp-content\/uploads\/2025\/11\/L3S3-2354-400x400.webp 400w, https:\/\/mountlaser.com\/wp-content\/uploads\/2025\/11\/L3S3-2354-800x800.webp 800w, https:\/\/mountlaser.com\/wp-content\/uploads\/2025\/11\/L3S3-2354-600x600.webp 600w, https:\/\/mountlaser.com\/wp-content\/uploads\/2025\/11\/L3S3-2354-150x150.webp 150w, https:\/\/mountlaser.com\/wp-content\/uploads\/2025\/11\/L3S3-2354-768x768.webp 768w, https:\/\/mountlaser.com\/wp-content\/uploads\/2025\/11\/L3S3-2354-12x12.webp 12w\" sizes=\"(max-width: 500px) 100vw, 500px\" \/><\/p>\n<p>Ky model \u00ebsht\u00eb pjes\u00eb e seris\u00eb son\u00eb t\u00eb njohur t\u00eb <a href=\"https:\/\/mountlaser.com\/sq\/about-us\/\"><strong>Stafi i Nivelimit t\u00eb Matjes Teleskopik t\u00eb Alumini<\/strong><\/a> instrumente, t\u00eb njohura p\u00ebr q\u00ebndrueshm\u00ebrin\u00eb dhe precizitetin e tyre n\u00eb mjedise sfiduese.<\/p>\n<p>Ne ofrojm\u00eb modele kompakte si seksioni 2.3 m\/5 p\u00ebr transportueshm\u00ebri m\u00eb t\u00eb mir\u00eb. P\u00ebr m\u00eb tep\u00ebr, mb\u00ebshteten gjat\u00ebsi dhe shkall\u00eb t\u00eb personalizuara p\u00ebr t\u00eb p\u00ebrmbushur k\u00ebrkesat specifike t\u00eb projektit.<\/p>","protected":false},"excerpt":{"rendered":"<ul>\n<li>Paraqet shenja t\u00eb qarta, t\u00eb sakta dhe rezistente ndaj konsumimit n\u00eb shkall\u00eb<\/li>\n<li>T\u00eb cilat jan\u00eb thelb\u00ebsore p\u00ebr t\u00eb marr\u00eb matje t\u00eb besueshme me nivela optike ose dixhitale.<\/li>\n<li>\u00c7do seksion teleskopik \u00ebsht\u00eb i pajisur me nj\u00eb mekaniz\u00ebm t\u00eb sigurt mbyll\u00ebs p\u00ebr t\u00eb parandaluar rr\u00ebshqitjen gjat\u00eb p\u00ebrdorimit, duke garantuar stabilitetin dhe integritetin e matjes.<\/li>\n<\/ul>","protected":false},"featured_media":3517,"comment_status":"open","ping_status":"closed","template":"","meta":[],"product_brand":[],"product_cat":[90],"product_tag":[],"class_list":{"0":"post-3516","1":"product","2":"type-product","3":"status-publish","4":"has-post-thumbnail","6":"product_cat-leveling-staff","8":"first","9":"instock","10":"shipping-taxable","11":"product-type-simple"},"_links":{"self":[{"href":"https:\/\/mountlaser.com\/sq\/wp-json\/wp\/v2\/product\/3516","targetHints":{"allow":["GET"]}}],"collection":[{"href":"https:\/\/mountlaser.com\/sq\/wp-json\/wp\/v2\/product"}],"about":[{"href":"https:\/\/mountlaser.com\/sq\/wp-json\/wp\/v2\/types\/product"}],"replies":[{"embeddable":true,"href":"https:\/\/mountlaser.com\/sq\/wp-json\/wp\/v2\/comments?post=3516"}],"wp:featuredmedia":[{"embeddable":true,"href":"https:\/\/mountlaser.com\/sq\/wp-json\/wp\/v2\/media\/3517"}],"wp:attachment":[{"href":"https:\/\/mountlaser.com\/sq\/wp-json\/wp\/v2\/media?parent=3516"}],"wp:term":[{"taxonomy":"product_brand","embeddable":true,"href":"https:\/\/mountlaser.com\/sq\/wp-json\/wp\/v2\/product_brand?post=3516"},{"taxonomy":"product_cat","embeddable":true,"href":"https:\/\/mountlaser.com\/sq\/wp-json\/wp\/v2\/product_cat?post=3516"},{"taxonomy":"product_tag","embeddable":true,"href":"https:\/\/mountlaser.com\/sq\/wp-json\/wp\/v2\/product_tag?post=3516"}],"curies":[{"name":"wp","href":"https:\/\/api.w.org\/{rel}","templated":true}]}}