{"id":3515,"date":"2025-11-06T06:00:09","date_gmt":"2025-11-06T06:00:09","guid":{"rendered":"https:\/\/mountlaser.com\/?post_type=product&#038;p=3515"},"modified":"2025-11-28T01:27:16","modified_gmt":"2025-11-28T01:27:16","slug":"sp067-sliding-prism-with-pole","status":"publish","type":"product","link":"https:\/\/mountlaser.com\/sq\/produkt\/sp067-sliding-prism-with-pole\/","title":{"rendered":"Prizm rr\u00ebshqit\u00ebs SP067 me shuf\u00ebr"},"content":{"rendered":"<p>Prizmi rr\u00ebshqit\u00ebs me shuf\u00ebr SP067 \u00ebsht\u00eb i klasit profesional <a href=\"https:\/\/mountlaser.com\/sq\/\"><strong>Sistemi Mini Prizm me Shtylla Rr\u00ebshqit\u00ebse<\/strong><\/a> I projektuar p\u00ebr aplikime matjeje dhe monitorimi me precizion t\u00eb lart\u00eb. I projektuar duke pasur parasysh q\u00ebndrueshm\u00ebrin\u00eb, p\u00ebrshtatshm\u00ebrin\u00eb dhe transportueshm\u00ebrin\u00eb, ky Montim Mini Prizm Stakeout ofron sakt\u00ebsi t\u00eb besueshme p\u00ebr detyrat e piketimit, shtrirjes dhe monitorimit si n\u00eb mjediset n\u00eb terren ashtu edhe n\u00eb ato t\u00eb nd\u00ebrtimit.<\/p>\n<p>Me nj\u00eb priz\u00ebm t\u00eb veshur me argjend 25.4 mm, Sistemi i Shtyllave Rr\u00ebshqit\u00ebse Mini Prizmike siguron reflektivitet t\u00eb shk\u00eblqyer dhe kthim t\u00eb q\u00ebndruesh\u00ebm t\u00eb sinjalit edhe n\u00eb kushte sfiduese. Zhvendosja e prizmit prej 0 \/ -30 mm ofron fleksibilitet p\u00ebr t&#039;iu p\u00ebrshtatur konfigurimeve t\u00eb ndryshme t\u00eb matjeve. Strehimi i tij prej alumini t\u00eb anodizuar jo-ferroz garanton performanc\u00eb afatgjat\u00eb dhe rezistenc\u00eb ndaj korrozionit.<\/p>\n<p>I\/E\/T\u00eb\/T\u00eb <a href=\"https:\/\/mountlaser.com\/sq\/about-us\/\"><strong>Montim Mini Prism me Kuad\u00ebr<\/strong><\/a> p\u00ebrfshin nj\u00eb sistem ky\u00e7jeje n\u00eb pjes\u00ebn e pasme p\u00ebr kontroll t\u00eb sakt\u00eb t\u00eb lart\u00ebsis\u00eb, nd\u00ebrsa konet an\u00ebsore t\u00eb dyfishta funksionojn\u00eb si nj\u00eb mekaniz\u00ebm ky\u00e7jeje t\u00eb dyfisht\u00eb - nj\u00eb p\u00ebr lart\u00ebsin\u00eb, nj\u00eb p\u00ebr pjerr\u00ebsin\u00eb - duke siguruar matje t\u00eb q\u00ebndrueshme dhe t\u00eb sakta. Me nivele si n\u00eb pjes\u00ebn e sip\u00ebrme ashtu edhe n\u00eb at\u00eb t\u00eb poshtme, p\u00ebrdoruesit mund t\u00eb arrijn\u00eb leht\u00ebsisht nj\u00eb shtrirje vertikale perfekte gjat\u00eb konfigurimit.<\/p>\n<p><img fetchpriority=\"high\" decoding=\"async\" class=\"aligncenter wp-image-3530\" src=\"https:\/\/mountlaser.com\/wp-content\/uploads\/2025\/11\/6-5SP0677.webp\" alt=\"SP067 Mini Prism Sliding Pole System\" width=\"500\" height=\"500\" srcset=\"https:\/\/mountlaser.com\/wp-content\/uploads\/2025\/11\/6-5SP0677.webp 1000w, https:\/\/mountlaser.com\/wp-content\/uploads\/2025\/11\/6-5SP0677-300x300.webp 300w, https:\/\/mountlaser.com\/wp-content\/uploads\/2025\/11\/6-5SP0677-400x400.webp 400w, https:\/\/mountlaser.com\/wp-content\/uploads\/2025\/11\/6-5SP0677-800x800.webp 800w, https:\/\/mountlaser.com\/wp-content\/uploads\/2025\/11\/6-5SP0677-600x600.webp 600w, https:\/\/mountlaser.com\/wp-content\/uploads\/2025\/11\/6-5SP0677-150x150.webp 150w, https:\/\/mountlaser.com\/wp-content\/uploads\/2025\/11\/6-5SP0677-768x768.webp 768w, https:\/\/mountlaser.com\/wp-content\/uploads\/2025\/11\/6-5SP0677-12x12.webp 12w\" sizes=\"(max-width: 500px) 100vw, 500px\" \/><\/p>\n<p>Shtylla e aluminit me kat\u00ebr seksione (300 mm \u00d7 4) e p\u00ebrfshir\u00eb shtrihet deri n\u00eb 1.2 m dhe lidhet me an\u00eb t\u00eb filetos 1\/4\u2033-20, duke ofruar forc\u00eb t\u00eb leht\u00eb dhe montim t\u00eb shpejt\u00eb. Nj\u00eb p\u00ebrshtat\u00ebs me fileto 5\/8\u2033-11 rrit p\u00ebrputhshm\u00ebrin\u00eb me shumic\u00ebn e shtyllave t\u00eb prizmave dhe tribrak\u00ebve. I paketuar n\u00eb nj\u00eb \u00e7ant\u00eb t\u00eb but\u00eb mbajt\u00ebse, <a href=\"https:\/\/mountlaser.com\/sq\/contact-us\/\">Prizm rr\u00ebshqit\u00ebs SP067 me shuf\u00ebr<\/a> \u00ebsht\u00eb nj\u00eb sistem i plot\u00eb shufrash rr\u00ebshqit\u00ebse Mini Prism, gati p\u00ebr p\u00ebrdorim profesional.<\/p>","protected":false},"excerpt":{"rendered":"<ul>\n<li>P\u00ebr p\u00ebrcaktim dhe shtrirje me precizion t\u00eb lart\u00eb<\/li>\n<li>Streh\u00eb alumini e anodizuar jo-ferroz p\u00ebr q\u00ebndrueshm\u00ebri superiore<\/li>\n<li>Sistem bllokimi i pasm\u00eb p\u00ebr rregullimin e lart\u00ebsis\u00eb dhe kone me bllokim t\u00eb dyfisht\u00eb p\u00ebr stabilitet<\/li>\n<li>Nivelet e flluskave (sip\u00ebr dhe posht\u00eb) sigurojn\u00eb pozicionim t\u00eb sakt\u00eb vertikal<\/li>\n<li>Furnizohet me nj\u00eb \u00e7ant\u00eb t\u00eb but\u00eb p\u00ebr mbrojtje dhe transportueshm\u00ebri<\/li>\n<\/ul>","protected":false},"featured_media":3524,"comment_status":"open","ping_status":"closed","template":"","meta":[],"product_brand":[],"product_cat":[72,114],"product_tag":[],"class_list":{"0":"post-3515","1":"product","2":"type-product","3":"status-publish","4":"has-post-thumbnail","6":"product_cat-reflective-target-prism","7":"product_cat-mini-prism-with-pole","9":"first","10":"instock","11":"shipping-taxable","12":"product-type-simple"},"_links":{"self":[{"href":"https:\/\/mountlaser.com\/sq\/wp-json\/wp\/v2\/product\/3515","targetHints":{"allow":["GET"]}}],"collection":[{"href":"https:\/\/mountlaser.com\/sq\/wp-json\/wp\/v2\/product"}],"about":[{"href":"https:\/\/mountlaser.com\/sq\/wp-json\/wp\/v2\/types\/product"}],"replies":[{"embeddable":true,"href":"https:\/\/mountlaser.com\/sq\/wp-json\/wp\/v2\/comments?post=3515"}],"wp:featuredmedia":[{"embeddable":true,"href":"https:\/\/mountlaser.com\/sq\/wp-json\/wp\/v2\/media\/3524"}],"wp:attachment":[{"href":"https:\/\/mountlaser.com\/sq\/wp-json\/wp\/v2\/media?parent=3515"}],"wp:term":[{"taxonomy":"product_brand","embeddable":true,"href":"https:\/\/mountlaser.com\/sq\/wp-json\/wp\/v2\/product_brand?post=3515"},{"taxonomy":"product_cat","embeddable":true,"href":"https:\/\/mountlaser.com\/sq\/wp-json\/wp\/v2\/product_cat?post=3515"},{"taxonomy":"product_tag","embeddable":true,"href":"https:\/\/mountlaser.com\/sq\/wp-json\/wp\/v2\/product_tag?post=3515"}],"curies":[{"name":"wp","href":"https:\/\/api.w.org\/{rel}","templated":true}]}}