{"id":3505,"date":"2025-11-06T05:25:00","date_gmt":"2025-11-06T05:25:00","guid":{"rendered":"https:\/\/mountlaser.com\/?post_type=product&#038;p=3505"},"modified":"2025-11-28T01:32:28","modified_gmt":"2025-11-28T01:32:28","slug":"sp066-mini-prism-with-pole","status":"publish","type":"product","link":"https:\/\/mountlaser.com\/sq\/produkt\/sp066-mini-prism-with-pole\/","title":{"rendered":"SP066 Mini Prizm me Shtyll\u00eb"},"content":{"rendered":"<p><!--StartFragment --><\/p>\n<p>Prizmi rr\u00ebshqit\u00ebs me shuf\u00ebr SP066 \u00ebsht\u00eb nj\u00eb montim mini-prizmi rr\u00ebshqit\u00ebs me precizion t\u00eb lart\u00eb, i projektuar p\u00ebr shtrirje t\u00eb sakt\u00eb t\u00eb k\u00ebndeve dhe matje n\u00eb terren. I nd\u00ebrtuar p\u00ebr fleksibilitet dhe precizion, ky <a href=\"https:\/\/mountlaser.com\/sq\/\"><strong>Kit p\u00ebr Priz\u00ebm Rr\u00ebshqit\u00ebs dhe Shtyll\u00eb Seksionale<\/strong><\/a> u ofron gjeodet\u00ebve nj\u00eb mjet optik kompakt, por t\u00eb fuqish\u00ebm p\u00ebr kushte t\u00eb ndryshme n\u00eb vend.<\/p>\n<p>Kjo <a href=\"https:\/\/mountlaser.com\/sq\/about-us\/\"><strong>Montim Mini Prizmi Rr\u00ebshqit\u00ebs<\/strong><\/a> p\u00ebrmban nj\u00eb priz\u00ebm 38.1 mm t\u00eb veshur me argjend, duke ofruar reflektivitet t\u00eb shk\u00eblqyer dhe kthim t\u00eb q\u00ebndruesh\u00ebm t\u00eb sinjalit edhe n\u00eb mjedise sfiduese. Asambleja Mini e Prizm\u00ebs Rr\u00ebshqit\u00ebse p\u00ebrfshin nj\u00eb zhvendosje t\u00eb rregullueshme prej 0 \/ 30 mm, duke lejuar konfigurime t\u00eb gjithanshme matjeje. E pajisur me nj\u00eb p\u00ebrshtat\u00ebs k\u00ebndi, siguron shtrirje t\u00eb p\u00ebrsosur kur p\u00ebrdoret p\u00ebr detyra monitorimi t\u00eb skajeve ose mureve.<\/p>\n<p><img fetchpriority=\"high\" decoding=\"async\" class=\"aligncenter wp-image-3509\" src=\"https:\/\/mountlaser.com\/wp-content\/uploads\/2025\/11\/SP0664.webp\" alt=\"SP066 Mini Sliding Prism Assembly\" width=\"500\" height=\"500\" srcset=\"https:\/\/mountlaser.com\/wp-content\/uploads\/2025\/11\/SP0664.webp 1000w, https:\/\/mountlaser.com\/wp-content\/uploads\/2025\/11\/SP0664-300x300.webp 300w, https:\/\/mountlaser.com\/wp-content\/uploads\/2025\/11\/SP0664-400x400.webp 400w, https:\/\/mountlaser.com\/wp-content\/uploads\/2025\/11\/SP0664-800x800.webp 800w, https:\/\/mountlaser.com\/wp-content\/uploads\/2025\/11\/SP0664-600x600.webp 600w, https:\/\/mountlaser.com\/wp-content\/uploads\/2025\/11\/SP0664-150x150.webp 150w, https:\/\/mountlaser.com\/wp-content\/uploads\/2025\/11\/SP0664-768x768.webp 768w, https:\/\/mountlaser.com\/wp-content\/uploads\/2025\/11\/SP0664-12x12.webp 12w\" sizes=\"(max-width: 500px) 100vw, 500px\" \/><\/p>\n<p>I\/E\/T\u00eb\/T\u00eb <a href=\"https:\/\/mountlaser.com\/sq\/contact-us\/\">shtyll\u00eb alumini e q\u00ebndrueshme<\/a> ka nj\u00eb fileto 1\/4\u2033-20 dhe shtrihet deri n\u00eb 1.5 m p\u00ebrmes dizajnit t\u00eb tij teleskopik me pes\u00eb seksione, duke ofruar si transportueshm\u00ebri ashtu edhe stabilitet. Nj\u00eb p\u00ebrshtat\u00ebs doreze rrit leht\u00ebsin\u00eb e p\u00ebrdorimit gjat\u00eb konfigurimit dhe transportit. Ky komplet i plot\u00eb i Prizm\u00ebs Rr\u00ebshqit\u00ebse dhe Shtyll\u00ebs Seksionale p\u00ebrfshin t\u00eb gjith\u00eb komponent\u00ebt e nevojsh\u00ebm p\u00ebr funksionim efikas n\u00eb terren dhe \u00ebsht\u00eb i pajtuesh\u00ebm me sistemet standarde t\u00eb stacioneve totale.<\/p>","protected":false},"excerpt":{"rendered":"<ul>\n<li>P\u00ebrshtat\u00ebs k\u00ebndi p\u00ebr rreshtim t\u00eb sakt\u00eb t\u00eb k\u00ebndeve ose skajeve<\/li>\n<li>Kit p\u00ebr Priz\u00ebm Rr\u00ebshqit\u00ebs dhe Shtyll\u00eb Seksionale me Shtyll\u00eb alumini me 5 seksione<\/li>\n<li>Nd\u00ebrtim i leht\u00eb, alumini i anodizuar me adaptor doreze p\u00ebr trajtim t\u00eb leht\u00eb<\/li>\n<li>Furnizuar n\u00eb nj\u00eb \u00e7ant\u00eb t\u00eb but\u00eb p\u00ebr mbrojtje dhe transportueshm\u00ebri<\/li>\n<\/ul>","protected":false},"featured_media":3506,"comment_status":"open","ping_status":"closed","template":"","meta":[],"product_brand":[],"product_cat":[72,114],"product_tag":[],"class_list":{"0":"post-3505","1":"product","2":"type-product","3":"status-publish","4":"has-post-thumbnail","6":"product_cat-reflective-target-prism","7":"product_cat-mini-prism-with-pole","9":"first","10":"instock","11":"shipping-taxable","12":"product-type-simple"},"_links":{"self":[{"href":"https:\/\/mountlaser.com\/sq\/wp-json\/wp\/v2\/product\/3505","targetHints":{"allow":["GET"]}}],"collection":[{"href":"https:\/\/mountlaser.com\/sq\/wp-json\/wp\/v2\/product"}],"about":[{"href":"https:\/\/mountlaser.com\/sq\/wp-json\/wp\/v2\/types\/product"}],"replies":[{"embeddable":true,"href":"https:\/\/mountlaser.com\/sq\/wp-json\/wp\/v2\/comments?post=3505"}],"wp:featuredmedia":[{"embeddable":true,"href":"https:\/\/mountlaser.com\/sq\/wp-json\/wp\/v2\/media\/3506"}],"wp:attachment":[{"href":"https:\/\/mountlaser.com\/sq\/wp-json\/wp\/v2\/media?parent=3505"}],"wp:term":[{"taxonomy":"product_brand","embeddable":true,"href":"https:\/\/mountlaser.com\/sq\/wp-json\/wp\/v2\/product_brand?post=3505"},{"taxonomy":"product_cat","embeddable":true,"href":"https:\/\/mountlaser.com\/sq\/wp-json\/wp\/v2\/product_cat?post=3505"},{"taxonomy":"product_tag","embeddable":true,"href":"https:\/\/mountlaser.com\/sq\/wp-json\/wp\/v2\/product_tag?post=3505"}],"curies":[{"name":"wp","href":"https:\/\/api.w.org\/{rel}","templated":true}]}}