{"id":3486,"date":"2025-11-06T03:14:00","date_gmt":"2025-11-06T03:14:00","guid":{"rendered":"https:\/\/mountlaser.com\/?post_type=product&#038;p=3486"},"modified":"2025-11-28T01:35:25","modified_gmt":"2025-11-28T01:35:25","slug":"sp065-sliding-prism-with-pole","status":"publish","type":"product","link":"https:\/\/mountlaser.com\/sq\/produkt\/sp065-sliding-prism-with-pole\/","title":{"rendered":"Prizm rr\u00ebshqit\u00ebs me shuf\u00ebr SP065"},"content":{"rendered":"<p>I\/E\/T\u00eb\/T\u00eb <a href=\"https:\/\/mountlaser.com\/sq\/products\/\"><strong>Prizm rr\u00ebshqit\u00ebs SP065 me shuf\u00ebr<\/strong><\/a> \u00ebsht\u00eb me sakt\u00ebsi t\u00eb lart\u00eb <a href=\"https:\/\/mountlaser.com\/sq\/about-us\/\"><strong>Mini priz\u00ebm SP065 p\u00ebr stacion total<\/strong><\/a> I projektuar p\u00ebr instalim n\u00eb k\u00ebnde dhe aplikime t\u00eb p\u00ebrgjithshme monitorimi. I nd\u00ebrtuar p\u00ebr profesionist\u00eb n\u00eb terren q\u00eb k\u00ebrkojn\u00eb sakt\u00ebsi dhe fleksibilitet, ky sistem ofron performanc\u00eb t\u00eb q\u00ebndrueshme matjeje n\u00eb nd\u00ebrtim, monitorim deformimi dhe detyra shtrirjeje.<\/p>\n<p>Duke shfaqur nj\u00eb mini priz\u00ebm 38.1 mm (1.5 in\u00e7) t\u00eb veshur me argjend, Prizmi Rr\u00ebshqit\u00ebs me Shtyll\u00eb SP065 ofron reflektivitet dhe qart\u00ebsi t\u00eb jasht\u00ebzakonshme t\u00eb sinjalit. Zhvendosja e tij prej 0 mm siguron shtrirje t\u00eb v\u00ebrtet\u00eb p\u00ebr mbledhje t\u00eb besueshme t\u00eb t\u00eb dh\u00ebnave. P\u00ebrshtat\u00ebsi i integruar i k\u00ebndit lejon konfigurim efikas n\u00eb skaje ose struktura ku prizmat standarde jan\u00eb t\u00eb v\u00ebshtira p\u00ebr t&#039;u instaluar, duke e b\u00ebr\u00eb at\u00eb ideal p\u00ebr vende t\u00eb kufizuara monitorimi.<\/p>\n<p><img fetchpriority=\"high\" decoding=\"async\" class=\"aligncenter wp-image-3501\" src=\"https:\/\/mountlaser.com\/wp-content\/uploads\/2025\/11\/SP065D6.webp\" alt=\"SP065 Sliding Prism with Pole\" width=\"500\" height=\"500\" srcset=\"https:\/\/mountlaser.com\/wp-content\/uploads\/2025\/11\/SP065D6.webp 1000w, https:\/\/mountlaser.com\/wp-content\/uploads\/2025\/11\/SP065D6-300x300.webp 300w, https:\/\/mountlaser.com\/wp-content\/uploads\/2025\/11\/SP065D6-400x400.webp 400w, https:\/\/mountlaser.com\/wp-content\/uploads\/2025\/11\/SP065D6-800x800.webp 800w, https:\/\/mountlaser.com\/wp-content\/uploads\/2025\/11\/SP065D6-600x600.webp 600w, https:\/\/mountlaser.com\/wp-content\/uploads\/2025\/11\/SP065D6-150x150.webp 150w, https:\/\/mountlaser.com\/wp-content\/uploads\/2025\/11\/SP065D6-768x768.webp 768w, https:\/\/mountlaser.com\/wp-content\/uploads\/2025\/11\/SP065D6-12x12.webp 12w\" sizes=\"(max-width: 500px) 100vw, 500px\" \/><\/p>\n<p>Shtylla e q\u00ebndrueshme prej \u00e7eliku inox me fileto M6 (DIA 9 mm) siguron ngurt\u00ebsi, nd\u00ebrsa dizajni teleskopik me pes\u00eb seksione (300 mm \u00d7 5) shtrihet deri n\u00eb 1.5 m, duke ofruar shkatht\u00ebsi t\u00eb shk\u00eblqyer n\u00eb rregullimin e lart\u00ebsis\u00eb. <a href=\"https:\/\/mountlaser.com\/sq\/contact-us\/\">Prizm rr\u00ebshqit\u00ebs me shuf\u00ebr SP065<\/a> \u00cbsht\u00eb i disponuesh\u00ebm n\u00eb dy stile ky\u00e7jeje \u2014 Ky\u00e7 me Vid\u00eb (SP065S) dhe Ky\u00e7 i Dyfisht\u00eb (SP065D) \u2014 duke u dh\u00ebn\u00eb p\u00ebrdoruesve funksionim t\u00eb sigurt dhe t\u00eb q\u00ebndruesh\u00ebm n\u00eb kushte t\u00eb ndryshme.<\/p>","protected":false},"excerpt":{"rendered":"<ul>\n<li>Precizion i projektuar p\u00ebr monitorimin e stacionit total<\/li>\n<li>P\u00ebrfshin adaptorin e k\u00ebndit - perfekt p\u00ebr instalime n\u00eb k\u00ebnde dhe hap\u00ebsira t\u00eb kufizuara<\/li>\n<li>I pajtuesh\u00ebm me MPT05 Mini Prism Tribrach dhe Tub alumini p\u00ebr aksesor\u00ebt Pin Pole<\/li>\n<\/ul>","protected":false},"featured_media":3496,"comment_status":"open","ping_status":"closed","template":"","meta":[],"product_brand":[],"product_cat":[114,72],"product_tag":[],"class_list":{"0":"post-3486","1":"product","2":"type-product","3":"status-publish","4":"has-post-thumbnail","6":"product_cat-mini-prism-with-pole","7":"product_cat-reflective-target-prism","9":"first","10":"instock","11":"shipping-taxable","12":"product-type-simple"},"_links":{"self":[{"href":"https:\/\/mountlaser.com\/sq\/wp-json\/wp\/v2\/product\/3486","targetHints":{"allow":["GET"]}}],"collection":[{"href":"https:\/\/mountlaser.com\/sq\/wp-json\/wp\/v2\/product"}],"about":[{"href":"https:\/\/mountlaser.com\/sq\/wp-json\/wp\/v2\/types\/product"}],"replies":[{"embeddable":true,"href":"https:\/\/mountlaser.com\/sq\/wp-json\/wp\/v2\/comments?post=3486"}],"wp:featuredmedia":[{"embeddable":true,"href":"https:\/\/mountlaser.com\/sq\/wp-json\/wp\/v2\/media\/3496"}],"wp:attachment":[{"href":"https:\/\/mountlaser.com\/sq\/wp-json\/wp\/v2\/media?parent=3486"}],"wp:term":[{"taxonomy":"product_brand","embeddable":true,"href":"https:\/\/mountlaser.com\/sq\/wp-json\/wp\/v2\/product_brand?post=3486"},{"taxonomy":"product_cat","embeddable":true,"href":"https:\/\/mountlaser.com\/sq\/wp-json\/wp\/v2\/product_cat?post=3486"},{"taxonomy":"product_tag","embeddable":true,"href":"https:\/\/mountlaser.com\/sq\/wp-json\/wp\/v2\/product_tag?post=3486"}],"curies":[{"name":"wp","href":"https:\/\/api.w.org\/{rel}","templated":true}]}}