{"id":3474,"date":"2025-11-06T02:12:04","date_gmt":"2025-11-06T02:12:04","guid":{"rendered":"https:\/\/mountlaser.com\/?post_type=product&#038;p=3474"},"modified":"2025-11-28T01:38:11","modified_gmt":"2025-11-28T01:38:11","slug":"sp063-mini-prism-with-pole","status":"publish","type":"product","link":"https:\/\/mountlaser.com\/sq\/produkt\/sp063-mini-prism-with-pole\/","title":{"rendered":"SP063 Mini Prizm me Shtyll\u00eb"},"content":{"rendered":"<p>Miniprizmi SP063 me shuf\u00ebr \u00ebsht\u00eb nj\u00eb prizm\u00eb profesionale dhe e leht\u00eb. <a href=\"https:\/\/mountlaser.com\/sq\/\"><strong>Prizm Mini 360\u00b0 me 4 Pole<\/strong><\/a>\u00a0Sistemi i projektuar p\u00ebr aplikime precize t\u00eb matjeve n\u00eb terren dhe shtrirjes. I projektuar p\u00ebr transportueshm\u00ebri dhe q\u00ebndrueshm\u00ebri maksimale, ky konfigurim kompakt siguron matje t\u00eb q\u00ebndrueshme dhe t\u00eb sakta n\u00eb projektet e nd\u00ebrtimit, topografike dhe t\u00eb monitorimit.<\/p>\n<p>I nd\u00ebrtuar me nj\u00eb streh\u00eb najloni me rezistenc\u00eb t\u00eb lart\u00eb, mini-prizmi SP063 me shuf\u00ebr ofron rezistenc\u00eb t\u00eb shk\u00eblqyer ndaj goditjeve, duke e mbajtur pesh\u00ebn e p\u00ebrgjithshme t\u00eb ul\u00ebt p\u00ebr manovrim t\u00eb p\u00ebrshtatsh\u00ebm n\u00eb terren. Shufra e aluminit e p\u00ebrpunuar me precizion siguron ngurt\u00ebsi dhe rregullim t\u00eb qet\u00eb teleskopik, duke u shtrir\u00eb deri n\u00eb 1.2 m me dizajnin e saj me kat\u00ebr seksione (300 mm \u00d7 4).<\/p>\n<p>I\/E\/T\u00eb\/T\u00eb <a href=\"https:\/\/mountlaser.com\/sq\/products\/\"><strong>Prizm Mini 360\u00b0 me 4 Pole<\/strong><\/a>\u00a0P\u00ebrmban nj\u00eb priz\u00ebm 25.4 mm t\u00eb veshur me bak\u00ebr, i disponuesh\u00ebm n\u00eb opsione t\u00eb shum\u00ebfishta zhvendosjeje (0 mm, 17.5 mm ose 0\/-30 mm), duke siguruar p\u00ebrputhshm\u00ebri me sistemet zvicerane dhe jo-zvicerane. I pajisur me nj\u00eb \u00e7ant\u00eb t\u00eb but\u00eb mbajt\u00ebse, ky set prizmash ofron nj\u00eb zgjidhje efikase dhe t\u00eb gatshme p\u00ebr n\u00eb terren p\u00ebr detyrat e p\u00ebrditshme t\u00eb vrojtimit.<\/p>\n<figure id=\"attachment_3483\" aria-describedby=\"caption-attachment-3483\" style=\"width: 500px\" class=\"wp-caption aligncenter\"><img fetchpriority=\"high\" decoding=\"async\" class=\"wp-image-3483\" src=\"https:\/\/mountlaser.com\/wp-content\/uploads\/2025\/11\/SP0639.webp\" alt=\"360\u00b0 Mini Prism With 4 Poles\" width=\"500\" height=\"500\" srcset=\"https:\/\/mountlaser.com\/wp-content\/uploads\/2025\/11\/SP0639.webp 1000w, https:\/\/mountlaser.com\/wp-content\/uploads\/2025\/11\/SP0639-300x300.webp 300w, https:\/\/mountlaser.com\/wp-content\/uploads\/2025\/11\/SP0639-400x400.webp 400w, https:\/\/mountlaser.com\/wp-content\/uploads\/2025\/11\/SP0639-800x800.webp 800w, https:\/\/mountlaser.com\/wp-content\/uploads\/2025\/11\/SP0639-600x600.webp 600w, https:\/\/mountlaser.com\/wp-content\/uploads\/2025\/11\/SP0639-150x150.webp 150w, https:\/\/mountlaser.com\/wp-content\/uploads\/2025\/11\/SP0639-768x768.webp 768w, https:\/\/mountlaser.com\/wp-content\/uploads\/2025\/11\/SP0639-12x12.webp 12w\" sizes=\"(max-width: 500px) 100vw, 500px\" \/><figcaption id=\"caption-attachment-3483\" class=\"wp-caption-text\">Prizm Mini SP063C me Shtyll\u00eb<\/figcaption><\/figure>\n<p><strong>I\/E\/T\u00eb\/T\u00eb <a href=\"https:\/\/mountlaser.com\/sq\/contact-us\/\">SP063 Mini Prizm me Shtyll\u00eb<\/a> vjen n\u00eb 3 modele.<\/strong><\/p>\n<p>Prizm Mini SP063A me Shtyll\u00eb - Zhvendosje: 0 mm, e veshur me bak\u00ebr, e pajtueshme me sistemin zviceran<br \/>\nPrizm Mini SP063B me Shtyll\u00eb - Zhvendosje: 17.5 mm, e veshur me bak\u00ebr, e pajtueshme me sistemin zviceran<br \/>\nPrizm Mini SP063C me Shtyll\u00eb - Zhvendosje: 0\/-30 mm, i veshur me bak\u00ebr, sistem jo-zviceran<\/p>\n<figure id=\"attachment_3476\" aria-describedby=\"caption-attachment-3476\" style=\"width: 500px\" class=\"wp-caption aligncenter\"><img decoding=\"async\" class=\"wp-image-3476\" src=\"https:\/\/mountlaser.com\/wp-content\/uploads\/2025\/11\/SP0632.webp\" alt=\"360\u00b0 Mini Prism With 4 Poles\" width=\"500\" height=\"500\" srcset=\"https:\/\/mountlaser.com\/wp-content\/uploads\/2025\/11\/SP0632.webp 1000w, https:\/\/mountlaser.com\/wp-content\/uploads\/2025\/11\/SP0632-300x300.webp 300w, https:\/\/mountlaser.com\/wp-content\/uploads\/2025\/11\/SP0632-400x400.webp 400w, https:\/\/mountlaser.com\/wp-content\/uploads\/2025\/11\/SP0632-800x800.webp 800w, https:\/\/mountlaser.com\/wp-content\/uploads\/2025\/11\/SP0632-600x600.webp 600w, https:\/\/mountlaser.com\/wp-content\/uploads\/2025\/11\/SP0632-150x150.webp 150w, https:\/\/mountlaser.com\/wp-content\/uploads\/2025\/11\/SP0632-768x768.webp 768w, https:\/\/mountlaser.com\/wp-content\/uploads\/2025\/11\/SP0632-12x12.webp 12w\" sizes=\"(max-width: 500px) 100vw, 500px\" \/><figcaption id=\"caption-attachment-3476\" class=\"wp-caption-text\">Prizm Mini SP063A\/B me Shtyll\u00eb<\/figcaption><\/figure>","protected":false},"excerpt":{"rendered":"<ul>\n<li>Prizm mini prej alumini preciz 360\u00b0 me 4 pole<\/li>\n<li>Pajisje shtes\u00eb opsionale: Mini Prizm Tribrach MPT02 dhe Tub Alumini p\u00ebr Shtyll\u00eb Kunjore<\/li>\n<li>P\u00ebrfshin \u00e7ant\u00eb t\u00eb but\u00eb p\u00ebr transport dhe mbrojtje t\u00eb leht\u00eb<\/li>\n<\/ul>","protected":false},"featured_media":3463,"comment_status":"open","ping_status":"closed","template":"","meta":[],"product_brand":[],"product_cat":[114,72],"product_tag":[],"class_list":{"0":"post-3474","1":"product","2":"type-product","3":"status-publish","4":"has-post-thumbnail","6":"product_cat-mini-prism-with-pole","7":"product_cat-reflective-target-prism","9":"first","10":"instock","11":"shipping-taxable","12":"product-type-simple"},"_links":{"self":[{"href":"https:\/\/mountlaser.com\/sq\/wp-json\/wp\/v2\/product\/3474","targetHints":{"allow":["GET"]}}],"collection":[{"href":"https:\/\/mountlaser.com\/sq\/wp-json\/wp\/v2\/product"}],"about":[{"href":"https:\/\/mountlaser.com\/sq\/wp-json\/wp\/v2\/types\/product"}],"replies":[{"embeddable":true,"href":"https:\/\/mountlaser.com\/sq\/wp-json\/wp\/v2\/comments?post=3474"}],"wp:featuredmedia":[{"embeddable":true,"href":"https:\/\/mountlaser.com\/sq\/wp-json\/wp\/v2\/media\/3463"}],"wp:attachment":[{"href":"https:\/\/mountlaser.com\/sq\/wp-json\/wp\/v2\/media?parent=3474"}],"wp:term":[{"taxonomy":"product_brand","embeddable":true,"href":"https:\/\/mountlaser.com\/sq\/wp-json\/wp\/v2\/product_brand?post=3474"},{"taxonomy":"product_cat","embeddable":true,"href":"https:\/\/mountlaser.com\/sq\/wp-json\/wp\/v2\/product_cat?post=3474"},{"taxonomy":"product_tag","embeddable":true,"href":"https:\/\/mountlaser.com\/sq\/wp-json\/wp\/v2\/product_tag?post=3474"}],"curies":[{"name":"wp","href":"https:\/\/api.w.org\/{rel}","templated":true}]}}