{"id":3464,"date":"2025-11-06T01:55:54","date_gmt":"2025-11-06T01:55:54","guid":{"rendered":"https:\/\/mountlaser.com\/?post_type=product&#038;p=3464"},"modified":"2025-11-28T01:40:23","modified_gmt":"2025-11-28T01:40:23","slug":"sp061-mini-prism-with-pole","status":"publish","type":"product","link":"https:\/\/mountlaser.com\/sq\/produkt\/sp061-mini-prism-with-pole\/","title":{"rendered":"SP061 Mini Prizm me Shtyll\u00eb"},"content":{"rendered":"<p>I\/E\/T\u00eb\/T\u00eb <a href=\"https:\/\/mountlaser.com\/sq\/\"><strong>Set reflektor\u00ebsh SP061<\/strong><\/a> \u00ebsht\u00eb me sakt\u00ebsi t\u00eb lart\u00eb <a href=\"https:\/\/mountlaser.com\/sq\/products\/\"><strong>Mini Prizm i Stacionit Total<\/strong> <\/a>sistem i projektuar p\u00ebr aplikime profesionale t\u00eb piketimit, shtrirjes dhe monitorimit. Duke kombinuar q\u00ebndrueshm\u00ebrin\u00eb me shkatht\u00ebsin\u00eb, ky montim prizmi ofron performanc\u00eb t\u00eb jasht\u00ebzakonshme si n\u00eb projektet e matjes n\u00eb terren ashtu edhe n\u00eb ato t\u00eb matjes s\u00eb deformimit.<\/p>\n<p>I pajisur me nj\u00eb minipriz\u00ebm 25.4 mm t\u00eb veshur me bak\u00ebr ose argjend, Seti i Reflektor\u00ebve SP061 siguron reflektivitet optimal dhe sakt\u00ebsi n\u00eb rreze t\u00eb gjat\u00eb veprimi. Zhvendosja e nd\u00ebrrueshme 0 mm \/ -30 mm e Setit t\u00eb Reflektor\u00ebve SP061 ofron fleksibilitet p\u00ebr k\u00ebrkesa t\u00eb ndryshme projektesh, nd\u00ebrsa strehimi prej alumini t\u00eb anodizuar jo-ferroz ofron rezistenc\u00eb t\u00eb shk\u00eblqyer ndaj korrozionit dhe konsumimit.<\/p>\n<p>I\/E\/T\u00eb\/T\u00eb <a href=\"https:\/\/mountlaser.com\/sq\/contact-us\/\">Mini Prizm i Stacionit Total<\/a> Sistemi p\u00ebrfshin nj\u00eb kllap\u00eb t\u00eb integruar plumbi, grep n\u00eb form\u00eb S-je dhe pik\u00eb toke, duke siguruar shtrirje t\u00eb sakt\u00eb vertikale dhe operacione efikase t\u00eb piketimit. Shtylla e leht\u00eb prej alumini ka nj\u00eb dizajn t\u00eb zgjatsh\u00ebm me 4 seksione (deri n\u00eb 1.2 m) p\u00ebr transport dhe instalim t\u00eb leht\u00eb.<\/p>\n<p><img fetchpriority=\"high\" decoding=\"async\" class=\"aligncenter wp-image-3468\" src=\"https:\/\/mountlaser.com\/wp-content\/uploads\/2025\/11\/5-10SP0614.webp\" alt=\"SP061 Reflector Set\" width=\"500\" height=\"500\" srcset=\"https:\/\/mountlaser.com\/wp-content\/uploads\/2025\/11\/5-10SP0614.webp 1000w, https:\/\/mountlaser.com\/wp-content\/uploads\/2025\/11\/5-10SP0614-300x300.webp 300w, https:\/\/mountlaser.com\/wp-content\/uploads\/2025\/11\/5-10SP0614-400x400.webp 400w, https:\/\/mountlaser.com\/wp-content\/uploads\/2025\/11\/5-10SP0614-800x800.webp 800w, https:\/\/mountlaser.com\/wp-content\/uploads\/2025\/11\/5-10SP0614-600x600.webp 600w, https:\/\/mountlaser.com\/wp-content\/uploads\/2025\/11\/5-10SP0614-150x150.webp 150w, https:\/\/mountlaser.com\/wp-content\/uploads\/2025\/11\/5-10SP0614-768x768.webp 768w, https:\/\/mountlaser.com\/wp-content\/uploads\/2025\/11\/5-10SP0614-12x12.webp 12w\" sizes=\"(max-width: 500px) 100vw, 500px\" \/><\/p>","protected":false},"excerpt":{"rendered":"<ul>\n<li>Sistem Mini Prism i Stacionit Total Precision p\u00ebr detyra piketimi dhe monitorimi<\/li>\n<li>P\u00ebr kthim superior t\u00eb sinjalit, p\u00ebr fleksibilitet n\u00eb matje<\/li>\n<li>Streh\u00eb alumini e q\u00ebndrueshme e anodizuar me nivel t\u00eb integruar (opsione montimi n\u00eb qend\u00ebr ose an\u00ebsor)<\/li>\n<li>Seti i plot\u00eb i reflektor\u00ebve SP061 p\u00ebrfshin kllap\u00ebn e bobit plumb, shufr\u00ebn e kunjit dhe \u00e7ant\u00ebn mbajt\u00ebse<\/li>\n<li>I pajtuesh\u00ebm me MPT02 Mini Prism Tribrach dhe tub alumini opsional p\u00ebr ngurt\u00ebsi t\u00eb shtuar<\/li>\n<\/ul>","protected":false},"featured_media":3469,"comment_status":"open","ping_status":"closed","template":"","meta":[],"product_brand":[],"product_cat":[72,114],"product_tag":[],"class_list":{"0":"post-3464","1":"product","2":"type-product","3":"status-publish","4":"has-post-thumbnail","6":"product_cat-reflective-target-prism","7":"product_cat-mini-prism-with-pole","9":"first","10":"instock","11":"shipping-taxable","12":"product-type-simple"},"_links":{"self":[{"href":"https:\/\/mountlaser.com\/sq\/wp-json\/wp\/v2\/product\/3464","targetHints":{"allow":["GET"]}}],"collection":[{"href":"https:\/\/mountlaser.com\/sq\/wp-json\/wp\/v2\/product"}],"about":[{"href":"https:\/\/mountlaser.com\/sq\/wp-json\/wp\/v2\/types\/product"}],"replies":[{"embeddable":true,"href":"https:\/\/mountlaser.com\/sq\/wp-json\/wp\/v2\/comments?post=3464"}],"wp:featuredmedia":[{"embeddable":true,"href":"https:\/\/mountlaser.com\/sq\/wp-json\/wp\/v2\/media\/3469"}],"wp:attachment":[{"href":"https:\/\/mountlaser.com\/sq\/wp-json\/wp\/v2\/media?parent=3464"}],"wp:term":[{"taxonomy":"product_brand","embeddable":true,"href":"https:\/\/mountlaser.com\/sq\/wp-json\/wp\/v2\/product_brand?post=3464"},{"taxonomy":"product_cat","embeddable":true,"href":"https:\/\/mountlaser.com\/sq\/wp-json\/wp\/v2\/product_cat?post=3464"},{"taxonomy":"product_tag","embeddable":true,"href":"https:\/\/mountlaser.com\/sq\/wp-json\/wp\/v2\/product_tag?post=3464"}],"curies":[{"name":"wp","href":"https:\/\/api.w.org\/{rel}","templated":true}]}}