{"id":3453,"date":"2025-11-06T01:27:12","date_gmt":"2025-11-06T01:27:12","guid":{"rendered":"https:\/\/mountlaser.com\/?post_type=product&#038;p=3453"},"modified":"2025-11-28T01:42:06","modified_gmt":"2025-11-28T01:42:06","slug":"sp060-sliding-mini-prism-with-pole","status":"publish","type":"product","link":"https:\/\/mountlaser.com\/sq\/produkt\/sp060-sliding-mini-prism-with-pole\/","title":{"rendered":"SP060 Prizm Mini Rr\u00ebshqit\u00ebs me Shtyll\u00eb"},"content":{"rendered":"<p>I\/E\/T\u00eb\/T\u00eb <a href=\"https:\/\/mountlaser.com\/sq\/\"><strong>SP060 Prizm Mini Rr\u00ebshqit\u00ebs me Shtyll\u00eb<\/strong><\/a> \u00ebsht\u00eb nj\u00eb zgjidhje kompakte dhe e gjithanshme monitorimi e projektuar p\u00ebr matje precize t\u00eb terrenit dhe matje t\u00eb deformimit. Ky <a href=\"https:\/\/mountlaser.com\/sq\/about-us\/\"><strong>Sistemi Mini Prizm me Shtyll\u00eb Pin-i<\/strong><\/a> kombinon sakt\u00ebsi t\u00eb lart\u00eb, nd\u00ebrtim t\u00eb q\u00ebndruesh\u00ebm dhe funksionalitet modular - ideal si p\u00ebr kontrolle afatshkurtra n\u00eb vend ashtu edhe p\u00ebr projekte monitorimi afatgjata.<\/p>\n<p>I projektuar p\u00ebr sakt\u00ebsi, Prizmi Mini Rr\u00ebshqit\u00ebs me Shtyll\u00eb SP060 p\u00ebrmban nj\u00eb mini priz\u00ebm me precizion t\u00eb lart\u00eb me nj\u00eb zhvendosje t\u00eb v\u00ebrtet\u00eb prej 0 mm, duke siguruar shtrirje perfekte p\u00ebr matjen e distanc\u00ebs. Prizmi \u00ebsht\u00eb i disponuesh\u00ebm me veshje bakri ose argjendi p\u00ebr t&#039;iu p\u00ebrshtatur k\u00ebrkesave t\u00eb ndryshme t\u00eb matjes dhe kushteve mjedisore. I nd\u00ebrtuar me alumin t\u00eb anodizuar t\u00eb p\u00ebrpunuar me makin\u00eb CNC, ai ofron q\u00ebndrueshm\u00ebri dhe rezistenc\u00eb t\u00eb jasht\u00ebzakonshme ndaj korrozionit, duke e b\u00ebr\u00eb at\u00eb nj\u00eb zgjedhje t\u00eb besueshme p\u00ebr aplikime n\u00eb terren t\u00eb v\u00ebshtira.<\/p>\n<p><img fetchpriority=\"high\" decoding=\"async\" class=\"aligncenter wp-image-3454\" src=\"https:\/\/mountlaser.com\/wp-content\/uploads\/2025\/11\/5-9SP0601.webp\" alt=\"SP060 Sliding Mini Prism with Pole\" width=\"500\" height=\"500\" srcset=\"https:\/\/mountlaser.com\/wp-content\/uploads\/2025\/11\/5-9SP0601.webp 1000w, https:\/\/mountlaser.com\/wp-content\/uploads\/2025\/11\/5-9SP0601-300x300.webp 300w, https:\/\/mountlaser.com\/wp-content\/uploads\/2025\/11\/5-9SP0601-400x400.webp 400w, https:\/\/mountlaser.com\/wp-content\/uploads\/2025\/11\/5-9SP0601-800x800.webp 800w, https:\/\/mountlaser.com\/wp-content\/uploads\/2025\/11\/5-9SP0601-600x600.webp 600w, https:\/\/mountlaser.com\/wp-content\/uploads\/2025\/11\/5-9SP0601-150x150.webp 150w, https:\/\/mountlaser.com\/wp-content\/uploads\/2025\/11\/5-9SP0601-768x768.webp 768w, https:\/\/mountlaser.com\/wp-content\/uploads\/2025\/11\/5-9SP0601-12x12.webp 12w\" sizes=\"(max-width: 500px) 100vw, 500px\" \/><\/p>\n<p>I\/E\/T\u00eb\/T\u00eb <a href=\"https:\/\/mountlaser.com\/sq\/contact-us\/\">Sistemi Mini Prizm me Shtyll\u00eb Pin-i<\/a> Vjen i pajisur me kone an\u00ebsore t\u00eb dyfishta q\u00eb funksionojn\u00eb si nj\u00eb sistem i sigurt me ky\u00e7je t\u00eb dyfisht\u00eb, duke siguruar pozicionim t\u00eb q\u00ebndruesh\u00ebm t\u00eb prizmit. Grepi dhe p\u00ebrshtat\u00ebsi i k\u00ebndit i p\u00ebrfshir\u00eb ofrojn\u00eb instalim fleksib\u00ebl n\u00eb sip\u00ebrfaqe t\u00eb ndryshme, nd\u00ebrsa shtylla e \u00e7elikut me 3 seksione (500 mm p\u00ebr seksion, gjithsej 1.5 m) lejon lart\u00ebsi t\u00eb rregullueshme p\u00ebr konfigurime t\u00eb gjithanshme n\u00eb terren.<\/p>\n<p>P\u00ebr sakt\u00ebsi t\u00eb shtuar, p\u00ebrdoruesit mund ta \u00e7ift\u00ebzojn\u00eb Prizmin Mini Rr\u00ebshqit\u00ebs SP060 me Shtyll\u00eb me Tribrakun Mini Prizm MPT05 opsional ose zgjatimin e tubit t\u00eb aluminit p\u00ebr ngurt\u00ebsi dhe sakt\u00ebsi m\u00eb t\u00eb madhe.<\/p>","protected":false},"excerpt":{"rendered":"<p>\u2022 Konet an\u00ebsore t\u00eb dyfishta sigurojn\u00eb mbyllje t\u00eb q\u00ebndrueshme dhe p\u00ebrs\u00ebritshm\u00ebri<br \/>\n\u2022 P\u00ebrfshin grep, adaptor k\u00ebndor dhe \u00e7ant\u00eb t\u00eb but\u00eb mbajt\u00ebse<br \/>\n\u2022 I pajtuesh\u00ebm me MPT05 Mini Prism Tribrach dhe aksesor\u00ebt e zgjatimit<\/p>","protected":false},"featured_media":3459,"comment_status":"open","ping_status":"closed","template":"","meta":[],"product_brand":[],"product_cat":[72,114],"product_tag":[],"class_list":{"0":"post-3453","1":"product","2":"type-product","3":"status-publish","4":"has-post-thumbnail","6":"product_cat-reflective-target-prism","7":"product_cat-mini-prism-with-pole","9":"first","10":"instock","11":"shipping-taxable","12":"product-type-simple"},"_links":{"self":[{"href":"https:\/\/mountlaser.com\/sq\/wp-json\/wp\/v2\/product\/3453","targetHints":{"allow":["GET"]}}],"collection":[{"href":"https:\/\/mountlaser.com\/sq\/wp-json\/wp\/v2\/product"}],"about":[{"href":"https:\/\/mountlaser.com\/sq\/wp-json\/wp\/v2\/types\/product"}],"replies":[{"embeddable":true,"href":"https:\/\/mountlaser.com\/sq\/wp-json\/wp\/v2\/comments?post=3453"}],"wp:featuredmedia":[{"embeddable":true,"href":"https:\/\/mountlaser.com\/sq\/wp-json\/wp\/v2\/media\/3459"}],"wp:attachment":[{"href":"https:\/\/mountlaser.com\/sq\/wp-json\/wp\/v2\/media?parent=3453"}],"wp:term":[{"taxonomy":"product_brand","embeddable":true,"href":"https:\/\/mountlaser.com\/sq\/wp-json\/wp\/v2\/product_brand?post=3453"},{"taxonomy":"product_cat","embeddable":true,"href":"https:\/\/mountlaser.com\/sq\/wp-json\/wp\/v2\/product_cat?post=3453"},{"taxonomy":"product_tag","embeddable":true,"href":"https:\/\/mountlaser.com\/sq\/wp-json\/wp\/v2\/product_tag?post=3453"}],"curies":[{"name":"wp","href":"https:\/\/api.w.org\/{rel}","templated":true}]}}