{"id":3448,"date":"2025-11-05T09:12:55","date_gmt":"2025-11-05T09:12:55","guid":{"rendered":"https:\/\/mountlaser.com\/?post_type=product&#038;p=3448"},"modified":"2025-11-28T01:44:50","modified_gmt":"2025-11-28T01:44:50","slug":"7m-telescopic-levelling-staff","status":"publish","type":"product","link":"https:\/\/mountlaser.com\/sq\/produkt\/7m-telescopic-levelling-staff\/","title":{"rendered":"Stafi Teleskopik i Nivelimit 7M"},"content":{"rendered":"<p>Lazeri i Mountit <a href=\"https:\/\/mountlaser.com\/sq\/\"><strong>Stafi i Nivelimit t\u00eb Alumini 7M<\/strong><\/a> Vendos nj\u00eb standard t\u00eb ri p\u00ebr detyrat e nivelimit n\u00eb shkall\u00eb t\u00eb gjer\u00eb dhe me precizion t\u00eb lart\u00eb. I projektuar p\u00ebr profesionist\u00eb q\u00eb k\u00ebrkojn\u00eb shtrirje t\u00eb jasht\u00ebzakonshme dhe sakt\u00ebsi t\u00eb pal\u00ebkundur, ky shuf\u00ebr nivelimi 7M ofron performanc\u00eb t\u00eb pakrahasueshme. Nj\u00eb tipar ky\u00e7 i k\u00ebtij mjeti t\u00eb p\u00ebrparuar \u00ebsht\u00eb sistemi i tij inovativ i nivelimit prej alumini me dy faqe, i cili ofron shkall\u00eb t\u00eb qarta dhe t\u00eb lehta p\u00ebr t\u2019u lexuar n\u00eb t\u00eb dy an\u00ebt p\u00ebr shkatht\u00ebsi t\u00eb shtuar dhe leht\u00ebsi leximi n\u00eb vende pune komplekse.<\/p>\n<p>I punuar nga aliazh alumini 6061 me rezistenc\u00eb t\u00eb lart\u00eb me nj\u00eb p\u00ebrfundim mbrojt\u00ebs t\u00eb anodizuar argjendi, ky <a href=\"https:\/\/mountlaser.com\/sq\/products\/\"><strong>Stafi i nivelimit t\u00eb aluminit me dy faqe<\/strong><\/a> \u00cbsht\u00eb nd\u00ebrtuar p\u00ebr q\u00ebndrueshm\u00ebri maksimale dhe rezistenc\u00eb ndaj korrozionit, i aft\u00eb t\u00eb p\u00ebrballoj\u00eb kushtet m\u00eb t\u00eb v\u00ebshtira t\u00eb fush\u00ebs.<br \/>\nShkall\u00ebt aplikohen me kujdes duke p\u00ebrdorur shtypjen tradicionale me serigrafi dhe tharjen n\u00eb temperatur\u00eb t\u00eb lart\u00eb, duke siguruar q\u00eb shenjat t\u00eb jen\u00eb t\u00eb ngjitura p\u00ebrgjithmon\u00eb dhe rezistente ndaj motit, g\u00ebrryerjes dhe ekspozimit ndaj rrezeve UV. Ky proces garanton lexueshm\u00ebrin\u00eb afatgjat\u00eb thelb\u00ebsore p\u00ebr sistemin e nivelimit t\u00eb aluminit me dy faqe. I palossh\u00ebm p\u00ebr transport t\u00eb leht\u00eb dhe q\u00eb p\u00ebrfshin nj\u00eb \u00e7ant\u00eb t\u00eb dedikuar p\u00ebr mbajtje, ky staf 7 metrash \u00ebsht\u00eb zgjidhja juaj e plot\u00eb p\u00ebr projekte t\u00eb m\u00ebdha matjeje dhe nd\u00ebrtimi.<\/p>\n<p>Shuf\u00ebr niveluese alumini me cil\u00ebsi t\u00eb lart\u00eb. Madh\u00ebsit\u00eb standarde p\u00ebrfshijn\u00eb seksion 7m\/5.<\/p>\n<p><img fetchpriority=\"high\" decoding=\"async\" class=\"wp-image-3428 aligncenter\" src=\"https:\/\/mountlaser.com\/wp-content\/uploads\/2025\/11\/0b2093a1-9948-45d7-b293-7bf17d80b027_\u526f\u672c.webp\" alt=\"Aluminum Dual Faces Levelling staff\" width=\"500\" height=\"500\" srcset=\"https:\/\/mountlaser.com\/wp-content\/uploads\/2025\/11\/0b2093a1-9948-45d7-b293-7bf17d80b027_\u526f\u672c.webp 800w, https:\/\/mountlaser.com\/wp-content\/uploads\/2025\/11\/0b2093a1-9948-45d7-b293-7bf17d80b027_\u526f\u672c-300x300.webp 300w, https:\/\/mountlaser.com\/wp-content\/uploads\/2025\/11\/0b2093a1-9948-45d7-b293-7bf17d80b027_\u526f\u672c-400x400.webp 400w, https:\/\/mountlaser.com\/wp-content\/uploads\/2025\/11\/0b2093a1-9948-45d7-b293-7bf17d80b027_\u526f\u672c-600x600.webp 600w, https:\/\/mountlaser.com\/wp-content\/uploads\/2025\/11\/0b2093a1-9948-45d7-b293-7bf17d80b027_\u526f\u672c-150x150.webp 150w, https:\/\/mountlaser.com\/wp-content\/uploads\/2025\/11\/0b2093a1-9948-45d7-b293-7bf17d80b027_\u526f\u672c-768x768.webp 768w, https:\/\/mountlaser.com\/wp-content\/uploads\/2025\/11\/0b2093a1-9948-45d7-b293-7bf17d80b027_\u526f\u672c-12x12.webp 12w\" sizes=\"(max-width: 500px) 100vw, 500px\" \/><br \/>\nImazhi tregon lloje t\u00eb ndryshme p\u00ebrshkrimesh p\u00ebr t\u00eb zgjedhur.<\/p>\n<p><img decoding=\"async\" class=\"aligncenter wp-image-3429\" src=\"https:\/\/mountlaser.com\/wp-content\/uploads\/2025\/11\/228c0b4c-8469-40d6-a029-3e5a5f677176_\u526f\u672c.webp\" alt=\"Aluminum Dual Faces Levelling staff\" width=\"500\" height=\"500\" srcset=\"https:\/\/mountlaser.com\/wp-content\/uploads\/2025\/11\/228c0b4c-8469-40d6-a029-3e5a5f677176_\u526f\u672c.webp 800w, https:\/\/mountlaser.com\/wp-content\/uploads\/2025\/11\/228c0b4c-8469-40d6-a029-3e5a5f677176_\u526f\u672c-300x300.webp 300w, https:\/\/mountlaser.com\/wp-content\/uploads\/2025\/11\/228c0b4c-8469-40d6-a029-3e5a5f677176_\u526f\u672c-400x400.webp 400w, https:\/\/mountlaser.com\/wp-content\/uploads\/2025\/11\/228c0b4c-8469-40d6-a029-3e5a5f677176_\u526f\u672c-600x600.webp 600w, https:\/\/mountlaser.com\/wp-content\/uploads\/2025\/11\/228c0b4c-8469-40d6-a029-3e5a5f677176_\u526f\u672c-150x150.webp 150w, https:\/\/mountlaser.com\/wp-content\/uploads\/2025\/11\/228c0b4c-8469-40d6-a029-3e5a5f677176_\u526f\u672c-768x768.webp 768w, https:\/\/mountlaser.com\/wp-content\/uploads\/2025\/11\/228c0b4c-8469-40d6-a029-3e5a5f677176_\u526f\u672c-12x12.webp 12w\" sizes=\"(max-width: 500px) 100vw, 500px\" \/><\/p>\n<p>Kur projekti juaj k\u00ebrkon si gam\u00eb t\u00eb gjer\u00eb ashtu edhe funksionalitet superior, kjo <a href=\"https:\/\/mountlaser.com\/sq\/about-us\/\">Shuf\u00ebr niveluese alumini me cil\u00ebsi t\u00eb lart\u00eb<\/a> \u00ebsht\u00eb zgjedhja p\u00ebrfundimtare p\u00ebr arritjen e rezultateve t\u00eb sakta n\u00eb m\u00ebnyr\u00eb efikase.<\/p>","protected":false},"excerpt":{"rendered":"<ul>\n<li>Shkop nivelues alumini me dy faqe. Ofron nj\u00eb shtrirje t\u00eb plot\u00eb prej 7 metrash p\u00ebr p\u00ebrcaktimin e ndryshimeve t\u00eb lart\u00ebsis\u00eb n\u00eb distanca t\u00eb gjera me nivela lazeri dhe optike.<\/li>\n<li>Dizajni inovativ i nivelimit t\u00eb dyfisht\u00eb t\u00eb aluminit lejon lexim t\u00eb leht\u00eb nga k\u00ebnde dhe pozicione t\u00eb ndryshme, duke p\u00ebrmir\u00ebsuar efikasitetin e rrjedh\u00ebs s\u00eb pun\u00ebs.<\/li>\n<\/ul>","protected":false},"featured_media":3450,"comment_status":"open","ping_status":"closed","template":"","meta":[],"product_brand":[],"product_cat":[90],"product_tag":[],"class_list":{"0":"post-3448","1":"product","2":"type-product","3":"status-publish","4":"has-post-thumbnail","6":"product_cat-leveling-staff","8":"first","9":"instock","10":"shipping-taxable","11":"product-type-simple"},"_links":{"self":[{"href":"https:\/\/mountlaser.com\/sq\/wp-json\/wp\/v2\/product\/3448","targetHints":{"allow":["GET"]}}],"collection":[{"href":"https:\/\/mountlaser.com\/sq\/wp-json\/wp\/v2\/product"}],"about":[{"href":"https:\/\/mountlaser.com\/sq\/wp-json\/wp\/v2\/types\/product"}],"replies":[{"embeddable":true,"href":"https:\/\/mountlaser.com\/sq\/wp-json\/wp\/v2\/comments?post=3448"}],"wp:featuredmedia":[{"embeddable":true,"href":"https:\/\/mountlaser.com\/sq\/wp-json\/wp\/v2\/media\/3450"}],"wp:attachment":[{"href":"https:\/\/mountlaser.com\/sq\/wp-json\/wp\/v2\/media?parent=3448"}],"wp:term":[{"taxonomy":"product_brand","embeddable":true,"href":"https:\/\/mountlaser.com\/sq\/wp-json\/wp\/v2\/product_brand?post=3448"},{"taxonomy":"product_cat","embeddable":true,"href":"https:\/\/mountlaser.com\/sq\/wp-json\/wp\/v2\/product_cat?post=3448"},{"taxonomy":"product_tag","embeddable":true,"href":"https:\/\/mountlaser.com\/sq\/wp-json\/wp\/v2\/product_tag?post=3448"}],"curies":[{"name":"wp","href":"https:\/\/api.w.org\/{rel}","templated":true}]}}