{"id":3441,"date":"2025-11-05T09:00:30","date_gmt":"2025-11-05T09:00:30","guid":{"rendered":"https:\/\/mountlaser.com\/?post_type=product&#038;p=3441"},"modified":"2025-11-28T02:09:25","modified_gmt":"2025-11-28T02:09:25","slug":"5m-aluminum-leveling-staff","status":"publish","type":"product","link":"https:\/\/mountlaser.com\/sq\/produkt\/5m-aluminum-leveling-staff\/","title":{"rendered":"Stafi i Nivelimit t\u00eb Alumini 5M"},"content":{"rendered":"<p><a href=\"https:\/\/mountlaser.com\/sq\/\"><strong>Stafi i Nivelimit t\u00eb Alumini 5M<\/strong><\/a> \u00ebsht\u00eb projektuar p\u00ebr profesionist\u00eb q\u00eb k\u00ebrkojn\u00eb shtrirje t\u00eb zgjeruar pa b\u00ebr\u00eb kompromis n\u00eb transportueshm\u00ebri ose sakt\u00ebsi. I referuar gjithashtu si Shuf\u00ebr Nivelimi Alumini 5M, ky mjet \u00ebsht\u00eb nj\u00eb zgjidhje p\u00ebrfundimtare p\u00ebr projekte matjeje dhe nd\u00ebrtimi n\u00eb shkall\u00eb t\u00eb gjer\u00eb. Shufra jon\u00eb Teleskopike Nivelimi Alumini 5M shtrihet n\u00eb nj\u00eb gjat\u00ebsi t\u00eb plot\u00eb prej 5 metrash, duke siguruar gam\u00ebn e nevojshme p\u00ebr matje gjith\u00ebp\u00ebrfshir\u00ebse t\u00eb lart\u00ebsis\u00eb me nivela lazeri dhe optike. Dizajni i saj inovativ me 5 seksione e b\u00ebn k\u00ebt\u00eb Staf Moderimi Alumini 5 Metrash me 5 Seksione jasht\u00ebzakonisht kompakt kur paloset, duke siguruar transport dhe ruajtje t\u00eb leht\u00eb.<\/p>\n<p>I nd\u00ebrtuar nga aliazh alumini 6061 me rezistenc\u00eb t\u00eb lart\u00eb me nj\u00eb shtres\u00eb argjendi t\u00eb anodizuar, ky shkop \u00ebsht\u00eb nd\u00ebrtuar p\u00ebr t&#039;i rezistuar korrozionit dhe p\u00ebr t&#039;i b\u00ebr\u00eb ball\u00eb p\u00ebrdorimit t\u00eb p\u00ebrditsh\u00ebm rigoroz. Graduacionet aplikohen duke p\u00ebrdorur shtypjen tradicionale t\u00eb serigrafis\u00eb, e ndjekur nga tharja n\u00eb temperatur\u00eb t\u00eb lart\u00eb, duke rezultuar n\u00eb nj\u00eb shkall\u00eb q\u00eb \u00ebsht\u00eb shum\u00eb rezistente ndaj motit, g\u00ebrryerjes dhe zbehjes. Kjo siguron qart\u00ebsin\u00eb dhe besueshm\u00ebrin\u00eb afatgjat\u00eb t\u00eb k\u00ebtij shufre niveluese alumini teleskopike 5M. I kompletuar me nj\u00eb \u00e7ant\u00eb mbrojt\u00ebse mbajt\u00ebse, ky <a href=\"https:\/\/mountlaser.com\/sq\/about-us\/\"><strong>Stafi i Anketimit t\u00eb Alumini me 5 Seksione 5 Metra<\/strong><\/a> \u00ebsht\u00eb nj\u00eb komplet i plot\u00eb dhe i gatsh\u00ebm p\u00ebr t\u2019u p\u00ebrdorur p\u00ebr \u00e7do vend pune.<\/p>\n<p>&nbsp;<\/p>\n<p>Madh\u00ebsit\u00eb standarde p\u00ebrfshijn\u00eb 5m\/5-seksion<\/p>\n<p>Imazhi tregon lloje t\u00eb ndryshme p\u00ebrshkrimesh p\u00ebr t\u00eb zgjedhur.<img fetchpriority=\"high\" decoding=\"async\" class=\"alignnone wp-image-3428\" src=\"https:\/\/mountlaser.com\/wp-content\/uploads\/2025\/11\/0b2093a1-9948-45d7-b293-7bf17d80b027_\u526f\u672c.webp\" alt=\"5 Meter 5-Section Aluminium Survey Staff\" width=\"500\" height=\"500\" srcset=\"https:\/\/mountlaser.com\/wp-content\/uploads\/2025\/11\/0b2093a1-9948-45d7-b293-7bf17d80b027_\u526f\u672c.webp 800w, https:\/\/mountlaser.com\/wp-content\/uploads\/2025\/11\/0b2093a1-9948-45d7-b293-7bf17d80b027_\u526f\u672c-300x300.webp 300w, https:\/\/mountlaser.com\/wp-content\/uploads\/2025\/11\/0b2093a1-9948-45d7-b293-7bf17d80b027_\u526f\u672c-400x400.webp 400w, https:\/\/mountlaser.com\/wp-content\/uploads\/2025\/11\/0b2093a1-9948-45d7-b293-7bf17d80b027_\u526f\u672c-600x600.webp 600w, https:\/\/mountlaser.com\/wp-content\/uploads\/2025\/11\/0b2093a1-9948-45d7-b293-7bf17d80b027_\u526f\u672c-150x150.webp 150w, https:\/\/mountlaser.com\/wp-content\/uploads\/2025\/11\/0b2093a1-9948-45d7-b293-7bf17d80b027_\u526f\u672c-768x768.webp 768w, https:\/\/mountlaser.com\/wp-content\/uploads\/2025\/11\/0b2093a1-9948-45d7-b293-7bf17d80b027_\u526f\u672c-12x12.webp 12w\" sizes=\"(max-width: 500px) 100vw, 500px\" \/><\/p>\n<p>&nbsp;<\/p>\n<p><img decoding=\"async\" class=\"aligncenter wp-image-3429\" src=\"https:\/\/mountlaser.com\/wp-content\/uploads\/2025\/11\/228c0b4c-8469-40d6-a029-3e5a5f677176_\u526f\u672c.webp\" alt=\"5 Meter 5-Section Aluminium Survey Staff\" width=\"500\" height=\"500\" srcset=\"https:\/\/mountlaser.com\/wp-content\/uploads\/2025\/11\/228c0b4c-8469-40d6-a029-3e5a5f677176_\u526f\u672c.webp 800w, https:\/\/mountlaser.com\/wp-content\/uploads\/2025\/11\/228c0b4c-8469-40d6-a029-3e5a5f677176_\u526f\u672c-300x300.webp 300w, https:\/\/mountlaser.com\/wp-content\/uploads\/2025\/11\/228c0b4c-8469-40d6-a029-3e5a5f677176_\u526f\u672c-400x400.webp 400w, https:\/\/mountlaser.com\/wp-content\/uploads\/2025\/11\/228c0b4c-8469-40d6-a029-3e5a5f677176_\u526f\u672c-600x600.webp 600w, https:\/\/mountlaser.com\/wp-content\/uploads\/2025\/11\/228c0b4c-8469-40d6-a029-3e5a5f677176_\u526f\u672c-150x150.webp 150w, https:\/\/mountlaser.com\/wp-content\/uploads\/2025\/11\/228c0b4c-8469-40d6-a029-3e5a5f677176_\u526f\u672c-768x768.webp 768w, https:\/\/mountlaser.com\/wp-content\/uploads\/2025\/11\/228c0b4c-8469-40d6-a029-3e5a5f677176_\u526f\u672c-12x12.webp 12w\" sizes=\"(max-width: 500px) 100vw, 500px\" \/><\/p>","protected":false},"excerpt":{"rendered":"<ul>\n<li>Si nj\u00eb Staf Anketimi prej Alumini 5 Metrash me 5 Seksione, ai paloset n\u00eb nj\u00eb nj\u00ebsi t\u00eb vog\u00ebl dhe t\u00eb menaxhueshme, duke e b\u00ebr\u00eb tep\u00ebr t\u00eb leht\u00eb p\u00ebr t&#039;u mbajtur dhe ruajtur.<\/li>\n<li>P\u00ebrfshin nj\u00eb \u00e7ant\u00eb t\u00eb dobishme mbajt\u00ebse, duke e b\u00ebr\u00eb t\u00eb gjith\u00eb sistemin e shufr\u00ebs teleskopike t\u00eb nivelimit t\u00eb aluminit 5M t\u00eb l\u00ebvizsh\u00ebm dhe t\u00eb mbrojtur gjat\u00eb transportit.<\/li>\n<\/ul>","protected":false},"featured_media":3446,"comment_status":"open","ping_status":"closed","template":"","meta":[],"product_brand":[],"product_cat":[90],"product_tag":[],"class_list":{"0":"post-3441","1":"product","2":"type-product","3":"status-publish","4":"has-post-thumbnail","6":"product_cat-leveling-staff","8":"first","9":"instock","10":"shipping-taxable","11":"product-type-simple"},"_links":{"self":[{"href":"https:\/\/mountlaser.com\/sq\/wp-json\/wp\/v2\/product\/3441","targetHints":{"allow":["GET"]}}],"collection":[{"href":"https:\/\/mountlaser.com\/sq\/wp-json\/wp\/v2\/product"}],"about":[{"href":"https:\/\/mountlaser.com\/sq\/wp-json\/wp\/v2\/types\/product"}],"replies":[{"embeddable":true,"href":"https:\/\/mountlaser.com\/sq\/wp-json\/wp\/v2\/comments?post=3441"}],"wp:featuredmedia":[{"embeddable":true,"href":"https:\/\/mountlaser.com\/sq\/wp-json\/wp\/v2\/media\/3446"}],"wp:attachment":[{"href":"https:\/\/mountlaser.com\/sq\/wp-json\/wp\/v2\/media?parent=3441"}],"wp:term":[{"taxonomy":"product_brand","embeddable":true,"href":"https:\/\/mountlaser.com\/sq\/wp-json\/wp\/v2\/product_brand?post=3441"},{"taxonomy":"product_cat","embeddable":true,"href":"https:\/\/mountlaser.com\/sq\/wp-json\/wp\/v2\/product_cat?post=3441"},{"taxonomy":"product_tag","embeddable":true,"href":"https:\/\/mountlaser.com\/sq\/wp-json\/wp\/v2\/product_tag?post=3441"}],"curies":[{"name":"wp","href":"https:\/\/api.w.org\/{rel}","templated":true}]}}