{"id":3435,"date":"2025-11-05T08:52:36","date_gmt":"2025-11-05T08:52:36","guid":{"rendered":"https:\/\/mountlaser.com\/?post_type=product&#038;p=3435"},"modified":"2025-11-28T02:15:49","modified_gmt":"2025-11-28T02:15:49","slug":"4m-aluminum-leveling-staff","status":"publish","type":"product","link":"https:\/\/mountlaser.com\/sq\/produkt\/4m-aluminum-leveling-staff\/","title":{"rendered":"Stafi i Nivelimit t\u00eb Alumini 4M"},"content":{"rendered":"<p><a href=\"https:\/\/mountlaser.com\/sq\/\"><strong>Stafi i Nivelimit t\u00eb Alumini 4M<\/strong><\/a> \u00ebsht\u00eb nj\u00eb mjet i nivelit profesional i projektuar p\u00ebr sakt\u00ebsi dhe efikasitet n\u00eb vendin e pun\u00ebs. I njohur gjithashtu si Shuf\u00ebr Nivelimi Alumini 4M, ky produkt \u00ebsht\u00eb projektuar p\u00ebr t\u00eb p\u00ebrmbushur k\u00ebrkesat rigoroze t\u00eb gjeodet\u00ebve dhe profesionist\u00ebve t\u00eb nd\u00ebrtimit.<\/p>\n<p>Si nj\u00eb shuf\u00ebr niveluese teleskopike e fuqishme, ajo shtrihet n\u00eb nj\u00eb gjat\u00ebsi t\u00eb plot\u00eb prej 4 metrash, duke siguruar shtrirjen e nevojshme p\u00ebr nj\u00eb gam\u00eb t\u00eb gjer\u00eb detyrash matjeje me nivela lazeri dhe optike.<\/p>\n<p>&nbsp;<\/p>\n<p>I prodhuar nga aliazh alumini 6061 me rezistenc\u00eb t\u00eb lart\u00eb me nj\u00eb shtres\u00eb mbrojt\u00ebse argjendi t\u00eb anodizuar, ky Staf Anketimi Alumini \u00ebsht\u00eb nd\u00ebrtuar p\u00ebr q\u00ebndrueshm\u00ebri dhe jet\u00ebgjat\u00ebsi t\u00eb shtuar. Ai reziston n\u00eb m\u00ebnyr\u00eb efektive ndaj korrozionit dhe p\u00ebrballon sfidat e mjediseve t\u00eb ashpra t\u00eb jashtme. Shkalla e qart\u00eb aplikohet duke p\u00ebrdorur shtypjen tradicionale t\u00eb serigrafis\u00eb dhe tharjen n\u00eb temperatur\u00eb t\u00eb lart\u00eb, duke siguruar ngjitje superiore q\u00eb \u00ebsht\u00eb rezistente ndaj motit dhe g\u00ebrryerjes. Kjo i b\u00ebn shenjat n\u00eb k\u00ebt\u00eb <a href=\"https:\/\/mountlaser.com\/sq\/products\/\"><strong>Shuf\u00ebr teleskopike p\u00ebr nivelim<\/strong><\/a> i leht\u00eb p\u00ebr t\u2019u lexuar dhe jet\u00ebgjat\u00eb, madje edhe me p\u00ebrdorim t\u00eb r\u00ebnd\u00eb. P\u00ebrfshirja e nj\u00eb qeseje mbajt\u00ebse e b\u00ebn k\u00ebt\u00eb Staf Anketimi Alumini portativ t\u00eb leht\u00eb p\u00ebr t\u2019u transportuar dhe ruajtur, duke kompletuar nj\u00eb zgjidhje gjith\u00ebp\u00ebrfshir\u00ebse p\u00ebr \u00e7do profesionist.<\/p>\n<p>Madh\u00ebsit\u00eb standarde p\u00ebrfshijn\u00eb <a href=\"https:\/\/mountlaser.com\/sq\/contact-us\/\">4m\/4-seksion<\/a><\/p>\n<p><img fetchpriority=\"high\" decoding=\"async\" class=\"wp-image-3428 aligncenter\" src=\"https:\/\/mountlaser.com\/wp-content\/uploads\/2025\/11\/0b2093a1-9948-45d7-b293-7bf17d80b027_\u526f\u672c.webp\" alt=\"Telescopic Leveling Rod\" width=\"500\" height=\"500\" srcset=\"https:\/\/mountlaser.com\/wp-content\/uploads\/2025\/11\/0b2093a1-9948-45d7-b293-7bf17d80b027_\u526f\u672c.webp 800w, https:\/\/mountlaser.com\/wp-content\/uploads\/2025\/11\/0b2093a1-9948-45d7-b293-7bf17d80b027_\u526f\u672c-300x300.webp 300w, https:\/\/mountlaser.com\/wp-content\/uploads\/2025\/11\/0b2093a1-9948-45d7-b293-7bf17d80b027_\u526f\u672c-400x400.webp 400w, https:\/\/mountlaser.com\/wp-content\/uploads\/2025\/11\/0b2093a1-9948-45d7-b293-7bf17d80b027_\u526f\u672c-600x600.webp 600w, https:\/\/mountlaser.com\/wp-content\/uploads\/2025\/11\/0b2093a1-9948-45d7-b293-7bf17d80b027_\u526f\u672c-150x150.webp 150w, https:\/\/mountlaser.com\/wp-content\/uploads\/2025\/11\/0b2093a1-9948-45d7-b293-7bf17d80b027_\u526f\u672c-768x768.webp 768w, https:\/\/mountlaser.com\/wp-content\/uploads\/2025\/11\/0b2093a1-9948-45d7-b293-7bf17d80b027_\u526f\u672c-12x12.webp 12w\" sizes=\"(max-width: 500px) 100vw, 500px\" \/><\/p>\n<p>Imazhi tregon lloje t\u00eb ndryshme p\u00ebrshkrimesh p\u00ebr t\u00eb zgjedhur.<\/p>\n<p><img decoding=\"async\" class=\"aligncenter wp-image-3429\" src=\"https:\/\/mountlaser.com\/wp-content\/uploads\/2025\/11\/228c0b4c-8469-40d6-a029-3e5a5f677176_\u526f\u672c.webp\" alt=\"Telescopic Leveling Rod\" width=\"500\" height=\"500\" srcset=\"https:\/\/mountlaser.com\/wp-content\/uploads\/2025\/11\/228c0b4c-8469-40d6-a029-3e5a5f677176_\u526f\u672c.webp 800w, https:\/\/mountlaser.com\/wp-content\/uploads\/2025\/11\/228c0b4c-8469-40d6-a029-3e5a5f677176_\u526f\u672c-300x300.webp 300w, https:\/\/mountlaser.com\/wp-content\/uploads\/2025\/11\/228c0b4c-8469-40d6-a029-3e5a5f677176_\u526f\u672c-400x400.webp 400w, https:\/\/mountlaser.com\/wp-content\/uploads\/2025\/11\/228c0b4c-8469-40d6-a029-3e5a5f677176_\u526f\u672c-600x600.webp 600w, https:\/\/mountlaser.com\/wp-content\/uploads\/2025\/11\/228c0b4c-8469-40d6-a029-3e5a5f677176_\u526f\u672c-150x150.webp 150w, https:\/\/mountlaser.com\/wp-content\/uploads\/2025\/11\/228c0b4c-8469-40d6-a029-3e5a5f677176_\u526f\u672c-768x768.webp 768w, https:\/\/mountlaser.com\/wp-content\/uploads\/2025\/11\/228c0b4c-8469-40d6-a029-3e5a5f677176_\u526f\u672c-12x12.webp 12w\" sizes=\"(max-width: 500px) 100vw, 500px\" \/><\/p>","protected":false},"excerpt":{"rendered":"<ul>\n<li>Sh\u00ebrben si nj\u00eb shuf\u00ebr teleskopike niveluese 4 metra p\u00ebr p\u00ebrcaktimin e sakt\u00eb t\u00eb ndryshimeve n\u00eb lart\u00ebsi dhe lart\u00ebsive me instrumente t\u00eb ndryshme nivelimi.<\/li>\n<li>Ka nj\u00eb shkall\u00eb shum\u00eb t\u00eb lexueshme, rezistente ndaj motit dhe korrozionit, e cila \u00ebsht\u00eb e serigrafizuar me m\u00ebndafsh dhe e thar\u00eb me nxeht\u00ebsi p\u00ebr q\u00ebndrueshm\u00ebri dhe qart\u00ebsi maksimale.<\/li>\n<\/ul>","protected":false},"featured_media":3439,"comment_status":"open","ping_status":"closed","template":"","meta":[],"product_brand":[],"product_cat":[90],"product_tag":[],"class_list":{"0":"post-3435","1":"product","2":"type-product","3":"status-publish","4":"has-post-thumbnail","6":"product_cat-leveling-staff","8":"first","9":"instock","10":"shipping-taxable","11":"product-type-simple"},"_links":{"self":[{"href":"https:\/\/mountlaser.com\/sq\/wp-json\/wp\/v2\/product\/3435","targetHints":{"allow":["GET"]}}],"collection":[{"href":"https:\/\/mountlaser.com\/sq\/wp-json\/wp\/v2\/product"}],"about":[{"href":"https:\/\/mountlaser.com\/sq\/wp-json\/wp\/v2\/types\/product"}],"replies":[{"embeddable":true,"href":"https:\/\/mountlaser.com\/sq\/wp-json\/wp\/v2\/comments?post=3435"}],"wp:featuredmedia":[{"embeddable":true,"href":"https:\/\/mountlaser.com\/sq\/wp-json\/wp\/v2\/media\/3439"}],"wp:attachment":[{"href":"https:\/\/mountlaser.com\/sq\/wp-json\/wp\/v2\/media?parent=3435"}],"wp:term":[{"taxonomy":"product_brand","embeddable":true,"href":"https:\/\/mountlaser.com\/sq\/wp-json\/wp\/v2\/product_brand?post=3435"},{"taxonomy":"product_cat","embeddable":true,"href":"https:\/\/mountlaser.com\/sq\/wp-json\/wp\/v2\/product_cat?post=3435"},{"taxonomy":"product_tag","embeddable":true,"href":"https:\/\/mountlaser.com\/sq\/wp-json\/wp\/v2\/product_tag?post=3435"}],"curies":[{"name":"wp","href":"https:\/\/api.w.org\/{rel}","templated":true}]}}