{"id":3427,"date":"2025-11-05T08:38:37","date_gmt":"2025-11-05T08:38:37","guid":{"rendered":"https:\/\/mountlaser.com\/?post_type=product&#038;p=3427"},"modified":"2025-11-28T02:22:32","modified_gmt":"2025-11-28T02:22:32","slug":"3m-aluminum-leveling-staff","status":"publish","type":"product","link":"https:\/\/mountlaser.com\/sq\/produkt\/3m-aluminum-leveling-staff\/","title":{"rendered":"Stafi i Nivelimit t\u00eb Alumini 3M"},"content":{"rendered":"<p>Lazeri i Mountit <a href=\"https:\/\/mountlaser.com\/sq\/\u3001\/\"><strong>Stafi i Nivelimit t\u00eb Alumini 3M<\/strong> <\/a>(i referuar edhe si Shuf\u00ebr Nivelimi) \u00ebsht\u00eb nj\u00eb Shkop Nivelimi Teleskopik me precizion t\u00eb lart\u00eb i projektuar p\u00ebr aplikime profesionale n\u00eb matje dhe nd\u00ebrtim. I prodhuar nga aliazh alumini 6061 me rezistenc\u00eb t\u00eb lart\u00eb me nj\u00eb shtres\u00eb t\u00eb anodizuar argjendi, ai ofron nj\u00eb raport t\u00eb jasht\u00ebzakonsh\u00ebm force-peshe, duke e b\u00ebr\u00eb at\u00eb si t\u00eb leht\u00eb ashtu edhe tep\u00ebr t\u00eb q\u00ebndruesh\u00ebm. \u00cbsht\u00eb i disponuesh\u00ebm n\u00eb opsione me trash\u00ebsi muri 1.0 mm dhe 0.8 mm p\u00ebr t&#039;iu p\u00ebrshtatur k\u00ebrkesave specifike t\u00eb pun\u00ebs.<\/p>\n<p>Kjo <a href=\"https:\/\/mountlaser.com\/sq\/about-us\/\"><strong>Stafi i Topografis\u00eb s\u00eb Precizionit<\/strong><\/a> P\u00ebrmban nj\u00eb shkall\u00eb t\u00eb qart\u00eb dhe t\u00eb p\u00ebrhershme t\u00eb aplikuar n\u00ebp\u00ebrmjet shtypjes tradicionale me serigrafi dhe tharjes n\u00eb temperatur\u00eb t\u00eb lart\u00eb, duke siguruar q\u00eb shenjat t\u00eb jen\u00eb shum\u00eb rezistente ndaj motit, korrozionit dhe g\u00ebrryerjes. Shkalla n\u00eb pjes\u00ebn e pasme lejon leximin e leht\u00eb t\u00eb lart\u00ebsis\u00eb s\u00eb p\u00ebrgjithshme. Duke u shtrir\u00eb n\u00eb nj\u00eb gjat\u00ebsi t\u00eb plot\u00eb prej 3 metrash, \u00ebsht\u00eb ideale p\u00ebr p\u00ebrdorim si me nivela lazeri ashtu edhe me optik\u00eb. Si nj\u00eb shkop nivelimi teleskopik i gjithansh\u00ebm dhe i rregulluesh\u00ebm, ai p\u00ebrfshin nj\u00eb \u00e7ant\u00eb mbajt\u00ebse p\u00ebr transportueshm\u00ebri maksimale, duke e b\u00ebr\u00eb at\u00eb nj\u00eb mjet t\u00eb leht\u00eb p\u00ebr t\u2019u p\u00ebrdorur dhe t\u00eb besuesh\u00ebm p\u00ebr nj\u00eb gam\u00eb t\u00eb gjer\u00eb nevojash matjeje.<\/p>\n<p>&nbsp;<\/p>\n<p>Madh\u00ebsit\u00eb standarde p\u00ebrfshijn\u00eb 3m\/3-seksion.<img fetchpriority=\"high\" decoding=\"async\" class=\"aligncenter wp-image-3428\" src=\"https:\/\/mountlaser.com\/wp-content\/uploads\/2025\/11\/0b2093a1-9948-45d7-b293-7bf17d80b027_\u526f\u672c.webp\" alt=\"Telescopic Leveling Staff\" width=\"500\" height=\"500\" srcset=\"https:\/\/mountlaser.com\/wp-content\/uploads\/2025\/11\/0b2093a1-9948-45d7-b293-7bf17d80b027_\u526f\u672c.webp 800w, https:\/\/mountlaser.com\/wp-content\/uploads\/2025\/11\/0b2093a1-9948-45d7-b293-7bf17d80b027_\u526f\u672c-300x300.webp 300w, https:\/\/mountlaser.com\/wp-content\/uploads\/2025\/11\/0b2093a1-9948-45d7-b293-7bf17d80b027_\u526f\u672c-400x400.webp 400w, https:\/\/mountlaser.com\/wp-content\/uploads\/2025\/11\/0b2093a1-9948-45d7-b293-7bf17d80b027_\u526f\u672c-600x600.webp 600w, https:\/\/mountlaser.com\/wp-content\/uploads\/2025\/11\/0b2093a1-9948-45d7-b293-7bf17d80b027_\u526f\u672c-150x150.webp 150w, https:\/\/mountlaser.com\/wp-content\/uploads\/2025\/11\/0b2093a1-9948-45d7-b293-7bf17d80b027_\u526f\u672c-768x768.webp 768w, https:\/\/mountlaser.com\/wp-content\/uploads\/2025\/11\/0b2093a1-9948-45d7-b293-7bf17d80b027_\u526f\u672c-12x12.webp 12w\" sizes=\"(max-width: 500px) 100vw, 500px\" \/><\/p>\n<p>Imazhi tregon lloje t\u00eb ndryshme p\u00ebrshkrimesh p\u00ebr t\u00eb zgjedhur.<\/p>\n<p><img decoding=\"async\" class=\"aligncenter wp-image-3429\" src=\"https:\/\/mountlaser.com\/wp-content\/uploads\/2025\/11\/228c0b4c-8469-40d6-a029-3e5a5f677176_\u526f\u672c.webp\" alt=\"Telescopic Leveling Staff\" width=\"500\" height=\"500\" srcset=\"https:\/\/mountlaser.com\/wp-content\/uploads\/2025\/11\/228c0b4c-8469-40d6-a029-3e5a5f677176_\u526f\u672c.webp 800w, https:\/\/mountlaser.com\/wp-content\/uploads\/2025\/11\/228c0b4c-8469-40d6-a029-3e5a5f677176_\u526f\u672c-300x300.webp 300w, https:\/\/mountlaser.com\/wp-content\/uploads\/2025\/11\/228c0b4c-8469-40d6-a029-3e5a5f677176_\u526f\u672c-400x400.webp 400w, https:\/\/mountlaser.com\/wp-content\/uploads\/2025\/11\/228c0b4c-8469-40d6-a029-3e5a5f677176_\u526f\u672c-600x600.webp 600w, https:\/\/mountlaser.com\/wp-content\/uploads\/2025\/11\/228c0b4c-8469-40d6-a029-3e5a5f677176_\u526f\u672c-150x150.webp 150w, https:\/\/mountlaser.com\/wp-content\/uploads\/2025\/11\/228c0b4c-8469-40d6-a029-3e5a5f677176_\u526f\u672c-768x768.webp 768w, https:\/\/mountlaser.com\/wp-content\/uploads\/2025\/11\/228c0b4c-8469-40d6-a029-3e5a5f677176_\u526f\u672c-12x12.webp 12w\" sizes=\"(max-width: 500px) 100vw, 500px\" \/><\/p>","protected":false},"excerpt":{"rendered":"<ul>\n<li>Funksionon si nj\u00eb shkop nivelimi teleskopik 3-met\u00ebrsh p\u00ebr p\u00ebrcaktimin e ndryshimeve n\u00eb lart\u00ebsi dhe lart\u00ebsive me nivela optike ose lazer.<\/li>\n<li>Shkalla n\u00eb pjes\u00ebn e pasme ofron nj\u00eb lexim t\u00eb p\u00ebrshtatsh\u00ebm t\u00eb lart\u00ebsis\u00eb s\u00eb p\u00ebrgjithshme, duke mb\u00ebshtetur mbledhjen e sakt\u00eb t\u00eb t\u00eb dh\u00ebnave.<\/li>\n<li>Vjen me nj\u00eb \u00e7ant\u00eb praktike mbajt\u00ebse, duke e b\u00ebr\u00eb t\u00eb gjith\u00eb Stafin e Topografis\u00eb Precize t\u00eb leht\u00eb p\u00ebr t&#039;u transportuar dhe ruajtur.<\/li>\n<\/ul>","protected":false},"featured_media":3431,"comment_status":"open","ping_status":"closed","template":"","meta":[],"product_brand":[],"product_cat":[90],"product_tag":[],"class_list":{"0":"post-3427","1":"product","2":"type-product","3":"status-publish","4":"has-post-thumbnail","6":"product_cat-leveling-staff","8":"first","9":"instock","10":"shipping-taxable","11":"product-type-simple"},"_links":{"self":[{"href":"https:\/\/mountlaser.com\/sq\/wp-json\/wp\/v2\/product\/3427","targetHints":{"allow":["GET"]}}],"collection":[{"href":"https:\/\/mountlaser.com\/sq\/wp-json\/wp\/v2\/product"}],"about":[{"href":"https:\/\/mountlaser.com\/sq\/wp-json\/wp\/v2\/types\/product"}],"replies":[{"embeddable":true,"href":"https:\/\/mountlaser.com\/sq\/wp-json\/wp\/v2\/comments?post=3427"}],"wp:featuredmedia":[{"embeddable":true,"href":"https:\/\/mountlaser.com\/sq\/wp-json\/wp\/v2\/media\/3431"}],"wp:attachment":[{"href":"https:\/\/mountlaser.com\/sq\/wp-json\/wp\/v2\/media?parent=3427"}],"wp:term":[{"taxonomy":"product_brand","embeddable":true,"href":"https:\/\/mountlaser.com\/sq\/wp-json\/wp\/v2\/product_brand?post=3427"},{"taxonomy":"product_cat","embeddable":true,"href":"https:\/\/mountlaser.com\/sq\/wp-json\/wp\/v2\/product_cat?post=3427"},{"taxonomy":"product_tag","embeddable":true,"href":"https:\/\/mountlaser.com\/sq\/wp-json\/wp\/v2\/product_tag?post=3427"}],"curies":[{"name":"wp","href":"https:\/\/api.w.org\/{rel}","templated":true}]}}