{"id":3417,"date":"2025-11-05T08:41:37","date_gmt":"2025-11-05T08:41:37","guid":{"rendered":"https:\/\/mountlaser.com\/?post_type=product&#038;p=3417"},"modified":"2025-11-28T02:17:17","modified_gmt":"2025-11-28T02:17:17","slug":"trm02-tr-large-monitoring-prism","status":"publish","type":"product","link":"https:\/\/mountlaser.com\/sq\/produkt\/trm02-tr-large-monitoring-prism\/","title":{"rendered":"Prizmi i Madh i Monitorimit TRM02 TR"},"content":{"rendered":"<p>I\/E\/T\u00eb\/T\u00eb <a href=\"https:\/\/mountlaser.com\/sq\/\"><strong>Prizmi i Madh i Monitorimit TRM02 TR<\/strong><\/a> \u00ebsht\u00eb projektuar p\u00ebr sakt\u00ebsi dhe stabilitet n\u00eb distanc\u00eb t\u00eb gjat\u00eb n\u00eb aplikimet profesionale t\u00eb matjeve dhe monitorimit gjeoteknik. I projektuar p\u00ebr performanc\u00eb t\u00eb jasht\u00ebzakonshme, ky Prizm Monitorimi i Sondazhit Trimble kombinon nd\u00ebrtim t\u00eb fort\u00eb, rezistenc\u00eb ndaj motit dhe instalim fleksib\u00ebl p\u00ebr t\u00eb ofruar rezultate t\u00eb q\u00ebndrueshme n\u00eb mjediset m\u00eb t\u00eb v\u00ebshtira.<\/p>\n<p>Kjo <a href=\"https:\/\/mountlaser.com\/sq\/products\/\"><strong>Prizma e Madhe e Monitorimit<\/strong><\/a> P\u00ebrmban nj\u00eb priz\u00ebm 62 mm t\u00eb veshur me argjend me madh\u00ebsi t\u00eb plot\u00eb, t\u00eb optimizuar p\u00ebr monitorim me sakt\u00ebsi t\u00eb lart\u00eb dhe n\u00eb distanc\u00eb t\u00eb gjat\u00eb. Ofron nj\u00eb zhvendosje absolute prej -40 mm me precizion \u00b12 mm dhe nj\u00eb sistem rrotullimi me dy boshte p\u00ebr rregullim t\u00eb im\u00ebt dhe shtrirje t\u00eb q\u00ebndrueshme. Kapaku mbrojt\u00ebs nga shiu mbron prizmin nga pluhuri, bora dhe lag\u00ebshtia, duke siguruar matje t\u00eb besueshme edhe n\u00eb kushte sfiduese n\u00eb terren.<\/p>\n<p><img fetchpriority=\"high\" decoding=\"async\" class=\"aligncenter wp-image-3418\" src=\"https:\/\/mountlaser.com\/wp-content\/uploads\/2025\/11\/5-7TRM021.webp\" alt=\"TRM02 Large Monitoring Prism\" width=\"500\" height=\"500\" srcset=\"https:\/\/mountlaser.com\/wp-content\/uploads\/2025\/11\/5-7TRM021.webp 1000w, https:\/\/mountlaser.com\/wp-content\/uploads\/2025\/11\/5-7TRM021-300x300.webp 300w, https:\/\/mountlaser.com\/wp-content\/uploads\/2025\/11\/5-7TRM021-400x400.webp 400w, https:\/\/mountlaser.com\/wp-content\/uploads\/2025\/11\/5-7TRM021-800x800.webp 800w, https:\/\/mountlaser.com\/wp-content\/uploads\/2025\/11\/5-7TRM021-600x600.webp 600w, https:\/\/mountlaser.com\/wp-content\/uploads\/2025\/11\/5-7TRM021-150x150.webp 150w, https:\/\/mountlaser.com\/wp-content\/uploads\/2025\/11\/5-7TRM021-768x768.webp 768w, https:\/\/mountlaser.com\/wp-content\/uploads\/2025\/11\/5-7TRM021-12x12.webp 12w\" sizes=\"(max-width: 500px) 100vw, 500px\" \/><\/p>\n<p>E nd\u00ebrtuar me nj\u00eb baz\u00eb t\u00eb fort\u00eb n\u00eb form\u00eb L-je me p\u00ebrmasa 2.3\u2033 \u00d7 3.4\u2033, <a href=\"https:\/\/mountlaser.com\/sq\/contact-us\/\">Prizmi i Madh i Monitorimit TRM02 TR<\/a> Siguron instalim t\u00eb sigurt p\u00ebrmes pes\u00eb vrimave t\u00eb montimit p\u00ebr stabilitet maksimal. I pajtuesh\u00ebm me t\u00eb gjitha bombolat e prizm\u00ebs M20 me vid\u00eb, \u00ebsht\u00eb projektuar p\u00ebr t&#039;u integruar pa probleme n\u00eb Trimble dhe sisteme t\u00eb tjera profesionale monitorimi. I leht\u00eb por i q\u00ebndruesh\u00ebm, \u00ebsht\u00eb ideal p\u00ebr v\u00ebzhgimin afatgjat\u00eb t\u00eb struktur\u00ebs, minierave dhe projekteve t\u00eb monitorimit t\u00eb deformimit.<\/p>","protected":false},"excerpt":{"rendered":"<p>\u2022 P\u00ebr monitorim me rreze t\u00eb gjat\u00eb veprimi dhe sakt\u00ebsi t\u00eb lart\u00eb<br \/>\n\u2022 Boshti me dy boshte dhe ky\u00e7et prej \u00e7eliku inox sigurojn\u00eb shtrirje t\u00eb q\u00ebndrueshme<br \/>\n\u2022 Kapaku mbrojt\u00ebs nga shiu ruan sakt\u00ebsin\u00eb n\u00eb mot t\u00eb keq.<br \/>\n\u2022 Baz\u00eb e fort\u00eb n\u00eb form\u00eb L-je me vrima t\u00eb shumta montimi<br \/>\n\u2022 I leht\u00eb dhe i q\u00ebndruesh\u00ebm\u2014perfekt p\u00ebr monitorim dhe miniera<br \/>\n\u2022 I disponuesh\u00ebm n\u00eb versione me sakt\u00ebsi 2\u2033 ose 3\u20134\u2033<\/p>","protected":false},"featured_media":3422,"comment_status":"open","ping_status":"closed","template":"","meta":[],"product_brand":[],"product_cat":[72,112],"product_tag":[],"class_list":{"0":"post-3417","1":"product","2":"type-product","3":"status-publish","4":"has-post-thumbnail","6":"product_cat-reflective-target-prism","7":"product_cat-monitoring-prism","9":"first","10":"instock","11":"shipping-taxable","12":"product-type-simple"},"_links":{"self":[{"href":"https:\/\/mountlaser.com\/sq\/wp-json\/wp\/v2\/product\/3417","targetHints":{"allow":["GET"]}}],"collection":[{"href":"https:\/\/mountlaser.com\/sq\/wp-json\/wp\/v2\/product"}],"about":[{"href":"https:\/\/mountlaser.com\/sq\/wp-json\/wp\/v2\/types\/product"}],"replies":[{"embeddable":true,"href":"https:\/\/mountlaser.com\/sq\/wp-json\/wp\/v2\/comments?post=3417"}],"wp:featuredmedia":[{"embeddable":true,"href":"https:\/\/mountlaser.com\/sq\/wp-json\/wp\/v2\/media\/3422"}],"wp:attachment":[{"href":"https:\/\/mountlaser.com\/sq\/wp-json\/wp\/v2\/media?parent=3417"}],"wp:term":[{"taxonomy":"product_brand","embeddable":true,"href":"https:\/\/mountlaser.com\/sq\/wp-json\/wp\/v2\/product_brand?post=3417"},{"taxonomy":"product_cat","embeddable":true,"href":"https:\/\/mountlaser.com\/sq\/wp-json\/wp\/v2\/product_cat?post=3417"},{"taxonomy":"product_tag","embeddable":true,"href":"https:\/\/mountlaser.com\/sq\/wp-json\/wp\/v2\/product_tag?post=3417"}],"curies":[{"name":"wp","href":"https:\/\/api.w.org\/{rel}","templated":true}]}}