{"id":3408,"date":"2025-11-05T07:50:42","date_gmt":"2025-11-05T07:50:42","guid":{"rendered":"https:\/\/mountlaser.com\/?post_type=product&#038;p=3408"},"modified":"2025-11-28T02:25:47","modified_gmt":"2025-11-28T02:25:47","slug":"gpr112s-monitoring-prism-set","status":"publish","type":"product","link":"https:\/\/mountlaser.com\/sq\/produkt\/gpr112s-monitoring-prism-set\/","title":{"rendered":"Set Prizmash Monitorimi GPR112S"},"content":{"rendered":"<p>I\/E\/T\u00eb\/T\u00eb <a href=\"https:\/\/mountlaser.com\/sq\/\"><strong>Set Prizmash Monitorimi GPR112S<\/strong><\/a> \u00ebsht\u00eb projektuar p\u00ebr precizion dhe besueshm\u00ebri n\u00eb monitorimin afatgjat\u00eb strukturor dhe gjeoteknik. I projektuar p\u00ebr t\u00eb kryer funksione n\u00eb kushtet m\u00eb t\u00eb v\u00ebshtira t\u00eb terrenit, Seti i Prizmave t\u00eb Monitorimit GPR112S ofron sakt\u00ebsi, q\u00ebndrueshm\u00ebri dhe stabilitet t\u00eb jasht\u00ebzakonsh\u00ebm, duke e b\u00ebr\u00eb at\u00eb nj\u00eb mjet thelb\u00ebsor p\u00ebr gjeodet\u00ebt profesionist\u00eb dhe specialist\u00ebt e monitorimit.<\/p>\n<p>Kjo <a href=\"https:\/\/mountlaser.com\/sq\/products\/\"><strong>Set Prizmash Monitorimi<\/strong><\/a> p\u00ebrfshin nj\u00eb priz\u00ebm 62 mm t\u00eb veshur me argjend q\u00eb ofron reflektivitet t\u00eb jasht\u00ebzakonsh\u00ebm dhe performanc\u00eb matjeje n\u00eb distanc\u00eb t\u00eb gjat\u00eb. I disponuesh\u00ebm me opsione sakt\u00ebsie k\u00ebndore 2\u2033 ose 3\u20134\u2033, ai ofron fleksibilitet p\u00ebr t\u00eb p\u00ebrmbushur k\u00ebrkesa t\u00eb ndryshme monitorimi. Paketa e plot\u00eb p\u00ebrmban nj\u00eb komplet montimi dhe mburoj\u00eb nga moti, duke siguruar funksionim t\u00eb q\u00ebndruesh\u00ebm edhe n\u00eb shi, bor\u00eb ose kushte me pluhur.<\/p>\n<p><img fetchpriority=\"high\" decoding=\"async\" class=\"aligncenter wp-image-3410\" src=\"https:\/\/mountlaser.com\/wp-content\/uploads\/2025\/11\/5-8GRPR112S2.webp\" alt=\"GPR112S Monitoring Prism Set\" width=\"500\" height=\"500\" srcset=\"https:\/\/mountlaser.com\/wp-content\/uploads\/2025\/11\/5-8GRPR112S2.webp 1000w, https:\/\/mountlaser.com\/wp-content\/uploads\/2025\/11\/5-8GRPR112S2-300x300.webp 300w, https:\/\/mountlaser.com\/wp-content\/uploads\/2025\/11\/5-8GRPR112S2-400x400.webp 400w, https:\/\/mountlaser.com\/wp-content\/uploads\/2025\/11\/5-8GRPR112S2-800x800.webp 800w, https:\/\/mountlaser.com\/wp-content\/uploads\/2025\/11\/5-8GRPR112S2-600x600.webp 600w, https:\/\/mountlaser.com\/wp-content\/uploads\/2025\/11\/5-8GRPR112S2-150x150.webp 150w, https:\/\/mountlaser.com\/wp-content\/uploads\/2025\/11\/5-8GRPR112S2-768x768.webp 768w, https:\/\/mountlaser.com\/wp-content\/uploads\/2025\/11\/5-8GRPR112S2-12x12.webp 12w\" sizes=\"(max-width: 500px) 100vw, 500px\" \/><\/p>\n<p>I\/E\/T\u00eb\/T\u00eb <a href=\"https:\/\/mountlaser.com\/sq\/contact-us\/\">Set Prizmash Monitorimi GPR112S<\/a> Mb\u00ebshtet montimin me fileto M8 dhe 5\/8\u2033, duke ofruar instalim t\u00eb thjesht\u00eb dhe t\u00eb sigurt n\u00eb sip\u00ebrfaqe t\u00eb ndryshme. Sistemi i tij i rregullimit me dy boshte lejon shtrirjen e sakt\u00eb t\u00eb prizmit p\u00ebr sakt\u00ebsi optimale t\u00eb synimit. I nd\u00ebrtuar me materiale t\u00eb forta dhe dizajn rezistent ndaj motit, ai siguron cil\u00ebsi t\u00eb q\u00ebndrueshme matjeje dhe stabilitet afatgjat\u00eb n\u00eb mjedise t\u00eb jashtme.<\/p>","protected":false},"excerpt":{"rendered":"<p>\u2022 P\u00ebr matje me sakt\u00ebsi t\u00eb lart\u00eb dhe me rreze t\u00eb gjat\u00eb veprimi<br \/>\n\u2022 Dizajn i rregulluesh\u00ebm me dy boshte p\u00ebr shtrirje dhe stabilitet t\u00eb im\u00ebt<br \/>\n\u2022 Kapu\u00e7 rezistent ndaj motit mbron nga shiu, bora dhe pluhuri<br \/>\n\u2022 Konstantet e prizm\u00ebs: -34.4 mm (Absolute), +0.0 mm (Zvicerane)<br \/>\n\u2022 Paket\u00eb e plot\u00eb me komplet montimi dhe mburoj\u00eb nga moti<\/p>","protected":false},"featured_media":3409,"comment_status":"open","ping_status":"closed","template":"","meta":[],"product_brand":[],"product_cat":[72,112],"product_tag":[],"class_list":{"0":"post-3408","1":"product","2":"type-product","3":"status-publish","4":"has-post-thumbnail","6":"product_cat-reflective-target-prism","7":"product_cat-monitoring-prism","9":"first","10":"instock","11":"shipping-taxable","12":"product-type-simple"},"_links":{"self":[{"href":"https:\/\/mountlaser.com\/sq\/wp-json\/wp\/v2\/product\/3408","targetHints":{"allow":["GET"]}}],"collection":[{"href":"https:\/\/mountlaser.com\/sq\/wp-json\/wp\/v2\/product"}],"about":[{"href":"https:\/\/mountlaser.com\/sq\/wp-json\/wp\/v2\/types\/product"}],"replies":[{"embeddable":true,"href":"https:\/\/mountlaser.com\/sq\/wp-json\/wp\/v2\/comments?post=3408"}],"wp:featuredmedia":[{"embeddable":true,"href":"https:\/\/mountlaser.com\/sq\/wp-json\/wp\/v2\/media\/3409"}],"wp:attachment":[{"href":"https:\/\/mountlaser.com\/sq\/wp-json\/wp\/v2\/media?parent=3408"}],"wp:term":[{"taxonomy":"product_brand","embeddable":true,"href":"https:\/\/mountlaser.com\/sq\/wp-json\/wp\/v2\/product_brand?post=3408"},{"taxonomy":"product_cat","embeddable":true,"href":"https:\/\/mountlaser.com\/sq\/wp-json\/wp\/v2\/product_cat?post=3408"},{"taxonomy":"product_tag","embeddable":true,"href":"https:\/\/mountlaser.com\/sq\/wp-json\/wp\/v2\/product_tag?post=3408"}],"curies":[{"name":"wp","href":"https:\/\/api.w.org\/{rel}","templated":true}]}}