{"id":3406,"date":"2025-11-05T06:43:23","date_gmt":"2025-11-05T06:43:23","guid":{"rendered":"https:\/\/mountlaser.com\/?post_type=product&#038;p=3406"},"modified":"2025-11-28T02:27:49","modified_gmt":"2025-11-28T02:27:49","slug":"mp062-mini-prism","status":"publish","type":"product","link":"https:\/\/mountlaser.com\/sq\/produkt\/mp062-mini-prism\/","title":{"rendered":"MP062 Mini Prizm"},"content":{"rendered":"<p>I\/E\/T\u00eb\/T\u00eb <a href=\"https:\/\/mountlaser.com\/sq\/\"><strong>MP062 Mini Prizm<\/strong><\/a> \u00ebsht\u00eb nj\u00eb Mini Prism i projektuar me precizion p\u00ebr Stacionin Total Trimble, i projektuar p\u00ebr t\u00eb ofruar sakt\u00ebsi dhe q\u00ebndrueshm\u00ebri t\u00eb lart\u00eb p\u00ebr aplikime t\u00eb k\u00ebrkuara n\u00eb terren. I nd\u00ebrtuar me nj\u00eb trup alumini t\u00eb anodizuar jo-ferroz, Mini Prism MP062 siguron performanc\u00eb dhe mbrojtje afatgjat\u00eb kund\u00ebr korrozionit - ideal p\u00ebr matje, shtrirje nd\u00ebrtimi dhe monitorim t\u00eb projekteve.<\/p>\n<p>Kjo <a href=\"https:\/\/mountlaser.com\/sq\/products\/\"><strong>Mini Prism p\u00ebr Stacionin Total Trimble<\/strong><\/a> P\u00ebrmban nj\u00eb priz\u00ebm 25.4 mm t\u00eb veshur me bak\u00ebr ose argjend me opsione zhvendosjeje 0\/30 mm, duke ofruar fleksibilitet p\u00ebr k\u00ebrkesa t\u00eb ndryshme matjeje. Niveli i integruar an\u00ebsor i flluskave lejon nj\u00eb shtrirje t\u00eb shpejt\u00eb dhe t\u00eb sakt\u00eb, nd\u00ebrsa p\u00ebrshtat\u00ebsi fem\u00ebror 5\/8\u2033-11 siguron p\u00ebrputhshm\u00ebri t\u00eb leht\u00eb me shufrat standarde t\u00eb matjes ose trek\u00ebmb\u00ebshat.<\/p>\n<p><img fetchpriority=\"high\" decoding=\"async\" class=\"aligncenter wp-image-3388\" src=\"https:\/\/mountlaser.com\/wp-content\/uploads\/2025\/11\/5-4MP0626.webp\" alt=\"Mini Prism for Trimble Total Station\" width=\"500\" height=\"500\" srcset=\"https:\/\/mountlaser.com\/wp-content\/uploads\/2025\/11\/5-4MP0626.webp 1000w, https:\/\/mountlaser.com\/wp-content\/uploads\/2025\/11\/5-4MP0626-300x300.webp 300w, https:\/\/mountlaser.com\/wp-content\/uploads\/2025\/11\/5-4MP0626-400x400.webp 400w, https:\/\/mountlaser.com\/wp-content\/uploads\/2025\/11\/5-4MP0626-800x800.webp 800w, https:\/\/mountlaser.com\/wp-content\/uploads\/2025\/11\/5-4MP0626-600x600.webp 600w, https:\/\/mountlaser.com\/wp-content\/uploads\/2025\/11\/5-4MP0626-150x150.webp 150w, https:\/\/mountlaser.com\/wp-content\/uploads\/2025\/11\/5-4MP0626-768x768.webp 768w, https:\/\/mountlaser.com\/wp-content\/uploads\/2025\/11\/5-4MP0626-12x12.webp 12w\" sizes=\"(max-width: 500px) 100vw, 500px\" \/><\/p>\n<p>P\u00ebr stabilitet dhe performanc\u00eb t\u00eb p\u00ebrmir\u00ebsuar, <a href=\"https:\/\/mountlaser.com\/sq\/contact-us\/\">Mini Prism p\u00ebr Stacionin Total Trimble<\/a> mund t\u00eb \u00e7ift\u00ebzohet me tribrahun opsional MPT01 ose MPT04 Mini Prism, duke e b\u00ebr\u00eb at\u00eb nj\u00eb zgjedhje t\u00eb gjithanshme p\u00ebr profesionist\u00ebt q\u00eb k\u00ebrkojn\u00eb besueshm\u00ebri n\u00eb \u00e7do konfigurim.<\/p>","protected":false},"excerpt":{"rendered":"<p>\u2022 P\u00ebr matje precize<br \/>\n\u2022 Veshje bakri ose argjendi p\u00ebr reflektim optimal<br \/>\n\u2022 Trup alumini i anodizuar, i q\u00ebndruesh\u00ebm, jo-feroz<br \/>\n\u2022 Nivel an\u00ebsor i integruar p\u00ebr flluska p\u00ebr rreshtim t\u00eb shpejt\u00eb<br \/>\n\u2022 Aksesor\u00eb opsional\u00eb: MPT01 ose MPT04 Mini Prism Tribrach<\/p>","protected":false},"featured_media":3383,"comment_status":"open","ping_status":"closed","template":"","meta":[],"product_brand":[],"product_cat":[72,112],"product_tag":[],"class_list":{"0":"post-3406","1":"product","2":"type-product","3":"status-publish","4":"has-post-thumbnail","6":"product_cat-reflective-target-prism","7":"product_cat-monitoring-prism","9":"first","10":"instock","11":"shipping-taxable","12":"product-type-simple"},"_links":{"self":[{"href":"https:\/\/mountlaser.com\/sq\/wp-json\/wp\/v2\/product\/3406","targetHints":{"allow":["GET"]}}],"collection":[{"href":"https:\/\/mountlaser.com\/sq\/wp-json\/wp\/v2\/product"}],"about":[{"href":"https:\/\/mountlaser.com\/sq\/wp-json\/wp\/v2\/types\/product"}],"replies":[{"embeddable":true,"href":"https:\/\/mountlaser.com\/sq\/wp-json\/wp\/v2\/comments?post=3406"}],"wp:featuredmedia":[{"embeddable":true,"href":"https:\/\/mountlaser.com\/sq\/wp-json\/wp\/v2\/media\/3383"}],"wp:attachment":[{"href":"https:\/\/mountlaser.com\/sq\/wp-json\/wp\/v2\/media?parent=3406"}],"wp:term":[{"taxonomy":"product_brand","embeddable":true,"href":"https:\/\/mountlaser.com\/sq\/wp-json\/wp\/v2\/product_brand?post=3406"},{"taxonomy":"product_cat","embeddable":true,"href":"https:\/\/mountlaser.com\/sq\/wp-json\/wp\/v2\/product_cat?post=3406"},{"taxonomy":"product_tag","embeddable":true,"href":"https:\/\/mountlaser.com\/sq\/wp-json\/wp\/v2\/product_tag?post=3406"}],"curies":[{"name":"wp","href":"https:\/\/api.w.org\/{rel}","templated":true}]}}