{"id":3393,"date":"2025-11-05T05:03:25","date_gmt":"2025-11-05T05:03:25","guid":{"rendered":"https:\/\/mountlaser.com\/?post_type=product&#038;p=3393"},"modified":"2025-11-28T02:33:41","modified_gmt":"2025-11-28T02:33:41","slug":"mp091-mini-prism","status":"publish","type":"product","link":"https:\/\/mountlaser.com\/sq\/produkt\/mp091-mini-prism\/","title":{"rendered":"MP091 Mini Prizm"},"content":{"rendered":"<p>I\/E\/T\u00eb\/T\u00eb <a href=\"https:\/\/mountlaser.com\/sq\/\"><strong>Mini priz\u00ebm MP091<\/strong><\/a> \u00ebsht\u00eb nj\u00eb <a href=\"https:\/\/mountlaser.com\/sq\/about-us\/\"><strong>mini priz\u00ebm i rrotulluesh\u00ebm dhe i anuesh\u00ebm<\/strong><\/a> I projektuar p\u00ebr monitorim t\u00eb tok\u00ebs dhe strukturave me sakt\u00ebsi t\u00eb lart\u00eb n\u00eb mjedise sfiduese. I projektuar p\u00ebr analiza gjeoteknike dhe t\u00eb deformimit afatgjat\u00eb, mini-prizmi MP091 ofron stabilitet, fleksibilitet dhe rezistenc\u00eb t\u00eb jasht\u00ebzakonshme ndaj kushteve t\u00eb motit.<\/p>\n<p>Ky sistem mini prizmi i rrotulluesh\u00ebm dhe i anuesh\u00ebm ofron k\u00ebnde t\u00eb sakta reflektimi p\u00ebr matjet e stacionit total, duke siguruar mbledhje t\u00eb q\u00ebndrueshme t\u00eb t\u00eb dh\u00ebnave n\u00eb terren kompleks ose vende t\u00eb kufizuara monitorimi. I nd\u00ebrtuar me nj\u00eb streh\u00eb alumini t\u00eb q\u00ebndrueshme dhe nj\u00eb mbules\u00eb t\u00eb integruar kund\u00ebr bor\u00ebs dhe shiut, mini prizmi MP091 ofron performanc\u00eb t\u00eb besueshme edhe n\u00eb kushte t\u00eb v\u00ebshtira t\u00eb jashtme.<\/p>\n<p><img fetchpriority=\"high\" decoding=\"async\" class=\"aligncenter wp-image-3395\" src=\"https:\/\/mountlaser.com\/wp-content\/uploads\/2025\/11\/2-4MP0912.webp\" alt=\"MP091 mini prism\" width=\"500\" height=\"500\" srcset=\"https:\/\/mountlaser.com\/wp-content\/uploads\/2025\/11\/2-4MP0912.webp 1000w, https:\/\/mountlaser.com\/wp-content\/uploads\/2025\/11\/2-4MP0912-300x300.webp 300w, https:\/\/mountlaser.com\/wp-content\/uploads\/2025\/11\/2-4MP0912-400x400.webp 400w, https:\/\/mountlaser.com\/wp-content\/uploads\/2025\/11\/2-4MP0912-800x800.webp 800w, https:\/\/mountlaser.com\/wp-content\/uploads\/2025\/11\/2-4MP0912-600x600.webp 600w, https:\/\/mountlaser.com\/wp-content\/uploads\/2025\/11\/2-4MP0912-150x150.webp 150w, https:\/\/mountlaser.com\/wp-content\/uploads\/2025\/11\/2-4MP0912-768x768.webp 768w, https:\/\/mountlaser.com\/wp-content\/uploads\/2025\/11\/2-4MP0912-12x12.webp 12w\" sizes=\"(max-width: 500px) 100vw, 500px\" \/><\/p>\n<p>N\u00eb dispozicion n\u00eb<a href=\"https:\/\/mountlaser.com\/sq\/products\/\"> dy konfigurime<\/a> \u2014 MP091A (\u00d825.4 mm) dhe MP091B (\u00d835.0 mm) \u2014 ky model mb\u00ebshtet opsione sakt\u00ebsie prej 2\u2033 ose 3\u20134\u2033 p\u00ebr t&#039;iu p\u00ebrshtatur nevojave t\u00eb ndryshme t\u00eb monitorimit. \u00c7do priz\u00ebm \u00ebsht\u00eb i veshur me argjend p\u00ebr reflektivitet t\u00eb p\u00ebrmir\u00ebsuar dhe stabilitet optik afatgjat\u00eb.<\/p>","protected":false},"excerpt":{"rendered":"<p>\u2022 Priz\u00ebm i rrotulluesh\u00ebm dhe i anuesh\u00ebm p\u00ebr shtrirje t\u00eb gjithanshme<br \/>\n\u2022 Kuti alumini e q\u00ebndrueshme me mbules\u00eb t\u00eb integruar p\u00ebr bor\u00eb dhe shi<br \/>\n\u2022 Madh\u00ebsia e pllak\u00ebs baz\u00eb: 40 \u00d7 40 mm<br \/>\n\u2022 Diametri i vrim\u00ebs s\u00eb fiksimit: \u00d83 mm p\u00ebr montim t\u00eb sigurt<br \/>\n\u2022 I veshur me argjend p\u00ebr reflektim dhe precizion afatgjat\u00eb<\/p>","protected":false},"featured_media":3395,"comment_status":"open","ping_status":"closed","template":"","meta":[],"product_brand":[],"product_cat":[72,112],"product_tag":[],"class_list":{"0":"post-3393","1":"product","2":"type-product","3":"status-publish","4":"has-post-thumbnail","6":"product_cat-reflective-target-prism","7":"product_cat-monitoring-prism","9":"first","10":"instock","11":"shipping-taxable","12":"product-type-simple"},"_links":{"self":[{"href":"https:\/\/mountlaser.com\/sq\/wp-json\/wp\/v2\/product\/3393","targetHints":{"allow":["GET"]}}],"collection":[{"href":"https:\/\/mountlaser.com\/sq\/wp-json\/wp\/v2\/product"}],"about":[{"href":"https:\/\/mountlaser.com\/sq\/wp-json\/wp\/v2\/types\/product"}],"replies":[{"embeddable":true,"href":"https:\/\/mountlaser.com\/sq\/wp-json\/wp\/v2\/comments?post=3393"}],"wp:featuredmedia":[{"embeddable":true,"href":"https:\/\/mountlaser.com\/sq\/wp-json\/wp\/v2\/media\/3395"}],"wp:attachment":[{"href":"https:\/\/mountlaser.com\/sq\/wp-json\/wp\/v2\/media?parent=3393"}],"wp:term":[{"taxonomy":"product_brand","embeddable":true,"href":"https:\/\/mountlaser.com\/sq\/wp-json\/wp\/v2\/product_brand?post=3393"},{"taxonomy":"product_cat","embeddable":true,"href":"https:\/\/mountlaser.com\/sq\/wp-json\/wp\/v2\/product_cat?post=3393"},{"taxonomy":"product_tag","embeddable":true,"href":"https:\/\/mountlaser.com\/sq\/wp-json\/wp\/v2\/product_tag?post=3393"}],"curies":[{"name":"wp","href":"https:\/\/api.w.org\/{rel}","templated":true}]}}