{"id":3365,"date":"2025-11-05T06:11:46","date_gmt":"2025-11-05T06:11:46","guid":{"rendered":"https:\/\/mountlaser.com\/?post_type=product&#038;p=3365"},"modified":"2025-11-28T02:30:55","modified_gmt":"2025-11-28T02:30:55","slug":"mp061-mini-prism","status":"publish","type":"product","link":"https:\/\/mountlaser.com\/sq\/produkt\/mp061-mini-prism\/","title":{"rendered":"MP061 Mini Prizm"},"content":{"rendered":"<p>I\/E\/T\u00eb\/T\u00eb <a href=\"https:\/\/mountlaser.com\/sq\/\"><strong>MP061 Mini Prizm<\/strong><\/a> \u00ebsht\u00eb nj\u00eb sistem prizmi kompakt dhe i q\u00ebndruesh\u00ebm i stacionit total, i projektuar p\u00ebr aplikime t\u00eb sakta t\u00eb matjes n\u00eb terren dhe shtrirjes. I nd\u00ebrtuar p\u00ebr profesionist\u00eb q\u00eb k\u00ebrkojn\u00eb efikasitet dhe sakt\u00ebsi, MP061 Mini Prism ofron matje t\u00eb q\u00ebndrueshme dhe t\u00eb p\u00ebrs\u00ebritshme n\u00eb t\u00eb gjitha kushtet e pun\u00ebs.<\/p>\n<p>Kjo<a href=\"https:\/\/mountlaser.com\/sq\/about-us\/\"><strong> prizmi i stacionit total<\/strong><\/a> p\u00ebrmban nj\u00eb priz\u00ebm 25.4 mm (1\u2033) t\u00eb veshur me bak\u00ebr t\u00eb vendosur n\u00eb nj\u00eb korniz\u00eb alumini t\u00eb fort\u00eb t\u00eb veshur me pluhur p\u00ebr t\u00eb siguruar q\u00ebndrueshm\u00ebri afatgjat\u00eb dhe reflektivitet t\u00eb p\u00ebrmir\u00ebsuar. Dizajni i tij i dyfisht\u00eb i zhvendosjes 0\/-30 mm lejon konfigurim fleksib\u00ebl p\u00ebr konfigurime t\u00eb ndryshme matjeje, duke e b\u00ebr\u00eb Mini Prism MP061 t\u00eb p\u00ebrshtatsh\u00ebm p\u00ebr operacione t\u00eb ndryshme n\u00eb terren.<\/p>\n<p>Shishja e rregullueshme 40-minut\u00ebshe e montuar n\u00eb an\u00eb e sistemit siguron nivelim t\u00eb shpejt\u00eb, nd\u00ebrsa filetoja standarde 5\/8\u2033-11 i p\u00ebrshtatet shumic\u00ebs s\u00eb pajisjeve t\u00eb matjes. Nj\u00eb mekaniz\u00ebm bllokimi me f\u00ebrkim lejon rrotullim t\u00eb plot\u00eb 360\u00b0 p\u00ebr pozicionim t\u00eb leht\u00eb pa humbur stabilitetin. I leht\u00eb por i fort\u00eb me vet\u00ebm 0.5 lb (0.41 kg), ai p\u00ebrfshin t\u00eb gjith\u00eb aksesor\u00ebt thelb\u00ebsor\u00eb - nj\u00eb maj\u00eb prizmi plumb bob, kllap\u00eb, zgjatim 5\/8\u2033-11 dhe nj\u00eb \u00e7ant\u00eb t\u00eb p\u00ebrshtatshme mbajt\u00ebse me lak rripi.<\/p>\n<table width=\"587\">\n<tbody>\n<tr>\n<td width=\"72\">Model<\/td>\n<td width=\"254\">Foto<\/td>\n<td width=\"261\">Sh\u00ebnim<\/td>\n<\/tr>\n<tr>\n<td>MP061AM<\/td>\n<td>\u00a0 \u00a0 \u00a0 \u00a0 \u00a0 \u00a0 \u00a0 \u00a0 \u00a0 <img fetchpriority=\"high\" decoding=\"async\" class=\"aligncenter wp-image-3370 size-medium\" src=\"https:\/\/mountlaser.com\/wp-content\/uploads\/2025\/11\/5-2MP061A5-300x300.webp\" alt=\"total station prism\" width=\"300\" height=\"300\" srcset=\"https:\/\/mountlaser.com\/wp-content\/uploads\/2025\/11\/5-2MP061A5-300x300.webp 300w, https:\/\/mountlaser.com\/wp-content\/uploads\/2025\/11\/5-2MP061A5-400x400.webp 400w, https:\/\/mountlaser.com\/wp-content\/uploads\/2025\/11\/5-2MP061A5-800x800.webp 800w, https:\/\/mountlaser.com\/wp-content\/uploads\/2025\/11\/5-2MP061A5-600x600.webp 600w, https:\/\/mountlaser.com\/wp-content\/uploads\/2025\/11\/5-2MP061A5-150x150.webp 150w, https:\/\/mountlaser.com\/wp-content\/uploads\/2025\/11\/5-2MP061A5-768x768.webp 768w, https:\/\/mountlaser.com\/wp-content\/uploads\/2025\/11\/5-2MP061A5-12x12.webp 12w, https:\/\/mountlaser.com\/wp-content\/uploads\/2025\/11\/5-2MP061A5.webp 1000w\" sizes=\"(max-width: 300px) 100vw, 300px\" \/><\/td>\n<td>Shishja e mesme<\/td>\n<\/tr>\n<tr>\n<td>MP061AS<\/td>\n<td><img decoding=\"async\" class=\"alignnone wp-image-3366 size-medium\" src=\"https:\/\/mountlaser.com\/wp-content\/uploads\/2025\/11\/5-2MP061A1-300x300.webp\" alt=\"total station prism\" width=\"300\" height=\"300\" srcset=\"https:\/\/mountlaser.com\/wp-content\/uploads\/2025\/11\/5-2MP061A1-300x300.webp 300w, https:\/\/mountlaser.com\/wp-content\/uploads\/2025\/11\/5-2MP061A1-400x400.webp 400w, https:\/\/mountlaser.com\/wp-content\/uploads\/2025\/11\/5-2MP061A1-800x800.webp 800w, https:\/\/mountlaser.com\/wp-content\/uploads\/2025\/11\/5-2MP061A1-600x600.webp 600w, https:\/\/mountlaser.com\/wp-content\/uploads\/2025\/11\/5-2MP061A1-150x150.webp 150w, https:\/\/mountlaser.com\/wp-content\/uploads\/2025\/11\/5-2MP061A1-768x768.webp 768w, https:\/\/mountlaser.com\/wp-content\/uploads\/2025\/11\/5-2MP061A1-12x12.webp 12w, https:\/\/mountlaser.com\/wp-content\/uploads\/2025\/11\/5-2MP061A1.webp 1000w\" sizes=\"(max-width: 300px) 100vw, 300px\" \/><\/td>\n<td>Shishe an\u00ebsore<\/td>\n<\/tr>\n<tr>\n<td>MP061BM<\/td>\n<td><img decoding=\"async\" class=\"alignnone wp-image-3378 size-medium\" src=\"https:\/\/mountlaser.com\/wp-content\/uploads\/2025\/11\/5-3MP061B3-300x300.webp\" alt=\"total station prism\" width=\"300\" height=\"300\" srcset=\"https:\/\/mountlaser.com\/wp-content\/uploads\/2025\/11\/5-3MP061B3-300x300.webp 300w, https:\/\/mountlaser.com\/wp-content\/uploads\/2025\/11\/5-3MP061B3-400x400.webp 400w, https:\/\/mountlaser.com\/wp-content\/uploads\/2025\/11\/5-3MP061B3-800x800.webp 800w, https:\/\/mountlaser.com\/wp-content\/uploads\/2025\/11\/5-3MP061B3-600x600.webp 600w, https:\/\/mountlaser.com\/wp-content\/uploads\/2025\/11\/5-3MP061B3-150x150.webp 150w, https:\/\/mountlaser.com\/wp-content\/uploads\/2025\/11\/5-3MP061B3-768x768.webp 768w, https:\/\/mountlaser.com\/wp-content\/uploads\/2025\/11\/5-3MP061B3-12x12.webp 12w, https:\/\/mountlaser.com\/wp-content\/uploads\/2025\/11\/5-3MP061B3.webp 1000w\" sizes=\"(max-width: 300px) 100vw, 300px\" \/><\/td>\n<td>Shishja e mesme<\/td>\n<\/tr>\n<tr>\n<td>MP061BS<\/td>\n<td><img loading=\"lazy\" decoding=\"async\" class=\"alignnone wp-image-3379 size-medium\" src=\"https:\/\/mountlaser.com\/wp-content\/uploads\/2025\/11\/5-3MP061B4-300x300.webp\" alt=\"total station prism\" width=\"300\" height=\"300\" srcset=\"https:\/\/mountlaser.com\/wp-content\/uploads\/2025\/11\/5-3MP061B4-300x300.webp 300w, https:\/\/mountlaser.com\/wp-content\/uploads\/2025\/11\/5-3MP061B4-400x400.webp 400w, https:\/\/mountlaser.com\/wp-content\/uploads\/2025\/11\/5-3MP061B4-800x800.webp 800w, https:\/\/mountlaser.com\/wp-content\/uploads\/2025\/11\/5-3MP061B4-600x600.webp 600w, https:\/\/mountlaser.com\/wp-content\/uploads\/2025\/11\/5-3MP061B4-150x150.webp 150w, https:\/\/mountlaser.com\/wp-content\/uploads\/2025\/11\/5-3MP061B4-768x768.webp 768w, https:\/\/mountlaser.com\/wp-content\/uploads\/2025\/11\/5-3MP061B4-12x12.webp 12w, https:\/\/mountlaser.com\/wp-content\/uploads\/2025\/11\/5-3MP061B4.webp 1000w\" sizes=\"(max-width: 300px) 100vw, 300px\" \/><\/td>\n<td>Shishe an\u00ebsore<\/td>\n<\/tr>\n<\/tbody>\n<\/table>","protected":false},"excerpt":{"rendered":"<p>\u2022 Priz\u00ebm stacioni total i veshur me bak\u00ebr p\u00ebr reflektim dhe sakt\u00ebsi t\u00eb lart\u00eb<br \/>\n\u2022 Synim i dyfisht\u00eb i pjerr\u00ebt me zhvendosje 0\/-30 mm p\u00ebr konfigurim fleksib\u00ebl<br \/>\n\u2022 Mbajt\u00ebse dhe kllap\u00eb alumini t\u00ebr\u00ebsisht e anodizuar p\u00ebr rezistenc\u00eb ndaj korrozionit<br \/>\n\u2022 Shishe e rregullueshme 40-minut\u00ebshe p\u00ebr nivelim t\u00eb leht\u00eb t\u00eb fush\u00ebs<br \/>\n\u2022 Filetoja standarde 5\/8\u2033-11 i p\u00ebrshtatet shumic\u00ebs s\u00eb stacioneve totale<br \/>\n\u2022 I leht\u00eb p\u00ebr transportueshm\u00ebri<br \/>\n\u2022 Mekanizmi i bllokimit t\u00eb f\u00ebrkimit mund\u00ebson rrotullim t\u00eb qet\u00eb 360\u00b0<\/p>","protected":false},"featured_media":3366,"comment_status":"open","ping_status":"closed","template":"","meta":[],"product_brand":[],"product_cat":[72,112],"product_tag":[],"class_list":{"0":"post-3365","1":"product","2":"type-product","3":"status-publish","4":"has-post-thumbnail","6":"product_cat-reflective-target-prism","7":"product_cat-monitoring-prism","9":"first","10":"instock","11":"shipping-taxable","12":"product-type-simple"},"_links":{"self":[{"href":"https:\/\/mountlaser.com\/sq\/wp-json\/wp\/v2\/product\/3365","targetHints":{"allow":["GET"]}}],"collection":[{"href":"https:\/\/mountlaser.com\/sq\/wp-json\/wp\/v2\/product"}],"about":[{"href":"https:\/\/mountlaser.com\/sq\/wp-json\/wp\/v2\/types\/product"}],"replies":[{"embeddable":true,"href":"https:\/\/mountlaser.com\/sq\/wp-json\/wp\/v2\/comments?post=3365"}],"wp:featuredmedia":[{"embeddable":true,"href":"https:\/\/mountlaser.com\/sq\/wp-json\/wp\/v2\/media\/3366"}],"wp:attachment":[{"href":"https:\/\/mountlaser.com\/sq\/wp-json\/wp\/v2\/media?parent=3365"}],"wp:term":[{"taxonomy":"product_brand","embeddable":true,"href":"https:\/\/mountlaser.com\/sq\/wp-json\/wp\/v2\/product_brand?post=3365"},{"taxonomy":"product_cat","embeddable":true,"href":"https:\/\/mountlaser.com\/sq\/wp-json\/wp\/v2\/product_cat?post=3365"},{"taxonomy":"product_tag","embeddable":true,"href":"https:\/\/mountlaser.com\/sq\/wp-json\/wp\/v2\/product_tag?post=3365"}],"curies":[{"name":"wp","href":"https:\/\/api.w.org\/{rel}","templated":true}]}}