{"id":3347,"date":"2025-11-05T01:45:32","date_gmt":"2025-11-05T01:45:32","guid":{"rendered":"https:\/\/mountlaser.com\/?post_type=product&#038;p=3347"},"modified":"2025-11-28T02:35:32","modified_gmt":"2025-11-28T02:35:32","slug":"rap001-002-right-angle-prism","status":"publish","type":"product","link":"https:\/\/mountlaser.com\/sq\/produkt\/rap001-002-right-angle-prism\/","title":{"rendered":"Prizm me k\u00ebnd t\u00eb drejt\u00eb RAP001\/002"},"content":{"rendered":"<p>Prizmi me k\u00ebnd t\u00eb drejt\u00eb t\u00eb vet\u00ebm RAP001 \u00ebsht\u00eb nj\u00eb projektuar me precizion <a href=\"https:\/\/mountlaser.com\/sq\/\"><strong>priz\u00ebm k\u00ebnddrejt\u00eb<\/strong><\/a> i projektuar p\u00ebr reflektim dhe shtrirje t\u00eb sakt\u00eb 90\u00b0 n\u00eb aplikimet e matjeve dhe inxhinieris\u00eb. Kompakt por i q\u00ebndruesh\u00ebm, <a href=\"https:\/\/mountlaser.com\/sq\/products\/\"><strong>Prizm i vet\u00ebm me k\u00ebnd t\u00eb drejt\u00eb RAP001<\/strong><\/a> Siguron ridrejtim optik t\u00eb besuesh\u00ebm kur punohet n\u00eb zona t\u00eb ngushta ose t\u00eb bllokuara, duke e b\u00ebr\u00eb ideal p\u00ebr detyrat e monitorimit t\u00eb stacionit total dhe deformimit.<\/p>\n<p>Kjo <a href=\"https:\/\/mountlaser.com\/sq\/contact-us\/\">priz\u00ebm k\u00ebnddrejt\u00eb<\/a> P\u00ebrmban nj\u00eb element optik 26.8\u00d726.8\u00d737.9\u00d710 mm t\u00eb mb\u00ebshtjell\u00eb n\u00eb nj\u00eb streh\u00eb metalike 15 mm, duke siguruar sakt\u00ebsi &lt;8 sekonda harku p\u00ebr matje t\u00eb sakta k\u00ebndore. Doreza e saj ergonomike 62 mm ofron nj\u00eb kapje t\u00eb rehatshme (\u00d810 mm ID \/ \u00d815 mm OD), dhe nj\u00eb vrim\u00eb opsionale plumb-bob lejon nj\u00eb shtrirje t\u00eb leht\u00eb vertikale n\u00eb terren. Nj\u00eb \u00e7ant\u00eb l\u00ebkure artificiale me cil\u00ebsi t\u00eb lart\u00eb me nj\u00eb lak rripi siguron mbrojtje dhe transportueshm\u00ebri.<\/p>\n<figure id=\"attachment_3349\" aria-describedby=\"caption-attachment-3349\" style=\"width: 500px\" class=\"wp-caption aligncenter\"><img fetchpriority=\"high\" decoding=\"async\" class=\"wp-image-3349\" src=\"https:\/\/mountlaser.com\/wp-content\/uploads\/2025\/11\/3-4RAP0012.webp\" alt=\"RAP001 Single Right Angle Prism\" width=\"500\" height=\"500\" srcset=\"https:\/\/mountlaser.com\/wp-content\/uploads\/2025\/11\/3-4RAP0012.webp 1000w, https:\/\/mountlaser.com\/wp-content\/uploads\/2025\/11\/3-4RAP0012-300x300.webp 300w, https:\/\/mountlaser.com\/wp-content\/uploads\/2025\/11\/3-4RAP0012-400x400.webp 400w, https:\/\/mountlaser.com\/wp-content\/uploads\/2025\/11\/3-4RAP0012-800x800.webp 800w, https:\/\/mountlaser.com\/wp-content\/uploads\/2025\/11\/3-4RAP0012-600x600.webp 600w, https:\/\/mountlaser.com\/wp-content\/uploads\/2025\/11\/3-4RAP0012-150x150.webp 150w, https:\/\/mountlaser.com\/wp-content\/uploads\/2025\/11\/3-4RAP0012-768x768.webp 768w, https:\/\/mountlaser.com\/wp-content\/uploads\/2025\/11\/3-4RAP0012-12x12.webp 12w\" sizes=\"(max-width: 500px) 100vw, 500px\" \/><figcaption id=\"caption-attachment-3349\" class=\"wp-caption-text\">Prizm i vet\u00ebm me k\u00ebnd t\u00eb drejt\u00eb RAP001<\/figcaption><\/figure>\n<figure id=\"attachment_3356\" aria-describedby=\"caption-attachment-3356\" style=\"width: 500px\" class=\"wp-caption aligncenter\"><img decoding=\"async\" class=\"wp-image-3356\" src=\"https:\/\/mountlaser.com\/wp-content\/uploads\/2025\/11\/3-5RAP0021.webp\" alt=\"RAP002 right angle prism\" width=\"500\" height=\"500\" srcset=\"https:\/\/mountlaser.com\/wp-content\/uploads\/2025\/11\/3-5RAP0021.webp 1000w, https:\/\/mountlaser.com\/wp-content\/uploads\/2025\/11\/3-5RAP0021-300x300.webp 300w, https:\/\/mountlaser.com\/wp-content\/uploads\/2025\/11\/3-5RAP0021-400x400.webp 400w, https:\/\/mountlaser.com\/wp-content\/uploads\/2025\/11\/3-5RAP0021-800x800.webp 800w, https:\/\/mountlaser.com\/wp-content\/uploads\/2025\/11\/3-5RAP0021-600x600.webp 600w, https:\/\/mountlaser.com\/wp-content\/uploads\/2025\/11\/3-5RAP0021-150x150.webp 150w, https:\/\/mountlaser.com\/wp-content\/uploads\/2025\/11\/3-5RAP0021-768x768.webp 768w, https:\/\/mountlaser.com\/wp-content\/uploads\/2025\/11\/3-5RAP0021-12x12.webp 12w\" sizes=\"(max-width: 500px) 100vw, 500px\" \/><figcaption id=\"caption-attachment-3356\" class=\"wp-caption-text\">Prizma me k\u00ebnd t\u00eb drejt\u00eb RAP002<\/figcaption><\/figure>\n<p>P\u00ebr shkatht\u00ebsi t\u00eb shtuar, versioni RAP002 Dual Right Angle Prism mund\u00ebson matje si 90\u00b0 ashtu edhe 180\u00b0, duke paraqitur nj\u00eb lente t\u00eb madhe qendrore dhe nj\u00eb mbules\u00eb rrotulluese. P\u00ebrshtatja OEM \u00ebsht\u00eb e disponueshme p\u00ebr t\u00eb p\u00ebrmbushur nevojat e specializuara t\u00eb monitorimit ose t\u00eb shtrirjes industriale.<\/p>","protected":false},"excerpt":{"rendered":"<ul>\n<li>P\u00ebr stacionet totale dhe sistemet e shtrirjes<\/li>\n<li>Instalim kompakt n\u00eb hap\u00ebsira t\u00eb kufizuara<\/li>\n<li>Monitorimi afatgjat\u00eb dhe detyrat e shtrirjes s\u00eb nd\u00ebrtimit<\/li>\n<li>Rreshtim i leht\u00eb i fush\u00ebs me pajtueshm\u00ebri me plumb-bob<\/li>\n<\/ul>","protected":false},"featured_media":3356,"comment_status":"open","ping_status":"closed","template":"","meta":[],"product_brand":[],"product_cat":[72,112],"product_tag":[],"class_list":{"0":"post-3347","1":"product","2":"type-product","3":"status-publish","4":"has-post-thumbnail","6":"product_cat-reflective-target-prism","7":"product_cat-monitoring-prism","9":"first","10":"instock","11":"shipping-taxable","12":"product-type-simple"},"_links":{"self":[{"href":"https:\/\/mountlaser.com\/sq\/wp-json\/wp\/v2\/product\/3347","targetHints":{"allow":["GET"]}}],"collection":[{"href":"https:\/\/mountlaser.com\/sq\/wp-json\/wp\/v2\/product"}],"about":[{"href":"https:\/\/mountlaser.com\/sq\/wp-json\/wp\/v2\/types\/product"}],"replies":[{"embeddable":true,"href":"https:\/\/mountlaser.com\/sq\/wp-json\/wp\/v2\/comments?post=3347"}],"wp:featuredmedia":[{"embeddable":true,"href":"https:\/\/mountlaser.com\/sq\/wp-json\/wp\/v2\/media\/3356"}],"wp:attachment":[{"href":"https:\/\/mountlaser.com\/sq\/wp-json\/wp\/v2\/media?parent=3347"}],"wp:term":[{"taxonomy":"product_brand","embeddable":true,"href":"https:\/\/mountlaser.com\/sq\/wp-json\/wp\/v2\/product_brand?post=3347"},{"taxonomy":"product_cat","embeddable":true,"href":"https:\/\/mountlaser.com\/sq\/wp-json\/wp\/v2\/product_cat?post=3347"},{"taxonomy":"product_tag","embeddable":true,"href":"https:\/\/mountlaser.com\/sq\/wp-json\/wp\/v2\/product_tag?post=3347"}],"curies":[{"name":"wp","href":"https:\/\/api.w.org\/{rel}","templated":true}]}}