{"id":3321,"date":"2025-11-04T08:36:43","date_gmt":"2025-11-04T08:36:43","guid":{"rendered":"https:\/\/mountlaser.com\/?post_type=product&#038;p=3321"},"modified":"2025-11-28T02:38:14","modified_gmt":"2025-11-28T02:38:14","slug":"japan-style-dw-1-series-wooden-tripod","status":"publish","type":"product","link":"https:\/\/mountlaser.com\/sq\/produkt\/japan-style-dw-1-series-wooden-tripod\/","title":{"rendered":"Tripod druri i seris\u00eb DW-1 n\u00eb stilin japonez"},"content":{"rendered":"<p>I\/E\/T\u00eb\/T\u00eb <a href=\"https:\/\/mountlaser.com\/sq\/products\/\"><strong>Tripod druri i seris\u00eb DW-1 n\u00eb stilin japonez<\/strong><\/a> nga Mount Laser mish\u00ebron harmonin\u00eb e p\u00ebrsosur t\u00eb dizajnit minimalist japonez dhe besueshm\u00ebris\u00eb profesionale t\u00eb matjeve. Ky sistem mb\u00ebshtet\u00ebs i jasht\u00ebzakonsh\u00ebm p\u00ebrfaq\u00ebson at\u00eb q\u00eb duhet t\u00eb jet\u00eb nj\u00eb Tripod Druri me Cil\u00ebsi t\u00eb Mir\u00eb, i punuar nga dru thupre i importuar me cil\u00ebsi t\u00eb lart\u00eb q\u00eb siguron q\u00ebndrueshm\u00ebri afatgjat\u00eb dhe performanc\u00eb t\u00eb q\u00ebndrueshme.<\/p>\n<p>I projektuar me nj\u00eb konfigurim t\u00eb kok\u00ebs s\u00eb shesht\u00eb, ky i jasht\u00ebzakonsh\u00ebm <a href=\"https:\/\/mountlaser.com\/sq\/contact-us\/\"><strong>Tripod druri me cil\u00ebsi t\u00eb mir\u00eb<\/strong><\/a> Ofron stabilitet t\u00eb jasht\u00ebzakonsh\u00ebm, perfekt p\u00ebr stacionet totale, skaner\u00ebt lazer 3D dhe lazer\u00ebt e nd\u00ebrtimit. Druri i thupr\u00ebs i p\u00ebrzgjedhur me kujdes ofron rezistenc\u00eb t\u00eb shk\u00eblqyer ndaj deformimit dhe \u00e7arjes, nd\u00ebrsa ofron performanc\u00eb superiore kund\u00ebr p\u00ebrdredhjes q\u00eb e dallon k\u00ebt\u00eb si nj\u00eb Tripod Druri me Cil\u00ebsi t\u00eb Mir\u00eb p\u00ebr pun\u00eb precize.<\/p>\n<p>I pajisur me nj\u00eb bulon standard prej bronzi 5\/8\u2033-11 p\u00ebr lidh\u00ebse, ai ruan p\u00ebrputhshm\u00ebri t\u00eb plot\u00eb me instrumente t\u00eb ndryshme gjeodete, duke e b\u00ebr\u00eb at\u00eb zgjedhjen ideale p\u00ebr profesionist\u00ebt q\u00eb vler\u00ebsojn\u00eb si form\u00ebn ashtu edhe funksionin e pajisjeve t\u00eb tyre.<\/p>\n<p>&nbsp;<\/p>\n<p><img fetchpriority=\"high\" decoding=\"async\" class=\"aligncenter wp-image-3323\" src=\"https:\/\/mountlaser.com\/wp-content\/uploads\/2025\/11\/DW-1-.webp\" alt=\"Good Quality Wooden Tripod\" width=\"500\" height=\"500\" srcset=\"https:\/\/mountlaser.com\/wp-content\/uploads\/2025\/11\/DW-1-.webp 800w, https:\/\/mountlaser.com\/wp-content\/uploads\/2025\/11\/DW-1--300x300.webp 300w, https:\/\/mountlaser.com\/wp-content\/uploads\/2025\/11\/DW-1--400x400.webp 400w, https:\/\/mountlaser.com\/wp-content\/uploads\/2025\/11\/DW-1--600x600.webp 600w, https:\/\/mountlaser.com\/wp-content\/uploads\/2025\/11\/DW-1--150x150.webp 150w, https:\/\/mountlaser.com\/wp-content\/uploads\/2025\/11\/DW-1--768x768.webp 768w, https:\/\/mountlaser.com\/wp-content\/uploads\/2025\/11\/DW-1--12x12.webp 12w\" sizes=\"(max-width: 500px) 100vw, 500px\" \/><\/p>\n<p><strong>Specifikimet e Tripodit prej Druri t\u00eb Seris\u00eb DW-1 n\u00eb Stilin Japonez<\/strong><\/p>\n<table style=\"border-collapse: collapse; width: 650.27pt;\" border=\"0\" width=\"867\" cellspacing=\"0\" cellpadding=\"0\">\n<tbody>\n<tr style=\"height: 14.25pt;\">\n<td class=\"et2\" style=\"height: 14.25pt; width: 122.25pt;\" width=\"163\" height=\"19\">NUM\u00cbR<\/td>\n<td class=\"et2\" style=\"width: 97.50pt;\" width=\"130\">K\u00cbMB\u00cbT<\/td>\n<td class=\"et2\" style=\"width: 90.75pt;\" width=\"121\">KOK\u00cb<\/td>\n<td class=\"et2\" style=\"width: 100.50pt;\" width=\"134\">LLOJI I KY\u00c7JES<\/td>\n<td class=\"et2\" style=\"width: 99.00pt;\" width=\"132\">PAJISJE<\/td>\n<td class=\"et2\" style=\"width: 86.25pt;\" width=\"115\">ZGJATJE<\/td>\n<td class=\"et2\" style=\"width: 54.00pt;\" width=\"72\">VP<\/td>\n<\/tr>\n<tr style=\"height: 14.25pt;\">\n<td class=\"et2\" style=\"height: 14.25pt;\" height=\"19\">DW-1-FCTGY<\/td>\n<td class=\"et2\">Druri<\/td>\n<td class=\"et2\">160 mm e shesht\u00eb<\/td>\n<td class=\"et2\">Kap\u00ebse e dyfisht\u00eb<\/td>\n<td class=\"et2\">Gri<\/td>\n<td class=\"et2\">174 cm<\/td>\n<td class=\"et2\">7.0 kg<\/td>\n<\/tr>\n<\/tbody>\n<\/table>","protected":false},"excerpt":{"rendered":"<ul>\n<li>Dizajn me kok\u00eb t\u00eb shesht\u00eb i optimizuar p\u00ebr stacionet totale, skaner\u00ebt lazer 3D dhe lazer\u00ebt e nd\u00ebrtimit<\/li>\n<li>Filozofia e dizajnit e frym\u00ebzuar nga Japonia, e fokusuar n\u00eb thjesht\u00ebsi dhe funksionalitet<\/li>\n<li>Nd\u00ebrtim i fort\u00eb, i p\u00ebrshtatsh\u00ebm p\u00ebr aplikime t\u00eb k\u00ebrkuara matjeje<\/li>\n<\/ul>","protected":false},"featured_media":3322,"comment_status":"open","ping_status":"closed","template":"","meta":[],"product_brand":[],"product_cat":[91,113],"product_tag":[],"class_list":{"0":"post-3321","1":"product","2":"type-product","3":"status-publish","4":"has-post-thumbnail","6":"product_cat-bipod-tripod","7":"product_cat-wood-fiberglass-tripods","9":"first","10":"instock","11":"shipping-taxable","12":"product-type-simple"},"_links":{"self":[{"href":"https:\/\/mountlaser.com\/sq\/wp-json\/wp\/v2\/product\/3321","targetHints":{"allow":["GET"]}}],"collection":[{"href":"https:\/\/mountlaser.com\/sq\/wp-json\/wp\/v2\/product"}],"about":[{"href":"https:\/\/mountlaser.com\/sq\/wp-json\/wp\/v2\/types\/product"}],"replies":[{"embeddable":true,"href":"https:\/\/mountlaser.com\/sq\/wp-json\/wp\/v2\/comments?post=3321"}],"wp:featuredmedia":[{"embeddable":true,"href":"https:\/\/mountlaser.com\/sq\/wp-json\/wp\/v2\/media\/3322"}],"wp:attachment":[{"href":"https:\/\/mountlaser.com\/sq\/wp-json\/wp\/v2\/media?parent=3321"}],"wp:term":[{"taxonomy":"product_brand","embeddable":true,"href":"https:\/\/mountlaser.com\/sq\/wp-json\/wp\/v2\/product_brand?post=3321"},{"taxonomy":"product_cat","embeddable":true,"href":"https:\/\/mountlaser.com\/sq\/wp-json\/wp\/v2\/product_cat?post=3321"},{"taxonomy":"product_tag","embeddable":true,"href":"https:\/\/mountlaser.com\/sq\/wp-json\/wp\/v2\/product_tag?post=3321"}],"curies":[{"name":"wp","href":"https:\/\/api.w.org\/{rel}","templated":true}]}}