{"id":3311,"date":"2025-11-04T08:19:40","date_gmt":"2025-11-04T08:19:40","guid":{"rendered":"https:\/\/mountlaser.com\/?post_type=product&#038;p=3311"},"modified":"2025-11-28T02:40:00","modified_gmt":"2025-11-28T02:40:00","slug":"swiss-style-gst120-9-series-wooden-tripod","status":"publish","type":"product","link":"https:\/\/mountlaser.com\/sq\/produkt\/swiss-style-gst120-9-series-wooden-tripod\/","title":{"rendered":"Tripod druri i seris\u00eb GST120-9 n\u00eb stilin zviceran"},"content":{"rendered":"<p>I\/E\/T\u00eb\/T\u00eb <a href=\"https:\/\/mountlaser.com\/sq\/\"><strong>Tripod druri i seris\u00eb GST120-9 n\u00eb stilin zviceran<\/strong><\/a> nga Mount Laser p\u00ebrfaq\u00ebson kulmin e inxhinieris\u00eb precize dhe artizanatit tradicional. I projektuar si nj\u00eb Tripod druri i fuqish\u00ebm p\u00ebr pun\u00eb t\u00eb r\u00ebnda, ky sistem mb\u00ebshtet\u00ebs i jasht\u00ebzakonsh\u00ebm p\u00ebrmban nj\u00eb mekaniz\u00ebm inovativ t\u00eb integruar vet\u00eb-mbyll\u00ebs q\u00eb e b\u00ebn Tripodin prej druri p\u00ebr pun\u00eb t\u00eb r\u00ebnda Tripodin prej druri me vet\u00eb-mbyllje kryesor n\u00eb klas\u00ebn e tij.<\/p>\n<p>I punuar nga dru thupre i importuar me cil\u00ebsi t\u00eb lart\u00eb, ky i jasht\u00ebzakonsh\u00ebm <a href=\"https:\/\/mountlaser.com\/sq\/products\/\"><strong>Tripod druri p\u00ebr pun\u00eb t\u00eb r\u00ebnd\u00eb<\/strong><\/a> ofron stabilitet t\u00eb jasht\u00ebzakonsh\u00ebm q\u00eb i reziston deformimit dhe plasaritjes, nd\u00ebrkoh\u00eb q\u00eb siguron performanc\u00eb superiore kund\u00ebr torsionit.<\/p>\n<p>Dizajni i kok\u00ebs s\u00eb shesht\u00eb siguron p\u00ebrputhshm\u00ebri t\u00eb p\u00ebrsosur me stacionet totale, skaner\u00ebt lazer 3D dhe lazer\u00ebt e nd\u00ebrtimit, duke e b\u00ebr\u00eb k\u00ebt\u00eb Tripod Druri t\u00eb Avancuar me Vet\u00eb-Bllokim zgjedhjen ideale p\u00ebr topograf\u00ebt q\u00eb k\u00ebrkojn\u00eb si besueshm\u00ebri tradicionale ashtu edhe komoditet modern. Me inxhinierin\u00eb e tij t\u00eb menduar mir\u00eb dhe materialet premium, ky Tripod Druri i sofistikuar me Vet\u00eb-Bllokim vendos standarde t\u00eb reja p\u00ebr aplikimet e matjeve t\u00eb r\u00ebnda.<\/p>\n<p>&nbsp;<\/p>\n<p><img fetchpriority=\"high\" decoding=\"async\" class=\"aligncenter wp-image-3313\" src=\"https:\/\/mountlaser.com\/wp-content\/uploads\/2025\/11\/GST120-9\uff084\uff09.webp\" alt=\"Heavy Duty Wooden Tripod\" width=\"500\" height=\"500\" srcset=\"https:\/\/mountlaser.com\/wp-content\/uploads\/2025\/11\/GST120-9\uff084\uff09.webp 1000w, https:\/\/mountlaser.com\/wp-content\/uploads\/2025\/11\/GST120-9\uff084\uff09-300x300.webp 300w, https:\/\/mountlaser.com\/wp-content\/uploads\/2025\/11\/GST120-9\uff084\uff09-400x400.webp 400w, https:\/\/mountlaser.com\/wp-content\/uploads\/2025\/11\/GST120-9\uff084\uff09-800x800.webp 800w, https:\/\/mountlaser.com\/wp-content\/uploads\/2025\/11\/GST120-9\uff084\uff09-600x600.webp 600w, https:\/\/mountlaser.com\/wp-content\/uploads\/2025\/11\/GST120-9\uff084\uff09-150x150.webp 150w, https:\/\/mountlaser.com\/wp-content\/uploads\/2025\/11\/GST120-9\uff084\uff09-768x768.webp 768w, https:\/\/mountlaser.com\/wp-content\/uploads\/2025\/11\/GST120-9\uff084\uff09-12x12.webp 12w\" sizes=\"(max-width: 500px) 100vw, 500px\" \/><\/p>\n<p><strong><a href=\"https:\/\/mountlaser.com\/sq\/contact-us\/\">Seria GST120-9 e stilit zviceran<\/a> Specifikimet e Tripodit prej Druri:<\/strong><\/p>\n<table style=\"border-collapse: collapse; width: 650.27pt;\" border=\"0\" width=\"867\" cellspacing=\"0\" cellpadding=\"0\">\n<tbody>\n<tr style=\"height: 14.25pt;\">\n<td class=\"et2\" style=\"height: 14.25pt; width: 122.25pt;\" width=\"163\" height=\"19\">NUM\u00cbR<\/td>\n<td class=\"et2\" style=\"width: 97.50pt;\" width=\"130\">K\u00cbMB\u00cbT<\/td>\n<td class=\"et2\" style=\"width: 90.75pt;\" width=\"121\">KOK\u00cb<\/td>\n<td class=\"et2\" style=\"width: 100.50pt;\" width=\"134\">LLOJI I KY\u00c7JES<\/td>\n<td class=\"et2\" style=\"width: 99.00pt;\" width=\"132\">PAJISJE<\/td>\n<td class=\"et2\" style=\"width: 86.25pt;\" width=\"115\">ZGJATJE<\/td>\n<td class=\"et2\" style=\"width: 54.00pt;\" width=\"72\">VP<\/td>\n<\/tr>\n<tr style=\"height: 14.25pt;\">\n<td class=\"et2\" style=\"height: 14.25pt;\" height=\"19\">GST120-9-FCT<\/td>\n<td class=\"et2\">Druri<\/td>\n<td class=\"et2\">160 mm e shesht\u00eb<\/td>\n<td class=\"et2\">Kap\u00ebse rrotulluese<\/td>\n<td class=\"et2\">E kuqe<\/td>\n<td class=\"et2\">181 cm<\/td>\n<td class=\"et2\">6.0 kg<\/td>\n<\/tr>\n<\/tbody>\n<\/table>\n<p>&nbsp;<\/p>","protected":false},"excerpt":{"rendered":"<ul>\n<li>Nd\u00ebrtuar nga dru thupre i importuar me cil\u00ebsi t\u00eb lart\u00eb p\u00ebr q\u00ebndrueshm\u00ebri t\u00eb jasht\u00ebzakonshme<\/li>\n<li>Stabilitet i shk\u00eblqyer q\u00eb i reziston deformimit dhe \u00e7arjes n\u00eb kushte t\u00eb ndryshme moti<\/li>\n<li>Performanc\u00eb superiore kund\u00ebr torsionit p\u00ebr ruajtjen e sakt\u00ebsis\u00eb s\u00eb matjes<\/li>\n<\/ul>","protected":false},"featured_media":3314,"comment_status":"open","ping_status":"closed","template":"","meta":[],"product_brand":[],"product_cat":[91,113],"product_tag":[],"class_list":{"0":"post-3311","1":"product","2":"type-product","3":"status-publish","4":"has-post-thumbnail","6":"product_cat-bipod-tripod","7":"product_cat-wood-fiberglass-tripods","9":"first","10":"instock","11":"shipping-taxable","12":"product-type-simple"},"_links":{"self":[{"href":"https:\/\/mountlaser.com\/sq\/wp-json\/wp\/v2\/product\/3311","targetHints":{"allow":["GET"]}}],"collection":[{"href":"https:\/\/mountlaser.com\/sq\/wp-json\/wp\/v2\/product"}],"about":[{"href":"https:\/\/mountlaser.com\/sq\/wp-json\/wp\/v2\/types\/product"}],"replies":[{"embeddable":true,"href":"https:\/\/mountlaser.com\/sq\/wp-json\/wp\/v2\/comments?post=3311"}],"wp:featuredmedia":[{"embeddable":true,"href":"https:\/\/mountlaser.com\/sq\/wp-json\/wp\/v2\/media\/3314"}],"wp:attachment":[{"href":"https:\/\/mountlaser.com\/sq\/wp-json\/wp\/v2\/media?parent=3311"}],"wp:term":[{"taxonomy":"product_brand","embeddable":true,"href":"https:\/\/mountlaser.com\/sq\/wp-json\/wp\/v2\/product_brand?post=3311"},{"taxonomy":"product_cat","embeddable":true,"href":"https:\/\/mountlaser.com\/sq\/wp-json\/wp\/v2\/product_cat?post=3311"},{"taxonomy":"product_tag","embeddable":true,"href":"https:\/\/mountlaser.com\/sq\/wp-json\/wp\/v2\/product_tag?post=3311"}],"curies":[{"name":"wp","href":"https:\/\/api.w.org\/{rel}","templated":true}]}}