{"id":3296,"date":"2025-11-04T08:06:31","date_gmt":"2025-11-04T08:06:31","guid":{"rendered":"https:\/\/mountlaser.com\/?post_type=product&#038;p=3296"},"modified":"2025-11-28T02:41:47","modified_gmt":"2025-11-28T02:41:47","slug":"bp001-ball-prism-with-magnetic-base","status":"publish","type":"product","link":"https:\/\/mountlaser.com\/sq\/produkt\/bp001-ball-prism-with-magnetic-base\/","title":{"rendered":"Prizm sferik BP001 me baz\u00eb magnetike"},"content":{"rendered":"<p>Prizm sferik BP001 me baz\u00eb magnetike Hyrje n\u00eb produkt<\/p>\n<p>I\/E\/T\u00eb\/T\u00eb <a href=\"https:\/\/mountlaser.com\/sq\/about-us\/\"><strong>Prizm sferik BP001 me baz\u00eb magnetike<\/strong><\/a> \u00ebsht\u00eb nj\u00eb inxhinieri precize <a href=\"https:\/\/mountlaser.com\/sq\/products\/\"><strong>priz\u00ebm monitorimi sferik<\/strong><\/a> I projektuar p\u00ebr gjurmim t\u00eb sakt\u00eb t\u00eb deformimit, shtrirjes dhe monitorimit t\u00eb struktur\u00ebs n\u00eb mjedise t\u00eb k\u00ebrkuara si tunele, kantiere nd\u00ebrtimi dhe rrjete gjeodezike. Ky priz\u00ebm sferik BP001 me precizion t\u00eb lart\u00eb me baz\u00eb magnetike kombinon fleksibilitetin, stabilitetin dhe p\u00ebrs\u00ebritshm\u00ebrin\u00eb - duke e b\u00ebr\u00eb at\u00eb nj\u00eb zgjedhje ideale p\u00ebr gjeodet\u00ebt profesionist\u00eb dhe inxhinier\u00ebt e monitorimit.<\/p>\n<p>I nd\u00ebrtuar me nj\u00eb sfer\u00eb \u00e7eliku inox rezistente ndaj korrozionit dhe i pajisur me nj\u00eb piedestal magnetik t\u00eb fuqish\u00ebm, prizma sferike e monitorimit siguron montim t\u00eb shpejt\u00eb dhe t\u00eb sigurt n\u00eb sip\u00ebrfaqet metalike pa pasur nevoj\u00eb p\u00ebr mjete shtes\u00eb. Baza e saj magnetike lejon ripozicionim t\u00eb leht\u00eb p\u00ebr matje t\u00eb p\u00ebrs\u00ebritura, duke ruajtur sakt\u00ebsi t\u00eb q\u00ebndrueshme.<\/p>\n<p><img fetchpriority=\"high\" decoding=\"async\" class=\"aligncenter wp-image-3298\" src=\"https:\/\/mountlaser.com\/wp-content\/uploads\/2025\/11\/BP0012.webp\" alt=\"spherical monitoring prism\" width=\"500\" height=\"500\" srcset=\"https:\/\/mountlaser.com\/wp-content\/uploads\/2025\/11\/BP0012.webp 1000w, https:\/\/mountlaser.com\/wp-content\/uploads\/2025\/11\/BP0012-300x300.webp 300w, https:\/\/mountlaser.com\/wp-content\/uploads\/2025\/11\/BP0012-400x400.webp 400w, https:\/\/mountlaser.com\/wp-content\/uploads\/2025\/11\/BP0012-800x800.webp 800w, https:\/\/mountlaser.com\/wp-content\/uploads\/2025\/11\/BP0012-600x600.webp 600w, https:\/\/mountlaser.com\/wp-content\/uploads\/2025\/11\/BP0012-150x150.webp 150w, https:\/\/mountlaser.com\/wp-content\/uploads\/2025\/11\/BP0012-768x768.webp 768w, https:\/\/mountlaser.com\/wp-content\/uploads\/2025\/11\/BP0012-12x12.webp 12w\" sizes=\"(max-width: 500px) 100vw, 500px\" \/><\/p>\n<p>I\/E\/T\u00eb\/T\u00eb <a href=\"https:\/\/mountlaser.com\/sq\/contact-us\/\">Prizma sferike BP001 me baz\u00eb magnetike<\/a> \u00ebsht\u00eb n\u00eb dispozicion n\u00eb disa konfigurime:<\/p>\n<p>BP001A: Prizm \u00d817.8 mm, Sfer\u00eb \u00d830 mm<\/p>\n<p>BP001B: Prizm \u00d825.4 mm, Sfer\u00eb \u00d838.1 mm<\/p>\n<p>BP002A: Prizm \u00d817.8 mm, Sfer\u00eb \u00d830 mm me unaz\u00eb prizmi t\u00eb zez\u00eb<\/p>\n<p>BP002B: Prizm \u00d825.4 mm, Sfer\u00eb \u00d838.1 mm me unaz\u00eb prizmi t\u00eb zez\u00eb<\/p>\n<p>BP002C: Prizm \u00d825.4 mm, Sfer\u00eb \u00d845 mm me unaz\u00eb prizmi t\u00eb zez\u00eb<\/p>\n<p>P\u00ebr nevoja t\u00eb specializuara matjeje, ky priz\u00ebm sferik monitorimi mund t\u00eb furnizohet me sip\u00ebrfaqe prizmi t\u00eb veshura me bak\u00ebr ose argjend p\u00ebr kthim t\u00eb p\u00ebrmir\u00ebsuar t\u00eb sinjalit n\u00eb kushte t\u00eb ndryshme t\u00eb fush\u00ebs.<\/p>","protected":false},"excerpt":{"rendered":"<ul>\n<li>Nd\u00ebrtim me forc\u00eb t\u00eb lart\u00eb: Sfera prej \u00e7eliku inox siguron rezistenc\u00eb ndaj korrozionit dhe q\u00ebndrueshm\u00ebri afatgjat\u00eb.<\/li>\n<li>Montim Magnetik: Baza e fort\u00eb magnetike mund\u00ebson vendosje t\u00eb shpejt\u00eb dhe pa mjete n\u00eb sip\u00ebrfaqet metalike.<\/li>\n<li>Opsione fleksibile t\u00eb modelit: Madh\u00ebsi t\u00eb shum\u00ebfishta prizmash dhe topash p\u00ebr t&#039;iu p\u00ebrshtatur konfigurimeve t\u00eb monitorimit.<\/li>\n<li>Veshje t\u00eb personalizueshme: Opsione veshjeje bakri ose argjendi p\u00ebr reflektivitet t\u00eb optimizuar.<\/li>\n<\/ul>","protected":false},"featured_media":3302,"comment_status":"open","ping_status":"closed","template":"","meta":[],"product_brand":[],"product_cat":[72,112],"product_tag":[],"class_list":{"0":"post-3296","1":"product","2":"type-product","3":"status-publish","4":"has-post-thumbnail","6":"product_cat-reflective-target-prism","7":"product_cat-monitoring-prism","9":"first","10":"instock","11":"shipping-taxable","12":"product-type-simple"},"_links":{"self":[{"href":"https:\/\/mountlaser.com\/sq\/wp-json\/wp\/v2\/product\/3296","targetHints":{"allow":["GET"]}}],"collection":[{"href":"https:\/\/mountlaser.com\/sq\/wp-json\/wp\/v2\/product"}],"about":[{"href":"https:\/\/mountlaser.com\/sq\/wp-json\/wp\/v2\/types\/product"}],"replies":[{"embeddable":true,"href":"https:\/\/mountlaser.com\/sq\/wp-json\/wp\/v2\/comments?post=3296"}],"wp:featuredmedia":[{"embeddable":true,"href":"https:\/\/mountlaser.com\/sq\/wp-json\/wp\/v2\/media\/3302"}],"wp:attachment":[{"href":"https:\/\/mountlaser.com\/sq\/wp-json\/wp\/v2\/media?parent=3296"}],"wp:term":[{"taxonomy":"product_brand","embeddable":true,"href":"https:\/\/mountlaser.com\/sq\/wp-json\/wp\/v2\/product_brand?post=3296"},{"taxonomy":"product_cat","embeddable":true,"href":"https:\/\/mountlaser.com\/sq\/wp-json\/wp\/v2\/product_cat?post=3296"},{"taxonomy":"product_tag","embeddable":true,"href":"https:\/\/mountlaser.com\/sq\/wp-json\/wp\/v2\/product_tag?post=3296"}],"curies":[{"name":"wp","href":"https:\/\/api.w.org\/{rel}","templated":true}]}}