{"id":3293,"date":"2025-11-04T07:46:37","date_gmt":"2025-11-04T07:46:37","guid":{"rendered":"https:\/\/mountlaser.com\/?post_type=product&#038;p=3293"},"modified":"2025-11-28T02:43:26","modified_gmt":"2025-11-28T02:43:26","slug":"premium-t-series-rtf30-fiberglass-tripod","status":"publish","type":"product","link":"https:\/\/mountlaser.com\/sq\/produkt\/premium-t-series-rtf30-fiberglass-tripod\/","title":{"rendered":"Tripod Premium T Series RTF30 me fibra qelqi"},"content":{"rendered":"<p>I\/E\/T\u00eb\/T\u00eb <a href=\"https:\/\/mountlaser.com\/sq\/\"><strong>Tripod Premium T Series RTF30 me fibra qelqi<\/strong><\/a> nga Mount Laser vendos nj\u00eb standard t\u00eb ri p\u00ebr besueshm\u00ebrin\u00eb n\u00eb mjediset e k\u00ebrkuara t\u00eb matjeve. I projektuar si nj\u00eb Tripod i v\u00ebrtet\u00eb me k\u00ebmb\u00eb t\u00eb rrumbullak\u00ebta prej fibre qelqi p\u00ebr pun\u00eb t\u00eb r\u00ebnd\u00eb, ky model ofron stabilitet t\u00eb jasht\u00ebzakonsh\u00ebm p\u00ebr instrumente me precizion t\u00eb lart\u00eb si stacionet totale dhe skaner\u00ebt lazer 3D.<\/p>\n<p>Me nj\u00eb dizajn me kok\u00eb t\u00eb madhe t\u00eb rrumbullak\u00ebt, ky trek\u00ebmb\u00ebsh i fuqish\u00ebm p\u00ebr matje me fibra qelqi \u00ebsht\u00eb nd\u00ebrtuar p\u00ebr t&#039;i b\u00ebr\u00eb ball\u00eb p\u00ebrdorimit t\u00eb p\u00ebrditsh\u00ebm rigoroz, duke ruajtur sakt\u00ebsi t\u00eb lart\u00eb. I prodhuar nga materiali i fibrave t\u00eb qelqit t\u00eb cil\u00ebsis\u00eb s\u00eb lart\u00eb, ai ofron rezistenc\u00eb superiore ndaj goditjeve dhe q\u00ebndrueshm\u00ebri ndaj stresit, duke e b\u00ebr\u00eb k\u00ebt\u00eb... <a href=\"https:\/\/mountlaser.com\/sq\/products\/\"><strong>Tripod me k\u00ebmb\u00eb t\u00eb rrumbullak\u00ebta prej fibre qelqi p\u00ebr pun\u00eb t\u00eb r\u00ebnd\u00eb<\/strong><\/a> zgjedhja ideale p\u00ebr kantieret e nd\u00ebrtimit dhe studimet topografike sfiduese.<br \/>\nMe vetit\u00eb e tij rezistente ndaj korrozionit dhe nd\u00ebrtimin e p\u00ebrforcuar, ky Tripod Profesional p\u00ebr Matjen me Fib\u00ebr Qelqi siguron performanc\u00eb afatgjat\u00eb n\u00eb \u00e7do kusht pune.<\/p>\n<figure id=\"attachment_3295\" aria-describedby=\"caption-attachment-3295\" style=\"width: 500px\" class=\"wp-caption aligncenter\"><img fetchpriority=\"high\" decoding=\"async\" class=\"wp-image-3295\" src=\"https:\/\/mountlaser.com\/wp-content\/uploads\/2025\/11\/RTF30-BCD2.webp\" alt=\"Heavy Duty Fiberglass Round Leg Tripod\" width=\"500\" height=\"500\" srcset=\"https:\/\/mountlaser.com\/wp-content\/uploads\/2025\/11\/RTF30-BCD2.webp 1000w, https:\/\/mountlaser.com\/wp-content\/uploads\/2025\/11\/RTF30-BCD2-300x300.webp 300w, https:\/\/mountlaser.com\/wp-content\/uploads\/2025\/11\/RTF30-BCD2-400x400.webp 400w, https:\/\/mountlaser.com\/wp-content\/uploads\/2025\/11\/RTF30-BCD2-800x800.webp 800w, https:\/\/mountlaser.com\/wp-content\/uploads\/2025\/11\/RTF30-BCD2-600x600.webp 600w, https:\/\/mountlaser.com\/wp-content\/uploads\/2025\/11\/RTF30-BCD2-150x150.webp 150w, https:\/\/mountlaser.com\/wp-content\/uploads\/2025\/11\/RTF30-BCD2-768x768.webp 768w, https:\/\/mountlaser.com\/wp-content\/uploads\/2025\/11\/RTF30-BCD2-12x12.webp 12w\" sizes=\"(max-width: 500px) 100vw, 500px\" \/><figcaption id=\"caption-attachment-3295\" class=\"wp-caption-text\">Tripod me k\u00ebmb\u00eb t\u00eb rrumbullak\u00ebta prej fibre qelqi p\u00ebr pun\u00eb t\u00eb r\u00ebnd\u00eb<\/figcaption><\/figure>\n<p>&nbsp;<\/p>\n<p><strong>Specifikimet e Tripodit Premium T Series RTF30 me Fiberglass<\/strong><\/p>\n<table style=\"border-collapse: collapse; width: 650.27pt;\" border=\"0\" width=\"867\" cellspacing=\"0\" cellpadding=\"0\">\n<tbody>\n<tr style=\"height: 14.25pt;\">\n<td class=\"et2\" style=\"height: 14.25pt; width: 122.25pt;\" width=\"163\" height=\"19\">NUM\u00cbR<\/td>\n<td class=\"et2\" style=\"width: 97.50pt;\" width=\"130\">K\u00cbMB\u00cbT<\/td>\n<td class=\"et2\" style=\"width: 90.75pt;\" width=\"121\">KOK\u00cb<\/td>\n<td class=\"et2\" style=\"width: 100.50pt;\" width=\"134\">LLOJI I KY\u00c7JES<\/td>\n<td class=\"et2\" style=\"width: 99.00pt;\" width=\"132\">PAJISJE<\/td>\n<td class=\"et2\" style=\"width: 86.25pt;\" width=\"115\">ZGJATJE<\/td>\n<td class=\"et2\" style=\"width: 54.00pt;\" width=\"72\">VP<\/td>\n<\/tr>\n<tr style=\"height: 14.25pt;\">\n<td class=\"et2\" style=\"height: 14.25pt;\" height=\"19\">RTF30-BCD<\/td>\n<td class=\"et2\">Fib\u00ebr qelqi<\/td>\n<td class=\"et2\">166 mm e rrumbullak\u00ebt<\/td>\n<td class=\"et2\">Kap\u00ebse e dyfisht\u00eb<\/td>\n<td class=\"et2\">E zez\u00eb<\/td>\n<td class=\"et2\">180 cm<\/td>\n<td class=\"et2\">8.0 kg<\/td>\n<\/tr>\n<\/tbody>\n<\/table>","protected":false},"excerpt":{"rendered":"<ul>\n<li>Nd\u00ebrtimi i k\u00ebmb\u00ebve t\u00eb rrumbullak\u00ebta prej fiberglasi t\u00eb fort\u00eb siguron stabilitet dhe q\u00ebndrueshm\u00ebri maksimale<\/li>\n<li>Rezistenc\u00eb e shk\u00eblqyer ndaj goditjeve dhe q\u00ebndrueshm\u00ebri ndaj stresit p\u00ebr besueshm\u00ebri afatgjat\u00eb<\/li>\n<li>Rezistenca superiore ndaj korrozionit zgjat jet\u00ebgjat\u00ebsin\u00eb e sh\u00ebrbimit n\u00eb mjedise t\u00eb ashpra<\/li>\n<li>Tripod me k\u00ebmb\u00eb t\u00eb rrumbullak\u00ebta prej fibre qelqi p\u00ebr pun\u00eb t\u00eb r\u00ebnd\u00eb. P\u00ebrfshin rrip dore t\u00eb p\u00ebrshtatsh\u00ebm p\u00ebr transport t\u00eb leht\u00eb n\u00eb vende t\u00eb ndryshme pune.<\/li>\n<\/ul>","protected":false},"featured_media":3294,"comment_status":"open","ping_status":"closed","template":"","meta":[],"product_brand":[],"product_cat":[91,113],"product_tag":[],"class_list":{"0":"post-3293","1":"product","2":"type-product","3":"status-publish","4":"has-post-thumbnail","6":"product_cat-bipod-tripod","7":"product_cat-wood-fiberglass-tripods","9":"first","10":"instock","11":"shipping-taxable","12":"product-type-simple"},"_links":{"self":[{"href":"https:\/\/mountlaser.com\/sq\/wp-json\/wp\/v2\/product\/3293","targetHints":{"allow":["GET"]}}],"collection":[{"href":"https:\/\/mountlaser.com\/sq\/wp-json\/wp\/v2\/product"}],"about":[{"href":"https:\/\/mountlaser.com\/sq\/wp-json\/wp\/v2\/types\/product"}],"replies":[{"embeddable":true,"href":"https:\/\/mountlaser.com\/sq\/wp-json\/wp\/v2\/comments?post=3293"}],"wp:featuredmedia":[{"embeddable":true,"href":"https:\/\/mountlaser.com\/sq\/wp-json\/wp\/v2\/media\/3294"}],"wp:attachment":[{"href":"https:\/\/mountlaser.com\/sq\/wp-json\/wp\/v2\/media?parent=3293"}],"wp:term":[{"taxonomy":"product_brand","embeddable":true,"href":"https:\/\/mountlaser.com\/sq\/wp-json\/wp\/v2\/product_brand?post=3293"},{"taxonomy":"product_cat","embeddable":true,"href":"https:\/\/mountlaser.com\/sq\/wp-json\/wp\/v2\/product_cat?post=3293"},{"taxonomy":"product_tag","embeddable":true,"href":"https:\/\/mountlaser.com\/sq\/wp-json\/wp\/v2\/product_tag?post=3293"}],"curies":[{"name":"wp","href":"https:\/\/api.w.org\/{rel}","templated":true}]}}