{"id":3280,"date":"2025-11-04T07:37:26","date_gmt":"2025-11-04T07:37:26","guid":{"rendered":"https:\/\/mountlaser.com\/?post_type=product&#038;p=3280"},"modified":"2025-11-28T02:53:40","modified_gmt":"2025-11-28T02:53:40","slug":"premium-t-series-rtw20a-wooden-tripod","status":"publish","type":"product","link":"https:\/\/mountlaser.com\/sq\/produkt\/premium-t-series-rtw20a-wooden-tripod\/","title":{"rendered":"Tripod druri Premium T Series RTW20A"},"content":{"rendered":"<p>I\/E\/T\u00eb\/T\u00eb <a href=\"https:\/\/mountlaser.com\/sq\/\"><strong>Tripod druri Premium T Series RTW20A<\/strong><\/a> nga Mount Laser p\u00ebrfaq\u00ebson sintez\u00ebn perfekte t\u00eb mjesht\u00ebris\u00eb tradicionale dhe nevojave moderne t\u00eb matjes. I projektuar si nj\u00eb Tripod Druri i besuesh\u00ebm p\u00ebr Pun\u00eb t\u00eb Mesme, ai ofron stabilitet t\u00eb jasht\u00ebzakonsh\u00ebm dhe veti zbut\u00ebse t\u00eb dridhjeve q\u00eb profesionist\u00ebt u besojn\u00eb. I disponuesh\u00ebm n\u00eb dy konfigurime - Tripodi Druri me Kok\u00eb t\u00eb Shesht\u00eb RTW20A dhe <a href=\"https:\/\/mountlaser.com\/sq\/products\/\">Tripod druri me kok\u00eb t\u00eb madhe t\u00eb rrumbullak\u00ebt RTW20A<\/a> \u2013 ky model \u00ebsht\u00eb ideal p\u00ebr p\u00ebrdorim me teodolite dhe stacione totale, duke siguruar q\u00eb instrumentet tuaja t\u00eb jen\u00eb t\u00eb montuara n\u00eb m\u00ebnyr\u00eb t\u00eb sigurt p\u00ebr lexime t\u00eb sakta.<\/p>\n<p><img fetchpriority=\"high\" decoding=\"async\" class=\"aligncenter wp-image-3282\" src=\"https:\/\/mountlaser.com\/wp-content\/uploads\/2025\/11\/rtw20a.webp\" alt=\"Medium-Duty Wooden Tripod\" width=\"500\" height=\"500\" srcset=\"https:\/\/mountlaser.com\/wp-content\/uploads\/2025\/11\/rtw20a.webp 800w, https:\/\/mountlaser.com\/wp-content\/uploads\/2025\/11\/rtw20a-300x300.webp 300w, https:\/\/mountlaser.com\/wp-content\/uploads\/2025\/11\/rtw20a-400x400.webp 400w, https:\/\/mountlaser.com\/wp-content\/uploads\/2025\/11\/rtw20a-600x600.webp 600w, https:\/\/mountlaser.com\/wp-content\/uploads\/2025\/11\/rtw20a-150x150.webp 150w, https:\/\/mountlaser.com\/wp-content\/uploads\/2025\/11\/rtw20a-768x768.webp 768w, https:\/\/mountlaser.com\/wp-content\/uploads\/2025\/11\/rtw20a-12x12.webp 12w\" sizes=\"(max-width: 500px) 100vw, 500px\" \/><\/p>\n<p>I nd\u00ebrtuar nga dru i p\u00ebrzgjedhur me cil\u00ebsi t\u00eb lart\u00eb, ky Tripod Druri Preciz p\u00ebr Pun\u00eb t\u00eb Mesme ofron stabilitet superior dhe performanc\u00eb t\u00eb p\u00ebrmir\u00ebsuar anti-torsion krahasuar me modelet standarde. Dizajni i tij me madh\u00ebsi mesatare \u00ebsht\u00eb projektuar p\u00ebr t\u00eb ofruar ekuilibrin e p\u00ebrsosur midis nj\u00eb baze t\u00eb fort\u00eb n\u00eb terren dhe transportueshm\u00ebris\u00eb relative. Si nj\u00eb Tripod Druri p\u00ebr Pun\u00eb t\u00eb Mesme shum\u00ebfunksionale, ai \u00ebsht\u00eb i pajisur me nj\u00eb bulon standard prej bronzi 5\/8\u2033-11, duke garantuar p\u00ebrputhshm\u00ebri t\u00eb gjer\u00eb dhe rezistenc\u00eb ndaj korrozionit. P\u00ebr gjeodet\u00ebt q\u00eb vler\u00ebsojn\u00eb performanc\u00ebn e q\u00ebndrueshme dhe forc\u00ebn natyrore t\u00eb drurit, RTW20A q\u00ebndron si Tripodi Druri Preciz p\u00ebr nj\u00eb gam\u00eb t\u00eb gjer\u00eb aplikimesh.<\/p>\n<p>&nbsp;<\/p>\n<p><strong><a href=\"https:\/\/mountlaser.com\/sq\/contact-us\/\">Seria Premium T RTW20A<\/a> Specifikimet e Tripodit prej Druri<\/strong><\/p>\n<table style=\"border-collapse: collapse; width: 650.27pt;\" border=\"0\" width=\"867\" cellspacing=\"0\" cellpadding=\"0\">\n<tbody>\n<tr style=\"height: 14.25pt;\">\n<td class=\"et2\" style=\"height: 14.25pt; width: 122.25pt;\" width=\"163\" height=\"19\">NUM\u00cbR<\/td>\n<td class=\"et2\" style=\"width: 97.50pt;\" width=\"130\">K\u00cbMB\u00cbT<\/td>\n<td class=\"et2\" style=\"width: 90.75pt;\" width=\"121\">KOK\u00cb<\/td>\n<td class=\"et2\" style=\"width: 100.50pt;\" width=\"134\">LLOJI I KY\u00c7JES<\/td>\n<td class=\"et2\" style=\"width: 99.00pt;\" width=\"132\">PAJISJE<\/td>\n<td class=\"et2\" style=\"width: 86.25pt;\" width=\"115\">ZGJATJE<\/td>\n<td class=\"et2\" style=\"width: 54.00pt;\" width=\"72\">VP<\/td>\n<\/tr>\n<tr style=\"height: 14.25pt;\">\n<td class=\"et2\" style=\"height: 14.25pt;\" height=\"19\">RTW20A-FCTBK<\/td>\n<td class=\"et2\">Druri<\/td>\n<td class=\"et2\">160 mm e shesht\u00eb<\/td>\n<td class=\"et2\">Kap\u00ebse rrotulluese<\/td>\n<td class=\"et2\">E zez\u00eb<\/td>\n<td class=\"et2\">172 cm<\/td>\n<td class=\"et2\">5.8 kg<\/td>\n<\/tr>\n<tr style=\"height: 14.25pt;\">\n<td class=\"et2\" style=\"height: 14.25pt;\" height=\"19\">RTW20A-FCDBK<\/td>\n<td class=\"et2\">Druri<\/td>\n<td class=\"et2\">160 mm e shesht\u00eb<\/td>\n<td class=\"et2\">Kap\u00ebse e dyfisht\u00eb<\/td>\n<td class=\"et2\">E zez\u00eb<\/td>\n<td class=\"et2\">167 cm<\/td>\n<td class=\"et2\">6.2 kg<\/td>\n<\/tr>\n<\/tbody>\n<\/table>","protected":false},"excerpt":{"rendered":"<ul>\n<li>Karakterizohet nga performanc\u00eb e p\u00ebrmir\u00ebsuar kund\u00ebr torsionit p\u00ebr shkak t\u00eb nd\u00ebrtimit t\u00eb fort\u00eb t\u00eb k\u00ebmb\u00ebve prej druri.<\/li>\n<li>Dizajni p\u00ebr pun\u00eb t\u00eb mesme siguron nj\u00eb ekuilib\u00ebr optimal midis nj\u00eb platforme t\u00eb fort\u00eb dhe l\u00ebvizshm\u00ebris\u00eb n\u00eb terren.<\/li>\n<li>Zgjedhja ideale p\u00ebr profesionist\u00ebt q\u00eb k\u00ebrkojn\u00eb nj\u00eb Tripod Preciz Druri t\u00eb besuesh\u00ebm p\u00ebr matje kritike.<\/li>\n<\/ul>","protected":false},"featured_media":3281,"comment_status":"open","ping_status":"closed","template":"","meta":[],"product_brand":[],"product_cat":[91,113],"product_tag":[],"class_list":{"0":"post-3280","1":"product","2":"type-product","3":"status-publish","4":"has-post-thumbnail","6":"product_cat-bipod-tripod","7":"product_cat-wood-fiberglass-tripods","9":"first","10":"instock","11":"shipping-taxable","12":"product-type-simple"},"_links":{"self":[{"href":"https:\/\/mountlaser.com\/sq\/wp-json\/wp\/v2\/product\/3280","targetHints":{"allow":["GET"]}}],"collection":[{"href":"https:\/\/mountlaser.com\/sq\/wp-json\/wp\/v2\/product"}],"about":[{"href":"https:\/\/mountlaser.com\/sq\/wp-json\/wp\/v2\/types\/product"}],"replies":[{"embeddable":true,"href":"https:\/\/mountlaser.com\/sq\/wp-json\/wp\/v2\/comments?post=3280"}],"wp:featuredmedia":[{"embeddable":true,"href":"https:\/\/mountlaser.com\/sq\/wp-json\/wp\/v2\/media\/3281"}],"wp:attachment":[{"href":"https:\/\/mountlaser.com\/sq\/wp-json\/wp\/v2\/media?parent=3280"}],"wp:term":[{"taxonomy":"product_brand","embeddable":true,"href":"https:\/\/mountlaser.com\/sq\/wp-json\/wp\/v2\/product_brand?post=3280"},{"taxonomy":"product_cat","embeddable":true,"href":"https:\/\/mountlaser.com\/sq\/wp-json\/wp\/v2\/product_cat?post=3280"},{"taxonomy":"product_tag","embeddable":true,"href":"https:\/\/mountlaser.com\/sq\/wp-json\/wp\/v2\/product_tag?post=3280"}],"curies":[{"name":"wp","href":"https:\/\/api.w.org\/{rel}","templated":true}]}}