{"id":3279,"date":"2025-11-04T07:43:20","date_gmt":"2025-11-04T07:43:20","guid":{"rendered":"https:\/\/mountlaser.com\/?post_type=product&#038;p=3279"},"modified":"2025-11-28T02:52:06","modified_gmt":"2025-11-28T02:52:06","slug":"mp109-angled-mini-prism","status":"publish","type":"product","link":"https:\/\/mountlaser.com\/sq\/produkt\/mp109-angled-mini-prism\/","title":{"rendered":"MP109 Mini Prizm i K\u00ebnduar"},"content":{"rendered":"<p>Seria MP109 Angled Mini Prism \u00ebsht\u00eb projektuar p\u00ebr monitorim t\u00eb sakt\u00eb dhe afatgjat\u00eb t\u00eb struktur\u00ebs dhe deformimit n\u00eb mjedise sfiduese si hekurudhat, urat dhe tunelet. I disponuesh\u00ebm n\u00eb dy modele \u2014 MP109S Single Retro Reflective Mini Prism dhe MP109D. <a href=\"https:\/\/mountlaser.com\/sq\/products\/\"><strong>Prizm Mini Retro Reflektues i Dyfisht\u00eb<\/strong><\/a> \u2014 ky sistem ofron sakt\u00ebsi t\u00eb besueshme dhe mund\u00ebsi fleksibile instalimi p\u00ebr aplikime t\u00eb ndryshme inxhinierike.<\/p>\n<p>I\/E\/T\u00eb\/T\u00eb <a href=\"https:\/\/mountlaser.com\/sq\/\"><strong>Mini Prizm me Dy An\u00ebsh<\/strong><\/a> Konfigurimi lejon matje t\u00eb nj\u00ebkohshme nga drejtime t\u00eb shum\u00ebfishta, duke siguruar sakt\u00ebsi dhe efikasitet t\u00eb lart\u00eb n\u00eb mbledhjen e t\u00eb dh\u00ebnave. I montuar n\u00eb nj\u00eb pllak\u00eb t\u00eb pjerr\u00ebt, Prizmi Mini me Dy An\u00ebsh mund\u00ebson lexime t\u00eb sakta edhe nga k\u00ebnde t\u00eb pjerr\u00ebta v\u00ebzhgimi, duke e b\u00ebr\u00eb ideal p\u00ebr vende t\u00eb kufizuara ose me akses t\u00eb kufizuar.<\/p>\n<p><img fetchpriority=\"high\" decoding=\"async\" class=\"wp-image-3284 aligncenter\" src=\"https:\/\/mountlaser.com\/wp-content\/uploads\/2025\/11\/3-1MP1092.webp\" alt=\"mp109 Double side mini prism\" width=\"500\" height=\"500\" srcset=\"https:\/\/mountlaser.com\/wp-content\/uploads\/2025\/11\/3-1MP1092.webp 1000w, https:\/\/mountlaser.com\/wp-content\/uploads\/2025\/11\/3-1MP1092-300x300.webp 300w, https:\/\/mountlaser.com\/wp-content\/uploads\/2025\/11\/3-1MP1092-400x400.webp 400w, https:\/\/mountlaser.com\/wp-content\/uploads\/2025\/11\/3-1MP1092-800x800.webp 800w, https:\/\/mountlaser.com\/wp-content\/uploads\/2025\/11\/3-1MP1092-600x600.webp 600w, https:\/\/mountlaser.com\/wp-content\/uploads\/2025\/11\/3-1MP1092-150x150.webp 150w, https:\/\/mountlaser.com\/wp-content\/uploads\/2025\/11\/3-1MP1092-768x768.webp 768w, https:\/\/mountlaser.com\/wp-content\/uploads\/2025\/11\/3-1MP1092-12x12.webp 12w\" sizes=\"(max-width: 500px) 100vw, 500px\" \/><\/p>\n<p>I nd\u00ebrtuar nga materiale t\u00eb q\u00ebndrueshme dhe rezistente ndaj motit, <a href=\"https:\/\/mountlaser.com\/sq\/contact-us\/\">Mini Prizm me Dy An\u00ebsh<\/a> i reziston kushteve t\u00eb ashpra t\u00eb jashtme duke ruajtur sakt\u00ebsin\u00eb optike. Dizajni i tij i montimit t\u00eb p\u00ebrhersh\u00ebm lejon matje n\u00eb distanc\u00eb pa nd\u00ebrprer\u00eb trafikun ose aktivitetet e nd\u00ebrtimit, duke ofruar siguri dhe komoditet p\u00ebr projektet e monitorimit afatgjat\u00eb.<\/p>","protected":false},"excerpt":{"rendered":"<ul>\n<li>Dizajni i Montimit t\u00eb P\u00ebrhersh\u00ebm: Mund\u00ebson monitorim n\u00eb distanc\u00eb dhe jo-nd\u00ebrhyr\u00ebs pa nd\u00ebrprerje t\u00eb trafikut.<\/li>\n<li>Montimi i prizmit t\u00eb k\u00ebnduar: P\u00ebrmir\u00ebson sakt\u00ebsin\u00eb e matjes nga drejtime t\u00eb ndryshme t\u00eb v\u00ebzhgimit.<\/li>\n<li>Konfigurim i dyfisht\u00eb: Mini Prizmi me dy an\u00eb ofron aft\u00ebsi matjeje fleksibile dhe n\u00eb dy drejtime.<\/li>\n<li>I q\u00ebndruesh\u00ebm dhe rezistent ndaj motit: I projektuar p\u00ebr stabilitet afatgjat\u00eb n\u00eb mjedise t\u00eb jashtme.<\/li>\n<li>Ideale p\u00ebr Hap\u00ebsira t\u00eb Mbyllura: Efektive n\u00eb aplikimet e monitorimit t\u00eb hekurudhave, tuneleve dhe urave.<\/li>\n<\/ul>","protected":false},"featured_media":3284,"comment_status":"open","ping_status":"closed","template":"","meta":[],"product_brand":[],"product_cat":[72,112],"product_tag":[],"class_list":{"0":"post-3279","1":"product","2":"type-product","3":"status-publish","4":"has-post-thumbnail","6":"product_cat-reflective-target-prism","7":"product_cat-monitoring-prism","9":"first","10":"instock","11":"shipping-taxable","12":"product-type-simple"},"_links":{"self":[{"href":"https:\/\/mountlaser.com\/sq\/wp-json\/wp\/v2\/product\/3279","targetHints":{"allow":["GET"]}}],"collection":[{"href":"https:\/\/mountlaser.com\/sq\/wp-json\/wp\/v2\/product"}],"about":[{"href":"https:\/\/mountlaser.com\/sq\/wp-json\/wp\/v2\/types\/product"}],"replies":[{"embeddable":true,"href":"https:\/\/mountlaser.com\/sq\/wp-json\/wp\/v2\/comments?post=3279"}],"wp:featuredmedia":[{"embeddable":true,"href":"https:\/\/mountlaser.com\/sq\/wp-json\/wp\/v2\/media\/3284"}],"wp:attachment":[{"href":"https:\/\/mountlaser.com\/sq\/wp-json\/wp\/v2\/media?parent=3279"}],"wp:term":[{"taxonomy":"product_brand","embeddable":true,"href":"https:\/\/mountlaser.com\/sq\/wp-json\/wp\/v2\/product_brand?post=3279"},{"taxonomy":"product_cat","embeddable":true,"href":"https:\/\/mountlaser.com\/sq\/wp-json\/wp\/v2\/product_cat?post=3279"},{"taxonomy":"product_tag","embeddable":true,"href":"https:\/\/mountlaser.com\/sq\/wp-json\/wp\/v2\/product_tag?post=3279"}],"curies":[{"name":"wp","href":"https:\/\/api.w.org\/{rel}","templated":true}]}}