{"id":3261,"date":"2025-11-04T06:28:51","date_gmt":"2025-11-04T06:28:51","guid":{"rendered":"https:\/\/mountlaser.com\/?post_type=product&#038;p=3261"},"modified":"2025-11-28T02:56:54","modified_gmt":"2025-11-28T02:56:54","slug":"premium-t-series-rtf20-fiberglass-tripod","status":"publish","type":"product","link":"https:\/\/mountlaser.com\/sq\/produkt\/premium-t-series-rtf20-fiberglass-tripod\/","title":{"rendered":"Tripod Premium prej fibreglasi RTF20 i seris\u00eb t"},"content":{"rendered":"<p><a href=\"https:\/\/mountlaser.com\/sq\/\u3001\/\"><strong>Tripod Premium T Series RTF20 me fibra qelqi<\/strong><\/a> nga Mount Laser \u2014 zgjedhja p\u00ebrfundimtare p\u00ebr topograf\u00ebt q\u00eb refuzojn\u00eb t\u00eb b\u00ebjn\u00eb kompromis p\u00ebr stabilitetin ose q\u00ebndrueshm\u00ebrin\u00eb. I projektuar si nj\u00eb trek\u00ebmb\u00ebsh i fuqish\u00ebm prej fiberglasi me kapacitet t\u00eb mes\u00ebm, RTF20 \u00ebsht\u00eb projektuar p\u00ebr t\u00eb ofruar performanc\u00eb superiore n\u00eb kushte t\u00eb ndryshme n\u00eb terren. Pavar\u00ebsisht n\u00ebse zgjidhni Trek\u00ebmb\u00ebshin me Fiberglass me Kok\u00eb t\u00eb Shesht\u00eb RTF20 ose Trek\u00ebmb\u00ebshin me Fiberglass me Kok\u00eb t\u00eb Rrumbullak\u00ebt RTF20, juve ju garantohet nj\u00eb konfigurim i besuesh\u00ebm q\u00eb \u00ebsht\u00eb ideal p\u00ebr p\u00ebrdorim me stacione totale dhe instrumente t\u00eb tjera precize.<\/p>\n<p><img fetchpriority=\"high\" decoding=\"async\" class=\"aligncenter wp-image-3266\" src=\"https:\/\/mountlaser.com\/wp-content\/uploads\/2025\/11\/RTF20-FCD7.webp\" alt=\"Medium-duty Fiberglass Tripod\" width=\"500\" height=\"500\" srcset=\"https:\/\/mountlaser.com\/wp-content\/uploads\/2025\/11\/RTF20-FCD7.webp 1000w, https:\/\/mountlaser.com\/wp-content\/uploads\/2025\/11\/RTF20-FCD7-300x300.webp 300w, https:\/\/mountlaser.com\/wp-content\/uploads\/2025\/11\/RTF20-FCD7-400x400.webp 400w, https:\/\/mountlaser.com\/wp-content\/uploads\/2025\/11\/RTF20-FCD7-800x800.webp 800w, https:\/\/mountlaser.com\/wp-content\/uploads\/2025\/11\/RTF20-FCD7-600x600.webp 600w, https:\/\/mountlaser.com\/wp-content\/uploads\/2025\/11\/RTF20-FCD7-150x150.webp 150w, https:\/\/mountlaser.com\/wp-content\/uploads\/2025\/11\/RTF20-FCD7-768x768.webp 768w, https:\/\/mountlaser.com\/wp-content\/uploads\/2025\/11\/RTF20-FCD7-12x12.webp 12w\" sizes=\"(max-width: 500px) 100vw, 500px\" \/><\/p>\n<p>I nd\u00ebrtuar me konstruksion t\u00eb fort\u00eb me k\u00ebmb\u00eb katrore, ky trek\u00ebmb\u00ebsh p\u00ebr matje me fibra qelqi ofron ngurt\u00ebsi t\u00eb shtuar dhe i reziston p\u00ebrdredhjes n\u00ebn ngarkes\u00eb. I nd\u00ebrtuar me komponent\u00eb prej lidhjeje alumini t\u00eb cil\u00ebsis\u00eb s\u00eb lart\u00eb, <a href=\"https:\/\/mountlaser.com\/sq\/products\/\"><strong>trek\u00ebmb\u00ebsh me fibra qelqi me fuqi t\u00eb mesme<\/strong> <\/a>ofron rezistenc\u00eb t\u00eb jasht\u00ebzakonshme ndaj goditjeve, duke siguruar p\u00ebrdorim afatgjat\u00eb edhe n\u00eb vendet m\u00eb sfiduese t\u00eb pun\u00ebs. I pajisur me nj\u00eb bulon universal prej bronzi 5\/8\u2033-11, RTF20 ruan p\u00ebrputhshm\u00ebri t\u00eb gjer\u00eb me instrumente t\u00eb ndryshme gjeodezike, duke e b\u00ebr\u00eb at\u00eb nj\u00eb pajisje t\u00eb gjithanshme dhe t\u00eb besueshme. <a href=\"https:\/\/mountlaser.com\/sq\/contact-us\/\">trek\u00ebmb\u00ebsh me fibra qelqi me fuqi t\u00eb mesme<\/a> p\u00ebr t\u00eb gjitha nevojat tuaja profesionale.<\/p>\n<p>&nbsp;<\/p>\n<p>Specifikimet e Tripodit Premium prej Fiberglass RTF20 t\u00eb Seris\u00eb T<\/p>\n<table style=\"border-collapse: collapse; width: 622.52pt;\" border=\"0\" width=\"830\" cellspacing=\"0\" cellpadding=\"0\">\n<tbody>\n<tr style=\"height: 14.25pt;\">\n<td class=\"et2\" style=\"height: 14.25pt; width: 94.50pt;\" width=\"126\" height=\"19\">NUM\u00cbR<\/td>\n<td class=\"et2\" style=\"width: 97.50pt;\" width=\"130\">K\u00cbMB\u00cbT<\/td>\n<td class=\"et2\" style=\"width: 90.75pt;\" width=\"121\">KOK\u00cb<\/td>\n<td class=\"et2\" style=\"width: 100.50pt;\" width=\"134\">LLOJI I KY\u00c7JES<\/td>\n<td class=\"et2\" style=\"width: 99.00pt;\" width=\"132\">PAJISJE<\/td>\n<td class=\"et2\" style=\"width: 86.25pt;\" width=\"115\">ZGJATJE<\/td>\n<td class=\"et2\" style=\"width: 54.00pt;\" width=\"72\">VP<\/td>\n<\/tr>\n<tr style=\"height: 14.25pt;\">\n<td class=\"et2\" style=\"height: 14.25pt;\" height=\"19\">RTF20-FCD<\/td>\n<td class=\"et2\">Fib\u00ebr qelqi<\/td>\n<td class=\"et2\">160 mm e shesht\u00eb<\/td>\n<td class=\"et2\">Kap\u00ebse e dyfisht\u00eb<\/td>\n<td class=\"et2\">E zez\u00eb<\/td>\n<td class=\"et2\">165 cm<\/td>\n<td class=\"et2\">5.6 kg<\/td>\n<\/tr>\n<tr style=\"height: 14.25pt;\">\n<td class=\"et2\" style=\"height: 14.25pt;\" height=\"19\">RTF20-BCD<\/td>\n<td class=\"et2\">Fib\u00ebr qelqi<\/td>\n<td class=\"et2\">166 mm e rrumbullak\u00ebt<\/td>\n<td class=\"et2\">Kap\u00ebse e dyfisht\u00eb<\/td>\n<td class=\"et2\">E zez\u00eb<\/td>\n<td class=\"et2\">165 cm<\/td>\n<td class=\"et2\">5.8 kg<\/td>\n<\/tr>\n<\/tbody>\n<\/table>","protected":false},"excerpt":{"rendered":"<ul>\n<li>Nd\u00ebrtim i fort\u00eb q\u00eb i reziston kushteve t\u00eb v\u00ebshtira n\u00eb terren pa b\u00ebr\u00eb kompromis me sakt\u00ebsin\u00eb.<\/li>\n<li>Nd\u00ebrtuar me aliazh alumini p\u00ebr nj\u00eb ekuilib\u00ebr t\u00eb p\u00ebrsosur t\u00eb forc\u00ebs dhe rezistenc\u00ebs ndaj goditjeve.<\/li>\n<li>Nj\u00eb shembull i shk\u00eblqyer dhe i besuesh\u00ebm i nj\u00eb trek\u00ebmb\u00ebshi mat\u00ebs prej fiberglasi, q\u00eb ofron nj\u00eb baz\u00eb t\u00eb q\u00ebndrueshme p\u00ebr matje precize.<\/li>\n<\/ul>","protected":false},"featured_media":3262,"comment_status":"open","ping_status":"closed","template":"","meta":[],"product_brand":[],"product_cat":[91,113],"product_tag":[],"class_list":{"0":"post-3261","1":"product","2":"type-product","3":"status-publish","4":"has-post-thumbnail","6":"product_cat-bipod-tripod","7":"product_cat-wood-fiberglass-tripods","9":"first","10":"instock","11":"shipping-taxable","12":"product-type-simple"},"_links":{"self":[{"href":"https:\/\/mountlaser.com\/sq\/wp-json\/wp\/v2\/product\/3261","targetHints":{"allow":["GET"]}}],"collection":[{"href":"https:\/\/mountlaser.com\/sq\/wp-json\/wp\/v2\/product"}],"about":[{"href":"https:\/\/mountlaser.com\/sq\/wp-json\/wp\/v2\/types\/product"}],"replies":[{"embeddable":true,"href":"https:\/\/mountlaser.com\/sq\/wp-json\/wp\/v2\/comments?post=3261"}],"wp:featuredmedia":[{"embeddable":true,"href":"https:\/\/mountlaser.com\/sq\/wp-json\/wp\/v2\/media\/3262"}],"wp:attachment":[{"href":"https:\/\/mountlaser.com\/sq\/wp-json\/wp\/v2\/media?parent=3261"}],"wp:term":[{"taxonomy":"product_brand","embeddable":true,"href":"https:\/\/mountlaser.com\/sq\/wp-json\/wp\/v2\/product_brand?post=3261"},{"taxonomy":"product_cat","embeddable":true,"href":"https:\/\/mountlaser.com\/sq\/wp-json\/wp\/v2\/product_cat?post=3261"},{"taxonomy":"product_tag","embeddable":true,"href":"https:\/\/mountlaser.com\/sq\/wp-json\/wp\/v2\/product_tag?post=3261"}],"curies":[{"name":"wp","href":"https:\/\/api.w.org\/{rel}","templated":true}]}}