{"id":3259,"date":"2025-11-04T06:29:00","date_gmt":"2025-11-04T06:29:00","guid":{"rendered":"https:\/\/mountlaser.com\/?post_type=product&#038;p=3259"},"modified":"2025-11-28T02:55:50","modified_gmt":"2025-11-28T02:55:50","slug":"gmp101-mini-prism","status":"publish","type":"product","link":"https:\/\/mountlaser.com\/sq\/produkt\/gmp101-mini-prism\/","title":{"rendered":"Prizmi Mini GMP101"},"content":{"rendered":"<p>I\/E\/T\u00eb\/T\u00eb <a href=\"https:\/\/mountlaser.com\/sq\/\"><strong>Kit Mini Prizmi GMP101<\/strong><\/a> \u00ebsht\u00eb nj\u00eb Mini Prizm me Sakt\u00ebsi t\u00eb Lart\u00eb i nivelit profesional, i projektuar p\u00ebr aplikime t\u00eb sakta t\u00eb matjes, nd\u00ebrtimit dhe monitorimit. I projektuar me nj\u00eb priz\u00ebm t\u00eb veshur me bak\u00ebr 25.4 mm, ky Kit Mini Prizmi GMP101 ofron reflektim t\u00eb jasht\u00ebzakonsh\u00ebm t\u00eb sinjalit dhe sakt\u00ebsi matjeje, duke e b\u00ebr\u00eb at\u00eb nj\u00eb zgjedhje t\u00eb besueshme si p\u00ebr pun\u00ebn n\u00eb terren ashtu edhe p\u00ebr detyrat e monitorimit afatgjat\u00eb.<\/p>\n<p>Me nj\u00eb streh\u00eb alumini t\u00eb derdhur n\u00eb presion, <a href=\"https:\/\/mountlaser.com\/sq\/contact-us\/\"><strong>Mini Prizm me Sakt\u00ebsi t\u00eb Lart\u00eb<\/strong><\/a> Siguron performanc\u00eb t\u00eb q\u00ebndrueshme edhe n\u00eb mjedise t\u00eb jashtme me k\u00ebrkesa t\u00eb larta. Pllaka e integruar e sh\u00ebnjestr\u00ebs me nj\u00eb fllusk\u00eb niveli t\u00eb integruar lejon nj\u00eb shtrirje t\u00eb leht\u00eb dhe t\u00eb sakt\u00eb, nd\u00ebrsa maja e fort\u00eb e tok\u00ebs siguron stabilitet t\u00eb shk\u00eblqyer n\u00eb terren t\u00eb pabarabart\u00eb.<\/p>\n<p><img fetchpriority=\"high\" decoding=\"async\" class=\"aligncenter wp-image-3272\" src=\"https:\/\/mountlaser.com\/wp-content\/uploads\/2025\/11\/5-5GMP1014.webp\" alt=\"GMP101 Mini Prism Kit\" width=\"500\" height=\"500\" srcset=\"https:\/\/mountlaser.com\/wp-content\/uploads\/2025\/11\/5-5GMP1014.webp 1000w, https:\/\/mountlaser.com\/wp-content\/uploads\/2025\/11\/5-5GMP1014-300x300.webp 300w, https:\/\/mountlaser.com\/wp-content\/uploads\/2025\/11\/5-5GMP1014-400x400.webp 400w, https:\/\/mountlaser.com\/wp-content\/uploads\/2025\/11\/5-5GMP1014-800x800.webp 800w, https:\/\/mountlaser.com\/wp-content\/uploads\/2025\/11\/5-5GMP1014-600x600.webp 600w, https:\/\/mountlaser.com\/wp-content\/uploads\/2025\/11\/5-5GMP1014-150x150.webp 150w, https:\/\/mountlaser.com\/wp-content\/uploads\/2025\/11\/5-5GMP1014-768x768.webp 768w, https:\/\/mountlaser.com\/wp-content\/uploads\/2025\/11\/5-5GMP1014-12x12.webp 12w\" sizes=\"(max-width: 500px) 100vw, 500px\" \/><\/p>\n<p>I disponuesh\u00ebm me opsione sakt\u00ebsie prej 2\u2033, 3\u20134\u2033 ose 5\u20138\u2033, Kit Mini Prizm GMP101 p\u00ebrmbush k\u00ebrkesa t\u00eb ndryshme projektesh me sakt\u00ebsi centrimi deri n\u00eb \u00b12.0 mm dhe nj\u00eb konstante prizme prej 17.5 mm (offset zviceran). Ky Mini Prizm me Sakt\u00ebsi t\u00eb Lart\u00eb p\u00ebrfshin gjithashtu nj\u00eb \u00e7ant\u00eb t\u00eb but\u00eb mbajt\u00ebse p\u00ebr transport dhe mbrojtje t\u00eb p\u00ebrshtatshme, duke ofruar nj\u00eb ekuilib\u00ebr t\u00eb p\u00ebrsosur t\u00eb sakt\u00ebsis\u00eb, q\u00ebndrueshm\u00ebris\u00eb dhe transportueshm\u00ebris\u00eb p\u00ebr profesionist\u00ebt n\u00eb terren.<\/p>","protected":false},"excerpt":{"rendered":"<ul>\n<li>Fllusk\u00eb Niveli e Integruar: Siguron rreshtim t\u00eb shpejt\u00eb dhe t\u00eb sakt\u00eb t\u00eb fush\u00ebs.<\/li>\n<li>Dizajn i q\u00ebndruesh\u00ebm: Trup alumini i derdhur p\u00ebr p\u00ebrdorim t\u00eb fort\u00eb dhe afatgjat\u00eb.<\/li>\n<li>Montim i q\u00ebndruesh\u00ebm: I pajisur me nj\u00eb thumb t\u00eb fort\u00eb n\u00eb tok\u00eb p\u00ebr instalim t\u00eb fort\u00eb.<\/li>\n<li>Kit i p\u00ebrshtatsh\u00ebm: P\u00ebrfshin \u00e7ant\u00eb mbajt\u00ebse p\u00ebr ruajtje dhe l\u00ebvizshm\u00ebri t\u00eb leht\u00eb.<\/li>\n<\/ul>","protected":false},"featured_media":3270,"comment_status":"open","ping_status":"closed","template":"","meta":[],"product_brand":[],"product_cat":[72,112],"product_tag":[],"class_list":{"0":"post-3259","1":"product","2":"type-product","3":"status-publish","4":"has-post-thumbnail","6":"product_cat-reflective-target-prism","7":"product_cat-monitoring-prism","9":"first","10":"instock","11":"shipping-taxable","12":"product-type-simple"},"_links":{"self":[{"href":"https:\/\/mountlaser.com\/sq\/wp-json\/wp\/v2\/product\/3259","targetHints":{"allow":["GET"]}}],"collection":[{"href":"https:\/\/mountlaser.com\/sq\/wp-json\/wp\/v2\/product"}],"about":[{"href":"https:\/\/mountlaser.com\/sq\/wp-json\/wp\/v2\/types\/product"}],"replies":[{"embeddable":true,"href":"https:\/\/mountlaser.com\/sq\/wp-json\/wp\/v2\/comments?post=3259"}],"wp:featuredmedia":[{"embeddable":true,"href":"https:\/\/mountlaser.com\/sq\/wp-json\/wp\/v2\/media\/3270"}],"wp:attachment":[{"href":"https:\/\/mountlaser.com\/sq\/wp-json\/wp\/v2\/media?parent=3259"}],"wp:term":[{"taxonomy":"product_brand","embeddable":true,"href":"https:\/\/mountlaser.com\/sq\/wp-json\/wp\/v2\/product_brand?post=3259"},{"taxonomy":"product_cat","embeddable":true,"href":"https:\/\/mountlaser.com\/sq\/wp-json\/wp\/v2\/product_cat?post=3259"},{"taxonomy":"product_tag","embeddable":true,"href":"https:\/\/mountlaser.com\/sq\/wp-json\/wp\/v2\/product_tag?post=3259"}],"curies":[{"name":"wp","href":"https:\/\/api.w.org\/{rel}","templated":true}]}}