{"id":3248,"date":"2025-11-04T05:40:20","date_gmt":"2025-11-04T05:40:20","guid":{"rendered":"https:\/\/mountlaser.com\/?post_type=product&#038;p=3248"},"modified":"2025-11-28T02:57:56","modified_gmt":"2025-11-28T02:57:56","slug":"mp112-rod-monitoring-prism","status":"publish","type":"product","link":"https:\/\/mountlaser.com\/sq\/produkt\/mp112-rod-monitoring-prism\/","title":{"rendered":"Prizmi i Monitorimit t\u00eb Shufrave MP112"},"content":{"rendered":"<p>Prezantimi i Produktit MP112 Metal Road Prism<\/p>\n<p>Prizmi metalik i rrug\u00ebs MP112 \u00ebsht\u00eb nj\u00eb priz\u00ebm me precizion t\u00eb lart\u00eb <a href=\"https:\/\/mountlaser.com\/sq\/\"><strong>mini priz\u00ebm p\u00ebr monitorimin e rrug\u00ebve<\/strong><\/a>, i projektuar p\u00ebr v\u00ebzhgim afatgjat\u00eb strukturor dhe matje t\u00eb stabilitetit n\u00eb infrastruktur\u00ebn kritike. I projektuar p\u00ebr t&#039;u integruar pa probleme me sistemet e Stacionit Total t\u00eb Motorizuar Automatik (AMTS), <a href=\"https:\/\/mountlaser.com\/sq\/products\/\"><strong>Prizma e monitorimit t\u00eb shufr\u00ebs MP112<\/strong><\/a> Ofron sakt\u00ebsi t\u00eb q\u00ebndrueshme dhe performanc\u00eb t\u00eb besueshme p\u00ebr projektet q\u00eb p\u00ebrfshijn\u00eb rrug\u00eb, trotuare, tunele dhe nd\u00ebrtesa.<\/p>\n<p>I disponuesh\u00ebm n\u00eb dy versione \u2014 mini prizmi me nj\u00eb an\u00eb MP112 dhe mini prizmi me dy an\u00eb MP112D \u2014 ky mini priz\u00ebm p\u00ebr monitorimin e rrug\u00ebve ofron mund\u00ebsi fleksibile instalimi p\u00ebr t&#039;iu p\u00ebrshtatur kushteve t\u00eb ndryshme t\u00eb vendit. I nd\u00ebrtuar me nj\u00eb streh\u00eb alumini t\u00eb derdhur me precizion, prizmi i monitorimit t\u00eb shufr\u00ebs MP112 siguron q\u00ebndrueshm\u00ebri t\u00eb jasht\u00ebzakonshme, rezistenc\u00eb ndaj korrozionit dhe besueshm\u00ebri afatgjat\u00eb edhe n\u00ebn ekspozimin e ashp\u00ebr mjedisor.<\/p>\n<p><img fetchpriority=\"high\" decoding=\"async\" class=\"aligncenter wp-image-3256\" src=\"https:\/\/mountlaser.com\/wp-content\/uploads\/2025\/11\/3-3MP1128.webp\" alt=\"MP112 rod monitoring prism\" width=\"500\" height=\"500\" srcset=\"https:\/\/mountlaser.com\/wp-content\/uploads\/2025\/11\/3-3MP1128.webp 1000w, https:\/\/mountlaser.com\/wp-content\/uploads\/2025\/11\/3-3MP1128-300x300.webp 300w, https:\/\/mountlaser.com\/wp-content\/uploads\/2025\/11\/3-3MP1128-400x400.webp 400w, https:\/\/mountlaser.com\/wp-content\/uploads\/2025\/11\/3-3MP1128-800x800.webp 800w, https:\/\/mountlaser.com\/wp-content\/uploads\/2025\/11\/3-3MP1128-600x600.webp 600w, https:\/\/mountlaser.com\/wp-content\/uploads\/2025\/11\/3-3MP1128-150x150.webp 150w, https:\/\/mountlaser.com\/wp-content\/uploads\/2025\/11\/3-3MP1128-768x768.webp 768w, https:\/\/mountlaser.com\/wp-content\/uploads\/2025\/11\/3-3MP1128-12x12.webp 12w\" sizes=\"(max-width: 500px) 100vw, 500px\" \/><\/p>\n<p>Me profilin e tij kompakt dhe pjerr\u00ebsin\u00eb 10\u00b0, ky minipriz\u00ebm p\u00ebr monitorimin e rrug\u00ebve lejon instalimin n\u00eb dukshm\u00ebri t\u00eb ul\u00ebt pa nd\u00ebrhyr\u00eb n\u00eb trafikun rrugor, duke ruajtur nj\u00ebkoh\u00ebsisht shtrirjen perfekte p\u00ebr sistemet AMTS. <a href=\"https:\/\/mountlaser.com\/sq\/contact-us\/\">Prizmi i monitorimit t\u00eb shufr\u00ebs MP112<\/a> Ofron t\u00eb dh\u00ebna t\u00eb sakta t\u00eb deformimit, duke mb\u00ebshtetur monitorimin e sakt\u00eb t\u00eb rrug\u00ebve dhe strukturave gjat\u00eb periudhave t\u00eb zgjatura t\u00eb funksionimit.<\/p>","protected":false},"excerpt":{"rendered":"<ul>\n<li>Dy opsione modeli: MP112 (nj\u00eb an\u00eb) dhe MP112D (dy an\u00eb) p\u00ebr konfigurime fleksibile monitorimi.<\/li>\n<li>Trup metalik i q\u00ebndruesh\u00ebm<\/li>\n<li>Optimizuar p\u00ebr AMTS<\/li>\n<li>Dizajn me profil t\u00eb ul\u00ebt<\/li>\n<li>Sakt\u00ebsi e Lart\u00eb<\/li>\n<\/ul>","protected":false},"featured_media":3249,"comment_status":"open","ping_status":"closed","template":"","meta":[],"product_brand":[],"product_cat":[72,112],"product_tag":[],"class_list":{"0":"post-3248","1":"product","2":"type-product","3":"status-publish","4":"has-post-thumbnail","6":"product_cat-reflective-target-prism","7":"product_cat-monitoring-prism","9":"first","10":"instock","11":"shipping-taxable","12":"product-type-simple"},"_links":{"self":[{"href":"https:\/\/mountlaser.com\/sq\/wp-json\/wp\/v2\/product\/3248","targetHints":{"allow":["GET"]}}],"collection":[{"href":"https:\/\/mountlaser.com\/sq\/wp-json\/wp\/v2\/product"}],"about":[{"href":"https:\/\/mountlaser.com\/sq\/wp-json\/wp\/v2\/types\/product"}],"replies":[{"embeddable":true,"href":"https:\/\/mountlaser.com\/sq\/wp-json\/wp\/v2\/comments?post=3248"}],"wp:featuredmedia":[{"embeddable":true,"href":"https:\/\/mountlaser.com\/sq\/wp-json\/wp\/v2\/media\/3249"}],"wp:attachment":[{"href":"https:\/\/mountlaser.com\/sq\/wp-json\/wp\/v2\/media?parent=3248"}],"wp:term":[{"taxonomy":"product_brand","embeddable":true,"href":"https:\/\/mountlaser.com\/sq\/wp-json\/wp\/v2\/product_brand?post=3248"},{"taxonomy":"product_cat","embeddable":true,"href":"https:\/\/mountlaser.com\/sq\/wp-json\/wp\/v2\/product_cat?post=3248"},{"taxonomy":"product_tag","embeddable":true,"href":"https:\/\/mountlaser.com\/sq\/wp-json\/wp\/v2\/product_tag?post=3248"}],"curies":[{"name":"wp","href":"https:\/\/api.w.org\/{rel}","templated":true}]}}