{"id":3237,"date":"2025-11-04T03:07:54","date_gmt":"2025-11-04T03:07:54","guid":{"rendered":"https:\/\/mountlaser.com\/?post_type=product&#038;p=3237"},"modified":"2025-11-28T02:59:26","modified_gmt":"2025-11-28T02:59:26","slug":"mp111-road-monitoring-prism","status":"publish","type":"product","link":"https:\/\/mountlaser.com\/sq\/produkt\/mp111-road-monitoring-prism\/","title":{"rendered":"Prizmi i Monitorimit t\u00eb Rrug\u00ebve MP111"},"content":{"rendered":"<p>MP111 Prizm Plastik Rrugor \u2013 Prizm i Besuesh\u00ebm i Monitorimit t\u00eb Rrug\u00ebve p\u00ebr Projektet e Infrastruktur\u00ebs<\/p>\n<p>I\/E\/T\u00eb\/T\u00eb <a href=\"https:\/\/mountlaser.com\/sq\/products\/\"><strong>Prizma rrugore plastike MP111<\/strong><\/a> \u00ebsht\u00eb kompakt dhe i q\u00ebndruesh\u00ebm <a href=\"https:\/\/mountlaser.com\/sq\/about-us\/\"><strong>Prizmi i Monitorimit t\u00eb Rrug\u00ebve<\/strong><\/a> I projektuar p\u00ebr precizion dhe jet\u00ebgjat\u00ebsi n\u00eb mjedise infrastrukturore k\u00ebrkuese, si\u00e7 jan\u00eb rrug\u00ebt, metrot\u00eb dhe urat. I projektuar p\u00ebr monitorim diskret dhe afatgjat\u00eb, ky Prizm i Monitorimit t\u00eb Rrug\u00ebve kombinon nj\u00eb struktur\u00eb me profil t\u00eb ul\u00ebt me performanc\u00eb optike superiore.<\/p>\n<p>I nd\u00ebrtuar nga ABS me rezistenc\u00eb t\u00eb lart\u00eb ndaj konsumimit, prizma rrugore plastike MP111 siguron q\u00ebndrueshm\u00ebri afatgjat\u00eb edhe n\u00eb kushte t\u00eb v\u00ebshtira t\u00eb jashtme. Mbulesa mbrojt\u00ebse rezistente ndaj g\u00ebrvishtjeve e mbron prizm\u00ebn nga pluhuri, goditjet dhe g\u00ebrryerja, duke ruajtur reflektivitet t\u00eb qart\u00eb dhe sakt\u00ebsi matjeje me kalimin e koh\u00ebs.<\/p>\n<p><img fetchpriority=\"high\" decoding=\"async\" class=\"aligncenter wp-image-3239\" src=\"https:\/\/mountlaser.com\/wp-content\/uploads\/2025\/11\/3-2MP1112.webp\" alt=\" MP111 Road Monitoring Prism\" width=\"500\" height=\"500\" srcset=\"https:\/\/mountlaser.com\/wp-content\/uploads\/2025\/11\/3-2MP1112.webp 1000w, https:\/\/mountlaser.com\/wp-content\/uploads\/2025\/11\/3-2MP1112-300x300.webp 300w, https:\/\/mountlaser.com\/wp-content\/uploads\/2025\/11\/3-2MP1112-400x400.webp 400w, https:\/\/mountlaser.com\/wp-content\/uploads\/2025\/11\/3-2MP1112-800x800.webp 800w, https:\/\/mountlaser.com\/wp-content\/uploads\/2025\/11\/3-2MP1112-600x600.webp 600w, https:\/\/mountlaser.com\/wp-content\/uploads\/2025\/11\/3-2MP1112-150x150.webp 150w, https:\/\/mountlaser.com\/wp-content\/uploads\/2025\/11\/3-2MP1112-768x768.webp 768w, https:\/\/mountlaser.com\/wp-content\/uploads\/2025\/11\/3-2MP1112-12x12.webp 12w\" sizes=\"(max-width: 500px) 100vw, 500px\" \/><\/p>\n<p>Kjo <a href=\"https:\/\/mountlaser.com\/sq\/\">Prizmi i Monitorimit t\u00eb Rrug\u00ebve<\/a> Ka nj\u00eb dizajn me profil ultra t\u00eb ul\u00ebt - vet\u00ebm 20 mm lart\u00ebsi dhe 145 mm diamet\u00ebr - duke lejuar instalim t\u00eb sigurt pa nd\u00ebrhyr\u00eb n\u00eb trafikun e k\u00ebmb\u00ebsor\u00ebve ose automjeteve. I pajisur me nj\u00eb priz\u00ebm t\u00eb veshur me bak\u00ebr 12.7 mm dhe kat\u00ebr vrima t\u00eb sigurta montimi, prizmi rrugor plastik MP111 garanton instalim t\u00eb q\u00ebndruesh\u00ebm dhe rezistent ndaj nd\u00ebrhyrjeve. Pjerr\u00ebsia e tij vertikale 10\u00b0 siguron shikueshm\u00ebri t\u00eb optimizuar dhe kapje t\u00eb sakt\u00eb t\u00eb t\u00eb dh\u00ebnave, madje edhe n\u00eb konfigurimet e monitorimit me k\u00ebnd t\u00eb ul\u00ebt.<\/p>","protected":false},"excerpt":{"rendered":"<ul>\n<li>Mund\u00ebson monitorim t\u00eb sakt\u00eb dhe afatgjat\u00eb t\u00eb rrug\u00ebve dhe urave.<\/li>\n<li>Rezistenc\u00eb ndaj motit t\u00eb ashp\u00ebr dhe stresit mekanik.<\/li>\n<li>Struktura me profil t\u00eb ul\u00ebt siguron siguri dhe dukshm\u00ebri minimale.<\/li>\n<li>Prizmi i veshur me bak\u00ebr ofron matje t\u00eb q\u00ebndrueshme dhe me reflektim t\u00eb lart\u00eb.<\/li>\n<li>Instalim i leht\u00eb dhe i sigurt<\/li>\n<\/ul>","protected":false},"featured_media":3240,"comment_status":"open","ping_status":"closed","template":"","meta":[],"product_brand":[],"product_cat":[72,112],"product_tag":[],"class_list":{"0":"post-3237","1":"product","2":"type-product","3":"status-publish","4":"has-post-thumbnail","6":"product_cat-reflective-target-prism","7":"product_cat-monitoring-prism","9":"first","10":"instock","11":"shipping-taxable","12":"product-type-simple"},"_links":{"self":[{"href":"https:\/\/mountlaser.com\/sq\/wp-json\/wp\/v2\/product\/3237","targetHints":{"allow":["GET"]}}],"collection":[{"href":"https:\/\/mountlaser.com\/sq\/wp-json\/wp\/v2\/product"}],"about":[{"href":"https:\/\/mountlaser.com\/sq\/wp-json\/wp\/v2\/types\/product"}],"replies":[{"embeddable":true,"href":"https:\/\/mountlaser.com\/sq\/wp-json\/wp\/v2\/comments?post=3237"}],"wp:featuredmedia":[{"embeddable":true,"href":"https:\/\/mountlaser.com\/sq\/wp-json\/wp\/v2\/media\/3240"}],"wp:attachment":[{"href":"https:\/\/mountlaser.com\/sq\/wp-json\/wp\/v2\/media?parent=3237"}],"wp:term":[{"taxonomy":"product_brand","embeddable":true,"href":"https:\/\/mountlaser.com\/sq\/wp-json\/wp\/v2\/product_brand?post=3237"},{"taxonomy":"product_cat","embeddable":true,"href":"https:\/\/mountlaser.com\/sq\/wp-json\/wp\/v2\/product_cat?post=3237"},{"taxonomy":"product_tag","embeddable":true,"href":"https:\/\/mountlaser.com\/sq\/wp-json\/wp\/v2\/product_tag?post=3237"}],"curies":[{"name":"wp","href":"https:\/\/api.w.org\/{rel}","templated":true}]}}