{"id":3227,"date":"2025-11-03T09:21:41","date_gmt":"2025-11-03T09:21:41","guid":{"rendered":"https:\/\/mountlaser.com\/?post_type=product&#038;p=3227"},"modified":"2025-11-28T03:00:58","modified_gmt":"2025-11-28T03:00:58","slug":"pfa1-series-aluminum-tripod","status":"publish","type":"product","link":"https:\/\/mountlaser.com\/sq\/produkt\/pfa1-series-aluminum-tripod\/","title":{"rendered":"Tripod alumini i seris\u00eb PFA1"},"content":{"rendered":"<p><a href=\"https:\/\/mountlaser.com\/sq\/\"><strong>Tripod alumini i seris\u00eb PFA1<\/strong><\/a>, nj\u00eb baz\u00eb e fort\u00eb dhe e besueshme p\u00ebr instrumentet tuaja t\u00eb matjes me precizion. I projektuar p\u00ebr profesionist\u00eb q\u00eb k\u00ebrkojn\u00eb p\u00ebrsosm\u00ebri, ky Tripod Alumini me Tub t\u00eb Art\u00eb n\u00eb Stilin Sok \u00ebsht\u00eb i disponuesh\u00ebm n\u00eb dy lloje kokash shum\u00ebfunksionale - Kok\u00eb t\u00eb Shesht\u00eb dhe Kok\u00eb Kupole - p\u00ebr t\u00eb siguruar p\u00ebrputhshm\u00ebri dhe konfigurim optimal p\u00ebr aplikime t\u00eb ndryshme.<\/p>\n<p><img fetchpriority=\"high\" decoding=\"async\" class=\"aligncenter wp-image-3234\" src=\"https:\/\/mountlaser.com\/wp-content\/uploads\/2025\/11\/PFA1-FCT7.webp\" alt=\"Sok Style Golden Tube Aluminum Tripod\" width=\"500\" height=\"500\" srcset=\"https:\/\/mountlaser.com\/wp-content\/uploads\/2025\/11\/PFA1-FCT7.webp 1000w, https:\/\/mountlaser.com\/wp-content\/uploads\/2025\/11\/PFA1-FCT7-300x300.webp 300w, https:\/\/mountlaser.com\/wp-content\/uploads\/2025\/11\/PFA1-FCT7-400x400.webp 400w, https:\/\/mountlaser.com\/wp-content\/uploads\/2025\/11\/PFA1-FCT7-800x800.webp 800w, https:\/\/mountlaser.com\/wp-content\/uploads\/2025\/11\/PFA1-FCT7-600x600.webp 600w, https:\/\/mountlaser.com\/wp-content\/uploads\/2025\/11\/PFA1-FCT7-150x150.webp 150w, https:\/\/mountlaser.com\/wp-content\/uploads\/2025\/11\/PFA1-FCT7-768x768.webp 768w, https:\/\/mountlaser.com\/wp-content\/uploads\/2025\/11\/PFA1-FCT7-12x12.webp 12w\" sizes=\"(max-width: 500px) 100vw, 500px\" \/><\/p>\n<p>Karakteristika e tij dalluese \u00ebsht\u00eb nd\u00ebrtimi i k\u00ebmb\u00ebve katrore, i cili siguron stabilitet dhe ngurt\u00ebsi m\u00eb t\u00eb madhe n\u00eb \u00e7do terren. I nd\u00ebrtuar me nj\u00eb dizajn t\u00eb fort\u00eb nga aliazh alumini i cil\u00ebsis\u00eb s\u00eb lart\u00eb, ky Tripod Zgjatues Alumini PFA1 mund t&#039;i rezistoj\u00eb \u00e7do kushti t\u00eb ashp\u00ebr n\u00eb terren, duke ofruar rezistenc\u00eb t\u00eb shk\u00eblqyer ndaj goditjeve. Buloni i integruar prej bronzi 5\/8\u2033-11 e b\u00ebn at\u00eb t\u00eb pajtuesh\u00ebm me nj\u00eb gam\u00eb t\u00eb gjer\u00eb instrumentesh, duke p\u00ebrfshir\u00eb stacionet totale. P\u00ebr profesionist\u00ebt q\u00eb k\u00ebrkojn\u00eb nj\u00eb p\u00ebrzierje perfekte t\u00eb q\u00ebndrueshm\u00ebris\u00eb tradicionale dhe performanc\u00ebs moderne, ky <a href=\"https:\/\/mountlaser.com\/sq\/products\/\"><strong>Tripod alumini me tub t\u00eb art\u00eb n\u00eb stilin Sok, me stil Sok,<\/strong><\/a> \u00ebsht\u00eb zgjedhja p\u00ebrfundimtare.<\/p>\n<p>Besojini Tripodit Zgjatues prej Alumini PFA1 p\u00ebr mb\u00ebshtetje t\u00eb pal\u00ebkundur n\u00eb t\u00eb gjitha detyrat tuaja t\u00eb matjes.<\/p>\n<p>&nbsp;<\/p>\n<p><strong>Specifikimet e Tripodit t\u00eb Alumini t\u00eb Seris\u00eb PFA1<\/strong><\/p>\n<table style=\"border-collapse: collapse; width: 622.52pt;\" border=\"0\" width=\"830\" cellspacing=\"0\" cellpadding=\"0\">\n<tbody>\n<tr style=\"height: 14.25pt;\">\n<td class=\"et2\" style=\"height: 14.25pt; width: 94.50pt;\" width=\"126\" height=\"19\">NUM\u00cbR<\/td>\n<td class=\"et2\" style=\"width: 97.50pt;\" width=\"130\">K\u00cbMB\u00cbT<\/td>\n<td class=\"et2\" style=\"width: 90.75pt;\" width=\"121\">KOK\u00cb<\/td>\n<td class=\"et2\" style=\"width: 100.50pt;\" width=\"134\">LLOJI I KY\u00c7JES<\/td>\n<td class=\"et2\" style=\"width: 99.00pt;\" width=\"132\">PAJISJE<\/td>\n<td class=\"et2\" style=\"width: 86.25pt;\" width=\"115\">ZGJATJE<\/td>\n<td class=\"et2\" style=\"width: 54.00pt;\" width=\"72\">VP<\/td>\n<\/tr>\n<tr style=\"height: 14.25pt;\">\n<td class=\"et2\" style=\"height: 14.25pt;\" height=\"19\">PFA1- FCT<\/td>\n<td class=\"et2\">Alumini<\/td>\n<td class=\"et2\">160 mm e shesht\u00eb<\/td>\n<td class=\"et2\">Kap\u00ebse rrotulluese<\/td>\n<td class=\"et2\">Gri<\/td>\n<td class=\"et2\">165 cm<\/td>\n<td class=\"et2\">3.4 kg<\/td>\n<\/tr>\n<tr style=\"height: 14.25pt;\">\n<td class=\"et2\" style=\"height: 14.25pt;\" height=\"19\">PFA1- DCT<\/td>\n<td class=\"et2\">Alumini<\/td>\n<td class=\"et2\">Kupol\u00eb 160 mm<\/td>\n<td class=\"et2\">Kap\u00ebse rrotulluese<\/td>\n<td class=\"et2\">Gri<\/td>\n<td class=\"et2\">165 cm<\/td>\n<td class=\"et2\">3.4 kg<\/td>\n<\/tr>\n<\/tbody>\n<\/table>","protected":false},"excerpt":{"rendered":"<ul>\n<li>P\u00ebr t\u00eb siguruar nj\u00eb platform\u00eb t\u00eb q\u00ebndrueshme dhe t\u00eb ngurt\u00eb p\u00ebr instrumentet e matjes si stacionet totale duke p\u00ebrdorur nd\u00ebrtimin e saj me k\u00ebmb\u00eb katrore.<\/li>\n<li>P\u00ebr t\u00eb ofruar rezistenc\u00eb t\u00eb shk\u00eblqyer ndaj goditjeve dhe q\u00ebndrueshm\u00ebri n\u00eb kushte t\u00eb v\u00ebshtira fushore p\u00ebrmes nd\u00ebrtimit t\u00eb saj prej lidhjeje alumini t\u00eb fort\u00eb.<\/li>\n<li>P\u00ebr t\u00eb siguruar p\u00ebrputhshm\u00ebri t\u00eb gjer\u00eb me instrumente t\u00eb ndryshme n\u00ebp\u00ebrmjet nj\u00eb buloni standard prej bronzi 5\/8\u2033-11.<\/li>\n<\/ul>","protected":false},"featured_media":3230,"comment_status":"open","ping_status":"closed","template":"","meta":[],"product_brand":[],"product_cat":[91,111],"product_tag":[],"class_list":{"0":"post-3227","1":"product","2":"type-product","3":"status-publish","4":"has-post-thumbnail","6":"product_cat-bipod-tripod","7":"product_cat-aluminum-surveying-tripod","9":"first","10":"instock","11":"shipping-taxable","12":"product-type-simple"},"_links":{"self":[{"href":"https:\/\/mountlaser.com\/sq\/wp-json\/wp\/v2\/product\/3227","targetHints":{"allow":["GET"]}}],"collection":[{"href":"https:\/\/mountlaser.com\/sq\/wp-json\/wp\/v2\/product"}],"about":[{"href":"https:\/\/mountlaser.com\/sq\/wp-json\/wp\/v2\/types\/product"}],"replies":[{"embeddable":true,"href":"https:\/\/mountlaser.com\/sq\/wp-json\/wp\/v2\/comments?post=3227"}],"wp:featuredmedia":[{"embeddable":true,"href":"https:\/\/mountlaser.com\/sq\/wp-json\/wp\/v2\/media\/3230"}],"wp:attachment":[{"href":"https:\/\/mountlaser.com\/sq\/wp-json\/wp\/v2\/media?parent=3227"}],"wp:term":[{"taxonomy":"product_brand","embeddable":true,"href":"https:\/\/mountlaser.com\/sq\/wp-json\/wp\/v2\/product_brand?post=3227"},{"taxonomy":"product_cat","embeddable":true,"href":"https:\/\/mountlaser.com\/sq\/wp-json\/wp\/v2\/product_cat?post=3227"},{"taxonomy":"product_tag","embeddable":true,"href":"https:\/\/mountlaser.com\/sq\/wp-json\/wp\/v2\/product_tag?post=3227"}],"curies":[{"name":"wp","href":"https:\/\/api.w.org\/{rel}","templated":true}]}}