{"id":3218,"date":"2025-11-03T09:09:42","date_gmt":"2025-11-03T09:09:42","guid":{"rendered":"https:\/\/mountlaser.com\/?post_type=product&#038;p=3218"},"modified":"2025-11-28T03:04:21","modified_gmt":"2025-11-28T03:04:21","slug":"premium-t-series-heavy-duty-aluminum-tripod","status":"publish","type":"product","link":"https:\/\/mountlaser.com\/sq\/produkt\/premium-t-series-heavy-duty-aluminum-tripod\/","title":{"rendered":"Tripod alumini Premium Seria T p\u00ebr p\u00ebrdorim t\u00eb r\u00ebnd\u00eb"},"content":{"rendered":"<p>Seria Premium T <a href=\"https:\/\/mountlaser.com\/sq\/\"><strong>Tripod alumini p\u00ebr pun\u00eb t\u00eb r\u00ebnd\u00eb STA30<\/strong><\/a>, nj\u00eb Tripod Alumini p\u00ebr Matje t\u00eb R\u00ebnda i nivelit t\u00eb lart\u00eb, i nd\u00ebrtuar p\u00ebr precizion dhe q\u00ebndrueshm\u00ebri. Ky Tripod Alumini p\u00ebr Matje t\u00eb R\u00ebnda i fuqish\u00ebm me K\u00ebmb\u00eb Katrore \u00ebsht\u00eb i disponuesh\u00ebm n\u00eb tre lloje kokash - Kok\u00eb e Shesht\u00eb, Kok\u00eb Kupole dhe Kok\u00eb e Madhe e Rrumbullak\u00ebt - p\u00ebr t&#039;u p\u00ebrshtatur n\u00eb m\u00ebnyr\u00eb t\u00eb p\u00ebrkryer me instrumentin tuaj, duke e b\u00ebr\u00eb ideal p\u00ebr p\u00ebrdorim me stacione totale.<\/p>\n<p>I projektuar me nj\u00eb dizajn unik t\u00eb k\u00ebmb\u00ebs dhe nd\u00ebrtim katror, ai ofron stabilitet superior n\u00eb \u00e7do terren. Mekanizmi yn\u00eb i avancuar i ky\u00e7jes s\u00eb shpejt\u00eb zvog\u00eblon tendosjen operative dhe siguron q\u00ebndrueshm\u00ebri t\u00eb zgjatur. I nd\u00ebrtuar nga aliazh alumini me rezistenc\u00eb t\u00eb lart\u00eb, ky Tripod Alumini p\u00ebr Topografi me P\u00ebrgjegj\u00ebsi t\u00eb Lart\u00eb ofron rezistenc\u00eb t\u00eb shk\u00eblqyer ndaj goditjeve.<\/p>\n<p><img fetchpriority=\"high\" decoding=\"async\" class=\"aligncenter wp-image-3221\" src=\"https:\/\/mountlaser.com\/wp-content\/uploads\/2025\/11\/STA30-DCD2.webp\" alt=\"Square Leg Surveying Aluminum Tripod\" width=\"500\" height=\"500\" srcset=\"https:\/\/mountlaser.com\/wp-content\/uploads\/2025\/11\/STA30-DCD2.webp 1000w, https:\/\/mountlaser.com\/wp-content\/uploads\/2025\/11\/STA30-DCD2-300x300.webp 300w, https:\/\/mountlaser.com\/wp-content\/uploads\/2025\/11\/STA30-DCD2-400x400.webp 400w, https:\/\/mountlaser.com\/wp-content\/uploads\/2025\/11\/STA30-DCD2-800x800.webp 800w, https:\/\/mountlaser.com\/wp-content\/uploads\/2025\/11\/STA30-DCD2-600x600.webp 600w, https:\/\/mountlaser.com\/wp-content\/uploads\/2025\/11\/STA30-DCD2-150x150.webp 150w, https:\/\/mountlaser.com\/wp-content\/uploads\/2025\/11\/STA30-DCD2-768x768.webp 768w, https:\/\/mountlaser.com\/wp-content\/uploads\/2025\/11\/STA30-DCD2-12x12.webp 12w\" sizes=\"(max-width: 500px) 100vw, 500px\" \/><br \/>\nAi vjen i pajisur me nj\u00eb mekaniz\u00ebm standard vet\u00eb-mbyll\u00ebs p\u00ebr mbajtje t\u00eb leht\u00eb dhe nj\u00eb bulon zgjedhe prej bronzi 5\/8\u2033-11 p\u00ebr pajtueshm\u00ebri universale. Si nj\u00eb pajisje shum\u00ebfunksionale <a href=\"https:\/\/mountlaser.com\/sq\/about-us\/\"><strong>Tripod alumini p\u00ebr matje me k\u00ebmb\u00eb katrore<\/strong><\/a>, ne gjithashtu ofrojm\u00eb ngjyra dhe lart\u00ebsi t\u00eb personalizuara sipas k\u00ebrkes\u00ebs p\u00ebr t\u00eb p\u00ebrmbushur k\u00ebrkesat specifike t\u00eb projektit tuaj.<\/p>\n<p>&nbsp;<\/p>\n<p><strong>Specifikimet e Tripodit Premium T Series STA30 prej alumini p\u00ebr p\u00ebrdorim t\u00eb r\u00ebnd\u00eb<\/strong><\/p>\n<table style=\"border-collapse: collapse; width: 622.52pt;\" border=\"0\" width=\"830\" cellspacing=\"0\" cellpadding=\"0\">\n<tbody>\n<tr style=\"height: 14.25pt;\">\n<td class=\"et2\" style=\"height: 14.25pt; width: 94.50pt;\" width=\"126\" height=\"19\">NUM\u00cbR<\/td>\n<td class=\"et2\" style=\"width: 97.50pt;\" width=\"130\">K\u00cbMB\u00cbT<\/td>\n<td class=\"et2\" style=\"width: 90.75pt;\" width=\"121\">KOK\u00cb<\/td>\n<td class=\"et2\" style=\"width: 100.50pt;\" width=\"134\">LLOJI I KY\u00c7JES<\/td>\n<td class=\"et2\" style=\"width: 99.00pt;\" width=\"132\">PAJISJE<\/td>\n<td class=\"et2\" style=\"width: 86.25pt;\" width=\"115\">ZGJATJE<\/td>\n<td class=\"et2\" style=\"width: 54.00pt;\" width=\"72\">VP<\/td>\n<\/tr>\n<tr style=\"height: 14.25pt;\">\n<td class=\"et2\" style=\"height: 14.25pt;\" height=\"19\">STA30-FCTSYL<\/td>\n<td class=\"et2\">Alumini<\/td>\n<td class=\"et2\">160 mm e shesht\u00eb<\/td>\n<td class=\"et2\">Kap\u00ebse rrotulluese<\/td>\n<td class=\"et2\">E verdh\u00eb<\/td>\n<td class=\"et2\">174 cm<\/td>\n<td class=\"et2\">4.5 kg<\/td>\n<\/tr>\n<tr style=\"height: 14.25pt;\">\n<td class=\"et2\" style=\"height: 14.25pt;\" height=\"19\">STA30-FCDSYL<\/td>\n<td class=\"et2\">Alumini<\/td>\n<td class=\"et2\">160 mm e shesht\u00eb<\/td>\n<td class=\"et2\">Kap\u00ebse e dyfisht\u00eb<\/td>\n<td class=\"et2\">E verdh\u00eb<\/td>\n<td class=\"et2\">168 cm<\/td>\n<td class=\"et2\">5.1 kg<\/td>\n<\/tr>\n<\/tbody>\n<\/table>","protected":false},"excerpt":{"rendered":"<ul>\n<li>Siguron konfigurim t\u00eb shpejt\u00eb dhe t\u00eb sigurt dhe rregullim t\u00eb leht\u00eb t\u00eb lart\u00ebsis\u00eb me nj\u00eb mekaniz\u00ebm t\u00eb p\u00ebrparuar t\u00eb ky\u00e7jes s\u00eb shpejt\u00eb.<\/li>\n<li>I reziston kushteve t\u00eb rrepta t\u00eb fush\u00ebs p\u00ebr shkak t\u00eb nd\u00ebrtimit t\u00eb tij prej lidhjeje alumini t\u00eb fort\u00eb.<\/li>\n<li>Ofron p\u00ebrputhshm\u00ebri t\u00eb gjer\u00eb instrumentesh me nj\u00eb bulon standard prej bronzi 5\/8\u2033-11.<\/li>\n<\/ul>","protected":false},"featured_media":3219,"comment_status":"open","ping_status":"closed","template":"","meta":[],"product_brand":[],"product_cat":[91,111],"product_tag":[],"class_list":{"0":"post-3218","1":"product","2":"type-product","3":"status-publish","4":"has-post-thumbnail","6":"product_cat-bipod-tripod","7":"product_cat-aluminum-surveying-tripod","9":"first","10":"instock","11":"shipping-taxable","12":"product-type-simple"},"_links":{"self":[{"href":"https:\/\/mountlaser.com\/sq\/wp-json\/wp\/v2\/product\/3218","targetHints":{"allow":["GET"]}}],"collection":[{"href":"https:\/\/mountlaser.com\/sq\/wp-json\/wp\/v2\/product"}],"about":[{"href":"https:\/\/mountlaser.com\/sq\/wp-json\/wp\/v2\/types\/product"}],"replies":[{"embeddable":true,"href":"https:\/\/mountlaser.com\/sq\/wp-json\/wp\/v2\/comments?post=3218"}],"wp:featuredmedia":[{"embeddable":true,"href":"https:\/\/mountlaser.com\/sq\/wp-json\/wp\/v2\/media\/3219"}],"wp:attachment":[{"href":"https:\/\/mountlaser.com\/sq\/wp-json\/wp\/v2\/media?parent=3218"}],"wp:term":[{"taxonomy":"product_brand","embeddable":true,"href":"https:\/\/mountlaser.com\/sq\/wp-json\/wp\/v2\/product_brand?post=3218"},{"taxonomy":"product_cat","embeddable":true,"href":"https:\/\/mountlaser.com\/sq\/wp-json\/wp\/v2\/product_cat?post=3218"},{"taxonomy":"product_tag","embeddable":true,"href":"https:\/\/mountlaser.com\/sq\/wp-json\/wp\/v2\/product_tag?post=3218"}],"curies":[{"name":"wp","href":"https:\/\/api.w.org\/{rel}","templated":true}]}}