{"id":3216,"date":"2025-11-03T08:57:28","date_gmt":"2025-11-03T08:57:28","guid":{"rendered":"https:\/\/mountlaser.com\/?post_type=product&#038;p=3216"},"modified":"2025-11-28T03:05:22","modified_gmt":"2025-11-28T03:05:22","slug":"standard-j-series-sja30-heavy-duty-aluminum-tripod","status":"publish","type":"product","link":"https:\/\/mountlaser.com\/sq\/produkt\/standard-j-series-sja30-heavy-duty-aluminum-tripod\/","title":{"rendered":"Tripod alumini Standard J Series SJA30 p\u00ebr p\u00ebrdorim t\u00eb r\u00ebnd\u00eb"},"content":{"rendered":"<p>Mount Laser\u2014nj\u00eb nga m\u00eb t\u00eb besuarit<a href=\"https:\/\/mountlaser.com\/sq\/\"><strong> Furnizues t\u00eb Tripodit t\u00eb Alumini SJA30<\/strong><\/a>\u2014prezanton Serin\u00eb Standard J SJA30, tripodin prej alumini p\u00ebr kontraktor\u00eb t\u00eb r\u00ebnd\u00eb, i nd\u00ebrtuar p\u00ebr ekipet q\u00eb refuzojn\u00eb t\u00eb b\u00ebjn\u00eb kompromis.<\/p>\n<p><img fetchpriority=\"high\" decoding=\"async\" class=\"aligncenter wp-image-3217\" src=\"https:\/\/mountlaser.com\/wp-content\/uploads\/2025\/11\/\u672a\u6807\u9898-1.webp\" alt=\"Aluminum Heavy Duty Contractor Tripod\" width=\"500\" height=\"500\" srcset=\"https:\/\/mountlaser.com\/wp-content\/uploads\/2025\/11\/\u672a\u6807\u9898-1.webp 800w, https:\/\/mountlaser.com\/wp-content\/uploads\/2025\/11\/\u672a\u6807\u9898-1-300x300.webp 300w, https:\/\/mountlaser.com\/wp-content\/uploads\/2025\/11\/\u672a\u6807\u9898-1-400x400.webp 400w, https:\/\/mountlaser.com\/wp-content\/uploads\/2025\/11\/\u672a\u6807\u9898-1-600x600.webp 600w, https:\/\/mountlaser.com\/wp-content\/uploads\/2025\/11\/\u672a\u6807\u9898-1-150x150.webp 150w, https:\/\/mountlaser.com\/wp-content\/uploads\/2025\/11\/\u672a\u6807\u9898-1-768x768.webp 768w, https:\/\/mountlaser.com\/wp-content\/uploads\/2025\/11\/\u672a\u6807\u9898-1-12x12.webp 12w\" sizes=\"(max-width: 500px) 100vw, 500px\" \/><br \/>\nKonfigurimi me kok\u00eb t\u00eb shesht\u00eb p\u00ebrputhet n\u00eb m\u00ebnyr\u00eb t\u00eb p\u00ebrkryer me \u00e7do stacion total, nd\u00ebrsa gjeometria e k\u00ebmb\u00ebs katrore e jep k\u00ebt\u00eb <a href=\"https:\/\/mountlaser.com\/sq\/products\/\"><strong>Tripod alumini p\u00ebr pun\u00eb t\u00eb r\u00ebnda p\u00ebr nd\u00ebrtim<\/strong> <\/a>ngurt\u00ebsi torsionale e pakrahasueshme n\u00eb toka shk\u00ebmbore ose n\u00eb pllaka t\u00eb goditura nga era. I derdhur nga aliazh alumini i cil\u00ebsis\u00eb s\u00eb lart\u00eb, SJA30 i reziston goditjeve dhe dridhjeve, dhe buloni i zgjedh\u00ebs prej bronzi 5\/8\u2033-11 bie direkt n\u00eb instrumentin tuaj pa adaptor\u00eb.<br \/>\nKur furnizuesit e tripodeve prej alumini SJA30 flasin p\u00ebr &quot;t\u00eb fort\u00eb&quot;, ata n\u00ebnkuptojn\u00eb SJA30: nj\u00eb tripod i projektuar p\u00ebr t&#039;i mbijetuar viteve t\u00eb abuzimit t\u00eb p\u00ebrditsh\u00ebm nga kontraktor\u00ebt.<\/p>\n<p><strong>Specifikimet e Tripodit Standard J Series SJA30 prej alumini p\u00ebr p\u00ebrdorim t\u00eb r\u00ebnd\u00eb:<\/strong><\/p>\n<table style=\"border-collapse: collapse; width: 622.52pt;\" border=\"0\" width=\"830\" cellspacing=\"0\" cellpadding=\"0\">\n<tbody>\n<tr style=\"height: 14.25pt;\">\n<td class=\"et2\" style=\"height: 14.25pt; width: 94.50pt;\" width=\"126\" height=\"19\">NUM\u00cbR<\/td>\n<td class=\"et2\" style=\"width: 97.50pt;\" width=\"130\">K\u00cbMB\u00cbT<\/td>\n<td class=\"et2\" style=\"width: 90.75pt;\" width=\"121\">KOK\u00cb<\/td>\n<td class=\"et2\" style=\"width: 100.50pt;\" width=\"134\">LLOJI I KY\u00c7JES<\/td>\n<td class=\"et2\" style=\"width: 99.00pt;\" width=\"132\">PAJISJE<\/td>\n<td class=\"et2\" style=\"width: 86.25pt;\" width=\"115\">ZGJATJE<\/td>\n<td class=\"et2\" style=\"width: 54.00pt;\" width=\"72\">VP<\/td>\n<\/tr>\n<tr style=\"height: 14.25pt;\">\n<td class=\"et2\" style=\"height: 14.25pt;\" height=\"19\">SJA30-FCDOR<\/td>\n<td class=\"et2\">Alumini<\/td>\n<td class=\"et2\">160 mm e shesht\u00eb<\/td>\n<td class=\"et2\">Kap\u00ebse e dyfisht\u00eb<\/td>\n<td class=\"et2\">Portokalli<\/td>\n<td class=\"et2\">161 cm<\/td>\n<td class=\"et2\">4.5 kg<\/td>\n<\/tr>\n<\/tbody>\n<\/table>","protected":false},"excerpt":{"rendered":"<ul>\n<li>K\u00ebmb\u00ebt katrore jan\u00eb t\u00eb forta si shk\u00ebmbi, duke eliminuar p\u00ebrdredhjen dhe l\u00ebkundjen edhe kur nj\u00eb teleskop 30\u00d7 \u00ebsht\u00eb i rrotulluar n\u00eb zmadhim t\u00eb plot\u00eb.<\/li>\n<li>Koka e gjer\u00eb dhe e shesht\u00eb shp\u00ebrndan pesh\u00ebn e instrumentit n\u00eb m\u00ebnyr\u00eb t\u00eb barabart\u00eb, nd\u00ebrsa kap\u00ebset e tep\u00ebrta rregullohen me duar me doreza brenda sekondash.<\/li>\n<\/ul>","protected":false},"featured_media":3217,"comment_status":"open","ping_status":"closed","template":"","meta":[],"product_brand":[],"product_cat":[91,111],"product_tag":[],"class_list":{"0":"post-3216","1":"product","2":"type-product","3":"status-publish","4":"has-post-thumbnail","6":"product_cat-bipod-tripod","7":"product_cat-aluminum-surveying-tripod","9":"first","10":"instock","11":"shipping-taxable","12":"product-type-simple"},"_links":{"self":[{"href":"https:\/\/mountlaser.com\/sq\/wp-json\/wp\/v2\/product\/3216","targetHints":{"allow":["GET"]}}],"collection":[{"href":"https:\/\/mountlaser.com\/sq\/wp-json\/wp\/v2\/product"}],"about":[{"href":"https:\/\/mountlaser.com\/sq\/wp-json\/wp\/v2\/types\/product"}],"replies":[{"embeddable":true,"href":"https:\/\/mountlaser.com\/sq\/wp-json\/wp\/v2\/comments?post=3216"}],"wp:featuredmedia":[{"embeddable":true,"href":"https:\/\/mountlaser.com\/sq\/wp-json\/wp\/v2\/media\/3217"}],"wp:attachment":[{"href":"https:\/\/mountlaser.com\/sq\/wp-json\/wp\/v2\/media?parent=3216"}],"wp:term":[{"taxonomy":"product_brand","embeddable":true,"href":"https:\/\/mountlaser.com\/sq\/wp-json\/wp\/v2\/product_brand?post=3216"},{"taxonomy":"product_cat","embeddable":true,"href":"https:\/\/mountlaser.com\/sq\/wp-json\/wp\/v2\/product_cat?post=3216"},{"taxonomy":"product_tag","embeddable":true,"href":"https:\/\/mountlaser.com\/sq\/wp-json\/wp\/v2\/product_tag?post=3216"}],"curies":[{"name":"wp","href":"https:\/\/api.w.org\/{rel}","templated":true}]}}