{"id":3205,"date":"2025-11-03T09:10:57","date_gmt":"2025-11-03T09:10:57","guid":{"rendered":"https:\/\/mountlaser.com\/?post_type=product&#038;p=3205"},"modified":"2025-11-28T03:02:14","modified_gmt":"2025-11-28T03:02:14","slug":"mp108-mini-prism","status":"publish","type":"product","link":"https:\/\/mountlaser.com\/sq\/produkt\/mp108-mini-prism\/","title":{"rendered":"Mini priz\u00ebm MP108"},"content":{"rendered":"<p>MP108 Mini Prism \u2013 Prizm Monitorimi me Sakt\u00ebsi t\u00eb Lart\u00eb p\u00ebr Aplikime me Rreze t\u00eb Shkurtra<\/p>\n<p>I\/E\/T\u00eb\/T\u00eb <a href=\"https:\/\/mountlaser.com\/sq\/about-us\/\"><strong>Mini priz\u00ebm MP108<\/strong><\/a> \u00ebsht\u00eb nj\u00eb Prizm Monitorimi me Sakt\u00ebsi t\u00eb Lart\u00eb i projektuar p\u00ebr matje precize n\u00eb mjedise t\u00eb v\u00ebshtira si ura, tunele, hekurudha dhe metro. I nd\u00ebrtuar p\u00ebr monitorim me rreze t\u00eb shkurt\u00ebr, ky <a href=\"https:\/\/mountlaser.com\/sq\/products\/\"><strong>Prizm Monitorimi me Sakt\u00ebsi t\u00eb Lart\u00eb<\/strong><\/a> ofron q\u00ebndrueshm\u00ebri t\u00eb jasht\u00ebzakonshme dhe performanc\u00eb t\u00eb q\u00ebndrueshme n\u00eb kushte ekstreme.<\/p>\n<p>I disponuesh\u00ebm n\u00eb dy madh\u00ebsi prizmi \u2013 MP108A (\u00d825.4 mm) dhe MP108B (\u00d838.1 mm) \u2013 mini-prizmi MP108 p\u00ebrmban nj\u00eb priz\u00ebm t\u00eb p\u00ebrpunuar me precizion, t\u00eb mbyllur hermetikisht n\u00eb nj\u00eb en\u00eb metalike rezistente ndaj goditjeve dhe ujit p\u00ebr t\u00eb siguruar stabilitet afatgjat\u00eb dhe mbrojtje nga ndikimet mjedisore.<\/p>\n<p><img fetchpriority=\"high\" decoding=\"async\" class=\"aligncenter wp-image-3214\" src=\"https:\/\/mountlaser.com\/wp-content\/uploads\/2025\/11\/5-1MP1089.webp\" alt=\"MP108 mini prism\" width=\"500\" height=\"500\" srcset=\"https:\/\/mountlaser.com\/wp-content\/uploads\/2025\/11\/5-1MP1089.webp 1000w, https:\/\/mountlaser.com\/wp-content\/uploads\/2025\/11\/5-1MP1089-300x300.webp 300w, https:\/\/mountlaser.com\/wp-content\/uploads\/2025\/11\/5-1MP1089-400x400.webp 400w, https:\/\/mountlaser.com\/wp-content\/uploads\/2025\/11\/5-1MP1089-800x800.webp 800w, https:\/\/mountlaser.com\/wp-content\/uploads\/2025\/11\/5-1MP1089-600x600.webp 600w, https:\/\/mountlaser.com\/wp-content\/uploads\/2025\/11\/5-1MP1089-150x150.webp 150w, https:\/\/mountlaser.com\/wp-content\/uploads\/2025\/11\/5-1MP1089-768x768.webp 768w, https:\/\/mountlaser.com\/wp-content\/uploads\/2025\/11\/5-1MP1089-12x12.webp 12w\" sizes=\"(max-width: 500px) 100vw, 500px\" \/><\/p>\n<p>P\u00ebrdoruesit mund t\u00eb zgjedhin nga opsionet e sakt\u00ebsis\u00eb t\u00eb personalizueshme (2\u2033, 3\u20134\u2033 ose 5\u20138\u2033) dhe zgjedhjet e veshjes (bak\u00ebr ose argjend) p\u00ebr t\u00eb arritur reflektivitet optimal dhe sakt\u00ebsi matjeje. Me sakt\u00ebsi rrotulluese 360\u00b0 prej \u00b10.2 mm, kjo <a href=\"https:\/\/mountlaser.com\/sq\/contact-us\/\">Prizm Monitorimi me Sakt\u00ebsi t\u00eb Lart\u00eb<\/a> Siguron lexime t\u00eb besueshme nga \u00e7do drejtim, duke e b\u00ebr\u00eb at\u00eb nj\u00eb zgjidhje t\u00eb besueshme p\u00ebr monitorimin kritik industrial dhe t\u00eb infrastruktur\u00ebs.<\/p>","protected":false},"excerpt":{"rendered":"<ul>\n<li>Ofron monitorim me precizion t\u00eb lart\u00eb p\u00ebr infrastruktur\u00ebn dhe aplikimet industriale.<\/li>\n<li>Strehimi metalik i mbyllur hermetikisht siguron performanc\u00eb t\u00eb pap\u00ebrshkueshme nga uji dhe goditjet.<\/li>\n<li>Sakt\u00ebsia e prizm\u00ebs e personalizueshme (2\u2033 deri n\u00eb 8\u2033) i p\u00ebrshtatet nj\u00eb s\u00ebr\u00eb nevojash projekti.<\/li>\n<li>Veshja e bakrit ose argjendit rrit reflektivitetin dhe fuqin\u00eb e sinjalit.<\/li>\n<li>Sakt\u00ebsia rrotulluese ofron lexime t\u00eb q\u00ebndrueshme nga t\u00eb gjitha k\u00ebndet.<\/li>\n<\/ul>","protected":false},"featured_media":3206,"comment_status":"open","ping_status":"closed","template":"","meta":[],"product_brand":[],"product_cat":[72,112],"product_tag":[],"class_list":{"0":"post-3205","1":"product","2":"type-product","3":"status-publish","4":"has-post-thumbnail","6":"product_cat-reflective-target-prism","7":"product_cat-monitoring-prism","9":"first","10":"instock","11":"shipping-taxable","12":"product-type-simple"},"_links":{"self":[{"href":"https:\/\/mountlaser.com\/sq\/wp-json\/wp\/v2\/product\/3205","targetHints":{"allow":["GET"]}}],"collection":[{"href":"https:\/\/mountlaser.com\/sq\/wp-json\/wp\/v2\/product"}],"about":[{"href":"https:\/\/mountlaser.com\/sq\/wp-json\/wp\/v2\/types\/product"}],"replies":[{"embeddable":true,"href":"https:\/\/mountlaser.com\/sq\/wp-json\/wp\/v2\/comments?post=3205"}],"wp:featuredmedia":[{"embeddable":true,"href":"https:\/\/mountlaser.com\/sq\/wp-json\/wp\/v2\/media\/3206"}],"wp:attachment":[{"href":"https:\/\/mountlaser.com\/sq\/wp-json\/wp\/v2\/media?parent=3205"}],"wp:term":[{"taxonomy":"product_brand","embeddable":true,"href":"https:\/\/mountlaser.com\/sq\/wp-json\/wp\/v2\/product_brand?post=3205"},{"taxonomy":"product_cat","embeddable":true,"href":"https:\/\/mountlaser.com\/sq\/wp-json\/wp\/v2\/product_cat?post=3205"},{"taxonomy":"product_tag","embeddable":true,"href":"https:\/\/mountlaser.com\/sq\/wp-json\/wp\/v2\/product_tag?post=3205"}],"curies":[{"name":"wp","href":"https:\/\/api.w.org\/{rel}","templated":true}]}}