{"id":3187,"date":"2025-11-03T08:34:14","date_gmt":"2025-11-03T08:34:14","guid":{"rendered":"https:\/\/mountlaser.com\/?post_type=product&#038;p=3187"},"modified":"2025-11-28T03:06:41","modified_gmt":"2025-11-28T03:06:41","slug":"premium-t-series-rta20-medium-duty-aluminum-tripod","status":"publish","type":"product","link":"https:\/\/mountlaser.com\/sq\/produkt\/premium-t-series-rta20-medium-duty-aluminum-tripod\/","title":{"rendered":"Tripod alumini Premium T Series RTA20 p\u00ebr pun\u00eb t\u00eb mesme"},"content":{"rendered":"<p>Tripodi prej alumini p\u00ebr pun\u00eb t\u00eb mesme Premium T Series RTA20, <a href=\"https:\/\/mountlaser.com\/sq\/\"><strong>Tripod alumini p\u00ebr matje me k\u00ebmb\u00eb t\u00eb rrumbullak\u00ebta<\/strong><\/a> q\u00eb ekipet e terrenit i besojn\u00eb kur \u00e7do milimet\u00ebr ka r\u00ebnd\u00ebsi.<\/p>\n<p>I disponuesh\u00ebm me opsione me kok\u00eb t\u00eb shesht\u00eb, kok\u00eb kupole ose kok\u00eb t\u00eb madhe t\u00eb rrumbullak\u00ebt,<a href=\"https:\/\/mountlaser.com\/sq\/products\/\"><strong> Tripod alumini p\u00ebr matje t\u00eb mesme RTA20<\/strong> <\/a>Kombinon k\u00ebmb\u00eb t\u00eb forta si shk\u00ebmbi nga nj\u00eb lidhje alumini me nj\u00eb dizajn unik t\u00eb k\u00ebmb\u00ebs q\u00eb kafshon n\u00eb \u00e7do terren.<\/p>\n<p><img fetchpriority=\"high\" decoding=\"async\" class=\"aligncenter wp-image-3202\" src=\"https:\/\/mountlaser.com\/wp-content\/uploads\/2025\/11\/RTA20-DCD7.webp\" alt=\"Round Leg Surveying Aluminum Tripod\" width=\"500\" height=\"500\" srcset=\"https:\/\/mountlaser.com\/wp-content\/uploads\/2025\/11\/RTA20-DCD7.webp 1000w, https:\/\/mountlaser.com\/wp-content\/uploads\/2025\/11\/RTA20-DCD7-300x300.webp 300w, https:\/\/mountlaser.com\/wp-content\/uploads\/2025\/11\/RTA20-DCD7-400x400.webp 400w, https:\/\/mountlaser.com\/wp-content\/uploads\/2025\/11\/RTA20-DCD7-800x800.webp 800w, https:\/\/mountlaser.com\/wp-content\/uploads\/2025\/11\/RTA20-DCD7-600x600.webp 600w, https:\/\/mountlaser.com\/wp-content\/uploads\/2025\/11\/RTA20-DCD7-150x150.webp 150w, https:\/\/mountlaser.com\/wp-content\/uploads\/2025\/11\/RTA20-DCD7-768x768.webp 768w, https:\/\/mountlaser.com\/wp-content\/uploads\/2025\/11\/RTA20-DCD7-12x12.webp 12w\" sizes=\"(max-width: 500px) 100vw, 500px\" \/><\/p>\n<p>Nj\u00eb bulon zgjedhe prej bronzi 5\/8\u2033-11 garanton pajtueshm\u00ebri universale t\u00eb instrumenteve, nd\u00ebrsa mekanizmi i avancuar i ky\u00e7jes s\u00eb shpejt\u00eb n\u00eb k\u00ebt\u00eb Tripod Alumini p\u00ebr Matjen me K\u00ebmb\u00eb t\u00eb Rrumbullak\u00ebt shkurton koh\u00ebn e konfigurimit dhe lodhjen e operatorit. Keni nevoj\u00eb p\u00ebr ngjyra ose lart\u00ebsi t\u00eb personalizuara? Ne e nd\u00ebrtojm\u00eb <a href=\"https:\/\/mountlaser.com\/sq\/contact-us\/\">Tripod alumini p\u00ebr matje t\u00eb mesme RTA20<\/a> sipas specifikimeve tuaja, dhe sistemi i integruar i vet\u00eb-ky\u00e7jes (S) ju lejon ta mbani trek\u00ebmb\u00ebshin pa rrip pa k\u00ebmb\u00ebt e lirshme q\u00eb val\u00ebviten n\u00eb er\u00eb.<\/p>","protected":false},"excerpt":{"rendered":"<ul>\n<li>Seria Premium T RTA20 ofron stabilitet pa dridhje p\u00ebr stacionet totale, teodolitet dhe lazer\u00ebt. Gjeometria e saj me k\u00ebmb\u00eb t\u00eb rrumbullak\u00ebta shp\u00ebrndan ngarkes\u00ebn n\u00eb m\u00ebnyr\u00eb t\u00eb barabart\u00eb.<\/li>\n<li>duke i dh\u00ebn\u00eb Tripodit prej alumini p\u00ebr matje me k\u00ebmb\u00eb t\u00eb rrumbullak\u00ebta ngurt\u00ebsi rrotulluese superiore n\u00eb asfalt, zhavorr ose bar.<\/li>\n<li>Kap\u00ebset me ky\u00e7je t\u00eb shpejt\u00eb q\u00eb p\u00ebrdoren me nj\u00eb dor\u00eb zgjasin ose t\u00ebrheqin secil\u00ebn k\u00ebmb\u00eb brenda sekondash, dhe sistemi i vet\u00ebky\u00e7jes mban gjith\u00e7ka t\u00eb shtr\u00ebnguar mir\u00eb gjat\u00eb transportit - nuk k\u00ebrkohen rripa.<\/li>\n<\/ul>","protected":false},"featured_media":3201,"comment_status":"open","ping_status":"closed","template":"","meta":[],"product_brand":[],"product_cat":[91,111],"product_tag":[],"class_list":{"0":"post-3187","1":"product","2":"type-product","3":"status-publish","4":"has-post-thumbnail","6":"product_cat-bipod-tripod","7":"product_cat-aluminum-surveying-tripod","9":"first","10":"instock","11":"shipping-taxable","12":"product-type-simple"},"_links":{"self":[{"href":"https:\/\/mountlaser.com\/sq\/wp-json\/wp\/v2\/product\/3187","targetHints":{"allow":["GET"]}}],"collection":[{"href":"https:\/\/mountlaser.com\/sq\/wp-json\/wp\/v2\/product"}],"about":[{"href":"https:\/\/mountlaser.com\/sq\/wp-json\/wp\/v2\/types\/product"}],"replies":[{"embeddable":true,"href":"https:\/\/mountlaser.com\/sq\/wp-json\/wp\/v2\/comments?post=3187"}],"wp:featuredmedia":[{"embeddable":true,"href":"https:\/\/mountlaser.com\/sq\/wp-json\/wp\/v2\/media\/3201"}],"wp:attachment":[{"href":"https:\/\/mountlaser.com\/sq\/wp-json\/wp\/v2\/media?parent=3187"}],"wp:term":[{"taxonomy":"product_brand","embeddable":true,"href":"https:\/\/mountlaser.com\/sq\/wp-json\/wp\/v2\/product_brand?post=3187"},{"taxonomy":"product_cat","embeddable":true,"href":"https:\/\/mountlaser.com\/sq\/wp-json\/wp\/v2\/product_cat?post=3187"},{"taxonomy":"product_tag","embeddable":true,"href":"https:\/\/mountlaser.com\/sq\/wp-json\/wp\/v2\/product_tag?post=3187"}],"curies":[{"name":"wp","href":"https:\/\/api.w.org\/{rel}","templated":true}]}}