{"id":3186,"date":"2025-11-03T08:23:15","date_gmt":"2025-11-03T08:23:15","guid":{"rendered":"https:\/\/mountlaser.com\/?post_type=product&#038;p=3186"},"modified":"2025-11-28T03:07:39","modified_gmt":"2025-11-28T03:07:39","slug":"mp105-mini-prism","status":"publish","type":"product","link":"https:\/\/mountlaser.com\/sq\/produkt\/mp105-mini-prism\/","title":{"rendered":"MP105 Mini Prism"},"content":{"rendered":"<p>MP105 Mini Prism \u2013 Monitorim me precizion t\u00eb lart\u00eb p\u00ebr aplikime industriale<\/p>\n<p>I\/E\/T\u00eb\/T\u00eb <a href=\"https:\/\/mountlaser.com\/sq\/\"><strong>Mini priz\u00ebm MP105<\/strong><\/a> \u00ebsht\u00eb nj\u00eb <a href=\"https:\/\/mountlaser.com\/sq\/products\/\"><strong>Mini Prizmi i Monitorimit t\u00eb Verdh\u00eb<\/strong><\/a> I projektuar p\u00ebr sakt\u00ebsi dhe q\u00ebndrueshm\u00ebri t\u00eb jasht\u00ebzakonshme n\u00eb monitorimin afatgjat\u00eb industrial dhe gjeoteknik. I disponuesh\u00ebm n\u00eb opsionet e prizmit 25.4 mm dhe 38.1 mm, ky Prizm Mini i Monitorimit i Verdh\u00eb siguron performanc\u00eb t\u00eb besueshme dhe t\u00eb q\u00ebndrueshme n\u00eb mjediset fushore k\u00ebrkuese.<\/p>\n<p>I nd\u00ebrtuar me nj\u00eb mbajt\u00ebse plastike me rezistenc\u00eb t\u00eb lart\u00eb ndaj kushteve atmosferike, mini-prizma MP105 paraqet nj\u00eb montim t\u00eb rrotulluesh\u00ebm 360\u00b0 p\u00ebr pozicionim fleksib\u00ebl dhe shtrirje t\u00eb sakt\u00eb. Dizajni i boshtit pa l\u00ebkundje rrit sakt\u00ebsin\u00eb e matjes, nd\u00ebrsa lart\u00ebsia e boshtit t\u00eb pjerr\u00ebsis\u00eb prej 86 mm ruan gjeometri t\u00eb q\u00ebndrueshme p\u00ebr monitorim preciz.<\/p>\n<p><img fetchpriority=\"high\" decoding=\"async\" class=\"aligncenter wp-image-3188\" src=\"https:\/\/mountlaser.com\/wp-content\/uploads\/2025\/11\/2-9MP1051.webp\" alt=\"MP105 mini prism\" width=\"500\" height=\"500\" srcset=\"https:\/\/mountlaser.com\/wp-content\/uploads\/2025\/11\/2-9MP1051.webp 1000w, https:\/\/mountlaser.com\/wp-content\/uploads\/2025\/11\/2-9MP1051-300x300.webp 300w, https:\/\/mountlaser.com\/wp-content\/uploads\/2025\/11\/2-9MP1051-400x400.webp 400w, https:\/\/mountlaser.com\/wp-content\/uploads\/2025\/11\/2-9MP1051-800x800.webp 800w, https:\/\/mountlaser.com\/wp-content\/uploads\/2025\/11\/2-9MP1051-600x600.webp 600w, https:\/\/mountlaser.com\/wp-content\/uploads\/2025\/11\/2-9MP1051-150x150.webp 150w, https:\/\/mountlaser.com\/wp-content\/uploads\/2025\/11\/2-9MP1051-768x768.webp 768w, https:\/\/mountlaser.com\/wp-content\/uploads\/2025\/11\/2-9MP1051-12x12.webp 12w\" sizes=\"(max-width: 500px) 100vw, 500px\" \/><\/p>\n<p>I\/E\/T\u00eb\/T\u00eb <a href=\"https:\/\/mountlaser.com\/sq\/contact-us\/\">Mini priz\u00ebm MP105<\/a> Sistemi ofron konfigurime t\u00eb shum\u00ebfishta adaptor\u00ebsh (fije 5\/8\u2033, 3\/8\u2033 dhe M8) p\u00ebr t\u00eb siguruar instalim t\u00eb gjithansh\u00ebm n\u00eb konfigurime t\u00eb ndryshme. Me konstante prizmash absolute dhe t\u00eb tipit zviceran, Prizmi Mini i Monitorimit t\u00eb Verdh\u00eb ofron p\u00ebrshtatshm\u00ebri p\u00ebr sisteme t\u00eb ndryshme stacionesh totale dhe k\u00ebrkesa t\u00eb projektit, duke siguruar stabilitet t\u00eb jasht\u00ebzakonsh\u00ebm afatgjat\u00eb.<\/p>","protected":false},"excerpt":{"rendered":"<ul>\n<li>Ofron matje me precizion t\u00eb lart\u00eb p\u00ebr detyra monitorimi industrial dhe gjeoteknik.<\/li>\n<li>Montimi i rregulluesh\u00ebm lejon synim dhe shtrirje fleksibile.<\/li>\n<li>Struktura rezistente ndaj motit siguron funksionim t\u00eb besuesh\u00ebm n\u00eb kushte t\u00eb v\u00ebshtira.<\/li>\n<li>Montimi i q\u00ebndruesh\u00ebm minimizon dridhjet dhe devijimin e matjeve.<\/li>\n<li>I pajtuesh\u00ebm me adaptor\u00eb t\u00eb ndrysh\u00ebm filetosh p\u00ebr aplikime montimi universale.<\/li>\n<\/ul>","protected":false},"featured_media":3193,"comment_status":"open","ping_status":"closed","template":"","meta":[],"product_brand":[],"product_cat":[72,112],"product_tag":[],"class_list":{"0":"post-3186","1":"product","2":"type-product","3":"status-publish","4":"has-post-thumbnail","6":"product_cat-reflective-target-prism","7":"product_cat-monitoring-prism","9":"first","10":"instock","11":"shipping-taxable","12":"product-type-simple"},"_links":{"self":[{"href":"https:\/\/mountlaser.com\/sq\/wp-json\/wp\/v2\/product\/3186","targetHints":{"allow":["GET"]}}],"collection":[{"href":"https:\/\/mountlaser.com\/sq\/wp-json\/wp\/v2\/product"}],"about":[{"href":"https:\/\/mountlaser.com\/sq\/wp-json\/wp\/v2\/types\/product"}],"replies":[{"embeddable":true,"href":"https:\/\/mountlaser.com\/sq\/wp-json\/wp\/v2\/comments?post=3186"}],"wp:featuredmedia":[{"embeddable":true,"href":"https:\/\/mountlaser.com\/sq\/wp-json\/wp\/v2\/media\/3193"}],"wp:attachment":[{"href":"https:\/\/mountlaser.com\/sq\/wp-json\/wp\/v2\/media?parent=3186"}],"wp:term":[{"taxonomy":"product_brand","embeddable":true,"href":"https:\/\/mountlaser.com\/sq\/wp-json\/wp\/v2\/product_brand?post=3186"},{"taxonomy":"product_cat","embeddable":true,"href":"https:\/\/mountlaser.com\/sq\/wp-json\/wp\/v2\/product_cat?post=3186"},{"taxonomy":"product_tag","embeddable":true,"href":"https:\/\/mountlaser.com\/sq\/wp-json\/wp\/v2\/product_tag?post=3186"}],"curies":[{"name":"wp","href":"https:\/\/api.w.org\/{rel}","templated":true}]}}